{"id":3061,"date":"2022-07-19T16:30:54","date_gmt":"2022-07-19T16:30:54","guid":{"rendered":"https:\/\/demo2.loces.dev\/?page_id=3061"},"modified":"2026-02-17T14:47:48","modified_gmt":"2026-02-17T20:47:48","slug":"nosotros","status":"publish","type":"page","link":"https:\/\/crediq.com\/cr\/nosotros\/","title":{"rendered":"Nosotros"},"content":{"rendered":"\n\n  <div class=\"banner has-hover\" id=\"banner-1706094557\">\n          <div class=\"banner-inner fill\">\n        <div class=\"banner-bg fill\" >\n            <img loading=\"lazy\" decoding=\"async\" width=\"800\" height=\"600\" src=\"https:\/\/crediq.com\/cr\/wp-content\/uploads\/sites\/3\/2026\/02\/crediqCR.webp\" class=\"bg attachment-original size-original\" alt=\"\" \/>                        <div class=\"overlay\"><\/div>            \n                    <\/div>\n\t\t\n        <div class=\"banner-layers container\">\n            <div class=\"fill banner-link\"><\/div>            \n\n\t<div class=\"img has-hover x50 md-x50 lg-x50 y50 md-y50 lg-y50\" id=\"image_623599255\">\n\t\t\t\t\t\t\t\t<div class=\"img-inner dark\" >\n\t\t\t<img loading=\"lazy\" decoding=\"async\" width=\"2048\" height=\"590\" src=\"https:\/\/crediq.com\/cr\/wp-content\/uploads\/sites\/3\/2026\/02\/logo-nosotros-crediq.webp\" class=\"attachment-original size-original\" alt=\"\" srcset=\"https:\/\/crediq.com\/cr\/wp-content\/uploads\/sites\/3\/2026\/02\/logo-nosotros-crediq.webp 2048w, https:\/\/crediq.com\/cr\/wp-content\/uploads\/sites\/3\/2026\/02\/logo-nosotros-crediq-300x86.webp 300w, https:\/\/crediq.com\/cr\/wp-content\/uploads\/sites\/3\/2026\/02\/logo-nosotros-crediq-1024x295.webp 1024w, https:\/\/crediq.com\/cr\/wp-content\/uploads\/sites\/3\/2026\/02\/logo-nosotros-crediq-768x221.webp 768w, https:\/\/crediq.com\/cr\/wp-content\/uploads\/sites\/3\/2026\/02\/logo-nosotros-crediq-1536x443.webp 1536w, https:\/\/crediq.com\/cr\/wp-content\/uploads\/sites\/3\/2026\/02\/logo-nosotros-crediq-600x173.webp 600w\" sizes=\"auto, (max-width: 2048px) 100vw, 2048px\" \/>\t\t\t\t\t\t\n\t\t\t\t\t<\/div>\n\t\t\t\t\t\t\t\t\n<style>\n#image_623599255 {\n  width: 92%;\n}\n@media (min-width:550px) {\n  #image_623599255 {\n    width: 37%;\n  }\n}\n<\/style>\n\t<\/div>\n\t\n\n\n        <\/div>\n      <\/div>\n\n            \n<style>\n#banner-1706094557 {\n  padding-top: 350px;\n  background-color: rgb(255,255,255);\n}\n#banner-1706094557 .overlay {\n  background-color: rgba(255, 255, 255, 0.75);\n}\n#banner-1706094557 .banner-bg img {\n  object-position: 4% 20%;\n}\n@media (min-width:550px) {\n  #banner-1706094557 {\n    padding-top: 299px;\n  }\n}\n<\/style>\n  <\/div>\n\n\n<div class=\"row align-center\"  id=\"row-1626256306\">\n\n\n\t<div id=\"col-2085279063\" class=\"col medium-10 small-12 large-10\"  >\n\t\t\t\t<div class=\"col-inner\"  >\n\t\t\t\n\t\t\t\n\n\t<div id=\"gap-213634957\" class=\"gap-element clearfix\" style=\"display:block; height:auto;\">\n\t\t\n<style>\n#gap-213634957 {\n  padding-top: 30px;\n}\n<\/style>\n\t<\/div>\n\t\n\n\t<div id=\"text-1267269159\" class=\"text\">\n\t\t\n\n<h1>Nosotros<\/h1>\n\t\t\n<style>\n#text-1267269159 {\n  font-size: 1.05rem;\n  color: #1769b7;\n}\n#text-1267269159 > * {\n  color: #1769b7;\n}\n<\/style>\n\t<\/div>\n\t\n<p><strong>En el 2002, se lanza a nivel regional CrediQ, el brazo financiero de Grupo Q.<\/strong><\/p>\n<p>Adem\u00e1s, es la financiera l\u00edder de veh\u00edculos en los pa\u00edses donde opera, bajo tres pilares: asesor\u00eda financiera que busca la mejor soluci\u00f3n de acuerdo con las necesidades y condiciones de pago de cada persona o empresa, con flexibilidad en establecer planes de financiamiento a la medida de sus posibilidades, a trav\u00e9s de agilidad en la resoluci\u00f3n.<\/p>\n<p>CrediQ hoy en d\u00eda es el mayor financiador de las prestigiosas marcas de GrupoQ, siendo l\u00edder en el financiamiento de veh\u00edculos y motocicletas en los pa\u00edses donde opera: El Salvador, Costa Rica, Nicaragua y Honduras.<\/p>\n<div class=\"is-divider divider clearfix\" ><\/div>\n\n\t<div id=\"text-254374128\" class=\"text\">\n\t\t\n\n<h1>Nuestra Historia<\/h1>\n\t\t\n<style>\n#text-254374128 {\n  font-size: 1.05rem;\n  color: #1769b7;\n}\n#text-254374128 > * {\n  color: #1769b7;\n}\n<\/style>\n\t<\/div>\n\t\n<p class=\"text-darkgray\">CrediQ tiene sus inicios en los a\u00f1os 60 en El Salvador como el departamento de cr\u00e9ditos y cobros de la empresa veh\u00edculo motriz SAQUIRO, S.A. otorgando financiamiento a los clientes que buscaban la compra de veh\u00edculos.<\/p>\n<p class=\"text-darkgray\">En el a\u00f1o 2000 se toma la decisi\u00f3n de crear una divisi\u00f3n independiente transformando una de sus subsidiarias en CrediQ, dando un nuevo giro hacia el desarrollo de una empresa crediticia especializada en veh\u00edculos.<\/p>\n<p class=\"text-darkgray\">CrediQ nace en Costa Rica en el a\u00f1o 2005 con el nombre de CrediQ Inversiones CR S.A. fecha que coincide con el ingreso de la empresa GrupoQ.<\/p>\n<div class=\"row align-center\"  id=\"row-1335857874\">\n\n\n\t<div id=\"col-1116514476\" class=\"col medium-4 small-12 large-4\"  >\n\t\t\t\t<div class=\"col-inner\"  >\n\t\t\t\n\t\t\t\n\n\n\t\t<div class=\"icon-box featured-box icon-box-center text-center\"  >\n\t\t\t\t\t<div class=\"icon-box-img\" style=\"width: 90px\">\n\t\t\t\t<div class=\"icon\">\n\t\t\t\t\t<div class=\"icon-inner\" >\n\t\t\t\t\t\t<img loading=\"lazy\" decoding=\"async\" width=\"300\" height=\"300\" src=\"https:\/\/crediq.com\/cr\/wp-content\/uploads\/sites\/3\/2026\/02\/mision.webp\" class=\"attachment-medium size-medium\" alt=\"\" srcset=\"https:\/\/crediq.com\/cr\/wp-content\/uploads\/sites\/3\/2026\/02\/mision.webp 300w, https:\/\/crediq.com\/cr\/wp-content\/uploads\/sites\/3\/2026\/02\/mision-150x150.webp 150w, https:\/\/crediq.com\/cr\/wp-content\/uploads\/sites\/3\/2026\/02\/mision-100x100.webp 100w\" sizes=\"auto, (max-width: 300px) 100vw, 300px\" \/>\t\t\t\t\t<\/div>\n\t\t\t\t<\/div>\n\t\t\t<\/div>\n\t\t\t\t<div class=\"icon-box-text last-reset\">\n\t\t\t\t\t\t\t\t\t\n\n\t<div id=\"text-3827864428\" class=\"text\">\n\t\t\n\n<h2><span data-text-color=\"primary\">Misi\u00f3n<\/span><\/h2>\n<p>Servirte con pasi\u00f3n es la fuerza que nos mueve.<\/p>\n\t\t\n<style>\n#text-3827864428 {\n  font-size: 1.05rem;\n  line-height: 1.65;\n}\n<\/style>\n\t<\/div>\n\t\n\n\t\t<\/div>\n\t<\/div>\n\t\n\t\n\n\t\t<\/div>\n\t\t\t\t\t<\/div>\n\n\t\n\n\t<div id=\"col-1338466473\" class=\"col medium-4 small-12 large-4\"  >\n\t\t\t\t<div class=\"col-inner\"  >\n\t\t\t\n\t\t\t\n\n\n\t\t<div class=\"icon-box featured-box icon-box-center text-center\"  >\n\t\t\t\t\t<div class=\"icon-box-img\" style=\"width: 90px\">\n\t\t\t\t<div class=\"icon\">\n\t\t\t\t\t<div class=\"icon-inner\" >\n\t\t\t\t\t\t<img loading=\"lazy\" decoding=\"async\" width=\"300\" height=\"300\" src=\"https:\/\/crediq.com\/cr\/wp-content\/uploads\/sites\/3\/2026\/02\/vision-1.webp\" class=\"attachment-medium size-medium\" alt=\"\" srcset=\"https:\/\/crediq.com\/cr\/wp-content\/uploads\/sites\/3\/2026\/02\/vision-1.webp 300w, https:\/\/crediq.com\/cr\/wp-content\/uploads\/sites\/3\/2026\/02\/vision-1-150x150.webp 150w, https:\/\/crediq.com\/cr\/wp-content\/uploads\/sites\/3\/2026\/02\/vision-1-100x100.webp 100w\" sizes=\"auto, (max-width: 300px) 100vw, 300px\" \/>\t\t\t\t\t<\/div>\n\t\t\t\t<\/div>\n\t\t\t<\/div>\n\t\t\t\t<div class=\"icon-box-text last-reset\">\n\t\t\t\t\t\t\t\t\t\n\n\t<div id=\"text-2635839981\" class=\"text\">\n\t\t\n\n<h2><span data-text-color=\"primary\">Visi\u00f3n<\/span><\/h2>\n<p>Ser la mejor empresa automotriz del mundo.<\/p>\n\t\t\n<style>\n#text-2635839981 {\n  font-size: 1.05rem;\n  line-height: 1.65;\n}\n<\/style>\n\t<\/div>\n\t\n\n\t\t<\/div>\n\t<\/div>\n\t\n\t\n\n\t\t<\/div>\n\t\t\t\t\t<\/div>\n\n\t\n\n<\/div>\n\t<div id=\"text-72967730\" class=\"text\">\n\t\t\n\n<h1>Valores<\/h1>\n\t\t\n<style>\n#text-72967730 {\n  font-size: 1.05rem;\n  text-align: center;\n  color: #1769b7;\n}\n#text-72967730 > * {\n  color: #1769b7;\n}\n<\/style>\n\t<\/div>\n\t\n<div class=\"row\"  id=\"row-1915862277\">\n\n\n\t<div id=\"col-792639062\" class=\"col medium-6 small-12 large-6\"  >\n\t\t\t\t<div class=\"col-inner\"  >\n\t\t\t\n\t\t\t\n\n\n\t\t<div class=\"icon-box featured-box icon-box-left text-left\"  >\n\t\t\t\t\t<div class=\"icon-box-img\" style=\"width: 65px\">\n\t\t\t\t<div class=\"icon\">\n\t\t\t\t\t<div class=\"icon-inner\" >\n\t\t\t\t\t\t<img loading=\"lazy\" decoding=\"async\" width=\"300\" height=\"300\" src=\"https:\/\/crediq.com\/cr\/wp-content\/uploads\/sites\/3\/2026\/02\/pasion.webp\" class=\"attachment-medium size-medium\" alt=\"\" srcset=\"https:\/\/crediq.com\/cr\/wp-content\/uploads\/sites\/3\/2026\/02\/pasion.webp 300w, https:\/\/crediq.com\/cr\/wp-content\/uploads\/sites\/3\/2026\/02\/pasion-150x150.webp 150w, https:\/\/crediq.com\/cr\/wp-content\/uploads\/sites\/3\/2026\/02\/pasion-100x100.webp 100w\" sizes=\"auto, (max-width: 300px) 100vw, 300px\" \/>\t\t\t\t\t<\/div>\n\t\t\t\t<\/div>\n\t\t\t<\/div>\n\t\t\t\t<div class=\"icon-box-text last-reset\">\n\t\t\t\t\t\t\t\t\t\n\n\t<div id=\"gap-1748082926\" class=\"gap-element clearfix\" style=\"display:block; height:auto;\">\n\t\t\n<style>\n#gap-1748082926 {\n  padding-top: 18px;\n}\n<\/style>\n\t<\/div>\n\t\n\n\t<div id=\"text-436640116\" class=\"text\">\n\t\t\n\n<div class=\"col-lg-4\">\n<div class=\"stat\">\n<div class=\"stat-text\">\n<p class=\"cq-description\">Pasi\u00f3n por el servicio.<\/p>\n<\/div>\n<\/div>\n<\/div>\n\t\t\n<style>\n#text-436640116 {\n  font-size: 1.1rem;\n}\n<\/style>\n\t<\/div>\n\t\n\n\t\t<\/div>\n\t<\/div>\n\t\n\t\n\n\t\t<div class=\"icon-box featured-box icon-box-left text-left\"  >\n\t\t\t\t\t<div class=\"icon-box-img\" style=\"width: 65px\">\n\t\t\t\t<div class=\"icon\">\n\t\t\t\t\t<div class=\"icon-inner\" >\n\t\t\t\t\t\t<img loading=\"lazy\" decoding=\"async\" width=\"300\" height=\"300\" src=\"https:\/\/crediq.com\/cr\/wp-content\/uploads\/sites\/3\/2026\/02\/excelencia-1.webp\" class=\"attachment-medium size-medium\" alt=\"\" srcset=\"https:\/\/crediq.com\/cr\/wp-content\/uploads\/sites\/3\/2026\/02\/excelencia-1.webp 300w, https:\/\/crediq.com\/cr\/wp-content\/uploads\/sites\/3\/2026\/02\/excelencia-1-150x150.webp 150w, https:\/\/crediq.com\/cr\/wp-content\/uploads\/sites\/3\/2026\/02\/excelencia-1-100x100.webp 100w\" sizes=\"auto, (max-width: 300px) 100vw, 300px\" \/>\t\t\t\t\t<\/div>\n\t\t\t\t<\/div>\n\t\t\t<\/div>\n\t\t\t\t<div class=\"icon-box-text last-reset\">\n\t\t\t\t\t\t\t\t\t\n\n\t<div id=\"gap-1658037562\" class=\"gap-element clearfix\" style=\"display:block; height:auto;\">\n\t\t\n<style>\n#gap-1658037562 {\n  padding-top: 18px;\n}\n<\/style>\n\t<\/div>\n\t\n\n\t<div id=\"text-1084947933\" class=\"text\">\n\t\t\n\n<div class=\"col-lg-4\">\n<div class=\"stat\">\n<div class=\"stat-text\">\n<p class=\"cq-description\">Excelencia e innovaci\u00f3n.<\/p>\n<\/div>\n<\/div>\n<\/div>\n\t\t\n<style>\n#text-1084947933 {\n  font-size: 1.1rem;\n}\n<\/style>\n\t<\/div>\n\t\n\n\t\t<\/div>\n\t<\/div>\n\t\n\t\n\n\t\t<div class=\"icon-box featured-box icon-box-left text-left\"  >\n\t\t\t\t\t<div class=\"icon-box-img\" style=\"width: 65px\">\n\t\t\t\t<div class=\"icon\">\n\t\t\t\t\t<div class=\"icon-inner\" >\n\t\t\t\t\t\t<img loading=\"lazy\" decoding=\"async\" width=\"300\" height=\"300\" src=\"https:\/\/crediq.com\/cr\/wp-content\/uploads\/sites\/3\/2026\/02\/sentidopertenencia.webp\" class=\"attachment-medium size-medium\" alt=\"\" srcset=\"https:\/\/crediq.com\/cr\/wp-content\/uploads\/sites\/3\/2026\/02\/sentidopertenencia.webp 300w, https:\/\/crediq.com\/cr\/wp-content\/uploads\/sites\/3\/2026\/02\/sentidopertenencia-150x150.webp 150w, https:\/\/crediq.com\/cr\/wp-content\/uploads\/sites\/3\/2026\/02\/sentidopertenencia-100x100.webp 100w\" sizes=\"auto, (max-width: 300px) 100vw, 300px\" \/>\t\t\t\t\t<\/div>\n\t\t\t\t<\/div>\n\t\t\t<\/div>\n\t\t\t\t<div class=\"icon-box-text last-reset\">\n\t\t\t\t\t\t\t\t\t\n\n\t<div id=\"gap-10994281\" class=\"gap-element clearfix\" style=\"display:block; height:auto;\">\n\t\t\n<style>\n#gap-10994281 {\n  padding-top: 18px;\n}\n<\/style>\n\t<\/div>\n\t\n\n\t<div id=\"text-553877789\" class=\"text\">\n\t\t\n\n<div class=\"col-lg-4\">\n<div class=\"stat\">\n<div class=\"stat-text\">\n<p class=\"cq-description\">Sentido de pertenencia.<\/p>\n<\/div>\n<\/div>\n<\/div>\n\t\t\n<style>\n#text-553877789 {\n  font-size: 1.1rem;\n}\n<\/style>\n\t<\/div>\n\t\n\n\t\t<\/div>\n\t<\/div>\n\t\n\t\n\n\t\t<\/div>\n\t\t\t\t\t<\/div>\n\n\t\n\n\t<div id=\"col-241258445\" class=\"col medium-6 small-12 large-6\"  >\n\t\t\t\t<div class=\"col-inner\"  >\n\t\t\t\n\t\t\t\n\n\n\t\t<div class=\"icon-box featured-box icon-box-left text-left\"  >\n\t\t\t\t\t<div class=\"icon-box-img\" style=\"width: 65px\">\n\t\t\t\t<div class=\"icon\">\n\t\t\t\t\t<div class=\"icon-inner\" >\n\t\t\t\t\t\t<img loading=\"lazy\" decoding=\"async\" width=\"300\" height=\"300\" src=\"https:\/\/crediq.com\/cr\/wp-content\/uploads\/sites\/3\/2026\/02\/compromiso.webp\" class=\"attachment-medium size-medium\" alt=\"\" srcset=\"https:\/\/crediq.com\/cr\/wp-content\/uploads\/sites\/3\/2026\/02\/compromiso.webp 300w, https:\/\/crediq.com\/cr\/wp-content\/uploads\/sites\/3\/2026\/02\/compromiso-150x150.webp 150w, https:\/\/crediq.com\/cr\/wp-content\/uploads\/sites\/3\/2026\/02\/compromiso-100x100.webp 100w\" sizes=\"auto, (max-width: 300px) 100vw, 300px\" \/>\t\t\t\t\t<\/div>\n\t\t\t\t<\/div>\n\t\t\t<\/div>\n\t\t\t\t<div class=\"icon-box-text last-reset\">\n\t\t\t\t\t\t\t\t\t\n\n\t<div id=\"gap-432724610\" class=\"gap-element clearfix\" style=\"display:block; height:auto;\">\n\t\t\n<style>\n#gap-432724610 {\n  padding-top: 18px;\n}\n<\/style>\n\t<\/div>\n\t\n\n\t<div id=\"text-555652871\" class=\"text\">\n\t\t\n\n<div class=\"col-lg-4\">\n<div class=\"stat\">\n<div class=\"stat-text\">\n<p class=\"cq-description\">Compromiso con la comunidad.<\/p>\n<\/div>\n<\/div>\n<\/div>\n\t\t\n<style>\n#text-555652871 {\n  font-size: 1.1rem;\n}\n<\/style>\n\t<\/div>\n\t\n\n\t\t<\/div>\n\t<\/div>\n\t\n\t\n\n\t\t<div class=\"icon-box featured-box icon-box-left text-left\"  >\n\t\t\t\t\t<div class=\"icon-box-img\" style=\"width: 65px\">\n\t\t\t\t<div class=\"icon\">\n\t\t\t\t\t<div class=\"icon-inner\" >\n\t\t\t\t\t\t<img loading=\"lazy\" decoding=\"async\" width=\"300\" height=\"300\" src=\"https:\/\/crediq.com\/cr\/wp-content\/uploads\/sites\/3\/2026\/02\/integridad.webp\" class=\"attachment-medium size-medium\" alt=\"\" srcset=\"https:\/\/crediq.com\/cr\/wp-content\/uploads\/sites\/3\/2026\/02\/integridad.webp 300w, https:\/\/crediq.com\/cr\/wp-content\/uploads\/sites\/3\/2026\/02\/integridad-150x150.webp 150w, https:\/\/crediq.com\/cr\/wp-content\/uploads\/sites\/3\/2026\/02\/integridad-100x100.webp 100w\" sizes=\"auto, (max-width: 300px) 100vw, 300px\" \/>\t\t\t\t\t<\/div>\n\t\t\t\t<\/div>\n\t\t\t<\/div>\n\t\t\t\t<div class=\"icon-box-text last-reset\">\n\t\t\t\t\t\t\t\t\t\n\n\t<div id=\"gap-1862023492\" class=\"gap-element clearfix\" style=\"display:block; height:auto;\">\n\t\t\n<style>\n#gap-1862023492 {\n  padding-top: 18px;\n}\n<\/style>\n\t<\/div>\n\t\n\n\t<div id=\"text-2812230435\" class=\"text\">\n\t\t\n\n<div class=\"col-lg-4\">\n<div class=\"stat\">\n<div class=\"stat-text\">\n<p class=\"cq-description\">Integridad.<\/p>\n<\/div>\n<\/div>\n<\/div>\n\t\t\n<style>\n#text-2812230435 {\n  font-size: 1.1rem;\n}\n<\/style>\n\t<\/div>\n\t\n\n\t\t<\/div>\n\t<\/div>\n\t\n\t\n\n\t\t<div class=\"icon-box featured-box icon-box-left text-left\"  >\n\t\t\t\t\t<div class=\"icon-box-img\" style=\"width: 65px\">\n\t\t\t\t<div class=\"icon\">\n\t\t\t\t\t<div class=\"icon-inner\" >\n\t\t\t\t\t\t<img loading=\"lazy\" decoding=\"async\" width=\"300\" height=\"300\" src=\"https:\/\/crediq.com\/cr\/wp-content\/uploads\/sites\/3\/2026\/02\/responsabilidadsocial.webp\" class=\"attachment-medium size-medium\" alt=\"\" srcset=\"https:\/\/crediq.com\/cr\/wp-content\/uploads\/sites\/3\/2026\/02\/responsabilidadsocial.webp 300w, https:\/\/crediq.com\/cr\/wp-content\/uploads\/sites\/3\/2026\/02\/responsabilidadsocial-150x150.webp 150w, https:\/\/crediq.com\/cr\/wp-content\/uploads\/sites\/3\/2026\/02\/responsabilidadsocial-100x100.webp 100w\" sizes=\"auto, (max-width: 300px) 100vw, 300px\" \/>\t\t\t\t\t<\/div>\n\t\t\t\t<\/div>\n\t\t\t<\/div>\n\t\t\t\t<div class=\"icon-box-text last-reset\">\n\t\t\t\t\t\t\t\t\t\n\n\t<div id=\"gap-2114671027\" class=\"gap-element clearfix\" style=\"display:block; height:auto;\">\n\t\t\n<style>\n#gap-2114671027 {\n  padding-top: 18px;\n}\n<\/style>\n\t<\/div>\n\t\n\n\t<div id=\"text-2806281011\" class=\"text\">\n\t\t\n\n<div class=\"col-lg-4\">\n<div class=\"stat\">\n<div class=\"stat-text\">\n<section class=\"paddingSection\">\n<div class=\"row\">\n<div class=\"col-lg-4\">\n<div class=\"stat\">\n<div class=\"stat-text\">\n<p class=\"cq-description\">Responsabilidad social.<\/p>\n<\/div>\n<\/div>\n<\/div>\n<\/div>\n<\/section>\n<\/div>\n<\/div>\n<\/div>\n\t\t\n<style>\n#text-2806281011 {\n  font-size: 1.1rem;\n}\n<\/style>\n\t<\/div>\n\t\n\n\t\t<\/div>\n\t<\/div>\n\t\n\t\n\n\t\t<\/div>\n\t\t\t\t\t<\/div>\n\n\t\n\n<\/div>\n\n\t\t<\/div>\n\t\t\t\t\t<\/div>\n\n\t\n\n<\/div>\n<div class=\"row row-small\" style=\"max-width:1300px\" id=\"row-1804512359\">\n\n\n\t<div id=\"col-1628987896\" class=\"col medium-4 small-12 large-4\"  >\n\t\t\t\t<div class=\"col-inner\"  >\n\t\t\t\n\t\t\t\n\n\n  <div class=\"banner has-hover\" id=\"banner-1374047606\">\n          <div class=\"banner-inner fill\">\n        <div class=\"banner-bg fill\" >\n            <img loading=\"lazy\" decoding=\"async\" width=\"1020\" height=\"574\" src=\"https:\/\/crediq.com\/cr\/wp-content\/uploads\/sites\/3\/2026\/02\/nosotros0.webp\" class=\"bg attachment-large size-large\" alt=\"\" \/>                                    \n                    <\/div>\n\t\t\n        <div class=\"banner-layers container\">\n            <a class=\"fill\" href=\"#\"><div class=\"fill banner-link\"><\/div><\/a>            \n\n\n        <\/div>\n      <\/div>\n\n            \n<style>\n#banner-1374047606 {\n  padding-top: 99.99%;\n  background-color: rgb(255, 255, 255);\n}\n#banner-1374047606 .banner-bg img {\n  object-position: 47% 13%;\n}\n<\/style>\n  <\/div>\n\n\n\n\t\t<\/div>\n\t\t\t\t\t<\/div>\n\n\t\n\n\t<div id=\"col-917062736\" class=\"col medium-4 small-12 large-4\"  >\n\t\t\t\t<div class=\"col-inner\"  >\n\t\t\t\n\t\t\t\n\n\n  <div class=\"banner has-hover\" id=\"banner-925833136\">\n          <div class=\"banner-inner fill\">\n        <div class=\"banner-bg fill\" >\n            <img loading=\"lazy\" decoding=\"async\" width=\"800\" height=\"600\" src=\"https:\/\/crediq.com\/cr\/wp-content\/uploads\/sites\/3\/2026\/02\/crediqCR.webp\" class=\"bg attachment-original size-original\" alt=\"\" \/>                                    \n                    <\/div>\n\t\t\n        <div class=\"banner-layers container\">\n            <a class=\"fill\" href=\"#\"><div class=\"fill banner-link\"><\/div><\/a>            \n\n\n        <\/div>\n      <\/div>\n\n            \n<style>\n#banner-925833136 {\n  padding-top: 99.99%;\n  background-color: rgb(255, 255, 255);\n}\n<\/style>\n  <\/div>\n\n\n\n\t\t<\/div>\n\t\t\t\t\t<\/div>\n\n\t\n\n\t<div id=\"col-1414360094\" class=\"col medium-4 small-12 large-4\"  >\n\t\t\t\t<div class=\"col-inner\"  >\n\t\t\t\n\t\t\t\n\n\n  <div class=\"banner has-hover\" id=\"banner-1953100331\">\n          <div class=\"banner-inner fill\">\n        <div class=\"banner-bg fill\" >\n            <img loading=\"lazy\" decoding=\"async\" width=\"1020\" height=\"574\" src=\"https:\/\/crediq.com\/cr\/wp-content\/uploads\/sites\/3\/2026\/02\/nosotros3.webp\" class=\"bg attachment-large size-large\" alt=\"\" \/>                                    \n                    <\/div>\n\t\t\n        <div class=\"banner-layers container\">\n            <a class=\"fill\" href=\"#\"><div class=\"fill banner-link\"><\/div><\/a>            \n\n\n        <\/div>\n      <\/div>\n\n            \n<style>\n#banner-1953100331 {\n  padding-top: 99.99%;\n  background-color: rgb(255, 255, 255);\n}\n<\/style>\n  <\/div>\n\n\n\n\t\t<\/div>\n\t\t\t\t\t<\/div>\n\n\t\n\n<\/div>\n\n","protected":false},"excerpt":{"rendered":"","protected":false},"author":1,"featured_media":0,"parent":0,"menu_order":5,"comment_status":"closed","ping_status":"closed","template":"page-blank.php","meta":{"_acf_changed":false,"_monsterinsights_skip_tracking":false,"_monsterinsights_sitenote_active":false,"_monsterinsights_sitenote_note":"","_monsterinsights_sitenote_category":0,"footnotes":""},"class_list":["post-3061","page","type-page","status-publish","hentry"],"acf":[],"yoast_head":"<!-- This site is optimized with the Yoast SEO plugin v26.7 - https:\/\/yoast.com\/wordpress\/plugins\/seo\/ -->\n<title>Nosotros - CrediQ Costa Rica<\/title>\n<meta name=\"robots\" content=\"index, follow, max-snippet:-1, max-image-preview:large, max-video-preview:-1\" \/>\n<link rel=\"canonical\" href=\"https:\/\/crediq.com\/cr\/nosotros\/\" \/>\n<meta property=\"og:locale\" content=\"es_ES\" \/>\n<meta property=\"og:type\" content=\"article\" \/>\n<meta property=\"og:title\" content=\"Nosotros - CrediQ Costa Rica\" \/>\n<meta property=\"og:url\" content=\"https:\/\/crediq.com\/cr\/nosotros\/\" \/>\n<meta property=\"og:site_name\" content=\"CrediQ Costa Rica\" \/>\n<meta property=\"article:modified_time\" content=\"2026-02-17T20:47:48+00:00\" \/>\n<meta name=\"twitter:card\" content=\"summary_large_image\" \/>\n<meta name=\"twitter:label1\" content=\"Tiempo de lectura\" \/>\n\t<meta name=\"twitter:data1\" content=\"3 minutos\" \/>\n<script type=\"application\/ld+json\" class=\"yoast-schema-graph\">{\"@context\":\"https:\/\/schema.org\",\"@graph\":[{\"@type\":\"WebPage\",\"@id\":\"https:\/\/crediq.com\/cr\/nosotros\/\",\"url\":\"https:\/\/crediq.com\/cr\/nosotros\/\",\"name\":\"Nosotros - CrediQ Costa Rica\",\"isPartOf\":{\"@id\":\"https:\/\/crediq.com\/cr\/#website\"},\"datePublished\":\"2022-07-19T16:30:54+00:00\",\"dateModified\":\"2026-02-17T20:47:48+00:00\",\"breadcrumb\":{\"@id\":\"https:\/\/crediq.com\/cr\/nosotros\/#breadcrumb\"},\"inLanguage\":\"es\",\"potentialAction\":[{\"@type\":\"ReadAction\",\"target\":[\"https:\/\/crediq.com\/cr\/nosotros\/\"]}]},{\"@type\":\"BreadcrumbList\",\"@id\":\"https:\/\/crediq.com\/cr\/nosotros\/#breadcrumb\",\"itemListElement\":[{\"@type\":\"ListItem\",\"position\":1,\"name\":\"Home\",\"item\":\"https:\/\/crediq.com\/cr\/\"},{\"@type\":\"ListItem\",\"position\":2,\"name\":\"Nosotros\"}]},{\"@type\":\"WebSite\",\"@id\":\"https:\/\/crediq.com\/cr\/#website\",\"url\":\"https:\/\/crediq.com\/cr\/\",\"name\":\"CrediQ Costa Rica\",\"description\":\"Financiamiento de veh\u00edculos nuevos y usados\",\"potentialAction\":[{\"@type\":\"SearchAction\",\"target\":{\"@type\":\"EntryPoint\",\"urlTemplate\":\"https:\/\/crediq.com\/cr\/?s={search_term_string}\"},\"query-input\":{\"@type\":\"PropertyValueSpecification\",\"valueRequired\":true,\"valueName\":\"search_term_string\"}}],\"inLanguage\":\"es\"}]}<\/script>\n<!-- \/ Yoast SEO plugin. -->","yoast_head_json":{"title":"Nosotros - CrediQ Costa Rica","robots":{"index":"index","follow":"follow","max-snippet":"max-snippet:-1","max-image-preview":"max-image-preview:large","max-video-preview":"max-video-preview:-1"},"canonical":"https:\/\/crediq.com\/cr\/nosotros\/","og_locale":"es_ES","og_type":"article","og_title":"Nosotros - CrediQ Costa Rica","og_url":"https:\/\/crediq.com\/cr\/nosotros\/","og_site_name":"CrediQ Costa Rica","article_modified_time":"2026-02-17T20:47:48+00:00","twitter_card":"summary_large_image","twitter_misc":{"Tiempo de lectura":"3 minutos"},"schema":{"@context":"https:\/\/schema.org","@graph":[{"@type":"WebPage","@id":"https:\/\/crediq.com\/cr\/nosotros\/","url":"https:\/\/crediq.com\/cr\/nosotros\/","name":"Nosotros - CrediQ Costa Rica","isPartOf":{"@id":"https:\/\/crediq.com\/cr\/#website"},"datePublished":"2022-07-19T16:30:54+00:00","dateModified":"2026-02-17T20:47:48+00:00","breadcrumb":{"@id":"https:\/\/crediq.com\/cr\/nosotros\/#breadcrumb"},"inLanguage":"es","potentialAction":[{"@type":"ReadAction","target":["https:\/\/crediq.com\/cr\/nosotros\/"]}]},{"@type":"BreadcrumbList","@id":"https:\/\/crediq.com\/cr\/nosotros\/#breadcrumb","itemListElement":[{"@type":"ListItem","position":1,"name":"Home","item":"https:\/\/crediq.com\/cr\/"},{"@type":"ListItem","position":2,"name":"Nosotros"}]},{"@type":"WebSite","@id":"https:\/\/crediq.com\/cr\/#website","url":"https:\/\/crediq.com\/cr\/","name":"CrediQ Costa Rica","description":"Financiamiento de veh\u00edculos nuevos y usados","potentialAction":[{"@type":"SearchAction","target":{"@type":"EntryPoint","urlTemplate":"https:\/\/crediq.com\/cr\/?s={search_term_string}"},"query-input":{"@type":"PropertyValueSpecification","valueRequired":true,"valueName":"search_term_string"}}],"inLanguage":"es"}]}},"post_mailing_queue_ids":[],"_links":{"self":[{"href":"https:\/\/crediq.com\/cr\/wp-json\/wp\/v2\/pages\/3061","targetHints":{"allow":["GET"]}}],"collection":[{"href":"https:\/\/crediq.com\/cr\/wp-json\/wp\/v2\/pages"}],"about":[{"href":"https:\/\/crediq.com\/cr\/wp-json\/wp\/v2\/types\/page"}],"author":[{"embeddable":true,"href":"https:\/\/crediq.com\/cr\/wp-json\/wp\/v2\/users\/1"}],"replies":[{"embeddable":true,"href":"https:\/\/crediq.com\/cr\/wp-json\/wp\/v2\/comments?post=3061"}],"version-history":[{"count":4,"href":"https:\/\/crediq.com\/cr\/wp-json\/wp\/v2\/pages\/3061\/revisions"}],"predecessor-version":[{"id":25447,"href":"https:\/\/crediq.com\/cr\/wp-json\/wp\/v2\/pages\/3061\/revisions\/25447"}],"wp:attachment":[{"href":"https:\/\/crediq.com\/cr\/wp-json\/wp\/v2\/media?parent=3061"}],"curies":[{"name":"wp","href":"https:\/\/api.w.org\/{rel}","templated":true}]}}