{"id":3303,"date":"2022-07-22T15:51:44","date_gmt":"2022-07-22T15:51:44","guid":{"rendered":"https:\/\/demo2.loces.dev\/?page_id=3303"},"modified":"2026-02-17T14:16:18","modified_gmt":"2026-02-17T20:16:18","slug":"recursos","status":"publish","type":"page","link":"https:\/\/crediq.com\/cr\/recursos\/","title":{"rendered":"Recursos"},"content":{"rendered":"\n\n  <div class=\"banner has-hover\" id=\"banner-2128247288\">\n          <div class=\"banner-inner fill\">\n        <div class=\"banner-bg fill\" >\n                                                \n                    <\/div>\n\t\t\n        <div class=\"banner-layers container\">\n            <div class=\"fill banner-link\"><\/div>            \n\n   <div id=\"text-box-816070766\" class=\"text-box banner-layer x50 md-x50 lg-x50 y50 md-y50 lg-y50 res-text\">\n                                <div class=\"text-box-content text dark\">\n              \n              <div class=\"text-inner text-center\">\n                  \n\n\t<div id=\"text-3237125073\" class=\"text\">\n\t\t\n\n<h3><strong>Descargables<\/strong><\/h3>\n<p>Encuentra actualizaciones de estados financieros, manuales y mucho m\u00e1s.<\/p>\n\t\t\n<style>\n#text-3237125073 {\n  font-size: 1.05rem;\n}\n<\/style>\n\t<\/div>\n\t\n<div class=\"searchform-wrapper ux-search-box relative is-normal\"><form role=\"search\" method=\"get\" class=\"searchform\" action=\"https:\/\/crediq.com\/cr\/\">\n\t<div class=\"flex-row relative\">\n\t\t\t\t\t\t<div class=\"flex-col flex-grow\">\n\t\t\t<label class=\"screen-reader-text\" for=\"woocommerce-product-search-field-0\">Buscar por:<\/label>\n\t\t\t<input type=\"search\" id=\"woocommerce-product-search-field-0\" class=\"search-field mb-0\" placeholder=\"Buscar&hellip;\" value=\"\" name=\"s\" \/>\n\t\t\t<input type=\"hidden\" name=\"post_type\" value=\"product\" \/>\n\t\t\t\t\t<\/div>\n\t\t<div class=\"flex-col\">\n\t\t\t<button type=\"submit\" value=\"Buscar\" class=\"ux-search-submit submit-button secondary button  icon mb-0\" aria-label=\"Enviar\">\n\t\t\t\t<i class=\"icon-search\" aria-hidden=\"true\"><\/i>\t\t\t<\/button>\n\t\t<\/div>\n\t<\/div>\n\t<div class=\"live-search-results text-left z-top\"><\/div>\n<\/form>\n<\/div>\n\n\n              <\/div>\n           <\/div>\n                            \n<style>\n#text-box-816070766 {\n  width: 42%;\n}\n#text-box-816070766 .text-box-content {\n  font-size: 100%;\n}\n<\/style>\n    <\/div>\n \n\n        <\/div>\n      <\/div>\n\n            \n<style>\n#banner-2128247288 {\n  padding-top: 300px;\n}\n<\/style>\n  <\/div>\n\n\n<div class=\"row\"  id=\"row-354283465\">\n\n\n\t<div id=\"col-1057764480\" class=\"col medium-6 small-12 large-6\"  >\n\t\t\t\t<div class=\"col-inner\"  >\n\t\t\t\n\t\t\t\n\n\n\t\t<div class=\"icon-box featured-box icon-box-left text-left\"  >\n\t\t\t\t\t<div class=\"icon-box-img\" style=\"width: 60px\">\n\t\t\t\t<div class=\"icon\">\n\t\t\t\t\t<div class=\"icon-inner\" >\n\t\t\t\t\t\t<img loading=\"lazy\" decoding=\"async\" width=\"300\" height=\"300\" src=\"https:\/\/crediq.com\/cr\/wp-content\/uploads\/sites\/3\/2026\/02\/mision-1.webp\" class=\"attachment-medium size-medium\" alt=\"\" srcset=\"https:\/\/crediq.com\/cr\/wp-content\/uploads\/sites\/3\/2026\/02\/mision-1.webp 300w, https:\/\/crediq.com\/cr\/wp-content\/uploads\/sites\/3\/2026\/02\/mision-1-150x150.webp 150w, https:\/\/crediq.com\/cr\/wp-content\/uploads\/sites\/3\/2026\/02\/mision-1-100x100.webp 100w\" sizes=\"auto, (max-width: 300px) 100vw, 300px\" \/>\t\t\t\t\t<\/div>\n\t\t\t\t<\/div>\n\t\t\t<\/div>\n\t\t\t\t<div class=\"icon-box-text last-reset\">\n\t\t\t\t\t\t\t\t\t\n\n\t<div id=\"text-1165608561\" class=\"text\">\n\t\t\n\n<h3>Manual de Bienvenida<\/h3>\n<p class=\"p1\">En este manual, encontrar\u00e1s informaci\u00f3n de nuestros puntos de contacto, lugares y medios de recepci\u00f3n de pagos, as\u00ed como informaci\u00f3n de tu seguro y otras consultas generales.<\/p>\n\t\t\n<style>\n#text-1165608561 {\n  font-size: 1.05rem;\n}\n<\/style>\n\t<\/div>\n\t\n\t<div id=\"gap-1101458852\" class=\"gap-element clearfix\" style=\"display:block; height:auto;\">\n\t\t\n<style>\n#gap-1101458852 {\n  padding-top: 21px;\n}\n<\/style>\n\t<\/div>\n\t\n\n<a href=\"https:\/\/demo2.loces.dev\/cr\/wp-content\/uploads\/sites\/3\/2022\/07\/Manual-de-Bienvenida-CrediQ.pdf\" class=\"button primary\" style=\"border-radius:99px;\">\n\t\t<span>descargar<\/span>\n\t<i class=\"icon-angle-right\" aria-hidden=\"true\"><\/i><\/a>\n\n\n\n\t\t<\/div>\n\t<\/div>\n\t\n\t\n\t<div id=\"gap-979265755\" class=\"gap-element clearfix\" style=\"display:block; height:auto;\">\n\t\t\n<style>\n#gap-979265755 {\n  padding-top: 30px;\n}\n<\/style>\n\t<\/div>\n\t\n\n\n\t\t<div class=\"icon-box featured-box icon-box-left text-left\"  >\n\t\t\t\t\t<div class=\"icon-box-img\" style=\"width: 60px\">\n\t\t\t\t<div class=\"icon\">\n\t\t\t\t\t<div class=\"icon-inner\" >\n\t\t\t\t\t\t<img loading=\"lazy\" decoding=\"async\" width=\"300\" height=\"300\" src=\"https:\/\/crediq.com\/cr\/wp-content\/uploads\/sites\/3\/2026\/02\/mision-1.webp\" class=\"attachment-medium size-medium\" alt=\"\" srcset=\"https:\/\/crediq.com\/cr\/wp-content\/uploads\/sites\/3\/2026\/02\/mision-1.webp 300w, https:\/\/crediq.com\/cr\/wp-content\/uploads\/sites\/3\/2026\/02\/mision-1-150x150.webp 150w, https:\/\/crediq.com\/cr\/wp-content\/uploads\/sites\/3\/2026\/02\/mision-1-100x100.webp 100w\" sizes=\"auto, (max-width: 300px) 100vw, 300px\" \/>\t\t\t\t\t<\/div>\n\t\t\t\t<\/div>\n\t\t\t<\/div>\n\t\t\t\t<div class=\"icon-box-text last-reset\">\n\t\t\t\t\t\t\t\t\t\n\n\t<div id=\"text-537666914\" class=\"text\">\n\t\t\n\n<h3>Estados de Resultados<\/h3>\n<p class=\"p1\">Estados de resultados correspondientes al a\u00f1o 2016.<\/p>\n\t\t\n<style>\n#text-537666914 {\n  font-size: 1.05rem;\n}\n<\/style>\n\t<\/div>\n\t\n\t<div id=\"gap-656694182\" class=\"gap-element clearfix\" style=\"display:block; height:auto;\">\n\t\t\n<style>\n#gap-656694182 {\n  padding-top: 21px;\n}\n<\/style>\n\t<\/div>\n\t\n\n<a href=\"https:\/\/demo2.loces.dev\/cr\/wp-content\/uploads\/sites\/3\/2022\/07\/Estados-de-Resultados.jpg\" class=\"button primary\" style=\"border-radius:99px;\">\n\t\t<span>descargar<\/span>\n\t<i class=\"icon-angle-right\" aria-hidden=\"true\"><\/i><\/a>\n\n\n\n\t\t<\/div>\n\t<\/div>\n\t\n\t\n\t<div id=\"gap-1069253973\" class=\"gap-element clearfix\" style=\"display:block; height:auto;\">\n\t\t\n<style>\n#gap-1069253973 {\n  padding-top: 30px;\n}\n<\/style>\n\t<\/div>\n\t\n\n\n\t\t<div class=\"icon-box featured-box icon-box-left text-left\"  >\n\t\t\t\t\t<div class=\"icon-box-img\" style=\"width: 60px\">\n\t\t\t\t<div class=\"icon\">\n\t\t\t\t\t<div class=\"icon-inner\" >\n\t\t\t\t\t\t<img loading=\"lazy\" decoding=\"async\" width=\"300\" height=\"300\" src=\"https:\/\/crediq.com\/cr\/wp-content\/uploads\/sites\/3\/2026\/02\/mision-1.webp\" class=\"attachment-medium size-medium\" alt=\"\" srcset=\"https:\/\/crediq.com\/cr\/wp-content\/uploads\/sites\/3\/2026\/02\/mision-1.webp 300w, https:\/\/crediq.com\/cr\/wp-content\/uploads\/sites\/3\/2026\/02\/mision-1-150x150.webp 150w, https:\/\/crediq.com\/cr\/wp-content\/uploads\/sites\/3\/2026\/02\/mision-1-100x100.webp 100w\" sizes=\"auto, (max-width: 300px) 100vw, 300px\" \/>\t\t\t\t\t<\/div>\n\t\t\t\t<\/div>\n\t\t\t<\/div>\n\t\t\t\t<div class=\"icon-box-text last-reset\">\n\t\t\t\t\t\t\t\t\t\n\n\t<div id=\"text-3959684122\" class=\"text\">\n\t\t\n\n<h3>Informe de Transparencia<\/h3>\n<p class=\"p1\">Informe anual sobre la gesti\u00f3n de riesgos de la financiera CrediQ, a\u00f1o 2017.<\/p>\n\t\t\n<style>\n#text-3959684122 {\n  font-size: 1.05rem;\n}\n<\/style>\n\t<\/div>\n\t\n\t<div id=\"gap-2027038075\" class=\"gap-element clearfix\" style=\"display:block; height:auto;\">\n\t\t\n<style>\n#gap-2027038075 {\n  padding-top: 21px;\n}\n<\/style>\n\t<\/div>\n\t\n\n<a href=\"https:\/\/demo2.loces.dev\/cr\/wp-content\/uploads\/sites\/3\/2022\/07\/Informe-de-Transparencia.pdf\" class=\"button primary\" style=\"border-radius:99px;\">\n\t\t<span>descargar<\/span>\n\t<i class=\"icon-angle-right\" aria-hidden=\"true\"><\/i><\/a>\n\n\n\n\t\t<\/div>\n\t<\/div>\n\t\n\t\n\n\t\t<\/div>\n\t\t\t\t\t<\/div>\n\n\t\n\n\t<div id=\"col-1832303579\" class=\"col medium-6 small-12 large-6\"  >\n\t\t\t\t<div class=\"col-inner\"  >\n\t\t\t\n\t\t\t\n\n\n\t\t<div class=\"icon-box featured-box icon-box-left text-left\"  >\n\t\t\t\t\t<div class=\"icon-box-img\" style=\"width: 60px\">\n\t\t\t\t<div class=\"icon\">\n\t\t\t\t\t<div class=\"icon-inner\" >\n\t\t\t\t\t\t<img loading=\"lazy\" decoding=\"async\" width=\"300\" height=\"300\" src=\"https:\/\/crediq.com\/cr\/wp-content\/uploads\/sites\/3\/2026\/02\/mision-1.webp\" class=\"attachment-medium size-medium\" alt=\"\" srcset=\"https:\/\/crediq.com\/cr\/wp-content\/uploads\/sites\/3\/2026\/02\/mision-1.webp 300w, https:\/\/crediq.com\/cr\/wp-content\/uploads\/sites\/3\/2026\/02\/mision-1-150x150.webp 150w, https:\/\/crediq.com\/cr\/wp-content\/uploads\/sites\/3\/2026\/02\/mision-1-100x100.webp 100w\" sizes=\"auto, (max-width: 300px) 100vw, 300px\" \/>\t\t\t\t\t<\/div>\n\t\t\t\t<\/div>\n\t\t\t<\/div>\n\t\t\t\t<div class=\"icon-box-text last-reset\">\n\t\t\t\t\t\t\t\t\t\n\n\t<div id=\"text-307152888\" class=\"text\">\n\t\t\n\n<h3>Manual Renting<\/h3>\n<p class=\"p1\">En este manual encontrar\u00e1s todos los servicios y garant\u00edas a\u00f1adidas en tu contrato de veh\u00edculo Renting CrediQ, para ayudarte a disfrutar al m\u00e1ximo de todos los beneficios y opciones especiales que solo este sistema innovador puede brindarte.<\/p>\n\t\t\n<style>\n#text-307152888 {\n  font-size: 1.05rem;\n}\n<\/style>\n\t<\/div>\n\t\n\t<div id=\"gap-1724293543\" class=\"gap-element clearfix\" style=\"display:block; height:auto;\">\n\t\t\n<style>\n#gap-1724293543 {\n  padding-top: 21px;\n}\n<\/style>\n\t<\/div>\n\t\n\n<a href=\"https:\/\/demo2.loces.dev\/cr\/wp-content\/uploads\/sites\/3\/2022\/07\/Manual-Renting.pdf\" class=\"button primary\" style=\"border-radius:99px;\">\n\t\t<span>descargar<\/span>\n\t<i class=\"icon-angle-right\" aria-hidden=\"true\"><\/i><\/a>\n\n\n\n\t\t<\/div>\n\t<\/div>\n\t\n\t\n\t<div id=\"gap-574186456\" class=\"gap-element clearfix\" style=\"display:block; height:auto;\">\n\t\t\n<style>\n#gap-574186456 {\n  padding-top: 30px;\n}\n<\/style>\n\t<\/div>\n\t\n\n\n\t\t<div class=\"icon-box featured-box icon-box-left text-left\"  >\n\t\t\t\t\t<div class=\"icon-box-img\" style=\"width: 60px\">\n\t\t\t\t<div class=\"icon\">\n\t\t\t\t\t<div class=\"icon-inner\" >\n\t\t\t\t\t\t<img loading=\"lazy\" decoding=\"async\" width=\"300\" height=\"300\" src=\"https:\/\/crediq.com\/cr\/wp-content\/uploads\/sites\/3\/2026\/02\/mision-1.webp\" class=\"attachment-medium size-medium\" alt=\"\" srcset=\"https:\/\/crediq.com\/cr\/wp-content\/uploads\/sites\/3\/2026\/02\/mision-1.webp 300w, https:\/\/crediq.com\/cr\/wp-content\/uploads\/sites\/3\/2026\/02\/mision-1-150x150.webp 150w, https:\/\/crediq.com\/cr\/wp-content\/uploads\/sites\/3\/2026\/02\/mision-1-100x100.webp 100w\" sizes=\"auto, (max-width: 300px) 100vw, 300px\" \/>\t\t\t\t\t<\/div>\n\t\t\t\t<\/div>\n\t\t\t<\/div>\n\t\t\t\t<div class=\"icon-box-text last-reset\">\n\t\t\t\t\t\t\t\t\t\n\n\t<div id=\"text-3356184609\" class=\"text\">\n\t\t\n\n<h3>Memoria Anual<\/h3>\n<p class=\"p1\">Memoria anual corporativa 2016.<\/p>\n\t\t\n<style>\n#text-3356184609 {\n  font-size: 1.05rem;\n}\n<\/style>\n\t<\/div>\n\t\n\t<div id=\"gap-1740415000\" class=\"gap-element clearfix\" style=\"display:block; height:auto;\">\n\t\t\n<style>\n#gap-1740415000 {\n  padding-top: 21px;\n}\n<\/style>\n\t<\/div>\n\t\n\n<a href=\"https:\/\/demo2.loces.dev\/cr\/wp-content\/uploads\/sites\/3\/2022\/07\/Memoria-Anual.pdf\" class=\"button primary\" style=\"border-radius:99px;\">\n\t\t<span>descargar<\/span>\n\t<i class=\"icon-angle-right\" aria-hidden=\"true\"><\/i><\/a>\n\n\n\n\t\t<\/div>\n\t<\/div>\n\t\n\t\n\t<div id=\"gap-472420966\" class=\"gap-element clearfix\" style=\"display:block; height:auto;\">\n\t\t\n<style>\n#gap-472420966 {\n  padding-top: 30px;\n}\n<\/style>\n\t<\/div>\n\t\n\n\n\t\t<div class=\"icon-box featured-box icon-box-left text-left\"  >\n\t\t\t\t\t<div class=\"icon-box-img\" style=\"width: 60px\">\n\t\t\t\t<div class=\"icon\">\n\t\t\t\t\t<div class=\"icon-inner\" >\n\t\t\t\t\t\t<img loading=\"lazy\" decoding=\"async\" width=\"300\" height=\"300\" src=\"https:\/\/crediq.com\/cr\/wp-content\/uploads\/sites\/3\/2026\/02\/mision-1.webp\" class=\"attachment-medium size-medium\" alt=\"\" srcset=\"https:\/\/crediq.com\/cr\/wp-content\/uploads\/sites\/3\/2026\/02\/mision-1.webp 300w, https:\/\/crediq.com\/cr\/wp-content\/uploads\/sites\/3\/2026\/02\/mision-1-150x150.webp 150w, https:\/\/crediq.com\/cr\/wp-content\/uploads\/sites\/3\/2026\/02\/mision-1-100x100.webp 100w\" sizes=\"auto, (max-width: 300px) 100vw, 300px\" \/>\t\t\t\t\t<\/div>\n\t\t\t\t<\/div>\n\t\t\t<\/div>\n\t\t\t\t<div class=\"icon-box-text last-reset\">\n\t\t\t\t\t\t\t\t\t\n\n\t<div id=\"text-1918429062\" class=\"text\">\n\t\t\n\n<h3>Tarifario de Productos y Servicios<\/h3>\n<p class=\"p1\">Tarifario vigente de productos y servicios.<\/p>\n\t\t\n<style>\n#text-1918429062 {\n  font-size: 1.05rem;\n}\n<\/style>\n\t<\/div>\n\t\n\t<div id=\"gap-1871811865\" class=\"gap-element clearfix\" style=\"display:block; height:auto;\">\n\t\t\n<style>\n#gap-1871811865 {\n  padding-top: 21px;\n}\n<\/style>\n\t<\/div>\n\t\n\n<a href=\"https:\/\/demo2.loces.dev\/cr\/wp-content\/uploads\/sites\/3\/2022\/07\/Tarifario-de-Productos-y-Servicios.pdf\" class=\"button primary\" style=\"border-radius:99px;\">\n\t\t<span>descargar<\/span>\n\t<i class=\"icon-angle-right\" aria-hidden=\"true\"><\/i><\/a>\n\n\n\n\t\t<\/div>\n\t<\/div>\n\t\n\t\n\n\t\t<\/div>\n\t\t\t\t\t<\/div>\n\n\t\n\n<\/div>\n\n","protected":false},"excerpt":{"rendered":"","protected":false},"author":1,"featured_media":0,"parent":0,"menu_order":12,"comment_status":"closed","ping_status":"closed","template":"page-blank.php","meta":{"_acf_changed":false,"_monsterinsights_skip_tracking":false,"_monsterinsights_sitenote_active":false,"_monsterinsights_sitenote_note":"","_monsterinsights_sitenote_category":0,"footnotes":""},"class_list":["post-3303","page","type-page","status-publish","hentry"],"acf":[],"yoast_head":"<!-- This site is optimized with the Yoast SEO plugin v26.7 - https:\/\/yoast.com\/wordpress\/plugins\/seo\/ -->\n<title>Recursos - CrediQ Costa Rica<\/title>\n<meta name=\"robots\" content=\"index, follow, max-snippet:-1, max-image-preview:large, max-video-preview:-1\" \/>\n<link rel=\"canonical\" href=\"https:\/\/crediq.com\/cr\/recursos\/\" \/>\n<meta property=\"og:locale\" content=\"es_ES\" \/>\n<meta property=\"og:type\" content=\"article\" \/>\n<meta property=\"og:title\" content=\"Recursos - CrediQ Costa Rica\" \/>\n<meta property=\"og:url\" content=\"https:\/\/crediq.com\/cr\/recursos\/\" \/>\n<meta property=\"og:site_name\" content=\"CrediQ Costa Rica\" \/>\n<meta property=\"article:modified_time\" content=\"2026-02-17T20:16:18+00:00\" \/>\n<meta name=\"twitter:card\" content=\"summary_large_image\" \/>\n<meta name=\"twitter:label1\" content=\"Tiempo de lectura\" \/>\n\t<meta name=\"twitter:data1\" content=\"2 minutos\" \/>\n<script type=\"application\/ld+json\" class=\"yoast-schema-graph\">{\"@context\":\"https:\/\/schema.org\",\"@graph\":[{\"@type\":\"WebPage\",\"@id\":\"https:\/\/crediq.com\/cr\/recursos\/\",\"url\":\"https:\/\/crediq.com\/cr\/recursos\/\",\"name\":\"Recursos - CrediQ Costa Rica\",\"isPartOf\":{\"@id\":\"https:\/\/crediq.com\/cr\/#website\"},\"datePublished\":\"2022-07-22T15:51:44+00:00\",\"dateModified\":\"2026-02-17T20:16:18+00:00\",\"breadcrumb\":{\"@id\":\"https:\/\/crediq.com\/cr\/recursos\/#breadcrumb\"},\"inLanguage\":\"es\",\"potentialAction\":[{\"@type\":\"ReadAction\",\"target\":[\"https:\/\/crediq.com\/cr\/recursos\/\"]}]},{\"@type\":\"BreadcrumbList\",\"@id\":\"https:\/\/crediq.com\/cr\/recursos\/#breadcrumb\",\"itemListElement\":[{\"@type\":\"ListItem\",\"position\":1,\"name\":\"Home\",\"item\":\"https:\/\/crediq.com\/cr\/\"},{\"@type\":\"ListItem\",\"position\":2,\"name\":\"Recursos\"}]},{\"@type\":\"WebSite\",\"@id\":\"https:\/\/crediq.com\/cr\/#website\",\"url\":\"https:\/\/crediq.com\/cr\/\",\"name\":\"CrediQ Costa Rica\",\"description\":\"Financiamiento de veh\u00edculos nuevos y usados\",\"potentialAction\":[{\"@type\":\"SearchAction\",\"target\":{\"@type\":\"EntryPoint\",\"urlTemplate\":\"https:\/\/crediq.com\/cr\/?s={search_term_string}\"},\"query-input\":{\"@type\":\"PropertyValueSpecification\",\"valueRequired\":true,\"valueName\":\"search_term_string\"}}],\"inLanguage\":\"es\"}]}<\/script>\n<!-- \/ Yoast SEO plugin. -->","yoast_head_json":{"title":"Recursos - CrediQ Costa Rica","robots":{"index":"index","follow":"follow","max-snippet":"max-snippet:-1","max-image-preview":"max-image-preview:large","max-video-preview":"max-video-preview:-1"},"canonical":"https:\/\/crediq.com\/cr\/recursos\/","og_locale":"es_ES","og_type":"article","og_title":"Recursos - CrediQ Costa Rica","og_url":"https:\/\/crediq.com\/cr\/recursos\/","og_site_name":"CrediQ Costa Rica","article_modified_time":"2026-02-17T20:16:18+00:00","twitter_card":"summary_large_image","twitter_misc":{"Tiempo de lectura":"2 minutos"},"schema":{"@context":"https:\/\/schema.org","@graph":[{"@type":"WebPage","@id":"https:\/\/crediq.com\/cr\/recursos\/","url":"https:\/\/crediq.com\/cr\/recursos\/","name":"Recursos - CrediQ Costa Rica","isPartOf":{"@id":"https:\/\/crediq.com\/cr\/#website"},"datePublished":"2022-07-22T15:51:44+00:00","dateModified":"2026-02-17T20:16:18+00:00","breadcrumb":{"@id":"https:\/\/crediq.com\/cr\/recursos\/#breadcrumb"},"inLanguage":"es","potentialAction":[{"@type":"ReadAction","target":["https:\/\/crediq.com\/cr\/recursos\/"]}]},{"@type":"BreadcrumbList","@id":"https:\/\/crediq.com\/cr\/recursos\/#breadcrumb","itemListElement":[{"@type":"ListItem","position":1,"name":"Home","item":"https:\/\/crediq.com\/cr\/"},{"@type":"ListItem","position":2,"name":"Recursos"}]},{"@type":"WebSite","@id":"https:\/\/crediq.com\/cr\/#website","url":"https:\/\/crediq.com\/cr\/","name":"CrediQ Costa Rica","description":"Financiamiento de veh\u00edculos nuevos y usados","potentialAction":[{"@type":"SearchAction","target":{"@type":"EntryPoint","urlTemplate":"https:\/\/crediq.com\/cr\/?s={search_term_string}"},"query-input":{"@type":"PropertyValueSpecification","valueRequired":true,"valueName":"search_term_string"}}],"inLanguage":"es"}]}},"post_mailing_queue_ids":[],"_links":{"self":[{"href":"https:\/\/crediq.com\/cr\/wp-json\/wp\/v2\/pages\/3303","targetHints":{"allow":["GET"]}}],"collection":[{"href":"https:\/\/crediq.com\/cr\/wp-json\/wp\/v2\/pages"}],"about":[{"href":"https:\/\/crediq.com\/cr\/wp-json\/wp\/v2\/types\/page"}],"author":[{"embeddable":true,"href":"https:\/\/crediq.com\/cr\/wp-json\/wp\/v2\/users\/1"}],"replies":[{"embeddable":true,"href":"https:\/\/crediq.com\/cr\/wp-json\/wp\/v2\/comments?post=3303"}],"version-history":[{"count":1,"href":"https:\/\/crediq.com\/cr\/wp-json\/wp\/v2\/pages\/3303\/revisions"}],"predecessor-version":[{"id":25437,"href":"https:\/\/crediq.com\/cr\/wp-json\/wp\/v2\/pages\/3303\/revisions\/25437"}],"wp:attachment":[{"href":"https:\/\/crediq.com\/cr\/wp-json\/wp\/v2\/media?parent=3303"}],"curies":[{"name":"wp","href":"https:\/\/api.w.org\/{rel}","templated":true}]}}