{"id":3817,"date":"2022-09-22T21:45:51","date_gmt":"2022-09-22T21:45:51","guid":{"rendered":"https:\/\/demo2.loces.dev\/cr\/?page_id=3817"},"modified":"2026-02-26T12:41:56","modified_gmt":"2026-02-26T18:41:56","slug":"restricciones","status":"publish","type":"page","link":"https:\/\/crediq.com\/cr\/restricciones\/","title":{"rendered":"Restricciones"},"content":{"rendered":"\n\n  <div class=\"banner has-hover\" id=\"banner-1147451221\">\n          <div class=\"banner-inner fill\">\n        <div class=\"banner-bg fill\" >\n            <img loading=\"lazy\" decoding=\"async\" width=\"1020\" height=\"378\" src=\"https:\/\/crediq.com\/cr\/wp-content\/uploads\/sites\/3\/2026\/02\/fondo-banner-contacto-1024x379-1.jpeg\" class=\"bg attachment-large size-large\" alt=\"\" \/>                                    \n                    <\/div>\n\t\t\n        <div class=\"banner-layers container\">\n            <div class=\"fill banner-link\"><\/div>            \n\n   <div id=\"text-box-651699243\" class=\"text-box banner-layer x50 md-x50 lg-x50 y50 md-y50 lg-y50 res-text\">\n                                <div class=\"text-box-content text dark\">\n              \n              <div class=\"text-inner text-center\">\n                  \n\n\t<div id=\"text-381841250\" class=\"text\">\n\t\t\n\n<h3><strong>Restricciones<\/strong><\/h3>\n<p>Informaci\u00f3n regulatoria.<\/p>\n\t\t\n<style>\n#text-381841250 {\n  font-size: 1.05rem;\n}\n<\/style>\n\t<\/div>\n\t\n\n              <\/div>\n           <\/div>\n                            \n<style>\n#text-box-651699243 {\n  width: 42%;\n}\n#text-box-651699243 .text-box-content {\n  font-size: 100%;\n}\n<\/style>\n    <\/div>\n \n\n        <\/div>\n      <\/div>\n\n            \n<style>\n#banner-1147451221 {\n  padding-top: 300px;\n  background-color: rgb(255,255,255);\n}\n<\/style>\n  <\/div>\n\n\n<div class=\"row\"  id=\"row-886873081\">\n\n\n\t<div id=\"col-1305902111\" class=\"col small-12 large-12\"  >\n\t\t\t\t<div class=\"col-inner\"  >\n\t\t\t\n\t\t\t\n\n<div class=\"accordion\">\n\n\t<div id=\"accordion-1568094505\" class=\"accordion-item col\">\n\t\t<a id=\"accordion-1568094505-label\" class=\"accordion-title plain\" href=\"#accordion-item-inscripci\u00f3n-sugef\" aria-expanded=\"false\" aria-controls=\"accordion-1568094505-content\">\n\t\t\t<button class=\"toggle\" aria-label=\"Toggle\"><i class=\"icon-angle-down\" aria-hidden=\"true\"><\/i><\/button>\n\t\t\t<span>Inscripci\u00f3n SUGEF<\/span>\n\t\t<\/a>\n\t\t<div id=\"accordion-1568094505-content\" class=\"accordion-inner\" aria-labelledby=\"accordion-1568094505-label\">\n\t\t\t\n\n<div class=\"h-100\">\n<div class=\"container mt-5\">\n<div class=\"row\">\n<div class=\"col-12\">\n<div id=\"accordion\">\n<div class=\"card mb-2\">\n<div id=\"collapseUno\" class=\"collapse show\" aria-labelledby=\"Uno\" data-parent=\"#accordion\">\n<div class=\"card-body\">\n<div class=\"h-100\">\n<ul>\n<li>\n<p class=\"text-justify\">La inscripci\u00f3n de CrediQ Inversiones CR S.A., 3-101-394506 , ante la Superintendencia General de Entidades Financieras no es una autorizaci\u00f3n para operar, y la supervisi\u00f3n que ejerce esa Superintendencia es s\u00f3lo en materia de prevenci\u00f3n de legitimaci\u00f3n de capitales, financiamiento al terrorismo y financiamiento de la proliferaci\u00f3n de armas de destrucci\u00f3n masiva, seg\u00fan lo dispuesto en la Ley N\u00b0 7786, \u201cLey sobre estupefacientes, sustancias psicotr\u00f3picas, drogas de uso no autorizado, actividades conexas, legitimaci\u00f3n de capitales y financiamiento al terrorismo\u201d. Por lo tanto, la SUGEF no supervisa los negocios que ofrece y realiza la empresa, ni su seguridad, estabilidad o solvencia. Las personas que contraten sus productos y servicios lo hacen bajo su cuenta y riesgo.<\/p>\n<\/li>\n<\/ul>\n<\/div>\n<\/div>\n<\/div>\n<\/div>\n<\/div>\n<\/div>\n<\/div>\n<\/div>\n<\/div>\n<a href=\"\/cr\/wp-content\/uploads\/sites\/3\/assets\/CONSTANCIA-Inversiones1.pdf\" target=\"_blank\" class=\"button primary lowercase\" rel=\"noopener\" >\n\t\t<span>Descargar Documento<\/span>\n\t<\/a>\n\n\n<a href=\"\/cr\/wp-content\/uploads\/sites\/3\/assets\/CONSTANCIA-Leasing1.pdf\" target=\"_blank\" class=\"button primary lowercase\" rel=\"noopener\" >\n\t\t<span>Descargar Documento<\/span>\n\t<\/a>\n\n\n\t<div class=\"img has-hover x md-x lg-x y md-y lg-y\" id=\"image_1093465733\">\n\t\t\t\t\t\t\t\t<div class=\"img-inner dark\" >\n\t\t\t\t\t\t\t\t\t\n\t\t\t\t\t<\/div>\n\t\t\t\t\t\t\t\t\n<style>\n#image_1093465733 {\n  width: 75%;\n}\n<\/style>\n\t<\/div>\n\t\n\n\n\t\t<\/div>\n\t<\/div>\n\t\n\t<div id=\"accordion-3092850816\" class=\"accordion-item col\">\n\t\t<a id=\"accordion-3092850816-label\" class=\"accordion-title plain\" href=\"#accordion-item-t\u00e9rminos-y-condiciones-al-subir-veh\u00edculo\" aria-expanded=\"false\" aria-controls=\"accordion-3092850816-content\">\n\t\t\t<button class=\"toggle\" aria-label=\"Toggle\"><i class=\"icon-angle-down\" aria-hidden=\"true\"><\/i><\/button>\n\t\t\t<span>T\u00e9rminos y Condiciones al Subir Veh\u00edculo<\/span>\n\t\t<\/a>\n\t\t<div id=\"accordion-3092850816-content\" class=\"accordion-inner\" aria-labelledby=\"accordion-3092850816-label\">\n\t\t\t\n\n<a href=\"https:\/\/crediq.com\/cr\/wp-content\/uploads\/sites\/3\/2026\/02\/Terminos-y-Condiciones-para-Subir-Vehiculo-al-Catalogo.pdf\" target=\"_blank\" class=\"button primary lowercase\" rel=\"noopener\" >\n\t\t<span>Descargar Documento<\/span>\n\t<\/a>\n\n\n\t<div class=\"img has-hover x md-x lg-x y md-y lg-y\" id=\"image_1183712391\">\n\t\t\t\t\t\t\t\t<div class=\"img-inner dark\" >\n\t\t\t\t\t\t\t\t\t\n\t\t\t\t\t<\/div>\n\t\t\t\t\t\t\t\t\n<style>\n#image_1183712391 {\n  width: 75%;\n}\n<\/style>\n\t<\/div>\n\t\n\n\n\t\t<\/div>\n\t<\/div>\n\t\n\n<\/div>\n\n\t\t<\/div>\n\t\t\t\t\t<\/div>\n\n\t\n\n<\/div>\n\n","protected":false},"excerpt":{"rendered":"","protected":false},"author":1,"featured_media":0,"parent":0,"menu_order":0,"comment_status":"closed","ping_status":"closed","template":"page-blank.php","meta":{"_acf_changed":false,"_monsterinsights_skip_tracking":false,"_monsterinsights_sitenote_active":false,"_monsterinsights_sitenote_note":"","_monsterinsights_sitenote_category":0,"footnotes":""},"class_list":["post-3817","page","type-page","status-publish","hentry"],"acf":[],"yoast_head":"<!-- This site is optimized with the Yoast SEO plugin v26.7 - https:\/\/yoast.com\/wordpress\/plugins\/seo\/ -->\n<title>Restricciones - CrediQ Costa Rica<\/title>\n<meta name=\"robots\" content=\"index, follow, max-snippet:-1, max-image-preview:large, max-video-preview:-1\" \/>\n<link rel=\"canonical\" href=\"https:\/\/crediq.com\/cr\/restricciones\/\" \/>\n<meta property=\"og:locale\" content=\"es_ES\" \/>\n<meta property=\"og:type\" content=\"article\" \/>\n<meta property=\"og:title\" content=\"Restricciones - CrediQ Costa Rica\" \/>\n<meta property=\"og:url\" content=\"https:\/\/crediq.com\/cr\/restricciones\/\" \/>\n<meta property=\"og:site_name\" content=\"CrediQ Costa Rica\" \/>\n<meta property=\"article:modified_time\" content=\"2026-02-26T18:41:56+00:00\" \/>\n<meta name=\"twitter:card\" content=\"summary_large_image\" \/>\n<meta name=\"twitter:label1\" content=\"Tiempo de lectura\" \/>\n\t<meta name=\"twitter:data1\" content=\"1 minuto\" \/>\n<script type=\"application\/ld+json\" class=\"yoast-schema-graph\">{\"@context\":\"https:\/\/schema.org\",\"@graph\":[{\"@type\":\"WebPage\",\"@id\":\"https:\/\/crediq.com\/cr\/restricciones\/\",\"url\":\"https:\/\/crediq.com\/cr\/restricciones\/\",\"name\":\"Restricciones - CrediQ Costa Rica\",\"isPartOf\":{\"@id\":\"https:\/\/crediq.com\/cr\/#website\"},\"datePublished\":\"2022-09-22T21:45:51+00:00\",\"dateModified\":\"2026-02-26T18:41:56+00:00\",\"breadcrumb\":{\"@id\":\"https:\/\/crediq.com\/cr\/restricciones\/#breadcrumb\"},\"inLanguage\":\"es\",\"potentialAction\":[{\"@type\":\"ReadAction\",\"target\":[\"https:\/\/crediq.com\/cr\/restricciones\/\"]}]},{\"@type\":\"BreadcrumbList\",\"@id\":\"https:\/\/crediq.com\/cr\/restricciones\/#breadcrumb\",\"itemListElement\":[{\"@type\":\"ListItem\",\"position\":1,\"name\":\"Home\",\"item\":\"https:\/\/crediq.com\/cr\/\"},{\"@type\":\"ListItem\",\"position\":2,\"name\":\"Restricciones\"}]},{\"@type\":\"WebSite\",\"@id\":\"https:\/\/crediq.com\/cr\/#website\",\"url\":\"https:\/\/crediq.com\/cr\/\",\"name\":\"CrediQ Costa Rica\",\"description\":\"Financiamiento de veh\u00edculos nuevos y usados\",\"potentialAction\":[{\"@type\":\"SearchAction\",\"target\":{\"@type\":\"EntryPoint\",\"urlTemplate\":\"https:\/\/crediq.com\/cr\/?s={search_term_string}\"},\"query-input\":{\"@type\":\"PropertyValueSpecification\",\"valueRequired\":true,\"valueName\":\"search_term_string\"}}],\"inLanguage\":\"es\"}]}<\/script>\n<!-- \/ Yoast SEO plugin. -->","yoast_head_json":{"title":"Restricciones - CrediQ Costa Rica","robots":{"index":"index","follow":"follow","max-snippet":"max-snippet:-1","max-image-preview":"max-image-preview:large","max-video-preview":"max-video-preview:-1"},"canonical":"https:\/\/crediq.com\/cr\/restricciones\/","og_locale":"es_ES","og_type":"article","og_title":"Restricciones - CrediQ Costa Rica","og_url":"https:\/\/crediq.com\/cr\/restricciones\/","og_site_name":"CrediQ Costa Rica","article_modified_time":"2026-02-26T18:41:56+00:00","twitter_card":"summary_large_image","twitter_misc":{"Tiempo de lectura":"1 minuto"},"schema":{"@context":"https:\/\/schema.org","@graph":[{"@type":"WebPage","@id":"https:\/\/crediq.com\/cr\/restricciones\/","url":"https:\/\/crediq.com\/cr\/restricciones\/","name":"Restricciones - CrediQ Costa Rica","isPartOf":{"@id":"https:\/\/crediq.com\/cr\/#website"},"datePublished":"2022-09-22T21:45:51+00:00","dateModified":"2026-02-26T18:41:56+00:00","breadcrumb":{"@id":"https:\/\/crediq.com\/cr\/restricciones\/#breadcrumb"},"inLanguage":"es","potentialAction":[{"@type":"ReadAction","target":["https:\/\/crediq.com\/cr\/restricciones\/"]}]},{"@type":"BreadcrumbList","@id":"https:\/\/crediq.com\/cr\/restricciones\/#breadcrumb","itemListElement":[{"@type":"ListItem","position":1,"name":"Home","item":"https:\/\/crediq.com\/cr\/"},{"@type":"ListItem","position":2,"name":"Restricciones"}]},{"@type":"WebSite","@id":"https:\/\/crediq.com\/cr\/#website","url":"https:\/\/crediq.com\/cr\/","name":"CrediQ Costa Rica","description":"Financiamiento de veh\u00edculos nuevos y usados","potentialAction":[{"@type":"SearchAction","target":{"@type":"EntryPoint","urlTemplate":"https:\/\/crediq.com\/cr\/?s={search_term_string}"},"query-input":{"@type":"PropertyValueSpecification","valueRequired":true,"valueName":"search_term_string"}}],"inLanguage":"es"}]}},"post_mailing_queue_ids":[],"_links":{"self":[{"href":"https:\/\/crediq.com\/cr\/wp-json\/wp\/v2\/pages\/3817","targetHints":{"allow":["GET"]}}],"collection":[{"href":"https:\/\/crediq.com\/cr\/wp-json\/wp\/v2\/pages"}],"about":[{"href":"https:\/\/crediq.com\/cr\/wp-json\/wp\/v2\/types\/page"}],"author":[{"embeddable":true,"href":"https:\/\/crediq.com\/cr\/wp-json\/wp\/v2\/users\/1"}],"replies":[{"embeddable":true,"href":"https:\/\/crediq.com\/cr\/wp-json\/wp\/v2\/comments?post=3817"}],"version-history":[{"count":31,"href":"https:\/\/crediq.com\/cr\/wp-json\/wp\/v2\/pages\/3817\/revisions"}],"predecessor-version":[{"id":25584,"href":"https:\/\/crediq.com\/cr\/wp-json\/wp\/v2\/pages\/3817\/revisions\/25584"}],"wp:attachment":[{"href":"https:\/\/crediq.com\/cr\/wp-json\/wp\/v2\/media?parent=3817"}],"curies":[{"name":"wp","href":"https:\/\/api.w.org\/{rel}","templated":true}]}}