{"id":3940,"date":"2022-09-28T18:03:47","date_gmt":"2022-09-28T18:03:47","guid":{"rendered":"https:\/\/demo2.loces.dev\/cr\/?page_id=3940"},"modified":"2026-02-16T17:01:43","modified_gmt":"2026-02-16T23:01:43","slug":"talleres-leasing","status":"publish","type":"page","link":"https:\/\/crediq.com\/cr\/talleres-leasing\/","title":{"rendered":"Talleres Leasing"},"content":{"rendered":"\n\n  <div class=\"banner has-hover\" id=\"banner-643985258\">\n          <div class=\"banner-inner fill\">\n        <div class=\"banner-bg fill\" >\n                                    <div class=\"overlay\"><\/div>            \n                    <\/div>\n\t\t\n        <div class=\"banner-layers container\">\n            <div class=\"fill banner-link\"><\/div>            \n\n   <div id=\"text-box-25830193\" class=\"text-box banner-layer x50 md-x50 lg-x50 y50 md-y50 lg-y50 res-text\">\n                                <div class=\"text-box-content text dark\">\n              \n              <div class=\"text-inner text-center\">\n                  \n\n\t<div id=\"text-2827260388\" class=\"text\">\n\t\t\n\n<h3><strong>Talleres Autorizados Leasing<\/strong><\/h3>\n\t\t\n<style>\n#text-2827260388 {\n  font-size: 1.3rem;\n  text-align: center;\n}\n<\/style>\n\t<\/div>\n\t\n\n              <\/div>\n           <\/div>\n                            \n<style>\n#text-box-25830193 {\n  width: 76%;\n}\n#text-box-25830193 .text-box-content {\n  font-size: 100%;\n}\n@media (min-width:550px) {\n  #text-box-25830193 {\n    width: 46%;\n  }\n}\n<\/style>\n    <\/div>\n \n\n        <\/div>\n      <\/div>\n\n            \n<style>\n#banner-643985258 {\n  padding-top: 235px;\n  background-color: rgb(255,255,255);\n}\n#banner-643985258 .overlay {\n  background-color: rgba(23, 105, 183, 0.453);\n}\n<\/style>\n  <\/div>\n\n\n<div class=\"row\"  id=\"row-2039693048\">\n\n\n\t<div id=\"col-1608297276\" class=\"col small-12 large-12\"  >\n\t\t\t\t<div class=\"col-inner\"  >\n\t\t\t\n\t\t\t\n\n<h2 class=\"text-center\"><i>Aplica solamente para <span class=\"texto_rojo\"><span style=\"color: #ed1c24;\">Leasing y Renting con Qu\u00e1litas<\/span>.<\/span><\/i><\/h2>\n<p class=\"text-center texto-azul mb-4\"><strong>En caso de presentarse un siniestro o accidente, donde realmente requiere la utilizaci\u00f3n de la p\u00f3liza, es necesario:<\/strong><\/p>\n<p class=\"text-center\">Llamar al tel\u00e9fono de Qu\u00e1litas para tu orientaci\u00f3n:<br \/>\u2022800-78254827<br \/>\u2022San Jos\u00e9: 2210-2400<br \/>\u2022P\u00e9rez Zeled\u00f3n: 2772-3680<br \/>\u2022San Carlos: 2461-7000<br \/>\u2022Liberia: 2665-5502<\/p>\n<p class=\"text-center\">\u2022En caso de requerirlo, contactar a la siguiente lista de talleres autorizados por Qu\u00e1litas para su reparaci\u00f3n, donde adem\u00e1s de una atenci\u00f3n preferencial, solo deben de cubrir el deducible correspondiente.<br \/>\u2022Tomar nota que no se puede llevar el veh\u00edculo a un taller fuera de esta Red.<\/p>\n\n\t\t<\/div>\n\t\t\t\t\t<\/div>\n\n\t\n\n<\/div>\n<div class=\"row align-center\"  id=\"row-162324902\">\n\n\n\t<div id=\"col-1981339239\" class=\"col medium-4 small-12 large-4\"  >\n\t\t\t\t<div class=\"col-inner text-center\" style=\"background-color:#d0171a;\" >\n\t\t\t\n\t\t\t\n\n\t<div id=\"text-1445496222\" class=\"text\">\n\t\t\n\n<h1 class=\" text-center\"><strong><i>ALAJUELA<\/i><\/strong><\/h1>\n\t\t\n<style>\n#text-1445496222 {\n  font-size: 1.35rem;\n  line-height: 1.45;\n  color: rgb(255,255,255);\n}\n#text-1445496222 > * {\n  color: rgb(255,255,255);\n}\n<\/style>\n\t<\/div>\n\t\n\n\t\t<\/div>\n\t\t\t\t\t<\/div>\n\n\t\n\n\t<div id=\"col-871429647\" class=\"col medium-7 small-12 large-7\"  >\n\t\t\t\t<div class=\"col-inner\"  >\n\t\t\t\n\t\t\t\n\n<div class=\"row\"  id=\"row-1777595114\">\n\n\n\t<div id=\"col-468798484\" class=\"col medium-6 small-12 large-6\"  >\n\t\t\t\t<div class=\"col-inner\"  >\n\t\t\t\n\t\t\t\n\n\t<div id=\"text-22330619\" class=\"text\">\n\t\t\n\n<div class=\"col-12 col-md-6 pb-3\">\n<div class=\"col-12 col-md-6 pb-3\">Taller Technocrash, La Garita.<br \/><strong>2487-5234<\/strong><\/div>\n<div class=\"col-12 col-md-6 pb-3\">Taller Hermanos Carranza S.A, Barrio San Jos\u00e9.<br \/><strong>2433-9000 \/ 2433-8576<\/strong><\/div>\n<div class=\"col-12 col-md-6 pb-3\">Taller Mede S.A, Po\u00e1s.<br \/><strong>2448-6965 \/ 2448-4839<\/strong><\/div>\n<div class=\"col-12 col-md-6 pb-3\">Taller Viquez, Atenas.<br \/><strong>2446-6507 \/ 2446-8722<\/strong><\/div>\n<div class=\"col-12 col-md-6 pb-3\">Taller MYM Carrocer\u00eda y Pintura, Grecia.<br \/><strong>2458-2278<\/strong><\/div>\n<div class=\"col-12 col-md-6 pb-3\">Taller Mecasa, Grecia.<br \/><strong>2494-8000 \/ 2444-1058<\/strong><\/div>\n<div class=\"col-12 col-md-6 pb-3\">Taller RV Palmares, Palmares.<br \/><strong>2453-1020<\/strong><\/div>\n<\/div>\n\t\t\n<style>\n#text-22330619 {\n  line-height: 2;\n}\n<\/style>\n\t<\/div>\n\t\n\n\t\t<\/div>\n\t\t\t\t\t<\/div>\n\n\t\n\n\t<div id=\"col-1040878974\" class=\"col medium-6 small-12 large-6\"  >\n\t\t\t\t<div class=\"col-inner\"  >\n\t\t\t\n\t\t\t\n\n\t<div id=\"text-2485503812\" class=\"text\">\n\t\t\n\n<div class=\"col-12 col-md-6 pb-3\">\n<div class=\"col-12 col-md-6 pb-3\">Taller RV San Ram\u00f3n, San Ram\u00f3n.<br \/><strong>2447-2100<\/strong><\/div>\n<div class=\"col-12 col-md-6 pb-3\">Taller Capira, San Ram\u00f3n.<br \/><strong>2445-3047<\/strong><\/div>\n<div class=\"col-12 col-md-6 pb-3\">Taller Autoclinic, San Carlos.<br \/><strong>2460-4533<\/strong><\/div>\n<div class=\"col-12 col-md-6 pb-3\">Autocolisi\u00f3n, San Carlos.<br \/><strong>2474-4909<\/strong><\/div>\n<div class=\"col-12 col-md-6 pb-3\">Taller San Isidro, San Carlos.<br \/><strong>2468-1212<\/strong><\/div>\n<div class=\"col-12 col-md-6 pb-3\">Taller Vargas Dimarco, Upala.<br \/><strong>2466-8374 \/ 8780-7474<\/strong><\/div>\n<\/div>\n\t\t\n<style>\n#text-2485503812 {\n  line-height: 2;\n}\n<\/style>\n\t<\/div>\n\t\n\n\t\t<\/div>\n\t\t\t\t\t<\/div>\n\n\t\n\n<\/div>\n\n\t\t<\/div>\n\t\t\t\t\t<\/div>\n\n\t\n\n<\/div>\n<div class=\"text-center\"><div class=\"is-divider divider clearfix\" ><\/div><\/div>\n\n<div class=\"row align-center\"  id=\"row-450090753\">\n\n\n\t<div id=\"col-1251127147\" class=\"col medium-4 small-12 large-4\"  >\n\t\t\t\t<div class=\"col-inner text-center\" style=\"background-color:#d0171a;\" >\n\t\t\t\n\t\t\t\n\n\t<div id=\"text-1943439595\" class=\"text\">\n\t\t\n\n<h1 class=\" text-center\"><strong><i>HEREDIA<\/i><\/strong><\/h1>\n\t\t\n<style>\n#text-1943439595 {\n  font-size: 1.35rem;\n  line-height: 1.45;\n  color: rgb(255,255,255);\n}\n#text-1943439595 > * {\n  color: rgb(255,255,255);\n}\n<\/style>\n\t<\/div>\n\t\n\n\t\t<\/div>\n\t\t\t\t\t<\/div>\n\n\t\n\n\t<div id=\"col-1179160078\" class=\"col medium-3 small-12 large-3\"  >\n\t\t\t\t<div class=\"col-inner\"  >\n\t\t\t\n\t\t\t\n\n\t<div id=\"text-2587437357\" class=\"text\">\n\t\t\n\n<div class=\"col-12 col-md-6 pb-3\">\n<div class=\"col-12 col-md-6 pb-3\">\n<div class=\"col-12 col-md-6 pb-3\">Taller Rodolfo Ramirez, Barva.<br \/><strong>2261-6100<\/strong><\/div>\n<div class=\"col-12 col-md-6 pb-3\">Taller Los Bomberos, Central.<br \/><strong>2238-5308<\/strong><\/div>\n<div class=\"col-12 col-md-6 pb-3\">Tecno Carrocerias Ebenezer , San Pablo.<br \/><strong>2238-3743<\/strong><\/div>\n<div class=\"col-12 col-md-6 pb-3\">Taller Montalbosa S.A , San Pablo.<br \/><strong>2261-1848 \/ 2560-5033<\/strong><\/div>\n<div class=\"col-12 col-md-6 pb-3\">Taller EPASA , Llorente de Flores.<br \/><strong>2440-2600<\/strong><\/div>\n<div class=\"col-12 col-md-6 pb-3\">Taller de Carrocer\u00eda y Pintura Montero, Llorente de Flores.<br \/><strong>2556-0305 \/ 2446-8722<\/strong><\/div>\n<\/div>\n<\/div>\n\t\t\n<style>\n#text-2587437357 {\n  line-height: 2;\n}\n<\/style>\n\t<\/div>\n\t\n\n\t\t<\/div>\n\t\t\t\t\t<\/div>\n\n\t\n\n<\/div>\n<div class=\"text-center\"><div class=\"is-divider divider clearfix\" ><\/div><\/div>\n\n<div class=\"row align-center\"  id=\"row-943618070\">\n\n\n\t<div id=\"col-212667420\" class=\"col medium-4 small-12 large-4\"  >\n\t\t\t\t<div class=\"col-inner text-center\" style=\"background-color:#d0171a;\" >\n\t\t\t\n\t\t\t\n\n\t<div id=\"text-1906710184\" class=\"text\">\n\t\t\n\n<h1 class=\" text-center\"><strong><i>CARTAGO<\/i><\/strong><\/h1>\n\t\t\n<style>\n#text-1906710184 {\n  font-size: 1.35rem;\n  line-height: 1.45;\n  color: rgb(255,255,255);\n}\n#text-1906710184 > * {\n  color: rgb(255,255,255);\n}\n<\/style>\n\t<\/div>\n\t\n\n\t\t<\/div>\n\t\t\t\t\t<\/div>\n\n\t\n\n\t<div id=\"col-1637439811\" class=\"col medium-3 small-12 large-3\"  >\n\t\t\t\t<div class=\"col-inner\"  >\n\t\t\t\n\t\t\t\n\n\t<div id=\"text-806521442\" class=\"text\">\n\t\t\n\n<div class=\"col-12 col-md-6 pb-3\">\n<div class=\"col-12 col-md-6 pb-3\">\n<div class=\"col-12 col-md-6 pb-3\">\n<div class=\"col-12 col-md-6 pb-3\">Taller Premium, Central.<br \/><strong>2553-4080<\/strong><\/div>\n<div class=\"col-12 col-md-6 pb-3\">Taller G\u00f3mez e hijos, El Guarco.<br \/><strong>2573-6319<\/strong><\/div>\n<div class=\"col-12 col-md-6 pb-3\">Taller el Amigo , Tejar.<br \/><strong>2573-9595 \/ 2573-9393<\/strong><\/div>\n<div class=\"col-12 col-md-6 pb-3\">Taller Autopintores, Turrialba.<br \/><strong>2556-0305 \/ 2446-8722<\/strong><\/div>\n<\/div>\n<\/div>\n<\/div>\n\t\t\n<style>\n#text-806521442 {\n  line-height: 2;\n}\n<\/style>\n\t<\/div>\n\t\n\n\t\t<\/div>\n\t\t\t\t\t<\/div>\n\n\t\n\n<\/div>\n<div class=\"text-center\"><div class=\"is-divider divider clearfix\" ><\/div><\/div>\n\n<div class=\"row align-center\"  id=\"row-538307067\">\n\n\n\t<div id=\"col-1143716993\" class=\"col medium-4 small-12 large-4\"  >\n\t\t\t\t<div class=\"col-inner text-center\" style=\"background-color:#d0171a;\" >\n\t\t\t\n\t\t\t\n\n\t<div id=\"text-811999196\" class=\"text\">\n\t\t\n\n<h2 class=\" text-center\"><strong><i>PUNTARENAS<\/i><\/strong><\/h2>\n\t\t\n<style>\n#text-811999196 {\n  font-size: 1.35rem;\n  line-height: 1.45;\n  color: rgb(255,255,255);\n}\n#text-811999196 > * {\n  color: rgb(255,255,255);\n}\n<\/style>\n\t<\/div>\n\t\n\n\t\t<\/div>\n\t\t\t\t\t<\/div>\n\n\t\n\n\t<div id=\"col-132053451\" class=\"col medium-3 small-12 large-3\"  >\n\t\t\t\t<div class=\"col-inner\"  >\n\t\t\t\n\t\t\t\n\n\t<div id=\"text-2991118215\" class=\"text\">\n\t\t\n\n<div class=\"col-12 col-md-6 pb-3\">\n<div class=\"col-12 col-md-6 pb-3\">\n<div class=\"col-12 col-md-6 pb-3\">\n<div class=\"col-12 col-md-6 pb-3\">\n<div class=\"col-12 col-md-6 pb-3\">JW Murcia Enderezado y Pintura, Esparza.<br \/><strong>2636-9066 \/ 2635-0234<\/strong><\/div>\n<div class=\"col-12 col-md-6 pb-3\">Hermanos Gonz\u00e1lez, Paso Canoas.<br \/><strong>2783-7010<\/strong><\/div>\n<div class=\"col-12 col-md-6 pb-3\">Hermanos Gonz\u00e1lez, Parrita.<br \/><strong>2779-4747 \/ 2779-4242<\/strong><\/div>\n<div class=\"col-12 col-md-6 pb-3\">Taller 3B CN , Corredores.<br \/><strong>2783-3571 \/ 8817-9975<\/strong><\/div>\n<div class=\"col-12 col-md-6 pb-3\">Multiservicios Gonzales del Sur , Coto Brus.<br \/><strong>2773-5195<\/strong><\/div>\n<\/div>\n<\/div>\n<\/div>\n<\/div>\n\t\t\n<style>\n#text-2991118215 {\n  line-height: 2;\n}\n<\/style>\n\t<\/div>\n\t\n\n\t\t<\/div>\n\t\t\t\t\t<\/div>\n\n\t\n\n<\/div>\n<div class=\"text-center\"><div class=\"is-divider divider clearfix\" ><\/div><\/div>\n\n<div class=\"row align-center\"  id=\"row-31757645\">\n\n\n\t<div id=\"col-1595012916\" class=\"col medium-4 small-12 large-4\"  >\n\t\t\t\t<div class=\"col-inner text-center\" style=\"background-color:#d0171a;\" >\n\t\t\t\n\t\t\t\n\n\t<div id=\"text-966616825\" class=\"text\">\n\t\t\n\n<h1 class=\" text-center\"><strong><i>LIM\u00d3N<\/i><\/strong><\/h1>\n\t\t\n<style>\n#text-966616825 {\n  font-size: 1.35rem;\n  line-height: 1.45;\n  color: rgb(255,255,255);\n}\n#text-966616825 > * {\n  color: rgb(255,255,255);\n}\n<\/style>\n\t<\/div>\n\t\n\n\t\t<\/div>\n\t\t\t\t\t<\/div>\n\n\t\n\n\t<div id=\"col-678518425\" class=\"col medium-3 small-12 large-3\"  >\n\t\t\t\t<div class=\"col-inner\"  >\n\t\t\t\n\t\t\t\n\n\t<div id=\"text-786213415\" class=\"text\">\n\t\t\n\n<div class=\"col-12 col-md-6 pb-3\">\n<div class=\"col-12 col-md-6 pb-3\">\n<div class=\"col-12 col-md-6 pb-3\">\n<div class=\"col-12 col-md-6 pb-3\">\n<div class=\"col-12 col-md-6 pb-3\">Estetica Automotriz AM , Pococ\u00ed.<br \/><strong>2710-7677<\/strong><\/div>\n<div class=\"col-12 col-md-6 pb-3\">Taller Americar, Pococ\u00ed.<br \/><strong>2716-5050<\/strong><\/div>\n<div class=\"col-12 col-md-6 pb-3\">Taller de Enderezado y Pintura Siquirres, Siquirres.<br \/><strong>4070-1900 \/ 2768-9406<\/strong><\/div>\n<\/div>\n<\/div>\n<\/div>\n<\/div>\n\t\t\n<style>\n#text-786213415 {\n  line-height: 2;\n}\n<\/style>\n\t<\/div>\n\t\n\n\t\t<\/div>\n\t\t\t\t\t<\/div>\n\n\t\n\n<\/div>\n<div class=\"text-center\"><div class=\"is-divider divider clearfix\" ><\/div><\/div>\n\n<div class=\"row align-center\"  id=\"row-1145757221\">\n\n\n\t<div id=\"col-1212578204\" class=\"col medium-4 small-12 large-4\"  >\n\t\t\t\t<div class=\"col-inner text-center\" style=\"background-color:#d0171a;\" >\n\t\t\t\n\t\t\t\n\n\t<div id=\"text-1185863054\" class=\"text\">\n\t\t\n\n<h2 class=\" text-center\"><strong><i>GUANACASTE<\/i><\/strong><\/h2>\n\t\t\n<style>\n#text-1185863054 {\n  font-size: 1.35rem;\n  line-height: 1.45;\n  color: rgb(255,255,255);\n}\n#text-1185863054 > * {\n  color: rgb(255,255,255);\n}\n<\/style>\n\t<\/div>\n\t\n\n\t\t<\/div>\n\t\t\t\t\t<\/div>\n\n\t\n\n\t<div id=\"col-912559792\" class=\"col medium-3 small-12 large-3\"  >\n\t\t\t\t<div class=\"col-inner\"  >\n\t\t\t\n\t\t\t\n\n\t<div id=\"text-2030641305\" class=\"text\">\n\t\t\n\n<div class=\"col-12 col-md-6 pb-3\">\n<div class=\"col-12 col-md-6 pb-3\">\n<div class=\"col-12 col-md-6 pb-3\">\n<div class=\"col-12 col-md-6 pb-3\">\n<div class=\"col-12 col-md-6 pb-3\">Taller de Carrocer\u00eda y Pintura Montero, Liberia.<br \/><strong>2668-0954<\/strong><\/div>\n<div class=\"col-12 col-md-6 pb-3\">Inversiones Automotrices Rocel S.A, Liberia.<br \/><strong>2665-8616<\/strong><\/div>\n<div class=\"col-12 col-md-6 pb-3\">Taller RH, Ca\u00f1as.<br \/><strong>2669-3161<\/strong><\/div>\n<div class=\"col-12 col-md-6 pb-3\">Taller Romero, Nicoya.<br \/><strong>2685-5858 \/ 8817-7074<\/strong><\/div>\n<div class=\"col-12 col-md-6 pb-3\">Carrocer\u00eda y Pintura Fonseca , Nicoya.<br \/><strong>2685-3046<\/strong><\/div>\n<div class=\"col-12 col-md-6 pb-3\">Mec\u00e1nica Quir\u00f3s y Mekbel, Abangares.<br \/><strong>2662-0150 \/ 2662-0350<\/strong><\/div>\n<\/div>\n<\/div>\n<\/div>\n<\/div>\n\t\t\n<style>\n#text-2030641305 {\n  line-height: 2;\n}\n<\/style>\n\t<\/div>\n\t\n\n\t\t<\/div>\n\t\t\t\t\t<\/div>\n\n\t\n\n<\/div>\n<div class=\"text-center\"><div class=\"is-divider divider clearfix\" ><\/div><\/div>\n\n<div class=\"row align-center\"  id=\"row-287370462\">\n\n\n\t<div id=\"col-750641659\" class=\"col medium-4 small-12 large-4\"  >\n\t\t\t\t<div class=\"col-inner text-center\" style=\"background-color:#d0171a;\" >\n\t\t\t\n\t\t\t\n\n\t<div id=\"text-3795316869\" class=\"text\">\n\t\t\n\n<h1 class=\" text-center\"><strong><i>SAN JOS\u00c9<\/i><\/strong><\/h1>\n\t\t\n<style>\n#text-3795316869 {\n  font-size: 1.35rem;\n  line-height: 1.45;\n  color: rgb(255,255,255);\n}\n#text-3795316869 > * {\n  color: rgb(255,255,255);\n}\n<\/style>\n\t<\/div>\n\t\n\n\t\t<\/div>\n\t\t\t\t\t<\/div>\n\n\t\n\n\t<div id=\"col-175752319\" class=\"col medium-7 small-12 large-7\"  >\n\t\t\t\t<div class=\"col-inner\"  >\n\t\t\t\n\t\t\t\n\n<div class=\"row\"  id=\"row-1511991086\">\n\n\n\t<div id=\"col-805126933\" class=\"col medium-6 small-12 large-6\"  >\n\t\t\t\t<div class=\"col-inner\"  >\n\t\t\t\n\t\t\t\n\n\t<div id=\"text-718851667\" class=\"text\">\n\t\t\n\n<div class=\"col-12 col-md-6 pb-3\">\n<div class=\"col-12 col-md-6 pb-3\">Bavarian Motopls CR S.A, La Uruca.<br \/><strong>2547-5000<\/strong><\/div>\n<div class=\"col-12 col-md-6 pb-3\">Taller FACO, La Uruca.<br \/><strong>2010-4163<\/strong><\/div>\n<div class=\"col-12 col-md-6 pb-3\">Taller Priority Car, La Uruca.<br \/><strong>4000-3250<\/strong><\/div>\n<div class=\"col-12 col-md-6 pb-3\">Taller ABC, La Uruca.<br \/><strong>2291-8484<\/strong><\/div>\n<div class=\"col-12 col-md-6 pb-3\">Taller 3R, Tib\u00e1s.<br \/><strong>2242-9090<\/strong><\/div>\n<div class=\"col-12 col-md-6 pb-3\">Taller 3R Lindora, Escaz\u00fa.<br \/><strong>2252-9060<\/strong><\/div>\n<div class=\"col-12 col-md-6 pb-3\">Taller 3R del Este, Curridabat<br \/><strong>2242-9060<\/strong><\/div>\n<div class=\"col-12 col-md-6 pb-3\">Taller ALFATEA, Guadalupe.<br \/><strong>2283-6984 \/ 2283-6984<\/strong><\/div>\n<div class=\"col-12 col-md-6 pb-3\">Taller Inversiones TESLA, Central.<br \/><strong>2221-7746<\/strong><\/div>\n<div class=\"col-12 col-md-6 pb-3\">Taller Melo Alvarez e Hijo S.A, La Uruca.<br \/><strong>2255-3777 \/ 2255-3888<\/strong><\/div>\n<div class=\"col-12 col-md-6 pb-3\">Taller Mundo Motor Limitada, Guadalupe.<br \/><strong>4035-6588<\/strong><\/div>\n<div class=\"col-12 col-md-6 pb-3\">SW Carroceria y Pintura, Desamparados.<br \/><strong>2276-3929 \/ 2276-3919<\/strong><\/div>\n<div class=\"col-12 col-md-6 pb-3\">MF Centro de Reparaci\u00f3n, Desamparados.<br \/><strong>2259-1515 \/ 8827-5278<\/strong><\/div>\n<div class=\"col-12 col-md-6 pb-3\">Taller Vicente Alvarez y Compa\u00f1ia SA, Desamparados.<br \/><strong>2276-9613<\/strong><\/div>\n<div class=\"col-12 col-md-6 pb-3\">Taller Costa Rica, San Sebasti\u00e1n.<br \/><strong>2227-1414 \/ 2227-1441<\/strong><\/div>\n<div class=\"col-12 col-md-6 pb-3\">Hermanos Gonzales,Perez Zeled\u00f3n.<br \/><strong>2770-1070<\/strong><\/div>\n<\/div>\n\t\t\n<style>\n#text-718851667 {\n  line-height: 2;\n}\n<\/style>\n\t<\/div>\n\t\n\n\t\t<\/div>\n\t\t\t\t\t<\/div>\n\n\t\n\n\t<div id=\"col-2093767905\" class=\"col medium-6 small-12 large-6\"  >\n\t\t\t\t<div class=\"col-inner\"  >\n\t\t\t\n\t\t\t\n\n\t<div id=\"text-3121645904\" class=\"text\">\n\t\t\n\n<div class=\"col-12 col-md-6 pb-3\">\n<div class=\"col-12 col-md-6 pb-3\">Taller Vetrasa, La Uruca.<br \/><strong>2242-7000<\/strong><\/div>\n<div class=\"col-12 col-md-6 pb-3\">Taller LAROSH, La Uruca.<br \/><strong>2258-2353<\/strong><\/div>\n<div class=\"col-12 col-md-6 pb-3\">Carroceria y Pintura la Uruca, La Uruca.<br \/><strong>2291-1414<\/strong><\/div>\n<div class=\"col-12 col-md-6 pb-3\">Enderezado y P\u00edntura A G S. A, La Uruca.<br \/><strong>2242-7000<\/strong><\/div>\n<div class=\"col-12 col-md-6 pb-3\">Taller Mecan\u00edco Piqu\u00edn Sancho S.A, Tib\u00e1s.<br \/><strong>2235-11911 \/ 2235-7731<\/strong><\/div>\n<div class=\"col-12 col-md-6 pb-3\">Carroceria y Pintura Fernando Matamoros, Curridabat.<br \/><strong>2235-11911 \/ 2235-7731<\/strong><\/div>\n<div class=\"col-12 col-md-6 pb-3\">Taller Calausa, Guadalupe.<br \/><strong>2248-3561<\/strong><\/div>\n<div class=\"col-12 col-md-6 pb-3\">Taller ALBO, Moravia.<br \/><strong>2240-7840<\/strong><\/div>\n<div class=\"col-12 col-md-6 pb-3\">Taller Purdy Auto, Central.<br \/><strong>2010-0700<\/strong><\/div>\n<div class=\"col-12 col-md-6 pb-3\">Taller Avenida 10, Central.<br \/><strong>2227-7002<\/strong><\/div>\n<div class=\"col-12 col-md-6 pb-3\">Maaco de Este S.A (Taller Mtaco), Central.<br \/><strong>2226-1690<\/strong><\/div>\n<div class=\"col-12 col-md-6 pb-3\">Taller Estetic Cars, Guachipel\u00edn.<br \/><strong>2215-6260<\/strong><\/div>\n<div class=\"col-12 col-md-6 pb-3\">Taller Reitt, Desamparados.<br \/><strong>4080-5310<\/strong><\/div>\n<div class=\"col-12 col-md-6 pb-3\">Auto Glass TEC (Solo Cristales), Zapote<br \/><strong>2281 &#8211; 0000<\/strong><\/div>\n<div class=\"col-12 col-md-6 pb-3\">Taller 89 Perez Zeled\u00f3n, Perez Zeled\u00f3n.<br \/><strong>2771-8864<\/strong><\/div>\n<div class=\"col-12 col-md-6 pb-3\">Inversiones Automotrices Rocel S.A, Perez Zeled\u00f3n.<br \/><strong>2771-86162<\/strong><\/div>\n<\/div>\n\t\t\n<style>\n#text-3121645904 {\n  line-height: 2;\n}\n<\/style>\n\t<\/div>\n\t\n\n\t\t<\/div>\n\t\t\t\t\t<\/div>\n\n\t\n\n<\/div>\n\n\t\t<\/div>\n\t\t\t\t\t<\/div>\n\n\t\n\n<\/div>\n\n","protected":false},"excerpt":{"rendered":"","protected":false},"author":1,"featured_media":0,"parent":0,"menu_order":0,"comment_status":"closed","ping_status":"closed","template":"page-blank.php","meta":{"_acf_changed":false,"_monsterinsights_skip_tracking":false,"_monsterinsights_sitenote_active":false,"_monsterinsights_sitenote_note":"","_monsterinsights_sitenote_category":0,"footnotes":""},"class_list":["post-3940","page","type-page","status-publish","hentry"],"acf":[],"yoast_head":"<!-- This site is optimized with the Yoast SEO plugin v26.7 - https:\/\/yoast.com\/wordpress\/plugins\/seo\/ -->\n<title>Talleres Leasing - CrediQ Costa Rica<\/title>\n<meta name=\"robots\" content=\"index, follow, max-snippet:-1, max-image-preview:large, max-video-preview:-1\" \/>\n<link rel=\"canonical\" href=\"https:\/\/crediq.com\/cr\/talleres-leasing\/\" \/>\n<meta property=\"og:locale\" content=\"es_ES\" \/>\n<meta property=\"og:type\" content=\"article\" \/>\n<meta property=\"og:title\" content=\"Talleres Leasing - CrediQ Costa Rica\" \/>\n<meta property=\"og:url\" content=\"https:\/\/crediq.com\/cr\/talleres-leasing\/\" \/>\n<meta property=\"og:site_name\" content=\"CrediQ Costa Rica\" \/>\n<meta property=\"article:modified_time\" content=\"2026-02-16T23:01:43+00:00\" \/>\n<meta name=\"twitter:card\" content=\"summary_large_image\" \/>\n<meta name=\"twitter:label1\" content=\"Tiempo de lectura\" \/>\n\t<meta name=\"twitter:data1\" content=\"4 minutos\" \/>\n<script type=\"application\/ld+json\" class=\"yoast-schema-graph\">{\"@context\":\"https:\/\/schema.org\",\"@graph\":[{\"@type\":\"WebPage\",\"@id\":\"https:\/\/crediq.com\/cr\/talleres-leasing\/\",\"url\":\"https:\/\/crediq.com\/cr\/talleres-leasing\/\",\"name\":\"Talleres Leasing - CrediQ Costa Rica\",\"isPartOf\":{\"@id\":\"https:\/\/crediq.com\/cr\/#website\"},\"datePublished\":\"2022-09-28T18:03:47+00:00\",\"dateModified\":\"2026-02-16T23:01:43+00:00\",\"breadcrumb\":{\"@id\":\"https:\/\/crediq.com\/cr\/talleres-leasing\/#breadcrumb\"},\"inLanguage\":\"es\",\"potentialAction\":[{\"@type\":\"ReadAction\",\"target\":[\"https:\/\/crediq.com\/cr\/talleres-leasing\/\"]}]},{\"@type\":\"BreadcrumbList\",\"@id\":\"https:\/\/crediq.com\/cr\/talleres-leasing\/#breadcrumb\",\"itemListElement\":[{\"@type\":\"ListItem\",\"position\":1,\"name\":\"Home\",\"item\":\"https:\/\/crediq.com\/cr\/\"},{\"@type\":\"ListItem\",\"position\":2,\"name\":\"Talleres Leasing\"}]},{\"@type\":\"WebSite\",\"@id\":\"https:\/\/crediq.com\/cr\/#website\",\"url\":\"https:\/\/crediq.com\/cr\/\",\"name\":\"CrediQ Costa Rica\",\"description\":\"Financiamiento de veh\u00edculos nuevos y usados\",\"potentialAction\":[{\"@type\":\"SearchAction\",\"target\":{\"@type\":\"EntryPoint\",\"urlTemplate\":\"https:\/\/crediq.com\/cr\/?s={search_term_string}\"},\"query-input\":{\"@type\":\"PropertyValueSpecification\",\"valueRequired\":true,\"valueName\":\"search_term_string\"}}],\"inLanguage\":\"es\"}]}<\/script>\n<!-- \/ Yoast SEO plugin. -->","yoast_head_json":{"title":"Talleres Leasing - CrediQ Costa Rica","robots":{"index":"index","follow":"follow","max-snippet":"max-snippet:-1","max-image-preview":"max-image-preview:large","max-video-preview":"max-video-preview:-1"},"canonical":"https:\/\/crediq.com\/cr\/talleres-leasing\/","og_locale":"es_ES","og_type":"article","og_title":"Talleres Leasing - CrediQ Costa Rica","og_url":"https:\/\/crediq.com\/cr\/talleres-leasing\/","og_site_name":"CrediQ Costa Rica","article_modified_time":"2026-02-16T23:01:43+00:00","twitter_card":"summary_large_image","twitter_misc":{"Tiempo de lectura":"4 minutos"},"schema":{"@context":"https:\/\/schema.org","@graph":[{"@type":"WebPage","@id":"https:\/\/crediq.com\/cr\/talleres-leasing\/","url":"https:\/\/crediq.com\/cr\/talleres-leasing\/","name":"Talleres Leasing - CrediQ Costa Rica","isPartOf":{"@id":"https:\/\/crediq.com\/cr\/#website"},"datePublished":"2022-09-28T18:03:47+00:00","dateModified":"2026-02-16T23:01:43+00:00","breadcrumb":{"@id":"https:\/\/crediq.com\/cr\/talleres-leasing\/#breadcrumb"},"inLanguage":"es","potentialAction":[{"@type":"ReadAction","target":["https:\/\/crediq.com\/cr\/talleres-leasing\/"]}]},{"@type":"BreadcrumbList","@id":"https:\/\/crediq.com\/cr\/talleres-leasing\/#breadcrumb","itemListElement":[{"@type":"ListItem","position":1,"name":"Home","item":"https:\/\/crediq.com\/cr\/"},{"@type":"ListItem","position":2,"name":"Talleres Leasing"}]},{"@type":"WebSite","@id":"https:\/\/crediq.com\/cr\/#website","url":"https:\/\/crediq.com\/cr\/","name":"CrediQ Costa Rica","description":"Financiamiento de veh\u00edculos nuevos y usados","potentialAction":[{"@type":"SearchAction","target":{"@type":"EntryPoint","urlTemplate":"https:\/\/crediq.com\/cr\/?s={search_term_string}"},"query-input":{"@type":"PropertyValueSpecification","valueRequired":true,"valueName":"search_term_string"}}],"inLanguage":"es"}]}},"post_mailing_queue_ids":[],"_links":{"self":[{"href":"https:\/\/crediq.com\/cr\/wp-json\/wp\/v2\/pages\/3940","targetHints":{"allow":["GET"]}}],"collection":[{"href":"https:\/\/crediq.com\/cr\/wp-json\/wp\/v2\/pages"}],"about":[{"href":"https:\/\/crediq.com\/cr\/wp-json\/wp\/v2\/types\/page"}],"author":[{"embeddable":true,"href":"https:\/\/crediq.com\/cr\/wp-json\/wp\/v2\/users\/1"}],"replies":[{"embeddable":true,"href":"https:\/\/crediq.com\/cr\/wp-json\/wp\/v2\/comments?post=3940"}],"version-history":[{"count":2,"href":"https:\/\/crediq.com\/cr\/wp-json\/wp\/v2\/pages\/3940\/revisions"}],"predecessor-version":[{"id":3942,"href":"https:\/\/crediq.com\/cr\/wp-json\/wp\/v2\/pages\/3940\/revisions\/3942"}],"wp:attachment":[{"href":"https:\/\/crediq.com\/cr\/wp-json\/wp\/v2\/media?parent=3940"}],"curies":[{"name":"wp","href":"https:\/\/api.w.org\/{rel}","templated":true}]}}