{"id":23393,"date":"2025-07-15T21:37:05","date_gmt":"2025-07-16T03:37:05","guid":{"rendered":"https:\/\/crediq.com\/cr\/?post_type=product&#038;p=23393"},"modified":"2026-03-10T11:29:27","modified_gmt":"2026-03-10T17:29:27","slug":"hyundai-santa-fe-gls-2024-mtb927","status":"publish","type":"product","link":"https:\/\/crediq.com\/cr\/producto\/hyundai-santa-fe-gls-2024-mtb927\/","title":{"rendered":"HYUNDAI SANTA FE GLS 2024 MTB927"},"content":{"rendered":"<div>&#8211; R\u00e9cord de agencia.<\/div>\n<div>&#8211; Full extras.<\/div>\n<div>&#8211; Marchamo y Dekra al d\u00eda.<\/div>\n<div>&#8211; Motor Turbo 2.2 CRDI Di\u00e9sel.<\/div>\n<div>&#8211; 44 mil kil\u00f3metros.<\/div>\n<div>&#8211; Tratamiento de nano cer\u00e1mico.<\/div>\n<div><\/div>\n","protected":false},"excerpt":{"rendered":"<p>&#8211; R\u00e9cord de agencia. &#8211; Full extras. &#8211; Marchamo y Dekra al d\u00eda. &#8211; Motor Turbo 2.2 CRDI Di\u00e9sel. &#8211; 44 mil kil\u00f3metros. &#8211; Tratamiento de nano cer\u00e1mico.<\/p>\n","protected":false},"featured_media":23401,"template":"","meta":{"_acf_changed":false,"_monsterinsights_skip_tracking":false,"_monsterinsights_sitenote_active":false,"_monsterinsights_sitenote_note":"","_monsterinsights_sitenote_category":0},"product_brand":[],"product_cat":[],"product_tag":[],"class_list":{"0":"post-23393","1":"product","2":"type-product","3":"status-publish","4":"has-post-thumbnail","7":"first","8":"instock","9":"shipping-taxable","10":"product-type-simple"},"acf":[],"yoast_head":"<!-- This site is optimized with the Yoast SEO plugin v26.7 - https:\/\/yoast.com\/wordpress\/plugins\/seo\/ -->\n<title>HYUNDAI SANTA FE GLS 2024 MTB927 - CrediQ Costa Rica<\/title>\n<meta name=\"robots\" content=\"index, follow, max-snippet:-1, max-image-preview:large, max-video-preview:-1\" \/>\n<link rel=\"canonical\" href=\"https:\/\/crediq.com\/cr\/catalogo-detalle-vehiculo\/?id=23393\" \/>\n<meta property=\"og:locale\" content=\"es_ES\" \/>\n<meta property=\"og:type\" content=\"article\" \/>\n<meta property=\"og:title\" content=\"HYUNDAI SANTA FE GLS 2024 MTB927 - CrediQ Costa Rica\" \/>\n<meta property=\"og:description\" content=\"&#8211; R\u00e9cord de agencia. &#8211; Full extras. &#8211; Marchamo y Dekra al d\u00eda. &#8211; Motor Turbo 2.2 CRDI Di\u00e9sel. &#8211; 44 mil kil\u00f3metros. &#8211; Tratamiento de nano cer\u00e1mico.\" \/>\n<meta property=\"og:url\" content=\"https:\/\/crediq.com\/cr\/catalogo-detalle-vehiculo\/?id=23393\" \/>\n<meta property=\"og:site_name\" content=\"CrediQ Costa Rica\" \/>\n<meta property=\"article:modified_time\" content=\"2026-03-10T17:29:27+00:00\" \/>\n<meta property=\"og:image\" content=\"https:\/\/crediq.com\/cr\/wp-content\/uploads\/sites\/3\/2025\/07\/WhatsApp-Image-2025-07-12-at-12.07.12-PM1.jpeg\" \/>\n\t<meta property=\"og:image:width\" content=\"1600\" \/>\n\t<meta property=\"og:image:height\" content=\"1200\" \/>\n\t<meta property=\"og:image:type\" content=\"image\/jpeg\" \/>\n<meta name=\"twitter:card\" content=\"summary_large_image\" \/>\n<meta name=\"twitter:label1\" content=\"Tiempo de lectura\" \/>\n\t<meta name=\"twitter:data1\" content=\"1 minuto\" \/>\n<script type=\"application\/ld+json\" class=\"yoast-schema-graph\">{\"@context\":\"https:\/\/schema.org\",\"@graph\":[{\"@type\":\"WebPage\",\"@id\":\"https:\/\/crediq.com\/cr\/catalogo-detalle-vehiculo\/?id=23393\",\"url\":\"https:\/\/crediq.com\/cr\/catalogo-detalle-vehiculo\/?id=23393\",\"name\":\"HYUNDAI SANTA FE GLS 2024 MTB927 - CrediQ Costa Rica\",\"isPartOf\":{\"@id\":\"https:\/\/crediq.com\/cr\/#website\"},\"primaryImageOfPage\":{\"@id\":\"https:\/\/crediq.com\/cr\/catalogo-detalle-vehiculo\/?id=23393#primaryimage\"},\"image\":{\"@id\":\"https:\/\/crediq.com\/cr\/catalogo-detalle-vehiculo\/?id=23393#primaryimage\"},\"thumbnailUrl\":\"https:\/\/crediq.com\/cr\/wp-content\/uploads\/sites\/3\/2025\/07\/WhatsApp-Image-2025-07-12-at-12.07.12-PM1.jpeg\",\"datePublished\":\"2025-07-16T03:37:05+00:00\",\"dateModified\":\"2026-03-10T17:29:27+00:00\",\"breadcrumb\":{\"@id\":\"https:\/\/crediq.com\/cr\/catalogo-detalle-vehiculo\/?id=23393#breadcrumb\"},\"inLanguage\":\"es\",\"potentialAction\":[{\"@type\":\"ReadAction\",\"target\":[\"https:\/\/crediq.com\/cr\/catalogo-detalle-vehiculo\/?id=23393\"]}]},{\"@type\":\"ImageObject\",\"inLanguage\":\"es\",\"@id\":\"https:\/\/crediq.com\/cr\/catalogo-detalle-vehiculo\/?id=23393#primaryimage\",\"url\":\"https:\/\/crediq.com\/cr\/wp-content\/uploads\/sites\/3\/2025\/07\/WhatsApp-Image-2025-07-12-at-12.07.12-PM1.jpeg\",\"contentUrl\":\"https:\/\/crediq.com\/cr\/wp-content\/uploads\/sites\/3\/2025\/07\/WhatsApp-Image-2025-07-12-at-12.07.12-PM1.jpeg\",\"width\":1600,\"height\":1200},{\"@type\":\"BreadcrumbList\",\"@id\":\"https:\/\/crediq.com\/cr\/catalogo-detalle-vehiculo\/?id=23393#breadcrumb\",\"itemListElement\":[{\"@type\":\"ListItem\",\"position\":1,\"name\":\"Home\",\"item\":\"https:\/\/crediq.com\/cr\/\"},{\"@type\":\"ListItem\",\"position\":2,\"name\":\"Shop\",\"item\":\"https:\/\/crediq.com\/cr\/shop\/\"},{\"@type\":\"ListItem\",\"position\":3,\"name\":\"HYUNDAI SANTA FE GLS 2024 MTB927\"}]},{\"@type\":\"WebSite\",\"@id\":\"https:\/\/crediq.com\/cr\/#website\",\"url\":\"https:\/\/crediq.com\/cr\/\",\"name\":\"CrediQ Costa Rica\",\"description\":\"Financiamiento de veh\u00edculos nuevos y usados\",\"potentialAction\":[{\"@type\":\"SearchAction\",\"target\":{\"@type\":\"EntryPoint\",\"urlTemplate\":\"https:\/\/crediq.com\/cr\/?s={search_term_string}\"},\"query-input\":{\"@type\":\"PropertyValueSpecification\",\"valueRequired\":true,\"valueName\":\"search_term_string\"}}],\"inLanguage\":\"es\"}]}<\/script>\n<!-- \/ Yoast SEO plugin. -->","yoast_head_json":{"title":"HYUNDAI SANTA FE GLS 2024 MTB927 - CrediQ Costa Rica","robots":{"index":"index","follow":"follow","max-snippet":"max-snippet:-1","max-image-preview":"max-image-preview:large","max-video-preview":"max-video-preview:-1"},"canonical":"https:\/\/crediq.com\/cr\/catalogo-detalle-vehiculo\/?id=23393","og_locale":"es_ES","og_type":"article","og_title":"HYUNDAI SANTA FE GLS 2024 MTB927 - CrediQ Costa Rica","og_description":"&#8211; R\u00e9cord de agencia. &#8211; Full extras. &#8211; Marchamo y Dekra al d\u00eda. &#8211; Motor Turbo 2.2 CRDI Di\u00e9sel. &#8211; 44 mil kil\u00f3metros. &#8211; Tratamiento de nano cer\u00e1mico.","og_url":"https:\/\/crediq.com\/cr\/catalogo-detalle-vehiculo\/?id=23393","og_site_name":"CrediQ Costa Rica","article_modified_time":"2026-03-10T17:29:27+00:00","og_image":[{"width":1600,"height":1200,"url":"https:\/\/crediq.com\/cr\/wp-content\/uploads\/sites\/3\/2025\/07\/WhatsApp-Image-2025-07-12-at-12.07.12-PM1.jpeg","type":"image\/jpeg"}],"twitter_card":"summary_large_image","twitter_misc":{"Tiempo de lectura":"1 minuto"},"schema":{"@context":"https:\/\/schema.org","@graph":[{"@type":"WebPage","@id":"https:\/\/crediq.com\/cr\/catalogo-detalle-vehiculo\/?id=23393","url":"https:\/\/crediq.com\/cr\/catalogo-detalle-vehiculo\/?id=23393","name":"HYUNDAI SANTA FE GLS 2024 MTB927 - CrediQ Costa Rica","isPartOf":{"@id":"https:\/\/crediq.com\/cr\/#website"},"primaryImageOfPage":{"@id":"https:\/\/crediq.com\/cr\/catalogo-detalle-vehiculo\/?id=23393#primaryimage"},"image":{"@id":"https:\/\/crediq.com\/cr\/catalogo-detalle-vehiculo\/?id=23393#primaryimage"},"thumbnailUrl":"https:\/\/crediq.com\/cr\/wp-content\/uploads\/sites\/3\/2025\/07\/WhatsApp-Image-2025-07-12-at-12.07.12-PM1.jpeg","datePublished":"2025-07-16T03:37:05+00:00","dateModified":"2026-03-10T17:29:27+00:00","breadcrumb":{"@id":"https:\/\/crediq.com\/cr\/catalogo-detalle-vehiculo\/?id=23393#breadcrumb"},"inLanguage":"es","potentialAction":[{"@type":"ReadAction","target":["https:\/\/crediq.com\/cr\/catalogo-detalle-vehiculo\/?id=23393"]}]},{"@type":"ImageObject","inLanguage":"es","@id":"https:\/\/crediq.com\/cr\/catalogo-detalle-vehiculo\/?id=23393#primaryimage","url":"https:\/\/crediq.com\/cr\/wp-content\/uploads\/sites\/3\/2025\/07\/WhatsApp-Image-2025-07-12-at-12.07.12-PM1.jpeg","contentUrl":"https:\/\/crediq.com\/cr\/wp-content\/uploads\/sites\/3\/2025\/07\/WhatsApp-Image-2025-07-12-at-12.07.12-PM1.jpeg","width":1600,"height":1200},{"@type":"BreadcrumbList","@id":"https:\/\/crediq.com\/cr\/catalogo-detalle-vehiculo\/?id=23393#breadcrumb","itemListElement":[{"@type":"ListItem","position":1,"name":"Home","item":"https:\/\/crediq.com\/cr\/"},{"@type":"ListItem","position":2,"name":"Shop","item":"https:\/\/crediq.com\/cr\/shop\/"},{"@type":"ListItem","position":3,"name":"HYUNDAI SANTA FE GLS 2024 MTB927"}]},{"@type":"WebSite","@id":"https:\/\/crediq.com\/cr\/#website","url":"https:\/\/crediq.com\/cr\/","name":"CrediQ Costa Rica","description":"Financiamiento de veh\u00edculos nuevos y usados","potentialAction":[{"@type":"SearchAction","target":{"@type":"EntryPoint","urlTemplate":"https:\/\/crediq.com\/cr\/?s={search_term_string}"},"query-input":{"@type":"PropertyValueSpecification","valueRequired":true,"valueName":"search_term_string"}}],"inLanguage":"es"}]}},"post_mailing_queue_ids":[],"_links":{"self":[{"href":"https:\/\/crediq.com\/cr\/wp-json\/wp\/v2\/product\/23393","targetHints":{"allow":["GET"]}}],"collection":[{"href":"https:\/\/crediq.com\/cr\/wp-json\/wp\/v2\/product"}],"about":[{"href":"https:\/\/crediq.com\/cr\/wp-json\/wp\/v2\/types\/product"}],"wp:featuredmedia":[{"embeddable":true,"href":"https:\/\/crediq.com\/cr\/wp-json\/wp\/v2\/media\/23401"}],"wp:attachment":[{"href":"https:\/\/crediq.com\/cr\/wp-json\/wp\/v2\/media?parent=23393"}],"wp:term":[{"taxonomy":"product_brand","embeddable":true,"href":"https:\/\/crediq.com\/cr\/wp-json\/wp\/v2\/product_brand?post=23393"},{"taxonomy":"product_cat","embeddable":true,"href":"https:\/\/crediq.com\/cr\/wp-json\/wp\/v2\/product_cat?post=23393"},{"taxonomy":"product_tag","embeddable":true,"href":"https:\/\/crediq.com\/cr\/wp-json\/wp\/v2\/product_tag?post=23393"}],"curies":[{"name":"wp","href":"https:\/\/api.w.org\/{rel}","templated":true}]}}