{"id":24983,"date":"2025-12-15T15:32:37","date_gmt":"2025-12-15T21:32:37","guid":{"rendered":"https:\/\/crediq.com\/cr\/catalogo-detalle-vehiculo\/?id=24983"},"modified":"2025-12-15T20:24:37","modified_gmt":"2025-12-16T02:24:37","slug":"24983","status":"publish","type":"product","link":"https:\/\/crediq.com\/cr\/producto\/24983\/","title":{"rendered":"HYUNDAI ACCENT GL 2018 BPN633"},"content":{"rendered":"<p>122000 kms aprox<\/p>\n","protected":false},"excerpt":{"rendered":"<p>Dekra al d\u00eda Accent Blue 2018, manual caja 6ta, motor 1400, 122 mil kil\u00f3metros, cierre central, gasolina.<br \/>\nAire acondicionado, airbags, pantalla t\u00e1ctil 7 pulgadas con USB, AUX, camara de reversa y conecci\u00f3n Android Auto.<br \/>\nAsientos de tela, direcci\u00f3n hidr\u00e1ulica, vidrios y retrovisores el\u00e9ctricos.<\/p>\n","protected":false},"featured_media":25010,"template":"","meta":{"_acf_changed":false,"_monsterinsights_skip_tracking":false,"_monsterinsights_sitenote_active":false,"_monsterinsights_sitenote_note":"","_monsterinsights_sitenote_category":0},"product_brand":[],"product_cat":[],"product_tag":[],"class_list":{"0":"post-24983","1":"product","2":"type-product","3":"status-publish","4":"has-post-thumbnail","7":"first","8":"instock","9":"shipping-taxable","10":"product-type-simple"},"acf":[],"yoast_head":"<!-- This site is optimized with the Yoast SEO plugin v26.7 - https:\/\/yoast.com\/wordpress\/plugins\/seo\/ -->\n<title>HYUNDAI ACCENT GL 2018 BPN633 - CrediQ Costa Rica<\/title>\n<meta name=\"robots\" content=\"index, follow, max-snippet:-1, max-image-preview:large, max-video-preview:-1\" \/>\n<link rel=\"canonical\" href=\"https:\/\/crediq.com\/cr\/catalogo-detalle-vehiculo\/?id=24983\" \/>\n<meta property=\"og:locale\" content=\"es_ES\" \/>\n<meta property=\"og:type\" content=\"article\" \/>\n<meta property=\"og:title\" content=\"HYUNDAI ACCENT GL 2018 BPN633 - CrediQ Costa Rica\" \/>\n<meta property=\"og:description\" content=\"Dekra al d\u00eda Accent Blue 2018, manual caja 6ta, motor 1400, 122 mil kil\u00f3metros, cierre central, gasolina. Aire acondicionado, airbags, pantalla t\u00e1ctil 7 pulgadas con USB, AUX, camara de reversa y conecci\u00f3n Android Auto. Asientos de tela, direcci\u00f3n hidr\u00e1ulica, vidrios y retrovisores el\u00e9ctricos.\" \/>\n<meta property=\"og:url\" content=\"https:\/\/crediq.com\/cr\/catalogo-detalle-vehiculo\/?id=24983\" \/>\n<meta property=\"og:site_name\" content=\"CrediQ Costa Rica\" \/>\n<meta property=\"article:modified_time\" content=\"2025-12-16T02:24:37+00:00\" \/>\n<meta property=\"og:image\" content=\"https:\/\/crediq.com\/cr\/wp-content\/uploads\/sites\/3\/2025\/12\/F4.jpg\" \/>\n\t<meta property=\"og:image:width\" content=\"1600\" \/>\n\t<meta property=\"og:image:height\" content=\"1200\" \/>\n\t<meta property=\"og:image:type\" content=\"image\/jpeg\" \/>\n<meta name=\"twitter:card\" content=\"summary_large_image\" \/>\n<meta name=\"twitter:label1\" content=\"Tiempo de lectura\" \/>\n\t<meta name=\"twitter:data1\" content=\"1 minuto\" \/>\n<script type=\"application\/ld+json\" class=\"yoast-schema-graph\">{\"@context\":\"https:\/\/schema.org\",\"@graph\":[{\"@type\":\"WebPage\",\"@id\":\"https:\/\/crediq.com\/cr\/catalogo-detalle-vehiculo\/?id=24983\",\"url\":\"https:\/\/crediq.com\/cr\/catalogo-detalle-vehiculo\/?id=24983\",\"name\":\"HYUNDAI ACCENT GL 2018 BPN633 - CrediQ Costa Rica\",\"isPartOf\":{\"@id\":\"https:\/\/crediq.com\/cr\/#website\"},\"primaryImageOfPage\":{\"@id\":\"https:\/\/crediq.com\/cr\/catalogo-detalle-vehiculo\/?id=24983#primaryimage\"},\"image\":{\"@id\":\"https:\/\/crediq.com\/cr\/catalogo-detalle-vehiculo\/?id=24983#primaryimage\"},\"thumbnailUrl\":\"https:\/\/crediq.com\/cr\/wp-content\/uploads\/sites\/3\/2025\/12\/F4.jpg\",\"datePublished\":\"2025-12-15T21:32:37+00:00\",\"dateModified\":\"2025-12-16T02:24:37+00:00\",\"breadcrumb\":{\"@id\":\"https:\/\/crediq.com\/cr\/catalogo-detalle-vehiculo\/?id=24983#breadcrumb\"},\"inLanguage\":\"es\",\"potentialAction\":[{\"@type\":\"ReadAction\",\"target\":[\"https:\/\/crediq.com\/cr\/catalogo-detalle-vehiculo\/?id=24983\"]}]},{\"@type\":\"ImageObject\",\"inLanguage\":\"es\",\"@id\":\"https:\/\/crediq.com\/cr\/catalogo-detalle-vehiculo\/?id=24983#primaryimage\",\"url\":\"https:\/\/crediq.com\/cr\/wp-content\/uploads\/sites\/3\/2025\/12\/F4.jpg\",\"contentUrl\":\"https:\/\/crediq.com\/cr\/wp-content\/uploads\/sites\/3\/2025\/12\/F4.jpg\",\"width\":1600,\"height\":1200},{\"@type\":\"BreadcrumbList\",\"@id\":\"https:\/\/crediq.com\/cr\/catalogo-detalle-vehiculo\/?id=24983#breadcrumb\",\"itemListElement\":[{\"@type\":\"ListItem\",\"position\":1,\"name\":\"Home\",\"item\":\"https:\/\/crediq.com\/cr\/\"},{\"@type\":\"ListItem\",\"position\":2,\"name\":\"Shop\",\"item\":\"https:\/\/crediq.com\/cr\/shop\/\"},{\"@type\":\"ListItem\",\"position\":3,\"name\":\"HYUNDAI ACCENT GL 2018 BPN633\"}]},{\"@type\":\"WebSite\",\"@id\":\"https:\/\/crediq.com\/cr\/#website\",\"url\":\"https:\/\/crediq.com\/cr\/\",\"name\":\"CrediQ Costa Rica\",\"description\":\"Financiamiento de veh\u00edculos nuevos y usados\",\"potentialAction\":[{\"@type\":\"SearchAction\",\"target\":{\"@type\":\"EntryPoint\",\"urlTemplate\":\"https:\/\/crediq.com\/cr\/?s={search_term_string}\"},\"query-input\":{\"@type\":\"PropertyValueSpecification\",\"valueRequired\":true,\"valueName\":\"search_term_string\"}}],\"inLanguage\":\"es\"}]}<\/script>\n<!-- \/ Yoast SEO plugin. -->","yoast_head_json":{"title":"HYUNDAI ACCENT GL 2018 BPN633 - CrediQ Costa Rica","robots":{"index":"index","follow":"follow","max-snippet":"max-snippet:-1","max-image-preview":"max-image-preview:large","max-video-preview":"max-video-preview:-1"},"canonical":"https:\/\/crediq.com\/cr\/catalogo-detalle-vehiculo\/?id=24983","og_locale":"es_ES","og_type":"article","og_title":"HYUNDAI ACCENT GL 2018 BPN633 - CrediQ Costa Rica","og_description":"Dekra al d\u00eda Accent Blue 2018, manual caja 6ta, motor 1400, 122 mil kil\u00f3metros, cierre central, gasolina. Aire acondicionado, airbags, pantalla t\u00e1ctil 7 pulgadas con USB, AUX, camara de reversa y conecci\u00f3n Android Auto. Asientos de tela, direcci\u00f3n hidr\u00e1ulica, vidrios y retrovisores el\u00e9ctricos.","og_url":"https:\/\/crediq.com\/cr\/catalogo-detalle-vehiculo\/?id=24983","og_site_name":"CrediQ Costa Rica","article_modified_time":"2025-12-16T02:24:37+00:00","og_image":[{"width":1600,"height":1200,"url":"https:\/\/crediq.com\/cr\/wp-content\/uploads\/sites\/3\/2025\/12\/F4.jpg","type":"image\/jpeg"}],"twitter_card":"summary_large_image","twitter_misc":{"Tiempo de lectura":"1 minuto"},"schema":{"@context":"https:\/\/schema.org","@graph":[{"@type":"WebPage","@id":"https:\/\/crediq.com\/cr\/catalogo-detalle-vehiculo\/?id=24983","url":"https:\/\/crediq.com\/cr\/catalogo-detalle-vehiculo\/?id=24983","name":"HYUNDAI ACCENT GL 2018 BPN633 - CrediQ Costa Rica","isPartOf":{"@id":"https:\/\/crediq.com\/cr\/#website"},"primaryImageOfPage":{"@id":"https:\/\/crediq.com\/cr\/catalogo-detalle-vehiculo\/?id=24983#primaryimage"},"image":{"@id":"https:\/\/crediq.com\/cr\/catalogo-detalle-vehiculo\/?id=24983#primaryimage"},"thumbnailUrl":"https:\/\/crediq.com\/cr\/wp-content\/uploads\/sites\/3\/2025\/12\/F4.jpg","datePublished":"2025-12-15T21:32:37+00:00","dateModified":"2025-12-16T02:24:37+00:00","breadcrumb":{"@id":"https:\/\/crediq.com\/cr\/catalogo-detalle-vehiculo\/?id=24983#breadcrumb"},"inLanguage":"es","potentialAction":[{"@type":"ReadAction","target":["https:\/\/crediq.com\/cr\/catalogo-detalle-vehiculo\/?id=24983"]}]},{"@type":"ImageObject","inLanguage":"es","@id":"https:\/\/crediq.com\/cr\/catalogo-detalle-vehiculo\/?id=24983#primaryimage","url":"https:\/\/crediq.com\/cr\/wp-content\/uploads\/sites\/3\/2025\/12\/F4.jpg","contentUrl":"https:\/\/crediq.com\/cr\/wp-content\/uploads\/sites\/3\/2025\/12\/F4.jpg","width":1600,"height":1200},{"@type":"BreadcrumbList","@id":"https:\/\/crediq.com\/cr\/catalogo-detalle-vehiculo\/?id=24983#breadcrumb","itemListElement":[{"@type":"ListItem","position":1,"name":"Home","item":"https:\/\/crediq.com\/cr\/"},{"@type":"ListItem","position":2,"name":"Shop","item":"https:\/\/crediq.com\/cr\/shop\/"},{"@type":"ListItem","position":3,"name":"HYUNDAI ACCENT GL 2018 BPN633"}]},{"@type":"WebSite","@id":"https:\/\/crediq.com\/cr\/#website","url":"https:\/\/crediq.com\/cr\/","name":"CrediQ Costa Rica","description":"Financiamiento de veh\u00edculos nuevos y usados","potentialAction":[{"@type":"SearchAction","target":{"@type":"EntryPoint","urlTemplate":"https:\/\/crediq.com\/cr\/?s={search_term_string}"},"query-input":{"@type":"PropertyValueSpecification","valueRequired":true,"valueName":"search_term_string"}}],"inLanguage":"es"}]}},"post_mailing_queue_ids":[],"_links":{"self":[{"href":"https:\/\/crediq.com\/cr\/wp-json\/wp\/v2\/product\/24983","targetHints":{"allow":["GET"]}}],"collection":[{"href":"https:\/\/crediq.com\/cr\/wp-json\/wp\/v2\/product"}],"about":[{"href":"https:\/\/crediq.com\/cr\/wp-json\/wp\/v2\/types\/product"}],"wp:featuredmedia":[{"embeddable":true,"href":"https:\/\/crediq.com\/cr\/wp-json\/wp\/v2\/media\/25010"}],"wp:attachment":[{"href":"https:\/\/crediq.com\/cr\/wp-json\/wp\/v2\/media?parent=24983"}],"wp:term":[{"taxonomy":"product_brand","embeddable":true,"href":"https:\/\/crediq.com\/cr\/wp-json\/wp\/v2\/product_brand?post=24983"},{"taxonomy":"product_cat","embeddable":true,"href":"https:\/\/crediq.com\/cr\/wp-json\/wp\/v2\/product_cat?post=24983"},{"taxonomy":"product_tag","embeddable":true,"href":"https:\/\/crediq.com\/cr\/wp-json\/wp\/v2\/product_tag?post=24983"}],"curies":[{"name":"wp","href":"https:\/\/api.w.org\/{rel}","templated":true}]}}