{"id":25031,"date":"2025-12-26T10:27:46","date_gmt":"2025-12-26T16:27:46","guid":{"rendered":"https:\/\/crediq.com\/cr\/catalogo-detalle-vehiculo\/?id=25031"},"modified":"2025-12-26T10:27:46","modified_gmt":"2025-12-26T16:27:46","slug":"hyundai-tucson-gl-2017-bkx494","status":"publish","type":"product","link":"https:\/\/crediq.com\/cr\/producto\/hyundai-tucson-gl-2017-bkx494\/","title":{"rendered":"HYUNDAI TUCSON GL 2017 BKX494"},"content":{"rendered":"<div>Excelente estado, c\u00f3moda, segura y lista para disfrutar ?<\/div>\n<div>Se puede financiar con Credi Q<\/div>\n<div><\/div>\n<div>? Motor: 2.0L Gasolina<\/div>\n<div>? Transmisi\u00f3n: Manual<\/div>\n<div>? Tracci\u00f3n: 4&#215;4<\/div>\n<div>? Kilometraje: 120.000 km<\/div>\n<div><\/div>\n<div>Techo panor\u00e1mico<\/div>\n<div>Tapicer\u00eda en cuero<\/div>\n<div>Espejos retr\u00e1ctiles<\/div>\n<div>Aire acondicionado<\/div>\n<div>Sensores de reversa<\/div>\n<div>Frenos ABS + EBD<\/div>\n<div>Sistema ISOFIX<\/div>\n","protected":false},"excerpt":{"rendered":"<p>Excelente estado, c\u00f3moda, segura y lista para disfrutar ? Se puede financiar con Credi Q ? Motor: 2.0L Gasolina ? Transmisi\u00f3n: Manual ? Tracci\u00f3n: 4&#215;4 ? Kilometraje: 120.000 km Techo panor\u00e1mico Tapicer\u00eda en cuero Espejos retr\u00e1ctiles Aire acondicionado Sensores de reversa Frenos ABS + EBD Sistema ISOFIX<\/p>\n","protected":false},"featured_media":25035,"template":"","meta":{"_acf_changed":false,"_monsterinsights_skip_tracking":false,"_monsterinsights_sitenote_active":false,"_monsterinsights_sitenote_note":"","_monsterinsights_sitenote_category":0},"product_brand":[],"product_cat":[],"product_tag":[],"class_list":{"0":"post-25031","1":"product","2":"type-product","3":"status-publish","4":"has-post-thumbnail","7":"first","8":"instock","9":"shipping-taxable","10":"product-type-simple"},"acf":[],"yoast_head":"<!-- This site is optimized with the Yoast SEO plugin v26.7 - https:\/\/yoast.com\/wordpress\/plugins\/seo\/ -->\n<title>HYUNDAI TUCSON GL 2017 BKX494 - CrediQ Costa Rica<\/title>\n<meta name=\"robots\" content=\"index, follow, max-snippet:-1, max-image-preview:large, max-video-preview:-1\" \/>\n<link rel=\"canonical\" href=\"https:\/\/crediq.com\/cr\/catalogo-detalle-vehiculo\/?id=25031\" \/>\n<meta property=\"og:locale\" content=\"es_ES\" \/>\n<meta property=\"og:type\" content=\"article\" \/>\n<meta property=\"og:title\" content=\"HYUNDAI TUCSON GL 2017 BKX494 - CrediQ Costa Rica\" \/>\n<meta property=\"og:description\" content=\"Excelente estado, c\u00f3moda, segura y lista para disfrutar ? Se puede financiar con Credi Q ? Motor: 2.0L Gasolina ? Transmisi\u00f3n: Manual ? Tracci\u00f3n: 4&#215;4 ? Kilometraje: 120.000 km Techo panor\u00e1mico Tapicer\u00eda en cuero Espejos retr\u00e1ctiles Aire acondicionado Sensores de reversa Frenos ABS + EBD Sistema ISOFIX\" \/>\n<meta property=\"og:url\" content=\"https:\/\/crediq.com\/cr\/catalogo-detalle-vehiculo\/?id=25031\" \/>\n<meta property=\"og:site_name\" content=\"CrediQ Costa Rica\" \/>\n<meta property=\"og:image\" content=\"https:\/\/crediq.com\/cr\/wp-content\/uploads\/sites\/3\/2025\/12\/WhatsApp-Image-2025-12-24-at-10.02.17-AM-1.jpeg\" \/>\n\t<meta property=\"og:image:width\" content=\"1200\" \/>\n\t<meta property=\"og:image:height\" content=\"1600\" \/>\n\t<meta property=\"og:image:type\" content=\"image\/jpeg\" \/>\n<meta name=\"twitter:card\" content=\"summary_large_image\" \/>\n<meta name=\"twitter:label1\" content=\"Tiempo de lectura\" \/>\n\t<meta name=\"twitter:data1\" content=\"1 minuto\" \/>\n<script type=\"application\/ld+json\" class=\"yoast-schema-graph\">{\"@context\":\"https:\/\/schema.org\",\"@graph\":[{\"@type\":\"WebPage\",\"@id\":\"https:\/\/crediq.com\/cr\/catalogo-detalle-vehiculo\/?id=25031\",\"url\":\"https:\/\/crediq.com\/cr\/catalogo-detalle-vehiculo\/?id=25031\",\"name\":\"HYUNDAI TUCSON GL 2017 BKX494 - CrediQ Costa Rica\",\"isPartOf\":{\"@id\":\"https:\/\/crediq.com\/cr\/#website\"},\"primaryImageOfPage\":{\"@id\":\"https:\/\/crediq.com\/cr\/catalogo-detalle-vehiculo\/?id=25031#primaryimage\"},\"image\":{\"@id\":\"https:\/\/crediq.com\/cr\/catalogo-detalle-vehiculo\/?id=25031#primaryimage\"},\"thumbnailUrl\":\"https:\/\/crediq.com\/cr\/wp-content\/uploads\/sites\/3\/2025\/12\/WhatsApp-Image-2025-12-24-at-10.02.17-AM-1.jpeg\",\"datePublished\":\"2025-12-26T16:27:46+00:00\",\"breadcrumb\":{\"@id\":\"https:\/\/crediq.com\/cr\/catalogo-detalle-vehiculo\/?id=25031#breadcrumb\"},\"inLanguage\":\"es\",\"potentialAction\":[{\"@type\":\"ReadAction\",\"target\":[\"https:\/\/crediq.com\/cr\/catalogo-detalle-vehiculo\/?id=25031\"]}]},{\"@type\":\"ImageObject\",\"inLanguage\":\"es\",\"@id\":\"https:\/\/crediq.com\/cr\/catalogo-detalle-vehiculo\/?id=25031#primaryimage\",\"url\":\"https:\/\/crediq.com\/cr\/wp-content\/uploads\/sites\/3\/2025\/12\/WhatsApp-Image-2025-12-24-at-10.02.17-AM-1.jpeg\",\"contentUrl\":\"https:\/\/crediq.com\/cr\/wp-content\/uploads\/sites\/3\/2025\/12\/WhatsApp-Image-2025-12-24-at-10.02.17-AM-1.jpeg\",\"width\":1200,\"height\":1600},{\"@type\":\"BreadcrumbList\",\"@id\":\"https:\/\/crediq.com\/cr\/catalogo-detalle-vehiculo\/?id=25031#breadcrumb\",\"itemListElement\":[{\"@type\":\"ListItem\",\"position\":1,\"name\":\"Home\",\"item\":\"https:\/\/crediq.com\/cr\/\"},{\"@type\":\"ListItem\",\"position\":2,\"name\":\"Shop\",\"item\":\"https:\/\/crediq.com\/cr\/shop\/\"},{\"@type\":\"ListItem\",\"position\":3,\"name\":\"HYUNDAI TUCSON GL 2017 BKX494\"}]},{\"@type\":\"WebSite\",\"@id\":\"https:\/\/crediq.com\/cr\/#website\",\"url\":\"https:\/\/crediq.com\/cr\/\",\"name\":\"CrediQ Costa Rica\",\"description\":\"Financiamiento de veh\u00edculos nuevos y usados\",\"potentialAction\":[{\"@type\":\"SearchAction\",\"target\":{\"@type\":\"EntryPoint\",\"urlTemplate\":\"https:\/\/crediq.com\/cr\/?s={search_term_string}\"},\"query-input\":{\"@type\":\"PropertyValueSpecification\",\"valueRequired\":true,\"valueName\":\"search_term_string\"}}],\"inLanguage\":\"es\"}]}<\/script>\n<!-- \/ Yoast SEO plugin. -->","yoast_head_json":{"title":"HYUNDAI TUCSON GL 2017 BKX494 - CrediQ Costa Rica","robots":{"index":"index","follow":"follow","max-snippet":"max-snippet:-1","max-image-preview":"max-image-preview:large","max-video-preview":"max-video-preview:-1"},"canonical":"https:\/\/crediq.com\/cr\/catalogo-detalle-vehiculo\/?id=25031","og_locale":"es_ES","og_type":"article","og_title":"HYUNDAI TUCSON GL 2017 BKX494 - CrediQ Costa Rica","og_description":"Excelente estado, c\u00f3moda, segura y lista para disfrutar ? Se puede financiar con Credi Q ? Motor: 2.0L Gasolina ? Transmisi\u00f3n: Manual ? Tracci\u00f3n: 4&#215;4 ? Kilometraje: 120.000 km Techo panor\u00e1mico Tapicer\u00eda en cuero Espejos retr\u00e1ctiles Aire acondicionado Sensores de reversa Frenos ABS + EBD Sistema ISOFIX","og_url":"https:\/\/crediq.com\/cr\/catalogo-detalle-vehiculo\/?id=25031","og_site_name":"CrediQ Costa Rica","og_image":[{"width":1200,"height":1600,"url":"https:\/\/crediq.com\/cr\/wp-content\/uploads\/sites\/3\/2025\/12\/WhatsApp-Image-2025-12-24-at-10.02.17-AM-1.jpeg","type":"image\/jpeg"}],"twitter_card":"summary_large_image","twitter_misc":{"Tiempo de lectura":"1 minuto"},"schema":{"@context":"https:\/\/schema.org","@graph":[{"@type":"WebPage","@id":"https:\/\/crediq.com\/cr\/catalogo-detalle-vehiculo\/?id=25031","url":"https:\/\/crediq.com\/cr\/catalogo-detalle-vehiculo\/?id=25031","name":"HYUNDAI TUCSON GL 2017 BKX494 - CrediQ Costa Rica","isPartOf":{"@id":"https:\/\/crediq.com\/cr\/#website"},"primaryImageOfPage":{"@id":"https:\/\/crediq.com\/cr\/catalogo-detalle-vehiculo\/?id=25031#primaryimage"},"image":{"@id":"https:\/\/crediq.com\/cr\/catalogo-detalle-vehiculo\/?id=25031#primaryimage"},"thumbnailUrl":"https:\/\/crediq.com\/cr\/wp-content\/uploads\/sites\/3\/2025\/12\/WhatsApp-Image-2025-12-24-at-10.02.17-AM-1.jpeg","datePublished":"2025-12-26T16:27:46+00:00","breadcrumb":{"@id":"https:\/\/crediq.com\/cr\/catalogo-detalle-vehiculo\/?id=25031#breadcrumb"},"inLanguage":"es","potentialAction":[{"@type":"ReadAction","target":["https:\/\/crediq.com\/cr\/catalogo-detalle-vehiculo\/?id=25031"]}]},{"@type":"ImageObject","inLanguage":"es","@id":"https:\/\/crediq.com\/cr\/catalogo-detalle-vehiculo\/?id=25031#primaryimage","url":"https:\/\/crediq.com\/cr\/wp-content\/uploads\/sites\/3\/2025\/12\/WhatsApp-Image-2025-12-24-at-10.02.17-AM-1.jpeg","contentUrl":"https:\/\/crediq.com\/cr\/wp-content\/uploads\/sites\/3\/2025\/12\/WhatsApp-Image-2025-12-24-at-10.02.17-AM-1.jpeg","width":1200,"height":1600},{"@type":"BreadcrumbList","@id":"https:\/\/crediq.com\/cr\/catalogo-detalle-vehiculo\/?id=25031#breadcrumb","itemListElement":[{"@type":"ListItem","position":1,"name":"Home","item":"https:\/\/crediq.com\/cr\/"},{"@type":"ListItem","position":2,"name":"Shop","item":"https:\/\/crediq.com\/cr\/shop\/"},{"@type":"ListItem","position":3,"name":"HYUNDAI TUCSON GL 2017 BKX494"}]},{"@type":"WebSite","@id":"https:\/\/crediq.com\/cr\/#website","url":"https:\/\/crediq.com\/cr\/","name":"CrediQ Costa Rica","description":"Financiamiento de veh\u00edculos nuevos y usados","potentialAction":[{"@type":"SearchAction","target":{"@type":"EntryPoint","urlTemplate":"https:\/\/crediq.com\/cr\/?s={search_term_string}"},"query-input":{"@type":"PropertyValueSpecification","valueRequired":true,"valueName":"search_term_string"}}],"inLanguage":"es"}]}},"post_mailing_queue_ids":[],"_links":{"self":[{"href":"https:\/\/crediq.com\/cr\/wp-json\/wp\/v2\/product\/25031","targetHints":{"allow":["GET"]}}],"collection":[{"href":"https:\/\/crediq.com\/cr\/wp-json\/wp\/v2\/product"}],"about":[{"href":"https:\/\/crediq.com\/cr\/wp-json\/wp\/v2\/types\/product"}],"wp:featuredmedia":[{"embeddable":true,"href":"https:\/\/crediq.com\/cr\/wp-json\/wp\/v2\/media\/25035"}],"wp:attachment":[{"href":"https:\/\/crediq.com\/cr\/wp-json\/wp\/v2\/media?parent=25031"}],"wp:term":[{"taxonomy":"product_brand","embeddable":true,"href":"https:\/\/crediq.com\/cr\/wp-json\/wp\/v2\/product_brand?post=25031"},{"taxonomy":"product_cat","embeddable":true,"href":"https:\/\/crediq.com\/cr\/wp-json\/wp\/v2\/product_cat?post=25031"},{"taxonomy":"product_tag","embeddable":true,"href":"https:\/\/crediq.com\/cr\/wp-json\/wp\/v2\/product_tag?post=25031"}],"curies":[{"name":"wp","href":"https:\/\/api.w.org\/{rel}","templated":true}]}}