{"id":25571,"date":"2026-02-26T10:14:06","date_gmt":"2026-02-26T16:14:06","guid":{"rendered":"https:\/\/crediq.com\/cr\/?post_type=product&#038;p=25571"},"modified":"2026-02-26T10:14:06","modified_gmt":"2026-02-26T16:14:06","slug":"chevrolet-trax-premier-2020-rrr728","status":"publish","type":"product","link":"https:\/\/crediq.com\/cr\/producto\/chevrolet-trax-premier-2020-rrr728\/","title":{"rendered":"CHEVROLET TRAX PREMIER 2020 RRR728"},"content":{"rendered":"<p>Veh\u00edculo en magnificas condiciones, \u00fanico due\u00f1o, revisiones de agencia, asientos en cuero, sunroof electrico, aros de lujo, c\u00e1mara y sensores<\/p>\n<p>51000 KMS APROX<\/p>\n","protected":false},"excerpt":{"rendered":"<p>Veh\u00edculo en magnificas condiciones, \u00fanico due\u00f1o, revisiones de agencia, asientos en cuero, sunroof electrico, aros de lujo, c\u00e1mara y sensores 51000 KMS APROX<\/p>\n","protected":false},"featured_media":25572,"template":"","meta":{"_acf_changed":false,"_monsterinsights_skip_tracking":false,"_monsterinsights_sitenote_active":false,"_monsterinsights_sitenote_note":"","_monsterinsights_sitenote_category":0},"product_brand":[],"product_cat":[],"product_tag":[],"class_list":{"0":"post-25571","1":"product","2":"type-product","3":"status-publish","4":"has-post-thumbnail","7":"first","8":"instock","9":"shipping-taxable","10":"product-type-simple"},"acf":[],"yoast_head":"<!-- This site is optimized with the Yoast SEO plugin v26.7 - https:\/\/yoast.com\/wordpress\/plugins\/seo\/ -->\n<title>CHEVROLET TRAX PREMIER 2020 RRR728 - CrediQ Costa Rica<\/title>\n<meta name=\"robots\" content=\"index, follow, max-snippet:-1, max-image-preview:large, max-video-preview:-1\" \/>\n<link rel=\"canonical\" href=\"https:\/\/crediq.com\/cr\/catalogo-detalle-vehiculo\/?id=25571\" \/>\n<meta property=\"og:locale\" content=\"es_ES\" \/>\n<meta property=\"og:type\" content=\"article\" \/>\n<meta property=\"og:title\" content=\"CHEVROLET TRAX PREMIER 2020 RRR728 - CrediQ Costa Rica\" \/>\n<meta property=\"og:description\" content=\"Veh\u00edculo en magnificas condiciones, \u00fanico due\u00f1o, revisiones de agencia, asientos en cuero, sunroof electrico, aros de lujo, c\u00e1mara y sensores 51000 KMS APROX\" \/>\n<meta property=\"og:url\" content=\"https:\/\/crediq.com\/cr\/catalogo-detalle-vehiculo\/?id=25571\" \/>\n<meta property=\"og:site_name\" content=\"CrediQ Costa Rica\" \/>\n<meta property=\"og:image\" content=\"https:\/\/crediq.com\/cr\/wp-content\/uploads\/sites\/3\/2026\/02\/Trax-Frente1-768x1024.png\" \/>\n\t<meta property=\"og:image:width\" content=\"768\" \/>\n\t<meta property=\"og:image:height\" content=\"1024\" \/>\n\t<meta property=\"og:image:type\" content=\"image\/png\" \/>\n<meta name=\"twitter:card\" content=\"summary_large_image\" \/>\n<meta name=\"twitter:label1\" content=\"Tiempo de lectura\" \/>\n\t<meta name=\"twitter:data1\" content=\"1 minuto\" \/>\n<script type=\"application\/ld+json\" class=\"yoast-schema-graph\">{\"@context\":\"https:\/\/schema.org\",\"@graph\":[{\"@type\":\"WebPage\",\"@id\":\"https:\/\/crediq.com\/cr\/catalogo-detalle-vehiculo\/?id=25571\",\"url\":\"https:\/\/crediq.com\/cr\/catalogo-detalle-vehiculo\/?id=25571\",\"name\":\"CHEVROLET TRAX PREMIER 2020 RRR728 - CrediQ Costa Rica\",\"isPartOf\":{\"@id\":\"https:\/\/crediq.com\/cr\/#website\"},\"primaryImageOfPage\":{\"@id\":\"https:\/\/crediq.com\/cr\/catalogo-detalle-vehiculo\/?id=25571#primaryimage\"},\"image\":{\"@id\":\"https:\/\/crediq.com\/cr\/catalogo-detalle-vehiculo\/?id=25571#primaryimage\"},\"thumbnailUrl\":\"https:\/\/crediq.com\/cr\/wp-content\/uploads\/sites\/3\/2026\/02\/Trax-Frente1.png\",\"datePublished\":\"2026-02-26T16:14:06+00:00\",\"breadcrumb\":{\"@id\":\"https:\/\/crediq.com\/cr\/catalogo-detalle-vehiculo\/?id=25571#breadcrumb\"},\"inLanguage\":\"es\",\"potentialAction\":[{\"@type\":\"ReadAction\",\"target\":[\"https:\/\/crediq.com\/cr\/catalogo-detalle-vehiculo\/?id=25571\"]}]},{\"@type\":\"ImageObject\",\"inLanguage\":\"es\",\"@id\":\"https:\/\/crediq.com\/cr\/catalogo-detalle-vehiculo\/?id=25571#primaryimage\",\"url\":\"https:\/\/crediq.com\/cr\/wp-content\/uploads\/sites\/3\/2026\/02\/Trax-Frente1.png\",\"contentUrl\":\"https:\/\/crediq.com\/cr\/wp-content\/uploads\/sites\/3\/2026\/02\/Trax-Frente1.png\",\"width\":1200,\"height\":1600},{\"@type\":\"BreadcrumbList\",\"@id\":\"https:\/\/crediq.com\/cr\/catalogo-detalle-vehiculo\/?id=25571#breadcrumb\",\"itemListElement\":[{\"@type\":\"ListItem\",\"position\":1,\"name\":\"Home\",\"item\":\"https:\/\/crediq.com\/cr\/\"},{\"@type\":\"ListItem\",\"position\":2,\"name\":\"Shop\",\"item\":\"https:\/\/crediq.com\/cr\/shop\/\"},{\"@type\":\"ListItem\",\"position\":3,\"name\":\"CHEVROLET TRAX PREMIER 2020 RRR728\"}]},{\"@type\":\"WebSite\",\"@id\":\"https:\/\/crediq.com\/cr\/#website\",\"url\":\"https:\/\/crediq.com\/cr\/\",\"name\":\"CrediQ Costa Rica\",\"description\":\"Financiamiento de veh\u00edculos nuevos y usados\",\"potentialAction\":[{\"@type\":\"SearchAction\",\"target\":{\"@type\":\"EntryPoint\",\"urlTemplate\":\"https:\/\/crediq.com\/cr\/?s={search_term_string}\"},\"query-input\":{\"@type\":\"PropertyValueSpecification\",\"valueRequired\":true,\"valueName\":\"search_term_string\"}}],\"inLanguage\":\"es\"}]}<\/script>\n<!-- \/ Yoast SEO plugin. -->","yoast_head_json":{"title":"CHEVROLET TRAX PREMIER 2020 RRR728 - CrediQ Costa Rica","robots":{"index":"index","follow":"follow","max-snippet":"max-snippet:-1","max-image-preview":"max-image-preview:large","max-video-preview":"max-video-preview:-1"},"canonical":"https:\/\/crediq.com\/cr\/catalogo-detalle-vehiculo\/?id=25571","og_locale":"es_ES","og_type":"article","og_title":"CHEVROLET TRAX PREMIER 2020 RRR728 - CrediQ Costa Rica","og_description":"Veh\u00edculo en magnificas condiciones, \u00fanico due\u00f1o, revisiones de agencia, asientos en cuero, sunroof electrico, aros de lujo, c\u00e1mara y sensores 51000 KMS APROX","og_url":"https:\/\/crediq.com\/cr\/catalogo-detalle-vehiculo\/?id=25571","og_site_name":"CrediQ Costa Rica","og_image":[{"width":768,"height":1024,"url":"https:\/\/crediq.com\/cr\/wp-content\/uploads\/sites\/3\/2026\/02\/Trax-Frente1-768x1024.png","type":"image\/png"}],"twitter_card":"summary_large_image","twitter_misc":{"Tiempo de lectura":"1 minuto"},"schema":{"@context":"https:\/\/schema.org","@graph":[{"@type":"WebPage","@id":"https:\/\/crediq.com\/cr\/catalogo-detalle-vehiculo\/?id=25571","url":"https:\/\/crediq.com\/cr\/catalogo-detalle-vehiculo\/?id=25571","name":"CHEVROLET TRAX PREMIER 2020 RRR728 - CrediQ Costa Rica","isPartOf":{"@id":"https:\/\/crediq.com\/cr\/#website"},"primaryImageOfPage":{"@id":"https:\/\/crediq.com\/cr\/catalogo-detalle-vehiculo\/?id=25571#primaryimage"},"image":{"@id":"https:\/\/crediq.com\/cr\/catalogo-detalle-vehiculo\/?id=25571#primaryimage"},"thumbnailUrl":"https:\/\/crediq.com\/cr\/wp-content\/uploads\/sites\/3\/2026\/02\/Trax-Frente1.png","datePublished":"2026-02-26T16:14:06+00:00","breadcrumb":{"@id":"https:\/\/crediq.com\/cr\/catalogo-detalle-vehiculo\/?id=25571#breadcrumb"},"inLanguage":"es","potentialAction":[{"@type":"ReadAction","target":["https:\/\/crediq.com\/cr\/catalogo-detalle-vehiculo\/?id=25571"]}]},{"@type":"ImageObject","inLanguage":"es","@id":"https:\/\/crediq.com\/cr\/catalogo-detalle-vehiculo\/?id=25571#primaryimage","url":"https:\/\/crediq.com\/cr\/wp-content\/uploads\/sites\/3\/2026\/02\/Trax-Frente1.png","contentUrl":"https:\/\/crediq.com\/cr\/wp-content\/uploads\/sites\/3\/2026\/02\/Trax-Frente1.png","width":1200,"height":1600},{"@type":"BreadcrumbList","@id":"https:\/\/crediq.com\/cr\/catalogo-detalle-vehiculo\/?id=25571#breadcrumb","itemListElement":[{"@type":"ListItem","position":1,"name":"Home","item":"https:\/\/crediq.com\/cr\/"},{"@type":"ListItem","position":2,"name":"Shop","item":"https:\/\/crediq.com\/cr\/shop\/"},{"@type":"ListItem","position":3,"name":"CHEVROLET TRAX PREMIER 2020 RRR728"}]},{"@type":"WebSite","@id":"https:\/\/crediq.com\/cr\/#website","url":"https:\/\/crediq.com\/cr\/","name":"CrediQ Costa Rica","description":"Financiamiento de veh\u00edculos nuevos y usados","potentialAction":[{"@type":"SearchAction","target":{"@type":"EntryPoint","urlTemplate":"https:\/\/crediq.com\/cr\/?s={search_term_string}"},"query-input":{"@type":"PropertyValueSpecification","valueRequired":true,"valueName":"search_term_string"}}],"inLanguage":"es"}]}},"post_mailing_queue_ids":[],"_links":{"self":[{"href":"https:\/\/crediq.com\/cr\/wp-json\/wp\/v2\/product\/25571","targetHints":{"allow":["GET"]}}],"collection":[{"href":"https:\/\/crediq.com\/cr\/wp-json\/wp\/v2\/product"}],"about":[{"href":"https:\/\/crediq.com\/cr\/wp-json\/wp\/v2\/types\/product"}],"wp:featuredmedia":[{"embeddable":true,"href":"https:\/\/crediq.com\/cr\/wp-json\/wp\/v2\/media\/25572"}],"wp:attachment":[{"href":"https:\/\/crediq.com\/cr\/wp-json\/wp\/v2\/media?parent=25571"}],"wp:term":[{"taxonomy":"product_brand","embeddable":true,"href":"https:\/\/crediq.com\/cr\/wp-json\/wp\/v2\/product_brand?post=25571"},{"taxonomy":"product_cat","embeddable":true,"href":"https:\/\/crediq.com\/cr\/wp-json\/wp\/v2\/product_cat?post=25571"},{"taxonomy":"product_tag","embeddable":true,"href":"https:\/\/crediq.com\/cr\/wp-json\/wp\/v2\/product_tag?post=25571"}],"curies":[{"name":"wp","href":"https:\/\/api.w.org\/{rel}","templated":true}]}}