{"id":25638,"date":"2026-04-13T09:34:36","date_gmt":"2026-04-13T15:34:36","guid":{"rendered":"https:\/\/crediq.com\/cr\/?post_type=product&#038;p=25638"},"modified":"2026-04-13T09:34:36","modified_gmt":"2026-04-13T15:34:36","slug":"suv-chevrolet-captiva","status":"publish","type":"product","link":"https:\/\/crediq.com\/cr\/producto\/suv-chevrolet-captiva\/","title":{"rendered":"SUV CHEVROLET Captiva"},"content":{"rendered":"<p>Marca: Chevrolet Modelo: CAPTIVA PREMIER Estilo: SUV 2WD N\u00famero de pasajeros: 7 A\u00f1o: 2023 Estado: Excelente Negociable: SI Color Exterior: GRIS Color Interior: NEGRO Combustible: Gasolina Transmisi\u00f3n: Autom\u00c3\u00a1tica Inscrito: SI Placa: JDM835 N\u00famero de puertas: 5 Caracter\u00edsticas: Direcci\u00f3n Hidr\u00e1ulica\/Electroasistida Cierre central Asientos el\u00e9ctricos Vidrios tintados Bolsa de aire Vidrios el\u00e9ctricos Espejos el\u00e9ctricos Frenos ABS Aire acondicionado Desempa\u00f1ador trasero Sunroof\/techo panor\u00e1mico Aros de lujo Turbo Tapicer\u00eda de cuero Hal\u00f3genos Android Auto Cruise control Radio con USB\/AUX RTV al d\u00eda Control electr\u00f3nico de estabilidad Caja de cambios dual C\u00e1mara de retroceso Sensores de retroceso Sensores frontales Control de radio en el volante Volante multifuncional Aire acondicionado climatizado Asiento(s) con memoria Retrovisores auto-retractibles Luces de Xen\u00f3n\/Bixen\u00f3n Sensor de lluvia Llave inteligente\/bot\u00f3n de arranque Computadora de viaje Volante ajustable Bluetooth<\/p>\n","protected":false},"excerpt":{"rendered":"<p>Marca: Chevrolet Modelo: CAPTIVA PREMIER Estilo: SUV 2WD N\u00famero de pasajeros: 7 A\u00f1o: 2023 Estado: Excelente Negociable: SI Color Exterior: GRIS Color Interior: NEGRO Combustible: Gasolina Transmisi\u00f3n: Autom\u00c3\u00a1tica Inscrito: SI Placa: JDM835 N\u00famero de puertas: 5 Caracter\u00edsticas: Direcci\u00f3n Hidr\u00e1ulica\/Electroasistida Cierre central Asientos el\u00e9ctricos Vidrios tintados Bolsa de aire Vidrios el\u00e9ctricos Espejos el\u00e9ctricos Frenos ABS Aire [&#8230;]\n","protected":false},"featured_media":25639,"template":"","meta":{"_acf_changed":false,"_monsterinsights_skip_tracking":false,"_monsterinsights_sitenote_active":false,"_monsterinsights_sitenote_note":"","_monsterinsights_sitenote_category":0},"product_brand":[],"product_cat":[],"product_tag":[],"class_list":{"0":"post-25638","1":"product","2":"type-product","3":"status-publish","4":"has-post-thumbnail","7":"first","8":"instock","9":"shipping-taxable","10":"product-type-simple"},"acf":[],"yoast_head":"<!-- This site is optimized with the Yoast SEO plugin v26.7 - https:\/\/yoast.com\/wordpress\/plugins\/seo\/ -->\n<title>SUV CHEVROLET Captiva - CrediQ Costa Rica<\/title>\n<meta name=\"robots\" content=\"index, follow, max-snippet:-1, max-image-preview:large, max-video-preview:-1\" \/>\n<link rel=\"canonical\" href=\"https:\/\/crediq.com\/cr\/catalogo-detalle-vehiculo\/?id=25638\" \/>\n<meta property=\"og:locale\" content=\"es_ES\" \/>\n<meta property=\"og:type\" content=\"article\" \/>\n<meta property=\"og:title\" content=\"SUV CHEVROLET Captiva - CrediQ Costa Rica\" \/>\n<meta property=\"og:description\" content=\"Marca: Chevrolet Modelo: CAPTIVA PREMIER Estilo: SUV 2WD N\u00famero de pasajeros: 7 A\u00f1o: 2023 Estado: Excelente Negociable: SI Color Exterior: GRIS Color Interior: NEGRO Combustible: Gasolina Transmisi\u00f3n: Autom\u00c3\u00a1tica Inscrito: SI Placa: JDM835 N\u00famero de puertas: 5 Caracter\u00edsticas: Direcci\u00f3n Hidr\u00e1ulica\/Electroasistida Cierre central Asientos el\u00e9ctricos Vidrios tintados Bolsa de aire Vidrios el\u00e9ctricos Espejos el\u00e9ctricos Frenos ABS Aire [...]\" \/>\n<meta property=\"og:url\" content=\"https:\/\/crediq.com\/cr\/catalogo-detalle-vehiculo\/?id=25638\" \/>\n<meta property=\"og:site_name\" content=\"CrediQ Costa Rica\" \/>\n<meta property=\"og:image\" content=\"https:\/\/crediq.com\/cr\/wp-content\/uploads\/sites\/3\/2026\/03\/1000605519-scaled.jpg\" \/>\n\t<meta property=\"og:image:width\" content=\"1920\" \/>\n\t<meta property=\"og:image:height\" content=\"2560\" \/>\n\t<meta property=\"og:image:type\" content=\"image\/jpeg\" \/>\n<meta name=\"twitter:card\" content=\"summary_large_image\" \/>\n<meta name=\"twitter:label1\" content=\"Tiempo de lectura\" \/>\n\t<meta name=\"twitter:data1\" content=\"1 minuto\" \/>\n<script type=\"application\/ld+json\" class=\"yoast-schema-graph\">{\"@context\":\"https:\/\/schema.org\",\"@graph\":[{\"@type\":\"WebPage\",\"@id\":\"https:\/\/crediq.com\/cr\/catalogo-detalle-vehiculo\/?id=25638\",\"url\":\"https:\/\/crediq.com\/cr\/catalogo-detalle-vehiculo\/?id=25638\",\"name\":\"SUV CHEVROLET Captiva - CrediQ Costa Rica\",\"isPartOf\":{\"@id\":\"https:\/\/crediq.com\/cr\/#website\"},\"primaryImageOfPage\":{\"@id\":\"https:\/\/crediq.com\/cr\/catalogo-detalle-vehiculo\/?id=25638#primaryimage\"},\"image\":{\"@id\":\"https:\/\/crediq.com\/cr\/catalogo-detalle-vehiculo\/?id=25638#primaryimage\"},\"thumbnailUrl\":\"https:\/\/crediq.com\/cr\/wp-content\/uploads\/sites\/3\/2026\/03\/1000605519-scaled.jpg\",\"datePublished\":\"2026-04-13T15:34:36+00:00\",\"breadcrumb\":{\"@id\":\"https:\/\/crediq.com\/cr\/catalogo-detalle-vehiculo\/?id=25638#breadcrumb\"},\"inLanguage\":\"es\",\"potentialAction\":[{\"@type\":\"ReadAction\",\"target\":[\"https:\/\/crediq.com\/cr\/catalogo-detalle-vehiculo\/?id=25638\"]}]},{\"@type\":\"ImageObject\",\"inLanguage\":\"es\",\"@id\":\"https:\/\/crediq.com\/cr\/catalogo-detalle-vehiculo\/?id=25638#primaryimage\",\"url\":\"https:\/\/crediq.com\/cr\/wp-content\/uploads\/sites\/3\/2026\/03\/1000605519-scaled.jpg\",\"contentUrl\":\"https:\/\/crediq.com\/cr\/wp-content\/uploads\/sites\/3\/2026\/03\/1000605519-scaled.jpg\",\"width\":1920,\"height\":2560},{\"@type\":\"BreadcrumbList\",\"@id\":\"https:\/\/crediq.com\/cr\/catalogo-detalle-vehiculo\/?id=25638#breadcrumb\",\"itemListElement\":[{\"@type\":\"ListItem\",\"position\":1,\"name\":\"Home\",\"item\":\"https:\/\/crediq.com\/cr\/\"},{\"@type\":\"ListItem\",\"position\":2,\"name\":\"Shop\",\"item\":\"https:\/\/crediq.com\/cr\/shop\/\"},{\"@type\":\"ListItem\",\"position\":3,\"name\":\"SUV CHEVROLET Captiva\"}]},{\"@type\":\"WebSite\",\"@id\":\"https:\/\/crediq.com\/cr\/#website\",\"url\":\"https:\/\/crediq.com\/cr\/\",\"name\":\"CrediQ Costa Rica\",\"description\":\"Financiamiento de veh\u00edculos nuevos y usados\",\"potentialAction\":[{\"@type\":\"SearchAction\",\"target\":{\"@type\":\"EntryPoint\",\"urlTemplate\":\"https:\/\/crediq.com\/cr\/?s={search_term_string}\"},\"query-input\":{\"@type\":\"PropertyValueSpecification\",\"valueRequired\":true,\"valueName\":\"search_term_string\"}}],\"inLanguage\":\"es\"}]}<\/script>\n<!-- \/ Yoast SEO plugin. -->","yoast_head_json":{"title":"SUV CHEVROLET Captiva - CrediQ Costa Rica","robots":{"index":"index","follow":"follow","max-snippet":"max-snippet:-1","max-image-preview":"max-image-preview:large","max-video-preview":"max-video-preview:-1"},"canonical":"https:\/\/crediq.com\/cr\/catalogo-detalle-vehiculo\/?id=25638","og_locale":"es_ES","og_type":"article","og_title":"SUV CHEVROLET Captiva - CrediQ Costa Rica","og_description":"Marca: Chevrolet Modelo: CAPTIVA PREMIER Estilo: SUV 2WD N\u00famero de pasajeros: 7 A\u00f1o: 2023 Estado: Excelente Negociable: SI Color Exterior: GRIS Color Interior: NEGRO Combustible: Gasolina Transmisi\u00f3n: Autom\u00c3\u00a1tica Inscrito: SI Placa: JDM835 N\u00famero de puertas: 5 Caracter\u00edsticas: Direcci\u00f3n Hidr\u00e1ulica\/Electroasistida Cierre central Asientos el\u00e9ctricos Vidrios tintados Bolsa de aire Vidrios el\u00e9ctricos Espejos el\u00e9ctricos Frenos ABS Aire [...]","og_url":"https:\/\/crediq.com\/cr\/catalogo-detalle-vehiculo\/?id=25638","og_site_name":"CrediQ Costa Rica","og_image":[{"width":1920,"height":2560,"url":"https:\/\/crediq.com\/cr\/wp-content\/uploads\/sites\/3\/2026\/03\/1000605519-scaled.jpg","type":"image\/jpeg"}],"twitter_card":"summary_large_image","twitter_misc":{"Tiempo de lectura":"1 minuto"},"schema":{"@context":"https:\/\/schema.org","@graph":[{"@type":"WebPage","@id":"https:\/\/crediq.com\/cr\/catalogo-detalle-vehiculo\/?id=25638","url":"https:\/\/crediq.com\/cr\/catalogo-detalle-vehiculo\/?id=25638","name":"SUV CHEVROLET Captiva - CrediQ Costa Rica","isPartOf":{"@id":"https:\/\/crediq.com\/cr\/#website"},"primaryImageOfPage":{"@id":"https:\/\/crediq.com\/cr\/catalogo-detalle-vehiculo\/?id=25638#primaryimage"},"image":{"@id":"https:\/\/crediq.com\/cr\/catalogo-detalle-vehiculo\/?id=25638#primaryimage"},"thumbnailUrl":"https:\/\/crediq.com\/cr\/wp-content\/uploads\/sites\/3\/2026\/03\/1000605519-scaled.jpg","datePublished":"2026-04-13T15:34:36+00:00","breadcrumb":{"@id":"https:\/\/crediq.com\/cr\/catalogo-detalle-vehiculo\/?id=25638#breadcrumb"},"inLanguage":"es","potentialAction":[{"@type":"ReadAction","target":["https:\/\/crediq.com\/cr\/catalogo-detalle-vehiculo\/?id=25638"]}]},{"@type":"ImageObject","inLanguage":"es","@id":"https:\/\/crediq.com\/cr\/catalogo-detalle-vehiculo\/?id=25638#primaryimage","url":"https:\/\/crediq.com\/cr\/wp-content\/uploads\/sites\/3\/2026\/03\/1000605519-scaled.jpg","contentUrl":"https:\/\/crediq.com\/cr\/wp-content\/uploads\/sites\/3\/2026\/03\/1000605519-scaled.jpg","width":1920,"height":2560},{"@type":"BreadcrumbList","@id":"https:\/\/crediq.com\/cr\/catalogo-detalle-vehiculo\/?id=25638#breadcrumb","itemListElement":[{"@type":"ListItem","position":1,"name":"Home","item":"https:\/\/crediq.com\/cr\/"},{"@type":"ListItem","position":2,"name":"Shop","item":"https:\/\/crediq.com\/cr\/shop\/"},{"@type":"ListItem","position":3,"name":"SUV CHEVROLET Captiva"}]},{"@type":"WebSite","@id":"https:\/\/crediq.com\/cr\/#website","url":"https:\/\/crediq.com\/cr\/","name":"CrediQ Costa Rica","description":"Financiamiento de veh\u00edculos nuevos y usados","potentialAction":[{"@type":"SearchAction","target":{"@type":"EntryPoint","urlTemplate":"https:\/\/crediq.com\/cr\/?s={search_term_string}"},"query-input":{"@type":"PropertyValueSpecification","valueRequired":true,"valueName":"search_term_string"}}],"inLanguage":"es"}]}},"post_mailing_queue_ids":[],"_links":{"self":[{"href":"https:\/\/crediq.com\/cr\/wp-json\/wp\/v2\/product\/25638","targetHints":{"allow":["GET"]}}],"collection":[{"href":"https:\/\/crediq.com\/cr\/wp-json\/wp\/v2\/product"}],"about":[{"href":"https:\/\/crediq.com\/cr\/wp-json\/wp\/v2\/types\/product"}],"wp:featuredmedia":[{"embeddable":true,"href":"https:\/\/crediq.com\/cr\/wp-json\/wp\/v2\/media\/25639"}],"wp:attachment":[{"href":"https:\/\/crediq.com\/cr\/wp-json\/wp\/v2\/media?parent=25638"}],"wp:term":[{"taxonomy":"product_brand","embeddable":true,"href":"https:\/\/crediq.com\/cr\/wp-json\/wp\/v2\/product_brand?post=25638"},{"taxonomy":"product_cat","embeddable":true,"href":"https:\/\/crediq.com\/cr\/wp-json\/wp\/v2\/product_cat?post=25638"},{"taxonomy":"product_tag","embeddable":true,"href":"https:\/\/crediq.com\/cr\/wp-json\/wp\/v2\/product_tag?post=25638"}],"curies":[{"name":"wp","href":"https:\/\/api.w.org\/{rel}","templated":true}]}}