{"id":25901,"date":"2026-05-14T10:48:17","date_gmt":"2026-05-14T16:48:17","guid":{"rendered":"https:\/\/crediq.com\/cr\/?post_type=product&#038;p=25901"},"modified":"2026-05-14T10:48:18","modified_gmt":"2026-05-14T16:48:18","slug":"pick-up-chevrolet-montana","status":"publish","type":"product","link":"https:\/\/crediq.com\/cr\/producto\/pick-up-chevrolet-montana\/","title":{"rendered":"PICK UP CHEVROLET Montana"},"content":{"rendered":"<p>Montana 2024,1200 turbo, color blanco, con mantenimientos de agencia. Tiene tratamiento de protecci\u00f3n en la pintura cer\u00e1mico. Por lo dem\u00e1s todo original. Tiene deuda de financiamiento con CREDIQ. El precio incluye esa deuda, qu\u00e9 deber\u00e1 ser asumida por el interesado.<\/p>\n","protected":false},"excerpt":{"rendered":"<p>Montana 2024,1200 turbo, color blanco, con mantenimientos de agencia. Tiene tratamiento de protecci\u00f3n en la pintura cer\u00e1mico. Por lo dem\u00e1s todo original. Tiene deuda de financiamiento con CREDIQ. El precio incluye esa deuda, qu\u00e9 deber\u00e1 ser asumida por el interesado.<\/p>\n","protected":false},"featured_media":25902,"template":"","meta":{"_acf_changed":false,"_monsterinsights_skip_tracking":false,"_monsterinsights_sitenote_active":false,"_monsterinsights_sitenote_note":"","_monsterinsights_sitenote_category":0},"product_brand":[],"product_cat":[32],"product_tag":[],"class_list":{"0":"post-25901","1":"product","2":"type-product","3":"status-publish","4":"has-post-thumbnail","6":"product_cat-uncategorized","8":"first","9":"instock","10":"shipping-taxable","11":"product-type-simple"},"acf":[],"yoast_head":"<!-- This site is optimized with the Yoast SEO plugin v26.7 - https:\/\/yoast.com\/wordpress\/plugins\/seo\/ -->\n<title>PICK UP CHEVROLET Montana - CrediQ Costa Rica<\/title>\n<meta name=\"robots\" content=\"index, follow, max-snippet:-1, max-image-preview:large, max-video-preview:-1\" \/>\n<link rel=\"canonical\" href=\"https:\/\/crediq.com\/cr\/catalogo-detalle-vehiculo\/?id=25901\" \/>\n<meta property=\"og:locale\" content=\"es_ES\" \/>\n<meta property=\"og:type\" content=\"article\" \/>\n<meta property=\"og:title\" content=\"PICK UP CHEVROLET Montana - CrediQ Costa Rica\" \/>\n<meta property=\"og:description\" content=\"Montana 2024,1200 turbo, color blanco, con mantenimientos de agencia. Tiene tratamiento de protecci\u00f3n en la pintura cer\u00e1mico. Por lo dem\u00e1s todo original. Tiene deuda de financiamiento con CREDIQ. El precio incluye esa deuda, qu\u00e9 deber\u00e1 ser asumida por el interesado.\" \/>\n<meta property=\"og:url\" content=\"https:\/\/crediq.com\/cr\/catalogo-detalle-vehiculo\/?id=25901\" \/>\n<meta property=\"og:site_name\" content=\"CrediQ Costa Rica\" \/>\n<meta property=\"article:modified_time\" content=\"2026-05-14T16:48:18+00:00\" \/>\n<meta property=\"og:image\" content=\"https:\/\/crediq.com\/cr\/wp-content\/uploads\/sites\/3\/2026\/04\/1000663563-scaled.jpg\" \/>\n\t<meta property=\"og:image:width\" content=\"1153\" \/>\n\t<meta property=\"og:image:height\" content=\"2560\" \/>\n\t<meta property=\"og:image:type\" content=\"image\/jpeg\" \/>\n<meta name=\"twitter:card\" content=\"summary_large_image\" \/>\n<meta name=\"twitter:label1\" content=\"Tiempo de lectura\" \/>\n\t<meta name=\"twitter:data1\" content=\"1 minuto\" \/>\n<script type=\"application\/ld+json\" class=\"yoast-schema-graph\">{\"@context\":\"https:\/\/schema.org\",\"@graph\":[{\"@type\":\"WebPage\",\"@id\":\"https:\/\/crediq.com\/cr\/catalogo-detalle-vehiculo\/?id=25901\",\"url\":\"https:\/\/crediq.com\/cr\/catalogo-detalle-vehiculo\/?id=25901\",\"name\":\"PICK UP CHEVROLET Montana - CrediQ Costa Rica\",\"isPartOf\":{\"@id\":\"https:\/\/crediq.com\/cr\/#website\"},\"primaryImageOfPage\":{\"@id\":\"https:\/\/crediq.com\/cr\/catalogo-detalle-vehiculo\/?id=25901#primaryimage\"},\"image\":{\"@id\":\"https:\/\/crediq.com\/cr\/catalogo-detalle-vehiculo\/?id=25901#primaryimage\"},\"thumbnailUrl\":\"https:\/\/crediq.com\/cr\/wp-content\/uploads\/sites\/3\/2026\/04\/1000663563-scaled.jpg\",\"datePublished\":\"2026-05-14T16:48:17+00:00\",\"dateModified\":\"2026-05-14T16:48:18+00:00\",\"breadcrumb\":{\"@id\":\"https:\/\/crediq.com\/cr\/catalogo-detalle-vehiculo\/?id=25901#breadcrumb\"},\"inLanguage\":\"es\",\"potentialAction\":[{\"@type\":\"ReadAction\",\"target\":[\"https:\/\/crediq.com\/cr\/catalogo-detalle-vehiculo\/?id=25901\"]}]},{\"@type\":\"ImageObject\",\"inLanguage\":\"es\",\"@id\":\"https:\/\/crediq.com\/cr\/catalogo-detalle-vehiculo\/?id=25901#primaryimage\",\"url\":\"https:\/\/crediq.com\/cr\/wp-content\/uploads\/sites\/3\/2026\/04\/1000663563-scaled.jpg\",\"contentUrl\":\"https:\/\/crediq.com\/cr\/wp-content\/uploads\/sites\/3\/2026\/04\/1000663563-scaled.jpg\",\"width\":1153,\"height\":2560},{\"@type\":\"BreadcrumbList\",\"@id\":\"https:\/\/crediq.com\/cr\/catalogo-detalle-vehiculo\/?id=25901#breadcrumb\",\"itemListElement\":[{\"@type\":\"ListItem\",\"position\":1,\"name\":\"Home\",\"item\":\"https:\/\/crediq.com\/cr\/\"},{\"@type\":\"ListItem\",\"position\":2,\"name\":\"Shop\",\"item\":\"https:\/\/crediq.com\/cr\/shop\/\"},{\"@type\":\"ListItem\",\"position\":3,\"name\":\"PICK UP CHEVROLET Montana\"}]},{\"@type\":\"WebSite\",\"@id\":\"https:\/\/crediq.com\/cr\/#website\",\"url\":\"https:\/\/crediq.com\/cr\/\",\"name\":\"CrediQ Costa Rica\",\"description\":\"Financiamiento de veh\u00edculos nuevos y usados\",\"potentialAction\":[{\"@type\":\"SearchAction\",\"target\":{\"@type\":\"EntryPoint\",\"urlTemplate\":\"https:\/\/crediq.com\/cr\/?s={search_term_string}\"},\"query-input\":{\"@type\":\"PropertyValueSpecification\",\"valueRequired\":true,\"valueName\":\"search_term_string\"}}],\"inLanguage\":\"es\"}]}<\/script>\n<!-- \/ Yoast SEO plugin. -->","yoast_head_json":{"title":"PICK UP CHEVROLET Montana - CrediQ Costa Rica","robots":{"index":"index","follow":"follow","max-snippet":"max-snippet:-1","max-image-preview":"max-image-preview:large","max-video-preview":"max-video-preview:-1"},"canonical":"https:\/\/crediq.com\/cr\/catalogo-detalle-vehiculo\/?id=25901","og_locale":"es_ES","og_type":"article","og_title":"PICK UP CHEVROLET Montana - CrediQ Costa Rica","og_description":"Montana 2024,1200 turbo, color blanco, con mantenimientos de agencia. Tiene tratamiento de protecci\u00f3n en la pintura cer\u00e1mico. Por lo dem\u00e1s todo original. Tiene deuda de financiamiento con CREDIQ. El precio incluye esa deuda, qu\u00e9 deber\u00e1 ser asumida por el interesado.","og_url":"https:\/\/crediq.com\/cr\/catalogo-detalle-vehiculo\/?id=25901","og_site_name":"CrediQ Costa Rica","article_modified_time":"2026-05-14T16:48:18+00:00","og_image":[{"width":1153,"height":2560,"url":"https:\/\/crediq.com\/cr\/wp-content\/uploads\/sites\/3\/2026\/04\/1000663563-scaled.jpg","type":"image\/jpeg"}],"twitter_card":"summary_large_image","twitter_misc":{"Tiempo de lectura":"1 minuto"},"schema":{"@context":"https:\/\/schema.org","@graph":[{"@type":"WebPage","@id":"https:\/\/crediq.com\/cr\/catalogo-detalle-vehiculo\/?id=25901","url":"https:\/\/crediq.com\/cr\/catalogo-detalle-vehiculo\/?id=25901","name":"PICK UP CHEVROLET Montana - CrediQ Costa Rica","isPartOf":{"@id":"https:\/\/crediq.com\/cr\/#website"},"primaryImageOfPage":{"@id":"https:\/\/crediq.com\/cr\/catalogo-detalle-vehiculo\/?id=25901#primaryimage"},"image":{"@id":"https:\/\/crediq.com\/cr\/catalogo-detalle-vehiculo\/?id=25901#primaryimage"},"thumbnailUrl":"https:\/\/crediq.com\/cr\/wp-content\/uploads\/sites\/3\/2026\/04\/1000663563-scaled.jpg","datePublished":"2026-05-14T16:48:17+00:00","dateModified":"2026-05-14T16:48:18+00:00","breadcrumb":{"@id":"https:\/\/crediq.com\/cr\/catalogo-detalle-vehiculo\/?id=25901#breadcrumb"},"inLanguage":"es","potentialAction":[{"@type":"ReadAction","target":["https:\/\/crediq.com\/cr\/catalogo-detalle-vehiculo\/?id=25901"]}]},{"@type":"ImageObject","inLanguage":"es","@id":"https:\/\/crediq.com\/cr\/catalogo-detalle-vehiculo\/?id=25901#primaryimage","url":"https:\/\/crediq.com\/cr\/wp-content\/uploads\/sites\/3\/2026\/04\/1000663563-scaled.jpg","contentUrl":"https:\/\/crediq.com\/cr\/wp-content\/uploads\/sites\/3\/2026\/04\/1000663563-scaled.jpg","width":1153,"height":2560},{"@type":"BreadcrumbList","@id":"https:\/\/crediq.com\/cr\/catalogo-detalle-vehiculo\/?id=25901#breadcrumb","itemListElement":[{"@type":"ListItem","position":1,"name":"Home","item":"https:\/\/crediq.com\/cr\/"},{"@type":"ListItem","position":2,"name":"Shop","item":"https:\/\/crediq.com\/cr\/shop\/"},{"@type":"ListItem","position":3,"name":"PICK UP CHEVROLET Montana"}]},{"@type":"WebSite","@id":"https:\/\/crediq.com\/cr\/#website","url":"https:\/\/crediq.com\/cr\/","name":"CrediQ Costa Rica","description":"Financiamiento de veh\u00edculos nuevos y usados","potentialAction":[{"@type":"SearchAction","target":{"@type":"EntryPoint","urlTemplate":"https:\/\/crediq.com\/cr\/?s={search_term_string}"},"query-input":{"@type":"PropertyValueSpecification","valueRequired":true,"valueName":"search_term_string"}}],"inLanguage":"es"}]}},"post_mailing_queue_ids":[],"_links":{"self":[{"href":"https:\/\/crediq.com\/cr\/wp-json\/wp\/v2\/product\/25901","targetHints":{"allow":["GET"]}}],"collection":[{"href":"https:\/\/crediq.com\/cr\/wp-json\/wp\/v2\/product"}],"about":[{"href":"https:\/\/crediq.com\/cr\/wp-json\/wp\/v2\/types\/product"}],"wp:featuredmedia":[{"embeddable":true,"href":"https:\/\/crediq.com\/cr\/wp-json\/wp\/v2\/media\/25902"}],"wp:attachment":[{"href":"https:\/\/crediq.com\/cr\/wp-json\/wp\/v2\/media?parent=25901"}],"wp:term":[{"taxonomy":"product_brand","embeddable":true,"href":"https:\/\/crediq.com\/cr\/wp-json\/wp\/v2\/product_brand?post=25901"},{"taxonomy":"product_cat","embeddable":true,"href":"https:\/\/crediq.com\/cr\/wp-json\/wp\/v2\/product_cat?post=25901"},{"taxonomy":"product_tag","embeddable":true,"href":"https:\/\/crediq.com\/cr\/wp-json\/wp\/v2\/product_tag?post=25901"}],"curies":[{"name":"wp","href":"https:\/\/api.w.org\/{rel}","templated":true}]}}