{"id":3051,"date":"2022-07-19T16:27:26","date_gmt":"2022-07-19T16:27:26","guid":{"rendered":"https:\/\/demo2.loces.dev\/?page_id=3051"},"modified":"2026-02-28T15:40:48","modified_gmt":"2026-02-28T15:40:48","slug":"donde-pagar","status":"publish","type":"page","link":"https:\/\/crediq.com\/gt\/donde-pagar\/","title":{"rendered":"\u00bfD\u00f3nde Pagar?"},"content":{"rendered":"\n\n  <div class=\"banner has-hover\" id=\"banner-83443639\">\n          <div class=\"banner-inner fill\">\n        <div class=\"banner-bg fill\" >\n            <img loading=\"lazy\" decoding=\"async\" width=\"1920\" height=\"1080\" src=\"https:\/\/crediq.com\/gt\/wp-content\/uploads\/sites\/8\/2025\/11\/LU8.jpg\" class=\"bg attachment-original size-original\" alt=\"\" \/>                                    \n                    <\/div>\n\t\t\n        <div class=\"banner-layers container\">\n            <div class=\"fill banner-link\"><\/div>            \n\n   <div id=\"text-box-1203183333\" class=\"text-box banner-layer x85 md-x15 lg-x15 y85 md-y50 lg-y50 res-text\">\n                                <div class=\"text-box-content text dark\">\n              \n              <div class=\"text-inner text-left\">\n                  \n\n\t<div id=\"text-151064727\" class=\"text\">\n\t\t\n\n<h2><strong>Medios de Pago<\/strong><b><\/b><\/h2>\n\t\t\n<style>\n#text-151064727 {\n  font-size: 1.05rem;\n}\n<\/style>\n\t<\/div>\n\t\n<a class=\"button secondary is-large\" style=\"border-radius:99px;\">\n\t\t<span>BIENVENIDO<\/span>\n\t<\/a>\n\n\n\n              <\/div>\n           <\/div>\n                            \n<style>\n#text-box-1203183333 {\n  width: 60%;\n}\n#text-box-1203183333 .text-box-content {\n  font-size: 100%;\n}\n@media (min-width:550px) {\n  #text-box-1203183333 {\n    width: 19%;\n  }\n}\n<\/style>\n    <\/div>\n \n\t<div class=\"img has-hover hidden x95 md-x90 lg-x90 y90 md-y5 lg-y5\" id=\"image_1598270945\">\n\t\t\t\t\t\t\t\t<div class=\"img-inner dark\" >\n\t\t\t<img loading=\"lazy\" decoding=\"async\" width=\"1069\" height=\"1080\" src=\"https:\/\/crediq.com\/gt\/wp-content\/uploads\/sites\/8\/2025\/11\/Juussdd.png\" class=\"attachment-original size-original\" alt=\"\" srcset=\"https:\/\/crediq.com\/gt\/wp-content\/uploads\/sites\/8\/2025\/11\/Juussdd.png 1069w, https:\/\/crediq.com\/gt\/wp-content\/uploads\/sites\/8\/2025\/11\/Juussdd-297x300.png 297w, https:\/\/crediq.com\/gt\/wp-content\/uploads\/sites\/8\/2025\/11\/Juussdd-1014x1024.png 1014w, https:\/\/crediq.com\/gt\/wp-content\/uploads\/sites\/8\/2025\/11\/Juussdd-768x776.png 768w, https:\/\/crediq.com\/gt\/wp-content\/uploads\/sites\/8\/2025\/11\/Juussdd-600x606.png 600w, https:\/\/crediq.com\/gt\/wp-content\/uploads\/sites\/8\/2025\/11\/Juussdd-100x100.png 100w\" sizes=\"auto, (max-width: 1069px) 100vw, 1069px\" \/>\t\t\t\t\t\t\n\t\t\t\t\t<\/div>\n\t\t\t\t\t\t\t\t\n<style>\n#image_1598270945 {\n  width: 23%;\n}\n<\/style>\n\t<\/div>\n\t\n\n\t<div class=\"img has-hover x50 md-x65 lg-x65 y15 md-y50 lg-y50\" id=\"image_194847515\">\n\t\t\t\t\t\t\t\t<div class=\"img-inner dark\" >\n\t\t\t<img loading=\"lazy\" decoding=\"async\" width=\"2251\" height=\"661\" src=\"https:\/\/crediq.com\/gt\/wp-content\/uploads\/sites\/8\/2025\/11\/U00998.png\" class=\"attachment-original size-original\" alt=\"\" srcset=\"https:\/\/crediq.com\/gt\/wp-content\/uploads\/sites\/8\/2025\/11\/U00998.png 2251w, https:\/\/crediq.com\/gt\/wp-content\/uploads\/sites\/8\/2025\/11\/U00998-300x88.png 300w, https:\/\/crediq.com\/gt\/wp-content\/uploads\/sites\/8\/2025\/11\/U00998-1024x301.png 1024w, https:\/\/crediq.com\/gt\/wp-content\/uploads\/sites\/8\/2025\/11\/U00998-768x226.png 768w, https:\/\/crediq.com\/gt\/wp-content\/uploads\/sites\/8\/2025\/11\/U00998-1536x451.png 1536w, https:\/\/crediq.com\/gt\/wp-content\/uploads\/sites\/8\/2025\/11\/U00998-2048x601.png 2048w, https:\/\/crediq.com\/gt\/wp-content\/uploads\/sites\/8\/2025\/11\/U00998-600x176.png 600w\" sizes=\"auto, (max-width: 2251px) 100vw, 2251px\" \/>\t\t\t\t\t\t\n\t\t\t\t\t<\/div>\n\t\t\t\t\t\t\t\t\n<style>\n#image_194847515 {\n  width: 52%;\n}\n@media (min-width:550px) {\n  #image_194847515 {\n    width: 25%;\n  }\n}\n<\/style>\n\t<\/div>\n\t\n\n\t<div class=\"img has-hover x50 md-x90 lg-x90 y15 md-y50 lg-y50\" id=\"image_199429299\">\n\t\t\t\t\t\t\t\t<div class=\"img-inner dark\" >\n\t\t\t<img loading=\"lazy\" decoding=\"async\" width=\"500\" height=\"470\" src=\"https:\/\/crediq.com\/gt\/wp-content\/uploads\/sites\/8\/2026\/01\/carro3dmoneda.png\" class=\"attachment-original size-original\" alt=\"\" srcset=\"https:\/\/crediq.com\/gt\/wp-content\/uploads\/sites\/8\/2026\/01\/carro3dmoneda.png 500w, https:\/\/crediq.com\/gt\/wp-content\/uploads\/sites\/8\/2026\/01\/carro3dmoneda-300x282.png 300w\" sizes=\"auto, (max-width: 500px) 100vw, 500px\" \/>\t\t\t\t\t\t\n\t\t\t\t\t<\/div>\n\t\t\t\t\t\t\t\t\n<style>\n#image_199429299 {\n  width: 52%;\n}\n@media (min-width:550px) {\n  #image_199429299 {\n    width: 16%;\n  }\n}\n<\/style>\n\t<\/div>\n\t\n\n\n        <\/div>\n      <\/div>\n\n            \n<style>\n#banner-83443639 {\n  padding-top: 300px;\n  background-color: rgb(255,255,255);\n}\n#banner-83443639 .banner-bg img {\n  object-position: 0% 0%;\n}\n<\/style>\n  <\/div>\n\n\n<div class=\"row\"  id=\"row-915948898\">\n\n\n\t<div id=\"col-60014728\" class=\"col small-12 large-12\"  >\n\t\t\t\t<div class=\"col-inner\"  >\n\t\t\t\n\t\t\t\n\n\t<div id=\"text-1430432972\" class=\"text\">\n\t\t\n\n<p>Agradecemos sinceramente su preferencia y nos complace informarle que, a partir del pago de su primera cuota, tiene la opci\u00f3n de realizar los pagos correspondientes a su cr\u00e9dito mediante las siguientes medios.<\/p>\n\t\t\n<style>\n#text-1430432972 {\n  text-align: center;\n}\n<\/style>\n\t<\/div>\n\t\n\t<div id=\"gap-971096779\" class=\"gap-element clearfix\" style=\"display:block; height:auto;\">\n\t\t\n<style>\n#gap-971096779 {\n  padding-top: 40px;\n}\n<\/style>\n\t<\/div>\n\t\n\n<div class=\"row\"  id=\"row-798700667\">\n\n\n\t<div id=\"col-1069525564\" class=\"col medium-3 small-12 large-3\"  >\n\t\t\t\t<div class=\"col-inner text-center\" style=\"background-color:rgb(0, 70, 136);\" >\n\t\t\t\n\t\t\t\n\n\t<div class=\"img has-hover x md-x lg-x y md-y lg-y\" id=\"image_1254637169\">\n\t\t<a class=\"\" href=\"https:\/\/www.bam.com.gt\/\" >\t\t\t\t\t\t<div class=\"img-inner dark\" >\n\t\t\t<img loading=\"lazy\" decoding=\"async\" width=\"615\" height=\"615\" src=\"https:\/\/crediq.com\/gt\/wp-content\/uploads\/sites\/8\/2025\/11\/Bam.png\" class=\"attachment-original size-original\" alt=\"\" srcset=\"https:\/\/crediq.com\/gt\/wp-content\/uploads\/sites\/8\/2025\/11\/Bam.png 615w, https:\/\/crediq.com\/gt\/wp-content\/uploads\/sites\/8\/2025\/11\/Bam-300x300.png 300w, https:\/\/crediq.com\/gt\/wp-content\/uploads\/sites\/8\/2025\/11\/Bam-150x150.png 150w, https:\/\/crediq.com\/gt\/wp-content\/uploads\/sites\/8\/2025\/11\/Bam-600x600.png 600w, https:\/\/crediq.com\/gt\/wp-content\/uploads\/sites\/8\/2025\/11\/Bam-100x100.png 100w\" sizes=\"auto, (max-width: 615px) 100vw, 615px\" \/>\t\t\t\t\t\t\n\t\t\t\t\t<\/div>\n\t\t\t\t\t\t<\/a>\t\t\n<style>\n#image_1254637169 {\n  width: 59%;\n}\n<\/style>\n\t<\/div>\n\t\n\n\t<div id=\"text-2854764796\" class=\"text\">\n\t\t\n\n<p>a) Ingresa a la web: www.bam.com.gt\/bamapp-personas o BamApp Personas<\/p>\n<p>\u00a0<\/p>\n<p>1. Ingresa a tu BAM virtual<\/p>\n<p>2.\u00a0 Seleciona la opci\u00f3n \u201cPagar\u201d<\/p>\n<p>3. Selecciona servicios Buscar servicios \u201cCrediQ\u201d<\/p>\n<p>4. Ingresa t\u00fa n\u00famero de pr\u00e9stamo<\/p>\n<p>5. Autoriza la operaci\u00f3n<\/p>\n<p>\u00a0<\/p>\n\t\t\n<style>\n#text-2854764796 {\n  text-align: left;\n  color: rgb(255,255,255);\n}\n#text-2854764796 > * {\n  color: rgb(255,255,255);\n}\n<\/style>\n\t<\/div>\n\t\n\n\t\t<\/div>\n\t\t\t\t\n<style>\n#col-1069525564 > .col-inner {\n  padding: 20px 20px 20px 20px;\n}\n<\/style>\n\t<\/div>\n\n\t\n\n\t<div id=\"col-1998825554\" class=\"col medium-3 small-12 large-3\"  >\n\t\t\t\t<div class=\"col-inner text-center\" style=\"background-color:rgb(0, 70, 136);\" >\n\t\t\t\n\t\t\t\n\n\t<div class=\"img has-hover x md-x lg-x y md-y lg-y\" id=\"image_68533454\">\n\t\t<a class=\"\" href=\"https:\/\/www.bienlinea.bi.com.gt\/InicioSesion\/Inicio\/Autenticar\" >\t\t\t\t\t\t<div class=\"img-inner dark\" >\n\t\t\t<img loading=\"lazy\" decoding=\"async\" width=\"615\" height=\"615\" src=\"https:\/\/crediq.com\/gt\/wp-content\/uploads\/sites\/8\/2025\/11\/Bi.png\" class=\"attachment-original size-original\" alt=\"\" srcset=\"https:\/\/crediq.com\/gt\/wp-content\/uploads\/sites\/8\/2025\/11\/Bi.png 615w, https:\/\/crediq.com\/gt\/wp-content\/uploads\/sites\/8\/2025\/11\/Bi-300x300.png 300w, https:\/\/crediq.com\/gt\/wp-content\/uploads\/sites\/8\/2025\/11\/Bi-150x150.png 150w, https:\/\/crediq.com\/gt\/wp-content\/uploads\/sites\/8\/2025\/11\/Bi-600x600.png 600w, https:\/\/crediq.com\/gt\/wp-content\/uploads\/sites\/8\/2025\/11\/Bi-100x100.png 100w\" sizes=\"auto, (max-width: 615px) 100vw, 615px\" \/>\t\t\t\t\t\t\n\t\t\t\t\t<\/div>\n\t\t\t\t\t\t<\/a>\t\t\n<style>\n#image_68533454 {\n  width: 59%;\n}\n<\/style>\n\t<\/div>\n\t\n\n\t<div id=\"text-3602934507\" class=\"text\">\n\t\t\n\n<p>a) Ingresa a la web: www.bienlinea.bi.com.gt o APP m\u00f3vil<\/p>\n<p>\u00a0<\/p>\n<ol>\n<li>Ingresa con tu usuario<\/li>\n<li>Selecciona\u00a0 el bot\u00f3n pagos \/ pagos de servicios<\/li>\n<li>Buscar en servicios a \u201cCrediQ\u201d<\/li>\n<li>Ingresa t\u00fa n\u00famero de pr\u00e9stamo y verifica tus datos<\/li>\n<li>Selecciona la cuenta a debitar<\/li>\n<li>Selecciona el bot\u00f3n pagar<\/li>\n<\/ol>\n<p class=\"p1\"><strong>Tambi\u00e9n puedes utilizar nuestra cuenta Bancaria para realizar tus pagos Cuenta Monetaria Quetzales<\/strong><\/p>\n<p class=\"p1\"><strong>No. 0920081163<\/strong><\/p>\n<p class=\"p1\"><strong>CrediQ Inversiones de Guatemala S.A.<\/strong><\/p>\n\t\t\n<style>\n#text-3602934507 {\n  text-align: left;\n  color: rgb(255,255,255);\n}\n#text-3602934507 > * {\n  color: rgb(255,255,255);\n}\n<\/style>\n\t<\/div>\n\t\n\n\t\t<\/div>\n\t\t\t\t\n<style>\n#col-1998825554 > .col-inner {\n  padding: 20px 20px 20px 20px;\n}\n<\/style>\n\t<\/div>\n\n\t\n\n\t<div id=\"col-1375185559\" class=\"col medium-3 small-12 large-3\"  >\n\t\t\t\t<div class=\"col-inner text-center\" style=\"background-color:rgb(0, 70, 136);\" >\n\t\t\t\n\t\t\t\n\n\t<div class=\"img has-hover x md-x lg-x y md-y lg-y\" id=\"image_51701670\">\n\t\t<a class=\"\" href=\"https:\/\/www.gtc.com.gt\/\" >\t\t\t\t\t\t<div class=\"img-inner dark\" >\n\t\t\t<img loading=\"lazy\" decoding=\"async\" width=\"615\" height=\"615\" src=\"https:\/\/crediq.com\/gt\/wp-content\/uploads\/sites\/8\/2025\/11\/GT.png\" class=\"attachment-original size-original\" alt=\"\" srcset=\"https:\/\/crediq.com\/gt\/wp-content\/uploads\/sites\/8\/2025\/11\/GT.png 615w, https:\/\/crediq.com\/gt\/wp-content\/uploads\/sites\/8\/2025\/11\/GT-300x300.png 300w, https:\/\/crediq.com\/gt\/wp-content\/uploads\/sites\/8\/2025\/11\/GT-150x150.png 150w, https:\/\/crediq.com\/gt\/wp-content\/uploads\/sites\/8\/2025\/11\/GT-600x600.png 600w, https:\/\/crediq.com\/gt\/wp-content\/uploads\/sites\/8\/2025\/11\/GT-100x100.png 100w\" sizes=\"auto, (max-width: 615px) 100vw, 615px\" \/>\t\t\t\t\t\t\n\t\t\t\t\t<\/div>\n\t\t\t\t\t\t<\/a>\t\t\n<style>\n#image_51701670 {\n  width: 59%;\n}\n<\/style>\n\t<\/div>\n\t\n\n\t<div id=\"text-3466847653\" class=\"text\">\n\t\t\n\n<p>a) P\u00e1gina web con tu Banca Individual G&amp;T https:\/\/www.gtc.com.gt o APP m\u00f3vil<\/p>\n<ol>\n<li>Ingresa con tu usuario<\/li>\n<li>Selecciona\u00a0 el bot\u00f3n pagos \/ pagos de servicios<\/li>\n<li>Buscar en servicios a \u201cCrediQ\u201d<\/li>\n<li>Ingresa t\u00fa n\u00famero de pr\u00e9stamo y verifica tus datos<\/li>\n<li>Selecciona la cuenta a debitar<\/li>\n<li>Selecciona el bot\u00f3n pagar<\/li>\n<\/ol>\n<p>\u00a0<\/p>\n\t\t\n<style>\n#text-3466847653 {\n  text-align: left;\n  color: rgb(255,255,255);\n}\n#text-3466847653 > * {\n  color: rgb(255,255,255);\n}\n<\/style>\n\t<\/div>\n\t\n\n\t\t<\/div>\n\t\t\t\t\n<style>\n#col-1375185559 > .col-inner {\n  padding: 20px 20px 20px 20px;\n}\n<\/style>\n\t<\/div>\n\n\t\n\n\t<div id=\"col-283654420\" class=\"col medium-3 small-12 large-3\"  >\n\t\t\t\t<div class=\"col-inner text-center\" style=\"background-color:rgb(0, 70, 136);\" >\n\t\t\t\n\t\t\t\n\n\t<div class=\"img has-hover x md-x lg-x y md-y lg-y\" id=\"image_1832141254\">\n\t\t<a class=\"\" href=\"https:\/\/www.banrural.com.gt\/\" >\t\t\t\t\t\t<div class=\"img-inner dark\" >\n\t\t\t<img loading=\"lazy\" decoding=\"async\" width=\"615\" height=\"615\" src=\"https:\/\/crediq.com\/gt\/wp-content\/uploads\/sites\/8\/2025\/11\/Banrural.png\" class=\"attachment-original size-original\" alt=\"\" srcset=\"https:\/\/crediq.com\/gt\/wp-content\/uploads\/sites\/8\/2025\/11\/Banrural.png 615w, https:\/\/crediq.com\/gt\/wp-content\/uploads\/sites\/8\/2025\/11\/Banrural-300x300.png 300w, https:\/\/crediq.com\/gt\/wp-content\/uploads\/sites\/8\/2025\/11\/Banrural-150x150.png 150w, https:\/\/crediq.com\/gt\/wp-content\/uploads\/sites\/8\/2025\/11\/Banrural-600x600.png 600w, https:\/\/crediq.com\/gt\/wp-content\/uploads\/sites\/8\/2025\/11\/Banrural-100x100.png 100w\" sizes=\"auto, (max-width: 615px) 100vw, 615px\" \/>\t\t\t\t\t\t\n\t\t\t\t\t<\/div>\n\t\t\t\t\t\t<\/a>\t\t\n<style>\n#image_1832141254 {\n  width: 59%;\n}\n<\/style>\n\t<\/div>\n\t\n\n\t<div id=\"text-1826267979\" class=\"text\">\n\t\t\n\n<p>a) Agencias bancarias BANRURAL Y CAJAS RURALES<\/p>\n<p>\u00a0<\/p>\n<p><span data-teams=\"true\">b) Deposito en efectivo, cheques propios Banrural y otros bancos<\/span><\/p>\n<ol>\n<li><span data-teams=\"true\">CONVENIO 758 + No. de Pr\u00e9stamo<\/span><\/li>\n<li>Enganches \/ Otros pagos:<\/li>\n<\/ol>\n<p class=\"p1\"><b>CrediQ Inversiones de Guatemala S.A.<\/b><\/p>\n<p class=\"p1\"><b> Cuenta Monetaria Quetzales No. <span data-teams=\"true\">03044510994676<\/span><\/b><\/p>\n\t\t\n<style>\n#text-1826267979 {\n  text-align: left;\n  color: rgb(255,255,255);\n}\n#text-1826267979 > * {\n  color: rgb(255,255,255);\n}\n<\/style>\n\t<\/div>\n\t\n\n\t\t<\/div>\n\t\t\t\t\n<style>\n#col-283654420 > .col-inner {\n  padding: 20px 20px 20px 20px;\n}\n<\/style>\n\t<\/div>\n\n\t\n\n<\/div>\n\t<div id=\"gap-1819324498\" class=\"gap-element clearfix\" style=\"display:block; height:auto;\">\n\t\t\n<style>\n#gap-1819324498 {\n  padding-top: 30px;\n}\n<\/style>\n\t<\/div>\n\t\n\n\t<div id=\"gap-927479749\" class=\"gap-element clearfix\" style=\"display:block; height:auto;\">\n\t\t\n<style>\n#gap-927479749 {\n  padding-top: 30px;\n}\n<\/style>\n\t<\/div>\n\t\n\n\t<div id=\"gap-173793818\" class=\"gap-element clearfix\" style=\"display:block; height:auto;\">\n\t\t\n<style>\n#gap-173793818 {\n  padding-top: 20px;\n}\n<\/style>\n\t<\/div>\n\t\n\n<p>Nota: Tu pago es inmediato y te llegar\u00e1 un correo con tu recibo de pago.<\/p>\n<p>Si no conoces tu n\u00famero de pr\u00e9stamo o tienes alguna duda escribe a Whatsapp Corporativo: 3889-0516<\/p>\n<p>\u00a0<\/p>\n<p class=\"p1\">Para pagos desde otros bancos puedes realizarlos a la cuenta bancaria:<\/p>\n<p class=\"p1\"><b>CrediQ Inversiones de Guatemala S.A.<\/b><\/p>\n<p class=\"p1\"><b>Cuenta Monetaria BAM Quetzales No. 30-4027558-0<\/b><\/p>\n<p class=\"p1\"><b>Cuenta Monetaria BAM Dolares USD$ <span data-teams=\"true\">31-4006566-5<\/span><\/b><\/p>\n\n\t\t<\/div>\n\t\t\t\t\t<\/div>\n\n\t\n\n<\/div>\n\n\t<section class=\"section\" id=\"section_37143219\">\n\t\t<div class=\"section-bg fill\" >\n\t\t\t\t\t\t\t\t\t\n\t\t\t\n\n\t\t<\/div>\n\n\t\t\n\n\t\t<div class=\"section-content relative\">\n\t\t\t\n\n<div class=\"row align-center\"  id=\"row-514734304\">\n\n\n\t<div id=\"col-276910448\" class=\"col medium-11 small-12 large-11\"  >\n\t\t\t\t<div class=\"col-inner\"  >\n\t\t\t\n\t\t\t\n\n\t<div id=\"gap-958831511\" class=\"gap-element clearfix\" style=\"display:block; height:auto;\">\n\t\t\n<style>\n#gap-958831511 {\n  padding-top: 28px;\n}\n@media (min-width:550px) {\n  #gap-958831511 {\n    padding-top: 50px;\n  }\n}\n<\/style>\n\t<\/div>\n\t\n\n\t<div id=\"text-3739939738\" class=\"text\">\n\t\t\n\n<h2><span data-text-color=\"primary\"><strong>Servicio al Cliente<\/strong><\/span><\/h2>\n<p class=\"p1\">Si se le presenta alguna duda puede comunicarse a los siguientes correos o n\u00fameros telef\u00f3nicos.<\/p>\n<p>\u00a0<\/p>\n\t\t\n<style>\n#text-3739939738 {\n  font-size: 1.05rem;\n  text-align: center;\n}\n@media (min-width:550px) {\n  #text-3739939738 {\n    font-size: 1.05rem;\n  }\n}\n<\/style>\n\t<\/div>\n\t\n<div class=\"row align-equal\"  id=\"row-756630404\">\n\n\n\t<div id=\"col-1158136260\" class=\"col medium-6 small-12 large-6\"  >\n\t\t\t\t<div class=\"col-inner text-center\"  >\n\t\t\t\n\t\t\t\n\n\n\t\t<div class=\"icon-box featured-box icon-box-center text-center\"  >\n\t\t\t\t\t<div class=\"icon-box-img\" style=\"width: 60px\">\n\t\t\t\t<div class=\"icon\">\n\t\t\t\t\t<div class=\"icon-inner\" style=\"color:rgb(24, 106, 184);\">\n\t\t\t\t\t\t<img loading=\"lazy\" decoding=\"async\" width=\"300\" height=\"300\" src=\"https:\/\/crediq.com\/gt\/wp-content\/uploads\/sites\/8\/2022\/09\/WhatsApp-300x300.png\" class=\"attachment-medium size-medium\" alt=\"\" srcset=\"https:\/\/crediq.com\/gt\/wp-content\/uploads\/sites\/8\/2022\/09\/WhatsApp-300x300.png 300w, https:\/\/crediq.com\/gt\/wp-content\/uploads\/sites\/8\/2022\/09\/WhatsApp-1024x1024.png 1024w, https:\/\/crediq.com\/gt\/wp-content\/uploads\/sites\/8\/2022\/09\/WhatsApp-150x150.png 150w, https:\/\/crediq.com\/gt\/wp-content\/uploads\/sites\/8\/2022\/09\/WhatsApp-768x768.png 768w, https:\/\/crediq.com\/gt\/wp-content\/uploads\/sites\/8\/2022\/09\/WhatsApp-600x600.png 600w, https:\/\/crediq.com\/gt\/wp-content\/uploads\/sites\/8\/2022\/09\/WhatsApp-100x100.png 100w, https:\/\/crediq.com\/gt\/wp-content\/uploads\/sites\/8\/2022\/09\/WhatsApp.png 1500w\" sizes=\"auto, (max-width: 300px) 100vw, 300px\" \/>\t\t\t\t\t<\/div>\n\t\t\t\t<\/div>\n\t\t\t<\/div>\n\t\t\t\t<div class=\"icon-box-text last-reset\">\n\t\t\t\t\t\t\t\t\t\n\n<h4>WhatsApp<\/h4>\n<p>Recuerde reportar su pago al <span style=\"color: #0000ff\"><a style=\"color: #0000ff\" href=\"https:\/\/api.whatsapp.com\/send?phone=50238890516\"><strong>WhatsApp 3889-0516<\/strong><\/a><\/span><\/p>\n\t<div id=\"gap-1527311723\" class=\"gap-element clearfix\" style=\"display:block; height:auto;\">\n\t\t\n<style>\n#gap-1527311723 {\n  padding-top: 20px;\n}\n<\/style>\n\t<\/div>\n\t\n\n\n\t\t<\/div>\n\t<\/div>\n\t\n\t\n\n\t\t<\/div>\n\t\t\t\t\n<style>\n#col-1158136260 > .col-inner {\n  border-radius: 50px;\n}\n<\/style>\n\t<\/div>\n\n\t\n\n\t<div id=\"col-2078012140\" class=\"col medium-6 small-12 large-6\"  >\n\t\t\t\t<div class=\"col-inner text-center\"  >\n\t\t\t\n\t\t\t\n\n\n\t\t<div class=\"icon-box featured-box icon-box-center text-center\"  >\n\t\t\t\t\t<div class=\"icon-box-img\" style=\"width: 60px\">\n\t\t\t\t<div class=\"icon\">\n\t\t\t\t\t<div class=\"icon-inner\" >\n\t\t\t\t\t\t<img loading=\"lazy\" decoding=\"async\" width=\"300\" height=\"300\" src=\"https:\/\/crediq.com\/gt\/wp-content\/uploads\/sites\/8\/2022\/07\/5664-300x300.png\" class=\"attachment-medium size-medium\" alt=\"\" srcset=\"https:\/\/crediq.com\/gt\/wp-content\/uploads\/sites\/8\/2022\/07\/5664-300x300.png 300w, https:\/\/crediq.com\/gt\/wp-content\/uploads\/sites\/8\/2022\/07\/5664-150x150.png 150w, https:\/\/crediq.com\/gt\/wp-content\/uploads\/sites\/8\/2022\/07\/5664-100x100.png 100w, https:\/\/crediq.com\/gt\/wp-content\/uploads\/sites\/8\/2022\/07\/5664.png 512w\" sizes=\"auto, (max-width: 300px) 100vw, 300px\" \/>\t\t\t\t\t<\/div>\n\t\t\t\t<\/div>\n\t\t\t<\/div>\n\t\t\t\t<div class=\"icon-box-text last-reset\">\n\t\t\t\t\t\t\t\t\t\n\n<h4>Contacto<\/h4>\n<p>Servicio al cliente: <strong><span style=\"color: #0000ff\"><a style=\"color: #0000ff\" href=\"mailto:clientesgt@crediq.com\">clientesgt@crediq.com<\/a><\/span><\/strong> &#8211; Depto. Cr\u00e9ditos y Cobros: <span style=\"color: #0000ff\"><strong><a style=\"color: #0000ff\" href=\"mailto:cobrosgt@crediq.com\">cobrosgt@crediq.com<\/a><\/strong><\/span><\/p>\n\t<div id=\"gap-916931091\" class=\"gap-element clearfix\" style=\"display:block; height:auto;\">\n\t\t\n<style>\n#gap-916931091 {\n  padding-top: 20px;\n}\n<\/style>\n\t<\/div>\n\t\n\n\n\t\t<\/div>\n\t<\/div>\n\t\n\t\n\n\t\t<\/div>\n\t\t\t\t\n<style>\n#col-2078012140 > .col-inner {\n  border-radius: 50px;\n}\n<\/style>\n\t<\/div>\n\n\t\n\n\n<style>\n#row-756630404 > .col > .col-inner {\n  padding: 40px 40px 40px 40px;\n  background-color: rgb(255,255,255);\n}\n<\/style>\n<\/div>\n\n\t\t<\/div>\n\t\t\t\t\t<\/div>\n\n\t\n\n<\/div>\n\n\t\t<\/div>\n\n\t\t\n<style>\n#section_37143219 {\n  padding-top: 0px;\n  padding-bottom: 0px;\n  background-color: rgb(244, 244, 244);\n}\n<\/style>\n\t<\/section>\n\t\n\n","protected":false},"excerpt":{"rendered":"","protected":false},"author":10,"featured_media":0,"parent":0,"menu_order":6,"comment_status":"closed","ping_status":"closed","template":"page-blank.php","meta":{"_acf_changed":false,"om_disable_all_campaigns":false,"_monsterinsights_skip_tracking":false,"_monsterinsights_sitenote_active":false,"_monsterinsights_sitenote_note":"","_monsterinsights_sitenote_category":0,"footnotes":""},"class_list":["post-3051","page","type-page","status-publish","hentry"],"acf":[],"yoast_head":"<!-- This site is optimized with the Yoast SEO plugin v26.7 - https:\/\/yoast.com\/wordpress\/plugins\/seo\/ -->\n<title>\u00bfD\u00f3nde Pagar? - CrediQ Web GT<\/title>\n<meta name=\"robots\" content=\"index, follow, max-snippet:-1, max-image-preview:large, max-video-preview:-1\" \/>\n<link rel=\"canonical\" href=\"https:\/\/crediq.com\/gt\/donde-pagar\/\" \/>\n<meta property=\"og:locale\" content=\"es_ES\" \/>\n<meta property=\"og:type\" content=\"article\" \/>\n<meta property=\"og:title\" content=\"\u00bfD\u00f3nde Pagar? - CrediQ Web GT\" \/>\n<meta property=\"og:url\" content=\"https:\/\/crediq.com\/gt\/donde-pagar\/\" \/>\n<meta property=\"og:site_name\" content=\"CrediQ Web GT\" \/>\n<meta property=\"article:modified_time\" content=\"2026-02-28T15:40:48+00:00\" \/>\n<meta name=\"twitter:card\" content=\"summary_large_image\" \/>\n<meta name=\"twitter:label1\" content=\"Tiempo de lectura\" \/>\n\t<meta name=\"twitter:data1\" content=\"3 minutos\" \/>\n<script type=\"application\/ld+json\" class=\"yoast-schema-graph\">{\"@context\":\"https:\/\/schema.org\",\"@graph\":[{\"@type\":\"WebPage\",\"@id\":\"https:\/\/crediq.com\/gt\/donde-pagar\/\",\"url\":\"https:\/\/crediq.com\/gt\/donde-pagar\/\",\"name\":\"\u00bfD\u00f3nde Pagar? - CrediQ Web GT\",\"isPartOf\":{\"@id\":\"https:\/\/crediq.com\/gt\/#website\"},\"datePublished\":\"2022-07-19T16:27:26+00:00\",\"dateModified\":\"2026-02-28T15:40:48+00:00\",\"breadcrumb\":{\"@id\":\"https:\/\/crediq.com\/gt\/donde-pagar\/#breadcrumb\"},\"inLanguage\":\"es\",\"potentialAction\":[{\"@type\":\"ReadAction\",\"target\":[\"https:\/\/crediq.com\/gt\/donde-pagar\/\"]}]},{\"@type\":\"BreadcrumbList\",\"@id\":\"https:\/\/crediq.com\/gt\/donde-pagar\/#breadcrumb\",\"itemListElement\":[{\"@type\":\"ListItem\",\"position\":1,\"name\":\"Home\",\"item\":\"https:\/\/crediq.com\/gt\/\"},{\"@type\":\"ListItem\",\"position\":2,\"name\":\"\u00bfD\u00f3nde Pagar?\"}]},{\"@type\":\"WebSite\",\"@id\":\"https:\/\/crediq.com\/gt\/#website\",\"url\":\"https:\/\/crediq.com\/gt\/\",\"name\":\"CrediQ Web GT\",\"description\":\"\",\"potentialAction\":[{\"@type\":\"SearchAction\",\"target\":{\"@type\":\"EntryPoint\",\"urlTemplate\":\"https:\/\/crediq.com\/gt\/?s={search_term_string}\"},\"query-input\":{\"@type\":\"PropertyValueSpecification\",\"valueRequired\":true,\"valueName\":\"search_term_string\"}}],\"inLanguage\":\"es\"}]}<\/script>\n<!-- \/ Yoast SEO plugin. -->","yoast_head_json":{"title":"\u00bfD\u00f3nde Pagar? - CrediQ Web GT","robots":{"index":"index","follow":"follow","max-snippet":"max-snippet:-1","max-image-preview":"max-image-preview:large","max-video-preview":"max-video-preview:-1"},"canonical":"https:\/\/crediq.com\/gt\/donde-pagar\/","og_locale":"es_ES","og_type":"article","og_title":"\u00bfD\u00f3nde Pagar? - CrediQ Web GT","og_url":"https:\/\/crediq.com\/gt\/donde-pagar\/","og_site_name":"CrediQ Web GT","article_modified_time":"2026-02-28T15:40:48+00:00","twitter_card":"summary_large_image","twitter_misc":{"Tiempo de lectura":"3 minutos"},"schema":{"@context":"https:\/\/schema.org","@graph":[{"@type":"WebPage","@id":"https:\/\/crediq.com\/gt\/donde-pagar\/","url":"https:\/\/crediq.com\/gt\/donde-pagar\/","name":"\u00bfD\u00f3nde Pagar? - CrediQ Web GT","isPartOf":{"@id":"https:\/\/crediq.com\/gt\/#website"},"datePublished":"2022-07-19T16:27:26+00:00","dateModified":"2026-02-28T15:40:48+00:00","breadcrumb":{"@id":"https:\/\/crediq.com\/gt\/donde-pagar\/#breadcrumb"},"inLanguage":"es","potentialAction":[{"@type":"ReadAction","target":["https:\/\/crediq.com\/gt\/donde-pagar\/"]}]},{"@type":"BreadcrumbList","@id":"https:\/\/crediq.com\/gt\/donde-pagar\/#breadcrumb","itemListElement":[{"@type":"ListItem","position":1,"name":"Home","item":"https:\/\/crediq.com\/gt\/"},{"@type":"ListItem","position":2,"name":"\u00bfD\u00f3nde Pagar?"}]},{"@type":"WebSite","@id":"https:\/\/crediq.com\/gt\/#website","url":"https:\/\/crediq.com\/gt\/","name":"CrediQ Web GT","description":"","potentialAction":[{"@type":"SearchAction","target":{"@type":"EntryPoint","urlTemplate":"https:\/\/crediq.com\/gt\/?s={search_term_string}"},"query-input":{"@type":"PropertyValueSpecification","valueRequired":true,"valueName":"search_term_string"}}],"inLanguage":"es"}]}},"post_mailing_queue_ids":[],"_links":{"self":[{"href":"https:\/\/crediq.com\/gt\/wp-json\/wp\/v2\/pages\/3051","targetHints":{"allow":["GET"]}}],"collection":[{"href":"https:\/\/crediq.com\/gt\/wp-json\/wp\/v2\/pages"}],"about":[{"href":"https:\/\/crediq.com\/gt\/wp-json\/wp\/v2\/types\/page"}],"author":[{"embeddable":true,"href":"https:\/\/crediq.com\/gt\/wp-json\/wp\/v2\/users\/10"}],"replies":[{"embeddable":true,"href":"https:\/\/crediq.com\/gt\/wp-json\/wp\/v2\/comments?post=3051"}],"version-history":[{"count":19,"href":"https:\/\/crediq.com\/gt\/wp-json\/wp\/v2\/pages\/3051\/revisions"}],"predecessor-version":[{"id":5584,"href":"https:\/\/crediq.com\/gt\/wp-json\/wp\/v2\/pages\/3051\/revisions\/5584"}],"wp:attachment":[{"href":"https:\/\/crediq.com\/gt\/wp-json\/wp\/v2\/media?parent=3051"}],"curies":[{"name":"wp","href":"https:\/\/api.w.org\/{rel}","templated":true}]}}