{"id":4381,"date":"2023-07-24T17:17:28","date_gmt":"2023-07-24T17:17:28","guid":{"rendered":"https:\/\/crediq.com\/gt\/?page_id=4381"},"modified":"2025-12-03T22:54:30","modified_gmt":"2025-12-03T22:54:30","slug":"vehiculos-usados","status":"publish","type":"page","link":"https:\/\/crediq.com\/gt\/vehiculos-usados\/","title":{"rendered":"Veh\u00edculos Usados"},"content":{"rendered":"\n\t\t<div class=\"hidden\">\n\t\t\t\t\n\n<script src=\"https:\/\/code.jquery.com\/jquery-3.6.1.js\" integrity=\"sha256-3zlB5s2uwoUzrXK3BT7AX3FyvojsraNFxCc2vC\/7pNI=\" crossorigin=\"anonymous\"><\/script><br>\n<script src=\"\/\/cdn.jsdelivr.net\/npm\/sweetalert2@11\"><\/script><br>\n<script>\nlet zCatalog = 'Z56';\nlet country = localStorage.getItem(\"current_country\");\nif (country == undefined || country == null || country == \"\") {\n    try{\n        country = location.pathname.split(\"\/\")[1].toUpperCase();\n        if(country != undefined && country != null && country != \"\"){\n            localStorage.setItem(\"current_country\", country);\n        }\n    }catch(e){\n        console.log(e);\n    }\n}\n<\/script>\n\t\t<\/div>\n\t\n\n\t<section class=\"section has-scroll-for-more\" id=\"section_1333269954\">\n\t\t<div class=\"section-bg fill\" >\n\t\t\t<img loading=\"lazy\" decoding=\"async\" width=\"1920\" height=\"1080\" src=\"https:\/\/crediq.com\/gt\/wp-content\/uploads\/sites\/8\/2022\/07\/wer.jpg\" class=\"bg attachment- size-\" alt=\"\" \/>\t\t\t\t\t\t<div class=\"section-bg-overlay absolute fill\"><\/div><button class=\"scroll-for-more z-5 icon absolute bottom h-center\" aria-label=\"Despl\u00e1cese para m\u00e1s\"><i class=\"icon-angle-down\" aria-hidden=\"true\" style=\"font-size:42px;\"><\/i><\/button>\n\t\t\t\n\n\t\t<\/div>\n\n\t\t\n\n\t\t<div class=\"section-content relative\">\n\t\t\t\n\n\t<div id=\"gap-1575927526\" class=\"gap-element clearfix\" style=\"display:block; height:auto;\">\n\t\t\n<style>\n#gap-1575927526 {\n  padding-top: 30px;\n}\n<\/style>\n\t<\/div>\n\t\n\n<div class=\"row align-center\"  id=\"row-95752258\">\n\n\n\t<div id=\"col-1940198387\" class=\"col medium-7 small-12 large-9\"  >\n\t\t\t\t<div class=\"col-inner text-center\"  >\n\t\t\t\n\t\t\t\n\n\t<div id=\"text-2322002029\" class=\"text\">\n\t\t\n\n<h1>Veh\u00edculos Usados<\/h1>\n\t\t\n<style>\n#text-2322002029 {\n  font-size: 1.55rem;\n  color: #1769b7;\n}\n#text-2322002029 > * {\n  color: #1769b7;\n}\n<\/style>\n\t<\/div>\n\t\n\t<div id=\"text-3908917822\" class=\"text\">\n\t\t\n\n<h2><span style=\"font-size: 100%\"><strong>Con el respaldo y confiabilidad de CrediQ<\/strong><\/span><\/h2>\n<p><span style=\"font-size: 120%\">CrediQ te brinda la mejor opci\u00f3n de cr\u00e9dito del mercado para que adquieras el veh\u00edculo usado de tu preferencia, te brindamos flexibilidad en planes de pago hechos a la medida y agilidad en la aprobaci\u00f3n.<\/span><\/p>\n\t\t\n<style>\n#text-3908917822 {\n  font-size: 1.05rem;\n  color: rgb(92, 92, 92);\n}\n#text-3908917822 > * {\n  color: rgb(92, 92, 92);\n}\n<\/style>\n\t<\/div>\n\t\n\n\t\t<\/div>\n\t\t\t\t\t<\/div>\n\n\t\n\n<\/div>\n\n\t\t<\/div>\n\n\t\t\n<style>\n#section_1333269954 {\n  padding-top: 43px;\n  padding-bottom: 43px;\n  background-color: rgb(255,255,255);\n}\n#section_1333269954 .section-bg-overlay {\n  background-color: rgba(255, 255, 255, 0.791);\n}\n#section_1333269954 .section-bg img {\n  object-position: 30% 44%;\n}\n<\/style>\n\t<\/section>\n\t\n\n\t<section class=\"section\" id=\"section_270372281\">\n\t\t<div class=\"section-bg fill\" >\n\t\t\t\t\t\t\t\t\t\n\t\t\t\n\n\t\t<\/div>\n\n\t\t\n\n\t\t<div class=\"section-content relative\">\n\t\t\t\n\n\t<div id=\"gap-744849339\" class=\"gap-element clearfix\" style=\"display:block; height:auto;\">\n\t\t\n<style>\n#gap-744849339 {\n  padding-top: 52px;\n}\n<\/style>\n\t<\/div>\n\t\n\n<div class=\"row align-center\"  id=\"row-1064155102\">\n\n\n\t<div id=\"col-1252632445\" class=\"col medium-9 small-12 large-9\"  >\n\t\t\t\t<div class=\"col-inner text-center\"  >\n\t\t\t\n\t\t\t\n\n\t<div id=\"text-4186772876\" class=\"text\">\n\t\t\n\n<h2><strong>Financiamiento &#8211; Veh\u00edculos Usados<\/strong><\/h2>\n\t\t\n<style>\n#text-4186772876 {\n  font-size: 1.05rem;\n  color: #1769b7;\n}\n#text-4186772876 > * {\n  color: #1769b7;\n}\n<\/style>\n\t<\/div>\n\t\n\t<div id=\"text-317673118\" class=\"text\">\n\t\t\n\n<p>CrediQ hoy en d\u00eda es la financiera l\u00edder en la regi\u00f3n de las prestigiosas marcas de GrupoQ. Somos un equipo de profesionales que diariamente nos esforzamos por brindarte soluciones financieras a la medida, para garantizar la satisfacci\u00f3n y lealtad de nuestros clientes.<\/p>\n\t\t\n<style>\n#text-317673118 {\n  font-size: 1.05rem;\n}\n<\/style>\n\t<\/div>\n\t\n\n\t\t<\/div>\n\t\t\t\t\t<\/div>\n\n\t\n\n<\/div>\n<div class=\"row\"  id=\"row-307172272\">\n\n\n\t<div id=\"col-2123301856\" class=\"col medium-6 small-12 large-6\"  >\n\t\t\t\t<div class=\"col-inner\"  >\n\t\t\t\n\t\t\t\n\n\t<div id=\"text-458983386\" class=\"text\">\n\t\t\n\n<h3><span data-text-color=\"primary\">Beneficios<\/span><\/h3>\n<ul>\n<li>Aprobaci\u00f3n desde 6 horas.<\/li>\n<li>Cr\u00e9dito \u00e1gil en el an\u00e1lisis con documentaci\u00f3n m\u00ednima.<\/li>\n<li>Enganche desde el 10%.<\/li>\n<li>Plazo de financiamiento hasta 96 meses.<\/li>\n<li>Puede adicionar un deudor\/co-deudor para cumplir con el m\u00ednimo de ingresos.<\/li>\n<li>Tasas de inter\u00e9s competitivas.<\/li>\n<li>Seguro de veh\u00edculo incluido: con todas las coberturas.<\/li>\n<\/ul>\n\t\t\n<style>\n#text-458983386 {\n  font-size: 1.05rem;\n}\n<\/style>\n\t<\/div>\n\t\n\n\t\t<\/div>\n\t\t\t\t\t<\/div>\n\n\t\n\n\t<div id=\"col-2093516193\" class=\"col medium-6 small-12 large-6\"  >\n\t\t\t\t<div class=\"col-inner dark\" style=\"background-color:rgb(208, 23, 26);\" >\n\t\t\t\n\t\t\t\n\n\t<div id=\"text-1620994856\" class=\"text\">\n\t\t\n\n<h3>Beneficios solo con CrediQ<\/h3>\n<ul>\n<li>Facilidad de cambios en fechas de pago.<\/li>\n<li>No hay penalidad por pagos extraordinarios o cancelaciones anticipadas.<\/li>\n<li>Servicio personalizado.<\/li>\n<li>Financiamiento de gastos.<\/li>\n<\/ul>\n\t\t\n<style>\n#text-1620994856 {\n  font-size: 1.05rem;\n}\n<\/style>\n\t<\/div>\n\t\n\n\t\t<\/div>\n\t\t\t\t\n<style>\n#col-2093516193 > .col-inner {\n  padding: 30px 20px 20px 46px;\n  border-radius: 45px;\n}\n<\/style>\n\t<\/div>\n\n\t\n\n<\/div>\n<div class=\"row\"  id=\"row-316184084\">\n\n\n\t<div id=\"col-1191023237\" class=\"col medium-6 small-12 large-6\"  >\n\t\t\t\t<div class=\"col-inner\"  >\n\t\t\t\n\t\t\t\n\n\t<div id=\"text-2529338623\" class=\"text\">\n\t\t\n\n<h3><span data-text-color=\"primary\">Requisitos Particulares<\/span><\/h3>\n<p>Persona natural (Asalariados Comerciantes \/ Profesionales Independientes).<\/p>\n\t\t\n<style>\n#text-2529338623 {\n  font-size: 1.05rem;\n}\n<\/style>\n\t<\/div>\n\t\n<div class=\"accordion\">\n\n\t<div id=\"accordion-4258245502\" class=\"accordion-item\">\n\t\t<a id=\"accordion-4258245502-label\" class=\"accordion-title plain\" href=\"#accordion-item-asalariados-\/-empleados-formales\" aria-expanded=\"false\" aria-controls=\"accordion-4258245502-content\">\n\t\t\t<button class=\"toggle\" aria-label=\"Toggle\"><i class=\"icon-angle-down\" aria-hidden=\"true\"><\/i><\/button>\n\t\t\t<span>Asalariados \/ Empleados Formales<\/span>\n\t\t<\/a>\n\t\t<div id=\"accordion-4258245502-content\" class=\"accordion-inner\" aria-labelledby=\"accordion-4258245502-label\">\n\t\t\t\n\n<ul>\n<li>Copia de DPI.<\/li>\n<li>Constancia de RTU.<\/li>\n<li>Fotocopia pasaporte o residencia permanente (para extranjeros).<\/li>\n<li>Fotocopia de \u00faltimo recibo de Agua o luz.<\/li>\n<li>Constancia de ingresos con fecha de inicio de labores y puesto (30 d\u00edas de vigencia).<\/li>\n<li>Estado de cuenta bancarios de los \u00faltimos 3 meses.<\/li>\n<\/ul>\n<p>*Documentaci\u00f3n adicional sujeta a an\u00e1lisis crediticio.<\/p>\n\n\t\t<\/div>\n\t<\/div>\n\t\n\t<div id=\"accordion-2338416419\" class=\"accordion-item\">\n\t\t<a id=\"accordion-2338416419-label\" class=\"accordion-title plain\" href=\"#accordion-item-comerciantes-\/-profesionales-independientes\" aria-expanded=\"false\" aria-controls=\"accordion-2338416419-content\">\n\t\t\t<button class=\"toggle\" aria-label=\"Toggle\"><i class=\"icon-angle-down\" aria-hidden=\"true\"><\/i><\/button>\n\t\t\t<span>Comerciantes \/ Profesionales Independientes<\/span>\n\t\t<\/a>\n\t\t<div id=\"accordion-2338416419-content\" class=\"accordion-inner\" aria-labelledby=\"accordion-2338416419-label\">\n\t\t\t\n\n<ul>\n<li>Copia de DPI.<\/li>\n<li>Constancia de RTU.<\/li>\n<li>Fotocopia pasaporte o residencia permanente (para extranjeros).<\/li>\n<li>Fotocopia de \u00faltimo recibo de Agua o luz.<\/li>\n<li>Certificaci\u00f3n contable con fecha de inicio de operaciones (30 d\u00edas de vigencia).<\/li>\n<li>Estado de cuenta bancarios de los \u00faltimos 3 meses.<\/li>\n<li>Patente.<\/li>\n<\/ul>\n<p>*Documentaci\u00f3n adicional sujeta a an\u00e1lisis crediticio.<\/p>\n\n\t\t<\/div>\n\t<\/div>\n\t\n\t<div id=\"accordion-2052523236\" class=\"accordion-item\">\n\t\t<a id=\"accordion-2052523236-label\" class=\"accordion-title plain\" href=\"#accordion-item-negocios-informales\" aria-expanded=\"false\" aria-controls=\"accordion-2052523236-content\">\n\t\t\t<button class=\"toggle\" aria-label=\"Toggle\"><i class=\"icon-angle-down\" aria-hidden=\"true\"><\/i><\/button>\n\t\t\t<span>Negocios Informales<\/span>\n\t\t<\/a>\n\t\t<div id=\"accordion-2052523236-content\" class=\"accordion-inner\" aria-labelledby=\"accordion-2052523236-label\">\n\t\t\t\n\n<ul>\n<li>DPI, si es extranjero Pasaporte completo o constancia de residencia permanente<\/li>\n<li>Constancia de RTU (NIT)<\/li>\n<li>Recibo de servicios p\u00fablicos (2\u2028meses antig\u00fcedad)<\/li>\n<li>Estados de cuenta bancaria 3 meses\u2028(si tuviera disponible)<\/li>\n<li>Certificaci\u00f3n contable (con no m\u00e1s de 60 d\u00edas de haberse emitida)<\/li>\n<\/ul>\n<p><span style=\"font-size: 80%;\">*Documentaci\u00f3n adicional sujeta a an\u00e1lisis crediticio.<\/span><\/p>\n\n\t\t<\/div>\n\t<\/div>\n\t\n\n<\/div>\n\n\t\t<\/div>\n\t\t\t\t\t<\/div>\n\n\t\n\n\t<div id=\"col-2079009502\" class=\"col medium-6 small-12 large-6\"  >\n\t\t\t\t<div class=\"col-inner\"  >\n\t\t\t\n\t\t\t\n\n\t<div id=\"text-1719115853\" class=\"text\">\n\t\t\n\n<h3><span data-text-color=\"primary\">Requisitos Empresas<\/span><\/h3>\n<p>Persona Jur\u00eddica<\/p>\n\t\t\n<style>\n#text-1719115853 {\n  font-size: 1.05rem;\n}\n<\/style>\n\t<\/div>\n\t\n<div class=\"accordion\">\n\n\t<div id=\"accordion-2114310834\" class=\"accordion-item\">\n\t\t<a id=\"accordion-2114310834-label\" class=\"accordion-title plain\" href=\"#accordion-item-persona-jur\u00eddica\" aria-expanded=\"false\" aria-controls=\"accordion-2114310834-content\">\n\t\t\t<button class=\"toggle\" aria-label=\"Toggle\"><i class=\"icon-angle-down\" aria-hidden=\"true\"><\/i><\/button>\n\t\t\t<span>Persona Jur\u00eddica<\/span>\n\t\t<\/a>\n\t\t<div id=\"accordion-2114310834-content\" class=\"accordion-inner\" aria-labelledby=\"accordion-2114310834-label\">\n\t\t\t\n\n<ul>\n<li>Copia de acta de constituci\u00f3n de la empresa.<\/li>\n<li>Solicitud de cr\u00e9dito llena y firmada.<\/li>\n<li>Fotocopia de inscripci\u00f3n de representante legal.<\/li>\n<li>Fotocopia fotocopia de RTU.<\/li>\n<li>Fotocopia de \u00faltimo recibo de agua o luz.<\/li>\n<li>Patente de comercio y sociedad.<\/li>\n<li>Estados Financieros (Balance General y Estado de Resultados) de los \u00faltimos dos cierres contables.<\/li>\n<li>Declaraciones de IVA del \u00faltimo a\u00f1o.<\/li>\n<li>Estado de cuenta bancario con sello de la instituci\u00f3n, \u00faltimos 6 meses.<\/li>\n<\/ul>\n<p>*Documentaci\u00f3n adicional sujeta a an\u00e1lisis crediticio.<\/p>\n\n\t\t<\/div>\n\t<\/div>\n\t\n\n<\/div>\n\t<div id=\"gap-571321586\" class=\"gap-element clearfix\" style=\"display:block; height:auto;\">\n\t\t\n<style>\n#gap-571321586 {\n  padding-top: 20px;\n}\n<\/style>\n\t<\/div>\n\t\n\n<a href=\"#preaprobar\" class=\"button secondary hidden\" style=\"border-radius:99px;\">\n\t\t<span>solicita tu cr\u00e9dito<\/span>\n\t<i class=\"icon-angle-down\" aria-hidden=\"true\"><\/i><\/a>\n\n\n<a href=\"https:\/\/digital.crediq.com\/calcula-tu-credito\/\" class=\"button primary hidden\" style=\"border-radius:99px;\">\n\t\t<span>calcula tu cr\u00e9dito<\/span>\n\t<i class=\"icon-angle-right\" aria-hidden=\"true\"><\/i><\/a>\n\n\n\n\t\t<\/div>\n\t\t\t\t\t<\/div>\n\n\t\n\n<\/div>\n\n\t\t<\/div>\n\n\t\t\n<style>\n#section_270372281 {\n  padding-top: 0px;\n  padding-bottom: 0px;\n}\n<\/style>\n\t<\/section>\n\t\n\n\n\n\n\t<section class=\"section\" id=\"section_1531756243\">\n\t\t<div class=\"section-bg fill\" >\n\t\t\t\t\t\t\t\t\t\n\t\t\t\n\n\t\t<\/div>\n\n\t\t\n\n\t\t<div class=\"section-content relative\">\n\t\t\t\n\n<div class=\"row align-center\"  id=\"row-1705791886\">\n\n\n\t<div id=\"col-1792084341\" class=\"col medium-11 small-12 large-11\"  >\n\t\t\t\t<div class=\"col-inner\"  >\n\t\t\t\n\t\t\t\n\n\t<div id=\"gap-2008196406\" class=\"gap-element clearfix\" style=\"display:block; height:auto;\">\n\t\t\n<style>\n#gap-2008196406 {\n  padding-top: 28px;\n}\n@media (min-width:550px) {\n  #gap-2008196406 {\n    padding-top: 50px;\n  }\n}\n<\/style>\n\t<\/div>\n\t\n\n\t<div id=\"text-2037083468\" class=\"text\">\n\t\t\n\n<h2><span data-text-color=\"primary\"><strong>Cont\u00e1ctanos<\/strong><\/span><\/h2>\n<p class=\"p1\">Solicita informaci\u00f3n de nuestros puntos de contacto, lugares y medios de recepci\u00f3n de pagos, as\u00ed como informaci\u00f3n de tu seguro y otras consultas generales.<\/p>\n\t\t\n<style>\n#text-2037083468 {\n  font-size: 1.05rem;\n  text-align: center;\n}\n@media (min-width:550px) {\n  #text-2037083468 {\n    font-size: 1.05rem;\n  }\n}\n<\/style>\n\t<\/div>\n\t\n<div class=\"row align-equal\"  id=\"row-600969377\">\n\n\n\t<div id=\"col-2100518684\" class=\"col medium-6 small-12 large-6\"  >\n\t\t\t\t<div class=\"col-inner text-center\"  >\n\t\t\t\n\t\t\t\n\n\n\t\t<div class=\"icon-box featured-box icon-box-center text-center\"  >\n\t\t\t\t\t<div class=\"icon-box-img\" style=\"width: 60px\">\n\t\t\t\t<div class=\"icon\">\n\t\t\t\t\t<div class=\"icon-inner\" style=\"color:rgb(24, 106, 184);\">\n\t\t\t\t\t\t<img loading=\"lazy\" decoding=\"async\" width=\"300\" height=\"300\" src=\"https:\/\/crediq.com\/gt\/wp-content\/uploads\/sites\/8\/2022\/09\/WhatsApp-300x300.png\" class=\"attachment-medium size-medium\" alt=\"\" srcset=\"https:\/\/crediq.com\/gt\/wp-content\/uploads\/sites\/8\/2022\/09\/WhatsApp-300x300.png 300w, https:\/\/crediq.com\/gt\/wp-content\/uploads\/sites\/8\/2022\/09\/WhatsApp-1024x1024.png 1024w, https:\/\/crediq.com\/gt\/wp-content\/uploads\/sites\/8\/2022\/09\/WhatsApp-150x150.png 150w, https:\/\/crediq.com\/gt\/wp-content\/uploads\/sites\/8\/2022\/09\/WhatsApp-768x768.png 768w, https:\/\/crediq.com\/gt\/wp-content\/uploads\/sites\/8\/2022\/09\/WhatsApp-600x600.png 600w, https:\/\/crediq.com\/gt\/wp-content\/uploads\/sites\/8\/2022\/09\/WhatsApp-100x100.png 100w, https:\/\/crediq.com\/gt\/wp-content\/uploads\/sites\/8\/2022\/09\/WhatsApp.png 1500w\" sizes=\"auto, (max-width: 300px) 100vw, 300px\" \/>\t\t\t\t\t<\/div>\n\t\t\t\t<\/div>\n\t\t\t<\/div>\n\t\t\t\t<div class=\"icon-box-text last-reset\">\n\t\t\t\t\t\t\t\t\t\n\n<h4>WhatsApp Usados<\/h4>\n<p>Realiza tus consultas o solicita ayuda con asesor de servicio al cliente por medio de nuestro WhatsApp.<\/p>\n\t<div id=\"gap-524164489\" class=\"gap-element clearfix\" style=\"display:block; height:auto;\">\n\t\t\n<style>\n#gap-524164489 {\n  padding-top: 20px;\n}\n<\/style>\n\t<\/div>\n\t\n\n<a href=\"https:\/\/api.whatsapp.com\/send?phone=502%20%2066749200&#038;text=Asistente%20Virtual%20CrediQ\" class=\"button secondary\" style=\"border-radius:99px;\">\n\t<i class=\"icon-phone\" aria-hidden=\"true\"><\/i>\t<span>2323 3100<\/span>\n\t<\/a>\n\n\n\n\t\t<\/div>\n\t<\/div>\n\t\n\t\n\n\t\t<\/div>\n\t\t\t\t\n<style>\n#col-2100518684 > .col-inner {\n  border-radius: 50px;\n}\n<\/style>\n\t<\/div>\n\n\t\n\n\t<div id=\"col-1633344753\" class=\"col medium-6 small-12 large-6\"  >\n\t\t\t\t<div class=\"col-inner text-center\"  >\n\t\t\t\n\t\t\t\n\n\n\t\t<div class=\"icon-box featured-box icon-box-center text-center\"  >\n\t\t\t\t\t<div class=\"icon-box-img\" style=\"width: 60px\">\n\t\t\t\t<div class=\"icon\">\n\t\t\t\t\t<div class=\"icon-inner\" >\n\t\t\t\t\t\t<img loading=\"lazy\" decoding=\"async\" width=\"300\" height=\"300\" src=\"https:\/\/crediq.com\/gt\/wp-content\/uploads\/sites\/8\/2022\/07\/5664-300x300.png\" class=\"attachment-medium size-medium\" alt=\"\" srcset=\"https:\/\/crediq.com\/gt\/wp-content\/uploads\/sites\/8\/2022\/07\/5664-300x300.png 300w, https:\/\/crediq.com\/gt\/wp-content\/uploads\/sites\/8\/2022\/07\/5664-150x150.png 150w, https:\/\/crediq.com\/gt\/wp-content\/uploads\/sites\/8\/2022\/07\/5664-100x100.png 100w, https:\/\/crediq.com\/gt\/wp-content\/uploads\/sites\/8\/2022\/07\/5664.png 512w\" sizes=\"auto, (max-width: 300px) 100vw, 300px\" \/>\t\t\t\t\t<\/div>\n\t\t\t\t<\/div>\n\t\t\t<\/div>\n\t\t\t\t<div class=\"icon-box-text last-reset\">\n\t\t\t\t\t\t\t\t\t\n\n<h4>Atenci\u00f3n al Cliente<\/h4>\n<p>Nos puedes contactar por diferentes medios con la mejor disposici\u00f3n y flexibilidad de atenci\u00f3n.<\/p>\n\t<div id=\"gap-526182216\" class=\"gap-element clearfix\" style=\"display:block; height:auto;\">\n\t\t\n<style>\n#gap-526182216 {\n  padding-top: 20px;\n}\n<\/style>\n\t<\/div>\n\t\n\n\n\t\t<\/div>\n\t<\/div>\n\t\n\t\n<a href=\"\/sv\/contactanos\/\" class=\"button secondary lowercase\" style=\"border-radius:99px;\">\n\t<i class=\"icon-user\" aria-hidden=\"true\"><\/i>\t<span>Contactar<\/span>\n\t<\/a>\n\n\n\n\t\t<\/div>\n\t\t\t\t\n<style>\n#col-1633344753 > .col-inner {\n  border-radius: 50px;\n}\n<\/style>\n\t<\/div>\n\n\t\n\n\n<style>\n#row-600969377 > .col > .col-inner {\n  padding: 40px 40px 40px 40px;\n  background-color: rgb(255,255,255);\n}\n<\/style>\n<\/div>\n\n\t\t<\/div>\n\t\t\t\t\t<\/div>\n\n\t\n\n<\/div>\n\n\t\t<\/div>\n\n\t\t\n<style>\n#section_1531756243 {\n  padding-top: 0px;\n  padding-bottom: 0px;\n  background-color: rgb(244, 244, 244);\n}\n<\/style>\n\t<\/section>\n\t\n\n\n\n<script type=\"text\/javascript\">\n$(document).ready(function(){\ncargarCatalogosPrecalificado();\n\tlocalStorage.setItem('origen', 'Z17');\n});\n<\/script>\n","protected":false},"excerpt":{"rendered":"","protected":false},"author":1,"featured_media":0,"parent":0,"menu_order":0,"comment_status":"closed","ping_status":"closed","template":"page-blank.php","meta":{"_acf_changed":false,"om_disable_all_campaigns":false,"_monsterinsights_skip_tracking":false,"_monsterinsights_sitenote_active":false,"_monsterinsights_sitenote_note":"","_monsterinsights_sitenote_category":0,"footnotes":""},"class_list":["post-4381","page","type-page","status-publish","hentry"],"acf":[],"yoast_head":"<!-- This site is optimized with the Yoast SEO plugin v26.7 - https:\/\/yoast.com\/wordpress\/plugins\/seo\/ -->\n<title>Veh\u00edculos Usados - CrediQ Web GT<\/title>\n<meta name=\"robots\" content=\"index, follow, max-snippet:-1, max-image-preview:large, max-video-preview:-1\" \/>\n<link rel=\"canonical\" href=\"https:\/\/crediq.com\/gt\/vehiculos-usados\/\" \/>\n<meta property=\"og:locale\" content=\"es_ES\" \/>\n<meta property=\"og:type\" content=\"article\" \/>\n<meta property=\"og:title\" content=\"Veh\u00edculos Usados - CrediQ Web GT\" \/>\n<meta property=\"og:url\" content=\"https:\/\/crediq.com\/gt\/vehiculos-usados\/\" \/>\n<meta property=\"og:site_name\" content=\"CrediQ Web GT\" \/>\n<meta property=\"article:modified_time\" content=\"2025-12-03T22:54:30+00:00\" \/>\n<meta name=\"twitter:card\" content=\"summary_large_image\" \/>\n<meta name=\"twitter:label1\" content=\"Tiempo de lectura\" \/>\n\t<meta name=\"twitter:data1\" content=\"4 minutos\" \/>\n<script type=\"application\/ld+json\" class=\"yoast-schema-graph\">{\"@context\":\"https:\/\/schema.org\",\"@graph\":[{\"@type\":\"WebPage\",\"@id\":\"https:\/\/crediq.com\/gt\/vehiculos-usados\/\",\"url\":\"https:\/\/crediq.com\/gt\/vehiculos-usados\/\",\"name\":\"Veh\u00edculos Usados - CrediQ Web GT\",\"isPartOf\":{\"@id\":\"https:\/\/crediq.com\/gt\/#website\"},\"datePublished\":\"2023-07-24T17:17:28+00:00\",\"dateModified\":\"2025-12-03T22:54:30+00:00\",\"breadcrumb\":{\"@id\":\"https:\/\/crediq.com\/gt\/vehiculos-usados\/#breadcrumb\"},\"inLanguage\":\"es\",\"potentialAction\":[{\"@type\":\"ReadAction\",\"target\":[\"https:\/\/crediq.com\/gt\/vehiculos-usados\/\"]}]},{\"@type\":\"BreadcrumbList\",\"@id\":\"https:\/\/crediq.com\/gt\/vehiculos-usados\/#breadcrumb\",\"itemListElement\":[{\"@type\":\"ListItem\",\"position\":1,\"name\":\"Home\",\"item\":\"https:\/\/crediq.com\/gt\/\"},{\"@type\":\"ListItem\",\"position\":2,\"name\":\"Veh\u00edculos Usados\"}]},{\"@type\":\"WebSite\",\"@id\":\"https:\/\/crediq.com\/gt\/#website\",\"url\":\"https:\/\/crediq.com\/gt\/\",\"name\":\"CrediQ Web GT\",\"description\":\"\",\"potentialAction\":[{\"@type\":\"SearchAction\",\"target\":{\"@type\":\"EntryPoint\",\"urlTemplate\":\"https:\/\/crediq.com\/gt\/?s={search_term_string}\"},\"query-input\":{\"@type\":\"PropertyValueSpecification\",\"valueRequired\":true,\"valueName\":\"search_term_string\"}}],\"inLanguage\":\"es\"}]}<\/script>\n<!-- \/ Yoast SEO plugin. -->","yoast_head_json":{"title":"Veh\u00edculos Usados - CrediQ Web GT","robots":{"index":"index","follow":"follow","max-snippet":"max-snippet:-1","max-image-preview":"max-image-preview:large","max-video-preview":"max-video-preview:-1"},"canonical":"https:\/\/crediq.com\/gt\/vehiculos-usados\/","og_locale":"es_ES","og_type":"article","og_title":"Veh\u00edculos Usados - CrediQ Web GT","og_url":"https:\/\/crediq.com\/gt\/vehiculos-usados\/","og_site_name":"CrediQ Web GT","article_modified_time":"2025-12-03T22:54:30+00:00","twitter_card":"summary_large_image","twitter_misc":{"Tiempo de lectura":"4 minutos"},"schema":{"@context":"https:\/\/schema.org","@graph":[{"@type":"WebPage","@id":"https:\/\/crediq.com\/gt\/vehiculos-usados\/","url":"https:\/\/crediq.com\/gt\/vehiculos-usados\/","name":"Veh\u00edculos Usados - CrediQ Web GT","isPartOf":{"@id":"https:\/\/crediq.com\/gt\/#website"},"datePublished":"2023-07-24T17:17:28+00:00","dateModified":"2025-12-03T22:54:30+00:00","breadcrumb":{"@id":"https:\/\/crediq.com\/gt\/vehiculos-usados\/#breadcrumb"},"inLanguage":"es","potentialAction":[{"@type":"ReadAction","target":["https:\/\/crediq.com\/gt\/vehiculos-usados\/"]}]},{"@type":"BreadcrumbList","@id":"https:\/\/crediq.com\/gt\/vehiculos-usados\/#breadcrumb","itemListElement":[{"@type":"ListItem","position":1,"name":"Home","item":"https:\/\/crediq.com\/gt\/"},{"@type":"ListItem","position":2,"name":"Veh\u00edculos Usados"}]},{"@type":"WebSite","@id":"https:\/\/crediq.com\/gt\/#website","url":"https:\/\/crediq.com\/gt\/","name":"CrediQ Web GT","description":"","potentialAction":[{"@type":"SearchAction","target":{"@type":"EntryPoint","urlTemplate":"https:\/\/crediq.com\/gt\/?s={search_term_string}"},"query-input":{"@type":"PropertyValueSpecification","valueRequired":true,"valueName":"search_term_string"}}],"inLanguage":"es"}]}},"post_mailing_queue_ids":[],"_links":{"self":[{"href":"https:\/\/crediq.com\/gt\/wp-json\/wp\/v2\/pages\/4381","targetHints":{"allow":["GET"]}}],"collection":[{"href":"https:\/\/crediq.com\/gt\/wp-json\/wp\/v2\/pages"}],"about":[{"href":"https:\/\/crediq.com\/gt\/wp-json\/wp\/v2\/types\/page"}],"author":[{"embeddable":true,"href":"https:\/\/crediq.com\/gt\/wp-json\/wp\/v2\/users\/1"}],"replies":[{"embeddable":true,"href":"https:\/\/crediq.com\/gt\/wp-json\/wp\/v2\/comments?post=4381"}],"version-history":[{"count":13,"href":"https:\/\/crediq.com\/gt\/wp-json\/wp\/v2\/pages\/4381\/revisions"}],"predecessor-version":[{"id":5362,"href":"https:\/\/crediq.com\/gt\/wp-json\/wp\/v2\/pages\/4381\/revisions\/5362"}],"wp:attachment":[{"href":"https:\/\/crediq.com\/gt\/wp-json\/wp\/v2\/media?parent=4381"}],"curies":[{"name":"wp","href":"https:\/\/api.w.org\/{rel}","templated":true}]}}