{"id":3043,"date":"2022-07-19T16:24:39","date_gmt":"2022-07-19T16:24:39","guid":{"rendered":"https:\/\/demo2.loces.dev\/?page_id=3043"},"modified":"2025-01-28T21:30:45","modified_gmt":"2025-01-28T21:30:45","slug":"productos-personas","status":"publish","type":"page","link":"https:\/\/crediq.com\/hn\/productos-personas\/","title":{"rendered":"Productos Personas"},"content":{"rendered":"\n\n\t<section class=\"section\" id=\"section_400060687\">\n\t\t<div class=\"section-bg fill\" >\n\t\t\t\t\t\t\t\t\t\n\t\t\t\n\n\t\t<\/div>\n\n\t\t\n\n\t\t<div class=\"section-content relative\">\n\t\t\t\n\n<div class=\"row row-collapse row-full-width align-middle\"  id=\"row-1232945526\">\n\n\n\t<div id=\"col-1794773313\" class=\"col medium-12 large-6\"  >\n\t\t\t\t<div class=\"col-inner\"  >\n\t\t\t\n\t\t\t\n\n\n  <div class=\"banner has-hover\" id=\"banner-2092208323\">\n          <div class=\"banner-inner fill\">\n        <div class=\"banner-bg fill\" >\n            <img loading=\"lazy\" decoding=\"async\" width=\"1920\" height=\"1080\" src=\"https:\/\/crediq.com\/hn\/wp-content\/uploads\/sites\/4\/2025\/01\/producto-para-personas.png\" class=\"bg attachment-original size-original\" alt=\"\" \/>                                    \n                    <\/div>\n\t\t\n        <div class=\"banner-layers container\">\n            <div class=\"fill banner-link\"><\/div>            \n\n\n        <\/div>\n      <\/div>\n\n            \n<style>\n#banner-2092208323 {\n  padding-top: 300px;\n  background-color: rgb(255,255,255);\n}\n#banner-2092208323 .banner-bg img {\n  object-position: 47% 30%;\n}\n@media (min-width:550px) {\n  #banner-2092208323 {\n    padding-top: 500px;\n  }\n}\n@media (min-width:850px) {\n  #banner-2092208323 {\n    padding-top: 600px;\n  }\n}\n<\/style>\n  <\/div>\n\n\n\n\t\t<\/div>\n\t\t\t\t\t<\/div>\n\n\t\n\n\t<div id=\"col-1570851150\" class=\"col medium-12 large-6\"  >\n\t\t\t\t<div class=\"col-inner\"  >\n\t\t\t\n\t\t\t\n\n\t<div id=\"gap-1915725620\" class=\"gap-element clearfix\" style=\"display:block; height:auto;\">\n\t\t\n<style>\n#gap-1915725620 {\n  padding-top: 30px;\n}\n<\/style>\n\t<\/div>\n\t\n\n\t<div id=\"text-1671957574\" class=\"text\">\n\t\t\n\n<h1>Productos para Personas<\/h1>\n\t\t\n<style>\n#text-1671957574 {\n  font-size: 1.05rem;\n  line-height: 1;\n  color: #1769b7;\n}\n#text-1671957574 > * {\n  color: #1769b7;\n}\n<\/style>\n\t<\/div>\n\t\n\t<div id=\"text-2912852206\" class=\"text\">\n\t\t\n\n<p><strong>Los mejores productos financieros del mercado para que adquieras el veh\u00edculo de tu preferencia. Con Flexibilidad en planes de pago y agilidad en la aprobaci\u00f3n.<\/strong><\/p>\n<p>CrediQ es la respuesta para el financiamiento del veh\u00edculo que siempre so\u00f1aste. Usado o Nuevo, tu escoges el veh\u00edculo que mejor se acomode a tus necesidades, nosotros te financiamos con el plan que se ajuste a tu bolsillo.<\/p>\n\t\t\n<style>\n#text-2912852206 {\n  font-size: 1.05rem;\n}\n<\/style>\n\t<\/div>\n\t\n<a href=\"https:\/\/crediq.com\/hn\/precalificacion\" class=\"button secondary\" style=\"border-radius:99px;\">\n\t\t<span>cotizar ahora<\/span>\n\t<\/a>\n\n\n\n\t\t<\/div>\n\t\t\t\t\n<style>\n#col-1570851150 > .col-inner {\n  padding: 20px 20px 20px 20px;\n}\n@media (min-width:550px) {\n  #col-1570851150 > .col-inner {\n    padding: 30px 50px 40px 50px;\n  }\n}\n@media (min-width:850px) {\n  #col-1570851150 > .col-inner {\n    padding: 0px 20% 0px 15%;\n  }\n}\n<\/style>\n\t<\/div>\n\n\t\n\n<\/div>\n\n\t\t<\/div>\n\n\t\t\n<style>\n#section_400060687 {\n  padding-top: 0px;\n  padding-bottom: 0px;\n}\n<\/style>\n\t<\/section>\n\t\n\n\t<section class=\"section\" id=\"section_6532487\">\n\t\t<div class=\"section-bg fill\" >\n\t\t\t\t\t\t\t\t\t\n\t\t\t\n\n\t\t<\/div>\n\n\t\t\n\n\t\t<div class=\"section-content relative\">\n\t\t\t\n\n\n  <div class=\"banner has-hover\" id=\"banner-621266445\">\n          <div class=\"banner-inner fill\">\n        <div class=\"banner-bg fill\" >\n                                                \n                    <\/div>\n\t\t\n        <div class=\"banner-layers container\">\n            <div class=\"fill banner-link\"><\/div>            \n\n   <div id=\"text-box-945395606\" class=\"text-box banner-layer x50 md-x50 lg-x50 y50 md-y50 lg-y50 res-text\">\n                                <div class=\"text-box-content text dark\">\n              \n              <div class=\"text-inner text-center\">\n                  \n\n\t<div id=\"text-4271590306\" class=\"text\">\n\t\t\n\n<h3><span style=\"font-size: 100%\"><strong>Soluciones Financieras<\/strong><\/span><\/h3>\n<p>Somos un equipo de profesionales que diariamente nos esforzamos por brindarte soluciones financieras a la medida, para garantizar la satisfacci\u00f3n y lealtad de nuestros clientes.<\/p>\n\t\t\n<style>\n#text-4271590306 {\n  font-size: 1.05rem;\n}\n<\/style>\n\t<\/div>\n\t\n\n              <\/div>\n           <\/div>\n                            \n<style>\n#text-box-945395606 {\n  width: 74%;\n}\n#text-box-945395606 .text-box-content {\n  font-size: 100%;\n}\n<\/style>\n    <\/div>\n \n\n        <\/div>\n      <\/div>\n\n            \n<style>\n#banner-621266445 {\n  padding-top: 82%;\n}\n@media (min-width:550px) {\n  #banner-621266445 {\n    padding-top: 15%;\n  }\n}\n<\/style>\n  <\/div>\n\n\n\t<div id=\"gap-10460382\" class=\"gap-element clearfix\" style=\"display:block; height:auto;\">\n\t\t\n<style>\n#gap-10460382 {\n  padding-top: 60px;\n}\n<\/style>\n\t<\/div>\n\t\n\n<div class=\"row\" style=\"max-width:1300px\" id=\"row-1262341252\">\n\n\n\t<div id=\"col-1183233958\" class=\"col small-12 large-12\"  >\n\t\t\t\t<div class=\"col-inner text-center\"  >\n\t\t\t\n\t\t\t\n\n\t<div id=\"text-2506469993\" class=\"text\">\n\t\t\n\n<h1><span data-text-color=\"primary\">Para tu veh\u00edculo personal<\/span><\/h1>\n<p>Haz realidad tu sue\u00f1o de adquirir un veh\u00edculo o una moto, gracias a nuestras opciones de financiamiento.<\/p>\n\t\t\n<style>\n#text-2506469993 {\n  font-size: 1.05rem;\n}\n<\/style>\n\t<\/div>\n\t\n\n\t\t<\/div>\n\t\t\t\t\t<\/div>\n\n\t\n\n<\/div>\n\n\t\t<\/div>\n\n\t\t\n<style>\n#section_6532487 {\n  padding-top: 0px;\n  padding-bottom: 0px;\n}\n<\/style>\n\t<\/section>\n\t\n\n\t<section class=\"section\" id=\"section_994056760\">\n\t\t<div class=\"section-bg fill\" >\n\t\t\t\t\t\t\t\t\t\n\t\t\t\n\n\t\t<\/div>\n\n\t\t\n\n\t\t<div class=\"section-content relative\">\n\t\t\t\n\n<div class=\"row align-equal align-center\" style=\"max-width:1300px\" id=\"row-1254436605\">\n\n\n\t<div id=\"col-50580447\" class=\"col medium-12 small-12 large-4\"  >\n\t\t\t\t<div class=\"col-inner\"  >\n\t\t\t\n\t\t\t\n\n\t<div class=\"box has-hover   has-hover box-text-bottom\" >\n\n\t\t<div class=\"box-image\" >\n\t\t\t<a href=\"#\" >\t\t\t<div class=\"image-cover\" style=\"padding-top:300px;\">\n\t\t\t\t<img loading=\"lazy\" decoding=\"async\" width=\"1920\" height=\"1080\" src=\"https:\/\/crediq.com\/hn\/wp-content\/uploads\/sites\/4\/2025\/01\/Carros-Nuevo.png\" class=\"attachment- size-\" alt=\"\" srcset=\"https:\/\/crediq.com\/hn\/wp-content\/uploads\/sites\/4\/2025\/01\/Carros-Nuevo.png 1920w, https:\/\/crediq.com\/hn\/wp-content\/uploads\/sites\/4\/2025\/01\/Carros-Nuevo-300x169.png 300w, https:\/\/crediq.com\/hn\/wp-content\/uploads\/sites\/4\/2025\/01\/Carros-Nuevo-1024x576.png 1024w, https:\/\/crediq.com\/hn\/wp-content\/uploads\/sites\/4\/2025\/01\/Carros-Nuevo-768x432.png 768w, https:\/\/crediq.com\/hn\/wp-content\/uploads\/sites\/4\/2025\/01\/Carros-Nuevo-1536x864.png 1536w, https:\/\/crediq.com\/hn\/wp-content\/uploads\/sites\/4\/2025\/01\/Carros-Nuevo-600x338.png 600w\" sizes=\"auto, (max-width: 1920px) 100vw, 1920px\" \/>\t\t\t\t\t\t\t\t\t\t\t<\/div>\n\t\t\t<\/a>\t\t<\/div>\n\n\t\t<div class=\"box-text text-center\" >\n\t\t\t<div class=\"box-text-inner\">\n\t\t\t\t\n\n\t<div id=\"text-2778979895\" class=\"text\">\n\t\t\n\n<h2><span data-text-color=\"primary\">Veh\u00edculos Nuevos<\/span><\/h2>\n<hr>\n<p>La mejor opci\u00f3n en financiamiento del mercado para que adquieras el veh\u00edculo nuevo de tu preferencia.<\/p>\n\t\t\n<style>\n#text-2778979895 {\n  font-size: 1.05rem;\n}\n@media (min-width:550px) {\n  #text-2778979895 {\n    font-size: 1.05rem;\n  }\n}\n<\/style>\n\t<\/div>\n\t\n<a href=\"\/hn\/vehiculos-nuevos\/\" class=\"button primary\" style=\"border-radius:99px;\">\n\t\t<span>Conocer m\u00e1s<\/span>\n\t<\/a>\n\n\n\n\t\t\t<\/div>\n\t\t<\/div>\n\t<\/div>\n\t\n\n\t\t<\/div>\n\t\t\t\t\t<\/div>\n\n\t\n\n\t<div id=\"col-625469710\" class=\"col medium-12 small-12 large-4\"  >\n\t\t\t\t<div class=\"col-inner\"  >\n\t\t\t\n\t\t\t\n\n\t<div class=\"box has-hover   has-hover box-text-bottom\" >\n\n\t\t<div class=\"box-image\" >\n\t\t\t<a href=\"#\" >\t\t\t<div class=\"image-cover\" style=\"padding-top:300px;\">\n\t\t\t\t<img loading=\"lazy\" decoding=\"async\" width=\"1920\" height=\"1080\" src=\"https:\/\/crediq.com\/hn\/wp-content\/uploads\/sites\/4\/2025\/01\/Carros-Usados.png\" class=\"attachment- size-\" alt=\"\" srcset=\"https:\/\/crediq.com\/hn\/wp-content\/uploads\/sites\/4\/2025\/01\/Carros-Usados.png 1920w, https:\/\/crediq.com\/hn\/wp-content\/uploads\/sites\/4\/2025\/01\/Carros-Usados-300x169.png 300w, https:\/\/crediq.com\/hn\/wp-content\/uploads\/sites\/4\/2025\/01\/Carros-Usados-1024x576.png 1024w, https:\/\/crediq.com\/hn\/wp-content\/uploads\/sites\/4\/2025\/01\/Carros-Usados-768x432.png 768w, https:\/\/crediq.com\/hn\/wp-content\/uploads\/sites\/4\/2025\/01\/Carros-Usados-1536x864.png 1536w, https:\/\/crediq.com\/hn\/wp-content\/uploads\/sites\/4\/2025\/01\/Carros-Usados-600x338.png 600w\" sizes=\"auto, (max-width: 1920px) 100vw, 1920px\" \/>\t\t\t\t\t\t\t\t\t\t\t<\/div>\n\t\t\t<\/a>\t\t<\/div>\n\n\t\t<div class=\"box-text text-center\" >\n\t\t\t<div class=\"box-text-inner\">\n\t\t\t\t\n\n\t<div id=\"text-2886040109\" class=\"text\">\n\t\t\n\n<h2><span data-text-color=\"primary\">Veh\u00edculos Usados<\/span><\/h2>\n<hr>\n<p>La forma m\u00e1s f\u00e1cil y segura de comprar o vender un veh\u00edculo usado de agencia.<\/p>\n\t\t\n<style>\n#text-2886040109 {\n  font-size: 1.05rem;\n}\n@media (min-width:550px) {\n  #text-2886040109 {\n    font-size: 1.05rem;\n  }\n}\n<\/style>\n\t<\/div>\n\t\n\t<div id=\"gap-1035480750\" class=\"gap-element clearfix hide-for-medium\" style=\"display:block; height:auto;\">\n\t\t\n<style>\n#gap-1035480750 {\n  padding-top: 25px;\n}\n<\/style>\n\t<\/div>\n\t\n\n<a href=\"\/hn\/vehiculos-usados\/\" class=\"button primary\" style=\"border-radius:99px;\">\n\t\t<span>Conocer m\u00e1s<\/span>\n\t<\/a>\n\n\n\n\t\t\t<\/div>\n\t\t<\/div>\n\t<\/div>\n\t\n\n\t\t<\/div>\n\t\t\t\t\t<\/div>\n\n\t\n\n\t<div id=\"col-1485859096\" class=\"col medium-12 small-12 large-4\"  >\n\t\t\t\t<div class=\"col-inner\"  >\n\t\t\t\n\t\t\t\n\n\t<div class=\"box has-hover   has-hover box-text-bottom\" >\n\n\t\t<div class=\"box-image\" >\n\t\t\t<a href=\"#\" >\t\t\t<div class=\"image-cover\" style=\"padding-top:300px;\">\n\t\t\t\t<img loading=\"lazy\" decoding=\"async\" width=\"1920\" height=\"1080\" src=\"https:\/\/crediq.com\/hn\/wp-content\/uploads\/sites\/4\/2025\/01\/Credipronto-1.png\" class=\"attachment- size-\" alt=\"\" srcset=\"https:\/\/crediq.com\/hn\/wp-content\/uploads\/sites\/4\/2025\/01\/Credipronto-1.png 1920w, https:\/\/crediq.com\/hn\/wp-content\/uploads\/sites\/4\/2025\/01\/Credipronto-1-300x169.png 300w, https:\/\/crediq.com\/hn\/wp-content\/uploads\/sites\/4\/2025\/01\/Credipronto-1-1024x576.png 1024w, https:\/\/crediq.com\/hn\/wp-content\/uploads\/sites\/4\/2025\/01\/Credipronto-1-768x432.png 768w, https:\/\/crediq.com\/hn\/wp-content\/uploads\/sites\/4\/2025\/01\/Credipronto-1-1536x864.png 1536w, https:\/\/crediq.com\/hn\/wp-content\/uploads\/sites\/4\/2025\/01\/Credipronto-1-600x338.png 600w\" sizes=\"auto, (max-width: 1920px) 100vw, 1920px\" \/>\t\t\t\t\t\t\t\t\t\t\t<\/div>\n\t\t\t<\/a>\t\t<\/div>\n\n\t\t<div class=\"box-text text-center\" >\n\t\t\t<div class=\"box-text-inner\">\n\t\t\t\t\n\n\t<div id=\"text-1900460856\" class=\"text\">\n\t\t\n\n<h2><span data-text-color=\"primary\">Credipronto<\/span><\/h2>\n<hr \/>\n<p>CrediQ le presta dinero sobre su veh\u00edculo usado y lo sigues conduciendo, esto con una aprobaci\u00f3n \u00e1gil y planes de pago flexibles que se adecuen a tus necesidades.<\/p>\n\t\t\n<style>\n#text-1900460856 {\n  font-size: 1.05rem;\n}\n<\/style>\n\t<\/div>\n\t\n<a href=\"\/hn\/productos-personas\/credipronto\/\" class=\"button primary\" style=\"border-radius:99px;\">\n\t\t<span>Conocer m\u00e1s<\/span>\n\t<\/a>\n\n\n\n\t\t\t<\/div>\n\t\t<\/div>\n\t<\/div>\n\t\n\n\t\t<\/div>\n\t\t\t\t\t<\/div>\n\n\t\n\n\t<div id=\"col-382320368\" class=\"col medium-12 small-12 large-4\"  >\n\t\t\t\t<div class=\"col-inner\"  >\n\t\t\t\n\t\t\t\n\n\t<div class=\"box has-hover   has-hover box-text-bottom\" >\n\n\t\t<div class=\"box-image\" >\n\t\t\t<a href=\"#\" >\t\t\t<div class=\"image-cover\" style=\"padding-top:300px;\">\n\t\t\t\t<img loading=\"lazy\" decoding=\"async\" width=\"1920\" height=\"1080\" src=\"https:\/\/crediq.com\/hn\/wp-content\/uploads\/sites\/4\/2025\/01\/Certificado-de-Depositos-a-Plazo-3.png\" class=\"attachment- size-\" alt=\"\" srcset=\"https:\/\/crediq.com\/hn\/wp-content\/uploads\/sites\/4\/2025\/01\/Certificado-de-Depositos-a-Plazo-3.png 1920w, https:\/\/crediq.com\/hn\/wp-content\/uploads\/sites\/4\/2025\/01\/Certificado-de-Depositos-a-Plazo-3-300x169.png 300w, https:\/\/crediq.com\/hn\/wp-content\/uploads\/sites\/4\/2025\/01\/Certificado-de-Depositos-a-Plazo-3-1024x576.png 1024w, https:\/\/crediq.com\/hn\/wp-content\/uploads\/sites\/4\/2025\/01\/Certificado-de-Depositos-a-Plazo-3-768x432.png 768w, https:\/\/crediq.com\/hn\/wp-content\/uploads\/sites\/4\/2025\/01\/Certificado-de-Depositos-a-Plazo-3-1536x864.png 1536w, https:\/\/crediq.com\/hn\/wp-content\/uploads\/sites\/4\/2025\/01\/Certificado-de-Depositos-a-Plazo-3-600x338.png 600w\" sizes=\"auto, (max-width: 1920px) 100vw, 1920px\" \/>\t\t\t\t\t\t\t\t\t\t\t<\/div>\n\t\t\t<\/a>\t\t<\/div>\n\n\t\t<div class=\"box-text text-center\" >\n\t\t\t<div class=\"box-text-inner\">\n\t\t\t\t\n\n\t<div id=\"text-2081359141\" class=\"text\">\n\t\t\n\n<h2><span data-text-color=\"primary\">Certificado de Dep\u00f3sitos a Plazo<\/span><\/h2>\n<hr \/>\n<p>Ahorra con las mejores tasas de inter\u00e9s en la Financiera m\u00e1s grande de Honduras.<\/p>\n\t\t\n<style>\n#text-2081359141 {\n  font-size: 1.05rem;\n}\n<\/style>\n\t<\/div>\n\t\n<a href=\"\/hn\/productos-personas\/depositos-a-plazo\/\" class=\"button primary\" style=\"border-radius:99px;\">\n\t\t<span>Conocer m\u00e1s<\/span>\n\t<\/a>\n\n\n\n\t\t\t<\/div>\n\t\t<\/div>\n\t<\/div>\n\t\n\n\t\t<\/div>\n\t\t\t\t\t<\/div>\n\n\t\n\n<\/div>\n\n\t\t<\/div>\n\n\t\t\n<style>\n#section_994056760 {\n  padding-top: 0px;\n  padding-bottom: 0px;\n}\n<\/style>\n\t<\/section>\n\t\n\n\n\t<section class=\"section\" id=\"section_1446302350\">\n\t\t<div class=\"section-bg fill\" >\n\t\t\t\t\t\t\t\t\t\n\t\t\t\n\n\t\t<\/div>\n\n\t\t\n\n\t\t<div class=\"section-content relative\">\n\t\t\t\n\n<div class=\"row align-center\"  id=\"row-1420653685\">\n\n\n\t<div id=\"col-964246730\" class=\"col medium-11 small-12 large-11\"  >\n\t\t\t\t<div class=\"col-inner\"  >\n\t\t\t\n\t\t\t\n\n\t<div id=\"gap-841557138\" class=\"gap-element clearfix\" style=\"display:block; height:auto;\">\n\t\t\n<style>\n#gap-841557138 {\n  padding-top: 28px;\n}\n@media (min-width:550px) {\n  #gap-841557138 {\n    padding-top: 50px;\n  }\n}\n<\/style>\n\t<\/div>\n\t\n\n\t<div id=\"text-1082683349\" class=\"text\">\n\t\t\n\n<h2><span data-text-color=\"primary\"><strong>Cont\u00e1ctanos<\/strong><\/span><\/h2>\n<p class=\"p1\">Solicita informaci\u00f3n de nuestros puntos de contacto, lugares y medios de recepci\u00f3n de pagos, as\u00ed como informaci\u00f3n de tu seguro y otras consultas generales.<\/p>\n\t\t\n<style>\n#text-1082683349 {\n  font-size: 1.05rem;\n  text-align: center;\n}\n@media (min-width:550px) {\n  #text-1082683349 {\n    font-size: 1.05rem;\n  }\n}\n<\/style>\n\t<\/div>\n\t\n<div class=\"row align-equal\"  id=\"row-273972200\">\n\n\n\t<div id=\"col-656093585\" class=\"col medium-6 small-12 large-6\"  >\n\t\t\t\t<div class=\"col-inner text-center\"  >\n\t\t\t\n\t\t\t\n\n\n\t\t<div class=\"icon-box featured-box icon-box-center text-center\"  >\n\t\t\t\t\t<div class=\"icon-box-img\" style=\"width: 60px\">\n\t\t\t\t<div class=\"icon\">\n\t\t\t\t\t<div class=\"icon-inner\" style=\"color:rgb(24, 106, 184);\">\n\t\t\t\t\t\t<img loading=\"lazy\" decoding=\"async\" width=\"300\" height=\"300\" src=\"https:\/\/crediq.com\/hn\/wp-content\/uploads\/sites\/4\/2022\/09\/WAA-300x300.png\" class=\"attachment-medium size-medium\" alt=\"\" srcset=\"https:\/\/crediq.com\/hn\/wp-content\/uploads\/sites\/4\/2022\/09\/WAA-300x300.png 300w, https:\/\/crediq.com\/hn\/wp-content\/uploads\/sites\/4\/2022\/09\/WAA-1024x1024.png 1024w, https:\/\/crediq.com\/hn\/wp-content\/uploads\/sites\/4\/2022\/09\/WAA-150x150.png 150w, https:\/\/crediq.com\/hn\/wp-content\/uploads\/sites\/4\/2022\/09\/WAA-768x768.png 768w, https:\/\/crediq.com\/hn\/wp-content\/uploads\/sites\/4\/2022\/09\/WAA-600x600.png 600w, https:\/\/crediq.com\/hn\/wp-content\/uploads\/sites\/4\/2022\/09\/WAA-100x100.png 100w, https:\/\/crediq.com\/hn\/wp-content\/uploads\/sites\/4\/2022\/09\/WAA.png 1500w\" sizes=\"auto, (max-width: 300px) 100vw, 300px\" \/>\t\t\t\t\t<\/div>\n\t\t\t\t<\/div>\n\t\t\t<\/div>\n\t\t\t\t<div class=\"icon-box-text last-reset\">\n\t\t\t\t\t\t\t\t\t\n\n<h4>WhatsApp<\/h4>\n<p>Realiza tus consultas o solicita ayuda con asesor de servicio al cliente por medio de nuestro WhatsApp.<\/p>\n\t<div id=\"gap-2111142989\" class=\"gap-element clearfix\" style=\"display:block; height:auto;\">\n\t\t\n<style>\n#gap-2111142989 {\n  padding-top: 20px;\n}\n<\/style>\n\t<\/div>\n\t\n\n<a href=\"https:\/\/wa.me\/50431501568\" class=\"button secondary\" style=\"border-radius:99px;\">\n\t<i class=\"icon-phone\" aria-hidden=\"true\"><\/i>\t<span>3150 1568<\/span>\n\t<\/a>\n\n\n\n\t\t<\/div>\n\t<\/div>\n\t\n\t\n\n\t\t<\/div>\n\t\t\t\t\n<style>\n#col-656093585 > .col-inner {\n  border-radius: 50px;\n}\n<\/style>\n\t<\/div>\n\n\t\n\n\t<div id=\"col-1206268165\" class=\"col medium-6 small-12 large-6\"  >\n\t\t\t\t<div class=\"col-inner text-center\"  >\n\t\t\t\n\t\t\t\n\n\n\t\t<div class=\"icon-box featured-box icon-box-center text-center\"  >\n\t\t\t\t\t<div class=\"icon-box-img\" style=\"width: 60px\">\n\t\t\t\t<div class=\"icon\">\n\t\t\t\t\t<div class=\"icon-inner\" >\n\t\t\t\t\t\t<img loading=\"lazy\" decoding=\"async\" width=\"300\" height=\"300\" src=\"https:\/\/crediq.com\/hn\/wp-content\/uploads\/sites\/4\/2022\/07\/5664-300x300.png\" class=\"attachment-medium size-medium\" alt=\"\" srcset=\"https:\/\/crediq.com\/hn\/wp-content\/uploads\/sites\/4\/2022\/07\/5664-300x300.png 300w, https:\/\/crediq.com\/hn\/wp-content\/uploads\/sites\/4\/2022\/07\/5664-150x150.png 150w, https:\/\/crediq.com\/hn\/wp-content\/uploads\/sites\/4\/2022\/07\/5664-100x100.png 100w, https:\/\/crediq.com\/hn\/wp-content\/uploads\/sites\/4\/2022\/07\/5664.png 512w\" sizes=\"auto, (max-width: 300px) 100vw, 300px\" \/>\t\t\t\t\t<\/div>\n\t\t\t\t<\/div>\n\t\t\t<\/div>\n\t\t\t\t<div class=\"icon-box-text last-reset\">\n\t\t\t\t\t\t\t\t\t\n\n<h4>Atenci\u00f3n al Cliente<\/h4>\n<p>Nos puedes contactar por diferentes medios con la mejor disposici\u00f3n y flexibilidad de atenci\u00f3n.<\/p>\n\t<div id=\"gap-346786083\" class=\"gap-element clearfix\" style=\"display:block; height:auto;\">\n\t\t\n<style>\n#gap-346786083 {\n  padding-top: 20px;\n}\n<\/style>\n\t<\/div>\n\t\n\n\n\t\t<\/div>\n\t<\/div>\n\t\n\t\n<a href=\"\/hn\/contactanos\/\" class=\"button secondary lowercase\" style=\"border-radius:99px;\">\n\t<i class=\"icon-user\" aria-hidden=\"true\"><\/i>\t<span>Contactar<\/span>\n\t<\/a>\n\n\n\n\t\t<\/div>\n\t\t\t\t\n<style>\n#col-1206268165 > .col-inner {\n  border-radius: 50px;\n}\n<\/style>\n\t<\/div>\n\n\t\n\n\n<style>\n#row-273972200 > .col > .col-inner {\n  padding: 40px 40px 40px 40px;\n  background-color: rgb(255,255,255);\n}\n<\/style>\n<\/div>\n\n\t\t<\/div>\n\t\t\t\t\t<\/div>\n\n\t\n\n<\/div>\n\n\t\t<\/div>\n\n\t\t\n<style>\n#section_1446302350 {\n  padding-top: 0px;\n  padding-bottom: 0px;\n  background-color: rgb(244, 244, 244);\n}\n<\/style>\n\t<\/section>\n\t\n\n","protected":false},"excerpt":{"rendered":"","protected":false},"author":1,"featured_media":0,"parent":0,"menu_order":2,"comment_status":"closed","ping_status":"closed","template":"page-blank.php","meta":{"_acf_changed":false,"_monsterinsights_skip_tracking":false,"_monsterinsights_sitenote_active":false,"_monsterinsights_sitenote_note":"","_monsterinsights_sitenote_category":0,"footnotes":""},"class_list":["post-3043","page","type-page","status-publish","hentry"],"acf":[],"yoast_head":"<!-- This site is optimized with the Yoast SEO plugin v26.7 - https:\/\/yoast.com\/wordpress\/plugins\/seo\/ -->\n<title>Productos Personas - CrediQ Honduras<\/title>\n<meta name=\"robots\" content=\"index, follow, max-snippet:-1, max-image-preview:large, max-video-preview:-1\" \/>\n<link rel=\"canonical\" href=\"https:\/\/crediq.com\/hn\/productos-personas\/\" \/>\n<meta property=\"og:locale\" content=\"es_ES\" \/>\n<meta property=\"og:type\" content=\"article\" \/>\n<meta property=\"og:title\" content=\"Productos Personas - CrediQ Honduras\" \/>\n<meta property=\"og:url\" content=\"https:\/\/crediq.com\/hn\/productos-personas\/\" \/>\n<meta property=\"og:site_name\" content=\"CrediQ Honduras\" \/>\n<meta property=\"article:publisher\" content=\"https:\/\/es-la.facebook.com\/crediqhn\/\" \/>\n<meta property=\"article:modified_time\" content=\"2025-01-28T21:30:45+00:00\" \/>\n<meta name=\"twitter:card\" content=\"summary_large_image\" \/>\n<meta name=\"twitter:label1\" content=\"Tiempo de lectura\" \/>\n\t<meta name=\"twitter:data1\" content=\"4 minutos\" \/>\n<script type=\"application\/ld+json\" class=\"yoast-schema-graph\">{\"@context\":\"https:\/\/schema.org\",\"@graph\":[{\"@type\":\"WebPage\",\"@id\":\"https:\/\/crediq.com\/hn\/productos-personas\/\",\"url\":\"https:\/\/crediq.com\/hn\/productos-personas\/\",\"name\":\"Productos Personas - CrediQ Honduras\",\"isPartOf\":{\"@id\":\"https:\/\/crediq.com\/hn\/#website\"},\"datePublished\":\"2022-07-19T16:24:39+00:00\",\"dateModified\":\"2025-01-28T21:30:45+00:00\",\"breadcrumb\":{\"@id\":\"https:\/\/crediq.com\/hn\/productos-personas\/#breadcrumb\"},\"inLanguage\":\"es\",\"potentialAction\":[{\"@type\":\"ReadAction\",\"target\":[\"https:\/\/crediq.com\/hn\/productos-personas\/\"]}]},{\"@type\":\"BreadcrumbList\",\"@id\":\"https:\/\/crediq.com\/hn\/productos-personas\/#breadcrumb\",\"itemListElement\":[{\"@type\":\"ListItem\",\"position\":1,\"name\":\"Home\",\"item\":\"https:\/\/crediq.com\/hn\/\"},{\"@type\":\"ListItem\",\"position\":2,\"name\":\"Productos Personas\"}]},{\"@type\":\"WebSite\",\"@id\":\"https:\/\/crediq.com\/hn\/#website\",\"url\":\"https:\/\/crediq.com\/hn\/\",\"name\":\"CrediQ Honduras\",\"description\":\"Financiamiento de veh\u00edculos nuevos y usados\",\"publisher\":{\"@id\":\"https:\/\/crediq.com\/hn\/#organization\"},\"potentialAction\":[{\"@type\":\"SearchAction\",\"target\":{\"@type\":\"EntryPoint\",\"urlTemplate\":\"https:\/\/crediq.com\/hn\/?s={search_term_string}\"},\"query-input\":{\"@type\":\"PropertyValueSpecification\",\"valueRequired\":true,\"valueName\":\"search_term_string\"}}],\"inLanguage\":\"es\"},{\"@type\":\"Organization\",\"@id\":\"https:\/\/crediq.com\/hn\/#organization\",\"name\":\"CrediQ Honduras\",\"url\":\"https:\/\/crediq.com\/hn\/\",\"logo\":{\"@type\":\"ImageObject\",\"inLanguage\":\"es\",\"@id\":\"https:\/\/crediq.com\/hn\/#\/schema\/logo\/image\/\",\"url\":\"https:\/\/crediq.com\/hn\/wp-content\/uploads\/sites\/4\/2022\/07\/1111.png\",\"contentUrl\":\"https:\/\/crediq.com\/hn\/wp-content\/uploads\/sites\/4\/2022\/07\/1111.png\",\"width\":2376,\"height\":684,\"caption\":\"CrediQ Honduras\"},\"image\":{\"@id\":\"https:\/\/crediq.com\/hn\/#\/schema\/logo\/image\/\"},\"sameAs\":[\"https:\/\/es-la.facebook.com\/crediqhn\/\",\"https:\/\/instagram.com\/crediq.honduras\"]}]}<\/script>\n<!-- \/ Yoast SEO plugin. -->","yoast_head_json":{"title":"Productos Personas - CrediQ Honduras","robots":{"index":"index","follow":"follow","max-snippet":"max-snippet:-1","max-image-preview":"max-image-preview:large","max-video-preview":"max-video-preview:-1"},"canonical":"https:\/\/crediq.com\/hn\/productos-personas\/","og_locale":"es_ES","og_type":"article","og_title":"Productos Personas - CrediQ Honduras","og_url":"https:\/\/crediq.com\/hn\/productos-personas\/","og_site_name":"CrediQ Honduras","article_publisher":"https:\/\/es-la.facebook.com\/crediqhn\/","article_modified_time":"2025-01-28T21:30:45+00:00","twitter_card":"summary_large_image","twitter_misc":{"Tiempo de lectura":"4 minutos"},"schema":{"@context":"https:\/\/schema.org","@graph":[{"@type":"WebPage","@id":"https:\/\/crediq.com\/hn\/productos-personas\/","url":"https:\/\/crediq.com\/hn\/productos-personas\/","name":"Productos Personas - CrediQ Honduras","isPartOf":{"@id":"https:\/\/crediq.com\/hn\/#website"},"datePublished":"2022-07-19T16:24:39+00:00","dateModified":"2025-01-28T21:30:45+00:00","breadcrumb":{"@id":"https:\/\/crediq.com\/hn\/productos-personas\/#breadcrumb"},"inLanguage":"es","potentialAction":[{"@type":"ReadAction","target":["https:\/\/crediq.com\/hn\/productos-personas\/"]}]},{"@type":"BreadcrumbList","@id":"https:\/\/crediq.com\/hn\/productos-personas\/#breadcrumb","itemListElement":[{"@type":"ListItem","position":1,"name":"Home","item":"https:\/\/crediq.com\/hn\/"},{"@type":"ListItem","position":2,"name":"Productos Personas"}]},{"@type":"WebSite","@id":"https:\/\/crediq.com\/hn\/#website","url":"https:\/\/crediq.com\/hn\/","name":"CrediQ Honduras","description":"Financiamiento de veh\u00edculos nuevos y usados","publisher":{"@id":"https:\/\/crediq.com\/hn\/#organization"},"potentialAction":[{"@type":"SearchAction","target":{"@type":"EntryPoint","urlTemplate":"https:\/\/crediq.com\/hn\/?s={search_term_string}"},"query-input":{"@type":"PropertyValueSpecification","valueRequired":true,"valueName":"search_term_string"}}],"inLanguage":"es"},{"@type":"Organization","@id":"https:\/\/crediq.com\/hn\/#organization","name":"CrediQ Honduras","url":"https:\/\/crediq.com\/hn\/","logo":{"@type":"ImageObject","inLanguage":"es","@id":"https:\/\/crediq.com\/hn\/#\/schema\/logo\/image\/","url":"https:\/\/crediq.com\/hn\/wp-content\/uploads\/sites\/4\/2022\/07\/1111.png","contentUrl":"https:\/\/crediq.com\/hn\/wp-content\/uploads\/sites\/4\/2022\/07\/1111.png","width":2376,"height":684,"caption":"CrediQ Honduras"},"image":{"@id":"https:\/\/crediq.com\/hn\/#\/schema\/logo\/image\/"},"sameAs":["https:\/\/es-la.facebook.com\/crediqhn\/","https:\/\/instagram.com\/crediq.honduras"]}]}},"post_mailing_queue_ids":[],"_links":{"self":[{"href":"https:\/\/crediq.com\/hn\/wp-json\/wp\/v2\/pages\/3043","targetHints":{"allow":["GET"]}}],"collection":[{"href":"https:\/\/crediq.com\/hn\/wp-json\/wp\/v2\/pages"}],"about":[{"href":"https:\/\/crediq.com\/hn\/wp-json\/wp\/v2\/types\/page"}],"author":[{"embeddable":true,"href":"https:\/\/crediq.com\/hn\/wp-json\/wp\/v2\/users\/1"}],"replies":[{"embeddable":true,"href":"https:\/\/crediq.com\/hn\/wp-json\/wp\/v2\/comments?post=3043"}],"version-history":[{"count":15,"href":"https:\/\/crediq.com\/hn\/wp-json\/wp\/v2\/pages\/3043\/revisions"}],"predecessor-version":[{"id":7371,"href":"https:\/\/crediq.com\/hn\/wp-json\/wp\/v2\/pages\/3043\/revisions\/7371"}],"wp:attachment":[{"href":"https:\/\/crediq.com\/hn\/wp-json\/wp\/v2\/media?parent=3043"}],"curies":[{"name":"wp","href":"https:\/\/api.w.org\/{rel}","templated":true}]}}