{"id":3045,"date":"2022-07-19T16:25:24","date_gmt":"2022-07-19T16:25:24","guid":{"rendered":"https:\/\/demo2.loces.dev\/?page_id=3045"},"modified":"2025-01-28T21:33:18","modified_gmt":"2025-01-28T21:33:18","slug":"productos-empresas","status":"publish","type":"page","link":"https:\/\/crediq.com\/hn\/productos-empresas\/","title":{"rendered":"Productos Empresas"},"content":{"rendered":"\n\n\t<section class=\"section\" id=\"section_341336105\">\n\t\t<div class=\"section-bg fill\" >\n\t\t\t\t\t\t\t\t\t\n\t\t\t\n\n\t\t<\/div>\n\n\t\t\n\n\t\t<div class=\"section-content relative\">\n\t\t\t\n\n<div class=\"row row-collapse row-full-width align-middle\"  id=\"row-602531019\">\n\n\n\t<div id=\"col-1305404946\" class=\"col medium-12 large-6\"  >\n\t\t\t\t<div class=\"col-inner\"  >\n\t\t\t\n\t\t\t\n\n\n  <div class=\"banner has-hover\" id=\"banner-1862324085\">\n          <div class=\"banner-inner fill\">\n        <div class=\"banner-bg fill\" >\n            <img loading=\"lazy\" decoding=\"async\" width=\"1962\" height=\"1602\" src=\"https:\/\/crediq.com\/hn\/wp-content\/uploads\/sites\/4\/2022\/09\/695809_249a6180842f4ffbacb3c9092dfac979_mv2_d_2871_2186_s_2.webp\" class=\"bg attachment-original size-original\" alt=\"\" \/>                                    \n                    <\/div>\n\t\t\n        <div class=\"banner-layers container\">\n            <div class=\"fill banner-link\"><\/div>            \n\n\n        <\/div>\n      <\/div>\n\n            \n<style>\n#banner-1862324085 {\n  padding-top: 300px;\n  background-color: rgb(255,255,255);\n}\n#banner-1862324085 .banner-bg img {\n  object-position: 49% 43%;\n}\n@media (min-width:550px) {\n  #banner-1862324085 {\n    padding-top: 500px;\n  }\n}\n@media (min-width:850px) {\n  #banner-1862324085 {\n    padding-top: 600px;\n  }\n}\n<\/style>\n  <\/div>\n\n\n\n\t\t<\/div>\n\t\t\t\t\t<\/div>\n\n\t\n\n\t<div id=\"col-730195042\" class=\"col medium-12 large-6\"  >\n\t\t\t\t<div class=\"col-inner\"  >\n\t\t\t\n\t\t\t\n\n\t<div id=\"gap-750916278\" class=\"gap-element clearfix\" style=\"display:block; height:auto;\">\n\t\t\n<style>\n#gap-750916278 {\n  padding-top: 30px;\n}\n<\/style>\n\t<\/div>\n\t\n\n\t<div id=\"text-940509831\" class=\"text\">\n\t\t\n\n<h1>Productos para Empresas<\/h1>\n\t\t\n<style>\n#text-940509831 {\n  font-size: 1.05rem;\n  line-height: 1;\n  color: #1769b7;\n}\n#text-940509831 > * {\n  color: #1769b7;\n}\n<\/style>\n\t<\/div>\n\t\n\t<div id=\"text-902380956\" class=\"text\">\n\t\t\n\n<p><strong>Renueva tu flota empresarial con las mejores soluciones de financiamiento. Con Flexibilidad en planes de pago y agilidad en la aprobaci\u00f3n.<\/strong><\/p>\n<p>Tener una flota eficiente y moderna es clave para el manejo de una operaci\u00f3n log\u00edstica productiva y rentable. CrediQ es la soluci\u00f3n de financiamiento para que adquieras tus veh\u00edculos de trabajo.<\/p>\n\t\t\n<style>\n#text-902380956 {\n  font-size: 1.05rem;\n}\n<\/style>\n\t<\/div>\n\t\n<a href=\"https:\/\/digital.crediq.com\/calcula-tu-credito\/\" class=\"button secondary\" style=\"border-radius:99px;\">\n\t\t<span>cotizar ahora<\/span>\n\t<\/a>\n\n\n\n\t\t<\/div>\n\t\t\t\t\n<style>\n#col-730195042 > .col-inner {\n  padding: 20px 20px 20px 20px;\n}\n@media (min-width:550px) {\n  #col-730195042 > .col-inner {\n    padding: 30px 50px 40px 50px;\n  }\n}\n@media (min-width:850px) {\n  #col-730195042 > .col-inner {\n    padding: 0px 20% 0px 15%;\n  }\n}\n<\/style>\n\t<\/div>\n\n\t\n\n<\/div>\n\n\t\t<\/div>\n\n\t\t\n<style>\n#section_341336105 {\n  padding-top: 0px;\n  padding-bottom: 0px;\n}\n<\/style>\n\t<\/section>\n\t\n\n\t<section class=\"section\" id=\"section_1263791183\">\n\t\t<div class=\"section-bg fill\" >\n\t\t\t\t\t\t\t\t\t\n\t\t\t\n\n\t\t<\/div>\n\n\t\t\n\n\t\t<div class=\"section-content relative\">\n\t\t\t\n\n\n  <div class=\"banner has-hover\" id=\"banner-1692098822\">\n          <div class=\"banner-inner fill\">\n        <div class=\"banner-bg fill\" >\n                                                \n                    <\/div>\n\t\t\n        <div class=\"banner-layers container\">\n            <div class=\"fill banner-link\"><\/div>            \n\n   <div id=\"text-box-391051443\" class=\"text-box banner-layer x50 md-x50 lg-x50 y50 md-y50 lg-y50 res-text\">\n                                <div class=\"text-box-content text dark\">\n              \n              <div class=\"text-inner text-center\">\n                  \n\n\t<div id=\"text-3854751590\" class=\"text\">\n\t\t\n\n<h3><span style=\"font-size: 100%\"><strong>Soluciones Financieras<\/strong><\/span><\/h3>\n<p>Somos un equipo de profesionales que diariamente nos esforzamos por brindarte soluciones financieras a la medida, para garantizar la satisfacci\u00f3n y lealtad de nuestros clientes.<\/p>\n\t\t\n<style>\n#text-3854751590 {\n  font-size: 1.05rem;\n}\n<\/style>\n\t<\/div>\n\t\n\n              <\/div>\n           <\/div>\n                            \n<style>\n#text-box-391051443 {\n  width: 74%;\n}\n#text-box-391051443 .text-box-content {\n  font-size: 100%;\n}\n<\/style>\n    <\/div>\n \n\n        <\/div>\n      <\/div>\n\n            \n<style>\n#banner-1692098822 {\n  padding-top: 82%;\n}\n@media (min-width:550px) {\n  #banner-1692098822 {\n    padding-top: 15%;\n  }\n}\n<\/style>\n  <\/div>\n\n\n\t<div id=\"gap-1755669230\" class=\"gap-element clearfix\" style=\"display:block; height:auto;\">\n\t\t\n<style>\n#gap-1755669230 {\n  padding-top: 60px;\n}\n<\/style>\n\t<\/div>\n\t\n\n<div class=\"row\" style=\"max-width:1300px\" id=\"row-1077401166\">\n\n\n\t<div id=\"col-2060762380\" class=\"col small-12 large-12\"  >\n\t\t\t\t<div class=\"col-inner text-center\"  >\n\t\t\t\n\t\t\t\n\n\t<div id=\"text-3503756255\" class=\"text\">\n\t\t\n\n<h1><span data-text-color=\"primary\">Para mejorar la operaci\u00f3n de tus negocios<\/span><\/h1>\n<p>Distintas opciones de financiamiento para que renueves tu flota de transporte y veh\u00edculos corporativos. Con <b>CrediQ<\/b>\u00a0encontrar\u00e1s la opci\u00f3n que se acomoda a tu presupuesto.<\/p>\n\t\t\n<style>\n#text-3503756255 {\n  font-size: 1.05rem;\n}\n<\/style>\n\t<\/div>\n\t\n\n\t\t<\/div>\n\t\t\t\t\t<\/div>\n\n\t\n\n<\/div>\n\n\t\t<\/div>\n\n\t\t\n<style>\n#section_1263791183 {\n  padding-top: 0px;\n  padding-bottom: 0px;\n}\n<\/style>\n\t<\/section>\n\t\n\n\t<section class=\"section\" id=\"section_1952694798\">\n\t\t<div class=\"section-bg fill\" >\n\t\t\t\t\t\t\t\t\t\n\t\t\t\n\n\t\t<\/div>\n\n\t\t\n\n\t\t<div class=\"section-content relative\">\n\t\t\t\n\n<div class=\"row align-equal align-center\" style=\"max-width:1300px\" id=\"row-950105235\">\n\n\n\t<div id=\"col-164583056\" class=\"col medium-12 small-12 large-5\"  >\n\t\t\t\t<div class=\"col-inner\"  >\n\t\t\t\n\t\t\t\n\n\t<div class=\"box has-hover   has-hover box-text-bottom\" >\n\n\t\t<div class=\"box-image\" >\n\t\t\t<a href=\"#\" >\t\t\t<div class=\"image-cover\" style=\"padding-top:300px;\">\n\t\t\t\t<img loading=\"lazy\" decoding=\"async\" width=\"1920\" height=\"1080\" src=\"https:\/\/crediq.com\/hn\/wp-content\/uploads\/sites\/4\/2025\/01\/leasing-Nuevos.png\" class=\"attachment- size-\" alt=\"\" srcset=\"https:\/\/crediq.com\/hn\/wp-content\/uploads\/sites\/4\/2025\/01\/leasing-Nuevos.png 1920w, https:\/\/crediq.com\/hn\/wp-content\/uploads\/sites\/4\/2025\/01\/leasing-Nuevos-300x169.png 300w, https:\/\/crediq.com\/hn\/wp-content\/uploads\/sites\/4\/2025\/01\/leasing-Nuevos-1024x576.png 1024w, https:\/\/crediq.com\/hn\/wp-content\/uploads\/sites\/4\/2025\/01\/leasing-Nuevos-768x432.png 768w, https:\/\/crediq.com\/hn\/wp-content\/uploads\/sites\/4\/2025\/01\/leasing-Nuevos-1536x864.png 1536w, https:\/\/crediq.com\/hn\/wp-content\/uploads\/sites\/4\/2025\/01\/leasing-Nuevos-600x338.png 600w\" sizes=\"auto, (max-width: 1920px) 100vw, 1920px\" \/>\t\t\t\t\t\t\t\t\t\t\t<\/div>\n\t\t\t<\/a>\t\t<\/div>\n\n\t\t<div class=\"box-text text-center\" >\n\t\t\t<div class=\"box-text-inner\">\n\t\t\t\t\n\n\t<div id=\"text-670442030\" class=\"text\">\n\t\t\n\n<h2><span data-text-color=\"primary\">Leasing Nuevos<\/span><\/h2>\n<hr \/>\n<p>La mejor opci\u00f3n en financiamiento del mercado para que adquieras el veh\u00edculo nuevo de tu preferencia.<\/p>\n\t\t\n<style>\n#text-670442030 {\n  font-size: 1.05rem;\n}\n@media (min-width:550px) {\n  #text-670442030 {\n    font-size: 1.05rem;\n  }\n}\n<\/style>\n\t<\/div>\n\t\n<a href=\"\/hn\/leasing-financiero\/\" class=\"button primary\" style=\"border-radius:99px;\">\n\t\t<span>Conocer m\u00e1s<\/span>\n\t<\/a>\n\n\n\n\t\t\t<\/div>\n\t\t<\/div>\n\t<\/div>\n\t\n\n\t\t<\/div>\n\t\t\t\t\t<\/div>\n\n\t\n\n\t<div id=\"col-1893202406\" class=\"col medium-12 small-12 large-5\"  >\n\t\t\t\t<div class=\"col-inner\"  >\n\t\t\t\n\t\t\t\n\n\t<div class=\"box has-hover   has-hover box-text-bottom\" >\n\n\t\t<div class=\"box-image\" >\n\t\t\t<a href=\"#\" >\t\t\t<div class=\"image-cover\" style=\"padding-top:300px;\">\n\t\t\t\t<img loading=\"lazy\" decoding=\"async\" width=\"1920\" height=\"1080\" src=\"https:\/\/crediq.com\/hn\/wp-content\/uploads\/sites\/4\/2025\/01\/leasing-Usados.png\" class=\"attachment- size-\" alt=\"\" srcset=\"https:\/\/crediq.com\/hn\/wp-content\/uploads\/sites\/4\/2025\/01\/leasing-Usados.png 1920w, https:\/\/crediq.com\/hn\/wp-content\/uploads\/sites\/4\/2025\/01\/leasing-Usados-300x169.png 300w, https:\/\/crediq.com\/hn\/wp-content\/uploads\/sites\/4\/2025\/01\/leasing-Usados-1024x576.png 1024w, https:\/\/crediq.com\/hn\/wp-content\/uploads\/sites\/4\/2025\/01\/leasing-Usados-768x432.png 768w, https:\/\/crediq.com\/hn\/wp-content\/uploads\/sites\/4\/2025\/01\/leasing-Usados-1536x864.png 1536w, https:\/\/crediq.com\/hn\/wp-content\/uploads\/sites\/4\/2025\/01\/leasing-Usados-600x338.png 600w\" sizes=\"auto, (max-width: 1920px) 100vw, 1920px\" \/>\t\t\t\t\t\t\t\t\t\t\t<\/div>\n\t\t\t<\/a>\t\t<\/div>\n\n\t\t<div class=\"box-text text-center\" >\n\t\t\t<div class=\"box-text-inner\">\n\t\t\t\t\n\n\t<div id=\"text-1965330222\" class=\"text\">\n\t\t\n\n<h2><span data-text-color=\"primary\">Leasing Usados<\/span><\/h2>\n<hr \/>\n<p>La forma m\u00e1s f\u00e1cil y segura de comprar o vender un veh\u00edculo usado de agencia.<\/p>\n\t\t\n<style>\n#text-1965330222 {\n  font-size: 1.05rem;\n}\n@media (min-width:550px) {\n  #text-1965330222 {\n    font-size: 1.05rem;\n  }\n}\n<\/style>\n\t<\/div>\n\t\n<a href=\"\/hn\/leasing-financiero\/\" class=\"button primary\" style=\"border-radius:99px;\">\n\t\t<span>Conocer m\u00e1s<\/span>\n\t<\/a>\n\n\n\n\t\t\t<\/div>\n\t\t<\/div>\n\t<\/div>\n\t\n\n\t\t<\/div>\n\t\t\t\t\t<\/div>\n\n\t\n\n<\/div>\n\n\t\t<\/div>\n\n\t\t\n<style>\n#section_1952694798 {\n  padding-top: 0px;\n  padding-bottom: 0px;\n}\n<\/style>\n\t<\/section>\n\t\n\n\n\t<section class=\"section\" id=\"section_1075548134\">\n\t\t<div class=\"section-bg fill\" >\n\t\t\t\t\t\t\t\t\t\n\t\t\t\n\n\t\t<\/div>\n\n\t\t\n\n\t\t<div class=\"section-content relative\">\n\t\t\t\n\n<div class=\"row align-center\"  id=\"row-767291247\">\n\n\n\t<div id=\"col-1269718355\" class=\"col medium-11 small-12 large-11\"  >\n\t\t\t\t<div class=\"col-inner\"  >\n\t\t\t\n\t\t\t\n\n\t<div id=\"gap-1002475836\" class=\"gap-element clearfix\" style=\"display:block; height:auto;\">\n\t\t\n<style>\n#gap-1002475836 {\n  padding-top: 28px;\n}\n@media (min-width:550px) {\n  #gap-1002475836 {\n    padding-top: 50px;\n  }\n}\n<\/style>\n\t<\/div>\n\t\n\n\t<div id=\"text-1616348807\" class=\"text\">\n\t\t\n\n<h2><span data-text-color=\"primary\"><strong>Cont\u00e1ctanos<\/strong><\/span><\/h2>\n<p class=\"p1\">Solicita informaci\u00f3n de nuestros puntos de contacto, lugares y medios de recepci\u00f3n de pagos, as\u00ed como informaci\u00f3n de tu seguro y otras consultas generales.<\/p>\n\t\t\n<style>\n#text-1616348807 {\n  font-size: 1.05rem;\n  text-align: center;\n}\n@media (min-width:550px) {\n  #text-1616348807 {\n    font-size: 1.05rem;\n  }\n}\n<\/style>\n\t<\/div>\n\t\n<div class=\"row align-equal\"  id=\"row-863672032\">\n\n\n\t<div id=\"col-45862993\" class=\"col medium-6 small-12 large-6\"  >\n\t\t\t\t<div class=\"col-inner text-center\"  >\n\t\t\t\n\t\t\t\n\n\n\t\t<div class=\"icon-box featured-box icon-box-center text-center\"  >\n\t\t\t\t\t<div class=\"icon-box-img\" style=\"width: 60px\">\n\t\t\t\t<div class=\"icon\">\n\t\t\t\t\t<div class=\"icon-inner\" style=\"color:rgb(24, 106, 184);\">\n\t\t\t\t\t\t<img loading=\"lazy\" decoding=\"async\" width=\"300\" height=\"300\" src=\"https:\/\/crediq.com\/hn\/wp-content\/uploads\/sites\/4\/2022\/09\/WAA-300x300.png\" class=\"attachment-medium size-medium\" alt=\"\" srcset=\"https:\/\/crediq.com\/hn\/wp-content\/uploads\/sites\/4\/2022\/09\/WAA-300x300.png 300w, https:\/\/crediq.com\/hn\/wp-content\/uploads\/sites\/4\/2022\/09\/WAA-1024x1024.png 1024w, https:\/\/crediq.com\/hn\/wp-content\/uploads\/sites\/4\/2022\/09\/WAA-150x150.png 150w, https:\/\/crediq.com\/hn\/wp-content\/uploads\/sites\/4\/2022\/09\/WAA-768x768.png 768w, https:\/\/crediq.com\/hn\/wp-content\/uploads\/sites\/4\/2022\/09\/WAA-600x600.png 600w, https:\/\/crediq.com\/hn\/wp-content\/uploads\/sites\/4\/2022\/09\/WAA-100x100.png 100w, https:\/\/crediq.com\/hn\/wp-content\/uploads\/sites\/4\/2022\/09\/WAA.png 1500w\" sizes=\"auto, (max-width: 300px) 100vw, 300px\" \/>\t\t\t\t\t<\/div>\n\t\t\t\t<\/div>\n\t\t\t<\/div>\n\t\t\t\t<div class=\"icon-box-text last-reset\">\n\t\t\t\t\t\t\t\t\t\n\n<h4>WhatsApp<\/h4>\n<p>Realiza tus consultas o solicita ayuda con asesor de servicio al cliente por medio de nuestro WhatsApp.<\/p>\n\t<div id=\"gap-1135614571\" class=\"gap-element clearfix\" style=\"display:block; height:auto;\">\n\t\t\n<style>\n#gap-1135614571 {\n  padding-top: 20px;\n}\n<\/style>\n\t<\/div>\n\t\n\n<a href=\"https:\/\/wa.me\/50431501568\" class=\"button secondary\" style=\"border-radius:99px;\">\n\t<i class=\"icon-phone\" aria-hidden=\"true\"><\/i>\t<span>3150 1568<\/span>\n\t<\/a>\n\n\n\n\t\t<\/div>\n\t<\/div>\n\t\n\t\n\n\t\t<\/div>\n\t\t\t\t\n<style>\n#col-45862993 > .col-inner {\n  border-radius: 50px;\n}\n<\/style>\n\t<\/div>\n\n\t\n\n\t<div id=\"col-1588997282\" class=\"col medium-6 small-12 large-6\"  >\n\t\t\t\t<div class=\"col-inner text-center\"  >\n\t\t\t\n\t\t\t\n\n\n\t\t<div class=\"icon-box featured-box icon-box-center text-center\"  >\n\t\t\t\t\t<div class=\"icon-box-img\" style=\"width: 60px\">\n\t\t\t\t<div class=\"icon\">\n\t\t\t\t\t<div class=\"icon-inner\" >\n\t\t\t\t\t\t<img loading=\"lazy\" decoding=\"async\" width=\"300\" height=\"300\" src=\"https:\/\/crediq.com\/hn\/wp-content\/uploads\/sites\/4\/2022\/07\/5664-300x300.png\" class=\"attachment-medium size-medium\" alt=\"\" srcset=\"https:\/\/crediq.com\/hn\/wp-content\/uploads\/sites\/4\/2022\/07\/5664-300x300.png 300w, https:\/\/crediq.com\/hn\/wp-content\/uploads\/sites\/4\/2022\/07\/5664-150x150.png 150w, https:\/\/crediq.com\/hn\/wp-content\/uploads\/sites\/4\/2022\/07\/5664-100x100.png 100w, https:\/\/crediq.com\/hn\/wp-content\/uploads\/sites\/4\/2022\/07\/5664.png 512w\" sizes=\"auto, (max-width: 300px) 100vw, 300px\" \/>\t\t\t\t\t<\/div>\n\t\t\t\t<\/div>\n\t\t\t<\/div>\n\t\t\t\t<div class=\"icon-box-text last-reset\">\n\t\t\t\t\t\t\t\t\t\n\n<h4>Atenci\u00f3n al Cliente<\/h4>\n<p>Nos puedes contactar por diferentes medios con la mejor disposici\u00f3n y flexibilidad de atenci\u00f3n.<\/p>\n\t<div id=\"gap-797257874\" class=\"gap-element clearfix\" style=\"display:block; height:auto;\">\n\t\t\n<style>\n#gap-797257874 {\n  padding-top: 20px;\n}\n<\/style>\n\t<\/div>\n\t\n\n\n\t\t<\/div>\n\t<\/div>\n\t\n\t\n<a href=\"\/hn\/contactanos\/\" class=\"button secondary lowercase\" style=\"border-radius:99px;\">\n\t<i class=\"icon-user\" aria-hidden=\"true\"><\/i>\t<span>Contactar<\/span>\n\t<\/a>\n\n\n\n\t\t<\/div>\n\t\t\t\t\n<style>\n#col-1588997282 > .col-inner {\n  border-radius: 50px;\n}\n<\/style>\n\t<\/div>\n\n\t\n\n\n<style>\n#row-863672032 > .col > .col-inner {\n  padding: 40px 40px 40px 40px;\n  background-color: rgb(255,255,255);\n}\n<\/style>\n<\/div>\n\n\t\t<\/div>\n\t\t\t\t\t<\/div>\n\n\t\n\n<\/div>\n\n\t\t<\/div>\n\n\t\t\n<style>\n#section_1075548134 {\n  padding-top: 0px;\n  padding-bottom: 0px;\n  background-color: rgb(244, 244, 244);\n}\n<\/style>\n\t<\/section>\n\t\n\n","protected":false},"excerpt":{"rendered":"","protected":false},"author":1,"featured_media":0,"parent":0,"menu_order":3,"comment_status":"closed","ping_status":"closed","template":"page-blank.php","meta":{"_acf_changed":false,"_monsterinsights_skip_tracking":false,"_monsterinsights_sitenote_active":false,"_monsterinsights_sitenote_note":"","_monsterinsights_sitenote_category":0,"footnotes":""},"class_list":["post-3045","page","type-page","status-publish","hentry"],"acf":[],"yoast_head":"<!-- This site is optimized with the Yoast SEO plugin v26.7 - https:\/\/yoast.com\/wordpress\/plugins\/seo\/ -->\n<title>Productos Empresas - CrediQ Honduras<\/title>\n<meta name=\"robots\" content=\"index, follow, max-snippet:-1, max-image-preview:large, max-video-preview:-1\" \/>\n<link rel=\"canonical\" href=\"https:\/\/crediq.com\/hn\/productos-empresas\/\" \/>\n<meta property=\"og:locale\" content=\"es_ES\" \/>\n<meta property=\"og:type\" content=\"article\" \/>\n<meta property=\"og:title\" content=\"Productos Empresas - CrediQ Honduras\" \/>\n<meta property=\"og:url\" content=\"https:\/\/crediq.com\/hn\/productos-empresas\/\" \/>\n<meta property=\"og:site_name\" content=\"CrediQ Honduras\" \/>\n<meta property=\"article:publisher\" content=\"https:\/\/es-la.facebook.com\/crediqhn\/\" \/>\n<meta property=\"article:modified_time\" content=\"2025-01-28T21:33:18+00:00\" \/>\n<meta name=\"twitter:card\" content=\"summary_large_image\" \/>\n<meta name=\"twitter:label1\" content=\"Tiempo de lectura\" \/>\n\t<meta name=\"twitter:data1\" content=\"3 minutos\" \/>\n<script type=\"application\/ld+json\" class=\"yoast-schema-graph\">{\"@context\":\"https:\/\/schema.org\",\"@graph\":[{\"@type\":\"WebPage\",\"@id\":\"https:\/\/crediq.com\/hn\/productos-empresas\/\",\"url\":\"https:\/\/crediq.com\/hn\/productos-empresas\/\",\"name\":\"Productos Empresas - CrediQ Honduras\",\"isPartOf\":{\"@id\":\"https:\/\/crediq.com\/hn\/#website\"},\"datePublished\":\"2022-07-19T16:25:24+00:00\",\"dateModified\":\"2025-01-28T21:33:18+00:00\",\"breadcrumb\":{\"@id\":\"https:\/\/crediq.com\/hn\/productos-empresas\/#breadcrumb\"},\"inLanguage\":\"es\",\"potentialAction\":[{\"@type\":\"ReadAction\",\"target\":[\"https:\/\/crediq.com\/hn\/productos-empresas\/\"]}]},{\"@type\":\"BreadcrumbList\",\"@id\":\"https:\/\/crediq.com\/hn\/productos-empresas\/#breadcrumb\",\"itemListElement\":[{\"@type\":\"ListItem\",\"position\":1,\"name\":\"Home\",\"item\":\"https:\/\/crediq.com\/hn\/\"},{\"@type\":\"ListItem\",\"position\":2,\"name\":\"Productos Empresas\"}]},{\"@type\":\"WebSite\",\"@id\":\"https:\/\/crediq.com\/hn\/#website\",\"url\":\"https:\/\/crediq.com\/hn\/\",\"name\":\"CrediQ Honduras\",\"description\":\"Financiamiento de veh\u00edculos nuevos y usados\",\"publisher\":{\"@id\":\"https:\/\/crediq.com\/hn\/#organization\"},\"potentialAction\":[{\"@type\":\"SearchAction\",\"target\":{\"@type\":\"EntryPoint\",\"urlTemplate\":\"https:\/\/crediq.com\/hn\/?s={search_term_string}\"},\"query-input\":{\"@type\":\"PropertyValueSpecification\",\"valueRequired\":true,\"valueName\":\"search_term_string\"}}],\"inLanguage\":\"es\"},{\"@type\":\"Organization\",\"@id\":\"https:\/\/crediq.com\/hn\/#organization\",\"name\":\"CrediQ Honduras\",\"url\":\"https:\/\/crediq.com\/hn\/\",\"logo\":{\"@type\":\"ImageObject\",\"inLanguage\":\"es\",\"@id\":\"https:\/\/crediq.com\/hn\/#\/schema\/logo\/image\/\",\"url\":\"https:\/\/crediq.com\/hn\/wp-content\/uploads\/sites\/4\/2022\/07\/1111.png\",\"contentUrl\":\"https:\/\/crediq.com\/hn\/wp-content\/uploads\/sites\/4\/2022\/07\/1111.png\",\"width\":2376,\"height\":684,\"caption\":\"CrediQ Honduras\"},\"image\":{\"@id\":\"https:\/\/crediq.com\/hn\/#\/schema\/logo\/image\/\"},\"sameAs\":[\"https:\/\/es-la.facebook.com\/crediqhn\/\",\"https:\/\/instagram.com\/crediq.honduras\"]}]}<\/script>\n<!-- \/ Yoast SEO plugin. -->","yoast_head_json":{"title":"Productos Empresas - CrediQ Honduras","robots":{"index":"index","follow":"follow","max-snippet":"max-snippet:-1","max-image-preview":"max-image-preview:large","max-video-preview":"max-video-preview:-1"},"canonical":"https:\/\/crediq.com\/hn\/productos-empresas\/","og_locale":"es_ES","og_type":"article","og_title":"Productos Empresas - CrediQ Honduras","og_url":"https:\/\/crediq.com\/hn\/productos-empresas\/","og_site_name":"CrediQ Honduras","article_publisher":"https:\/\/es-la.facebook.com\/crediqhn\/","article_modified_time":"2025-01-28T21:33:18+00:00","twitter_card":"summary_large_image","twitter_misc":{"Tiempo de lectura":"3 minutos"},"schema":{"@context":"https:\/\/schema.org","@graph":[{"@type":"WebPage","@id":"https:\/\/crediq.com\/hn\/productos-empresas\/","url":"https:\/\/crediq.com\/hn\/productos-empresas\/","name":"Productos Empresas - CrediQ Honduras","isPartOf":{"@id":"https:\/\/crediq.com\/hn\/#website"},"datePublished":"2022-07-19T16:25:24+00:00","dateModified":"2025-01-28T21:33:18+00:00","breadcrumb":{"@id":"https:\/\/crediq.com\/hn\/productos-empresas\/#breadcrumb"},"inLanguage":"es","potentialAction":[{"@type":"ReadAction","target":["https:\/\/crediq.com\/hn\/productos-empresas\/"]}]},{"@type":"BreadcrumbList","@id":"https:\/\/crediq.com\/hn\/productos-empresas\/#breadcrumb","itemListElement":[{"@type":"ListItem","position":1,"name":"Home","item":"https:\/\/crediq.com\/hn\/"},{"@type":"ListItem","position":2,"name":"Productos Empresas"}]},{"@type":"WebSite","@id":"https:\/\/crediq.com\/hn\/#website","url":"https:\/\/crediq.com\/hn\/","name":"CrediQ Honduras","description":"Financiamiento de veh\u00edculos nuevos y usados","publisher":{"@id":"https:\/\/crediq.com\/hn\/#organization"},"potentialAction":[{"@type":"SearchAction","target":{"@type":"EntryPoint","urlTemplate":"https:\/\/crediq.com\/hn\/?s={search_term_string}"},"query-input":{"@type":"PropertyValueSpecification","valueRequired":true,"valueName":"search_term_string"}}],"inLanguage":"es"},{"@type":"Organization","@id":"https:\/\/crediq.com\/hn\/#organization","name":"CrediQ Honduras","url":"https:\/\/crediq.com\/hn\/","logo":{"@type":"ImageObject","inLanguage":"es","@id":"https:\/\/crediq.com\/hn\/#\/schema\/logo\/image\/","url":"https:\/\/crediq.com\/hn\/wp-content\/uploads\/sites\/4\/2022\/07\/1111.png","contentUrl":"https:\/\/crediq.com\/hn\/wp-content\/uploads\/sites\/4\/2022\/07\/1111.png","width":2376,"height":684,"caption":"CrediQ Honduras"},"image":{"@id":"https:\/\/crediq.com\/hn\/#\/schema\/logo\/image\/"},"sameAs":["https:\/\/es-la.facebook.com\/crediqhn\/","https:\/\/instagram.com\/crediq.honduras"]}]}},"post_mailing_queue_ids":[],"_links":{"self":[{"href":"https:\/\/crediq.com\/hn\/wp-json\/wp\/v2\/pages\/3045","targetHints":{"allow":["GET"]}}],"collection":[{"href":"https:\/\/crediq.com\/hn\/wp-json\/wp\/v2\/pages"}],"about":[{"href":"https:\/\/crediq.com\/hn\/wp-json\/wp\/v2\/types\/page"}],"author":[{"embeddable":true,"href":"https:\/\/crediq.com\/hn\/wp-json\/wp\/v2\/users\/1"}],"replies":[{"embeddable":true,"href":"https:\/\/crediq.com\/hn\/wp-json\/wp\/v2\/comments?post=3045"}],"version-history":[{"count":12,"href":"https:\/\/crediq.com\/hn\/wp-json\/wp\/v2\/pages\/3045\/revisions"}],"predecessor-version":[{"id":7375,"href":"https:\/\/crediq.com\/hn\/wp-json\/wp\/v2\/pages\/3045\/revisions\/7375"}],"wp:attachment":[{"href":"https:\/\/crediq.com\/hn\/wp-json\/wp\/v2\/media?parent=3045"}],"curies":[{"name":"wp","href":"https:\/\/api.w.org\/{rel}","templated":true}]}}