{"id":3051,"date":"2022-07-19T16:27:26","date_gmt":"2022-07-19T16:27:26","guid":{"rendered":"https:\/\/demo2.loces.dev\/?page_id=3051"},"modified":"2025-01-28T21:56:24","modified_gmt":"2025-01-28T21:56:24","slug":"puntos-de-pago","status":"publish","type":"page","link":"https:\/\/crediq.com\/hn\/puntos-de-pago\/","title":{"rendered":"Puntos de Pago"},"content":{"rendered":"\n\n  <div class=\"banner has-hover\" id=\"banner-1164105462\">\n          <div class=\"banner-inner fill\">\n        <div class=\"banner-bg fill\" >\n            <img loading=\"lazy\" decoding=\"async\" width=\"7257\" height=\"2683\" src=\"https:\/\/crediq.com\/hn\/wp-content\/uploads\/sites\/4\/2025\/01\/punto-de-pagp-1920-x-710-mm.png\" class=\"bg attachment-original size-original\" alt=\"\" \/>                        <div class=\"overlay\"><\/div>            \n                    <\/div>\n\t\t\n        <div class=\"banner-layers container\">\n            <div class=\"fill banner-link\"><\/div>            \n\n\n        <\/div>\n      <\/div>\n\n            \n<style>\n#banner-1164105462 {\n  padding-top: 300px;\n  background-color: rgb(255,255,255);\n}\n#banner-1164105462 .overlay {\n  background-color: rgba(23, 105, 183, 0.634);\n}\n#banner-1164105462 .banner-bg img {\n  object-position: 0% 29%;\n}\n<\/style>\n  <\/div>\n\n\n<div class=\"row\"  id=\"row-1999763047\">\n\n\n\t<div id=\"col-2075230908\" class=\"col small-12 large-12\"  >\n\t\t\t\t<div class=\"col-inner\"  >\n\t\t\t\n\t\t\t\n\n\t<div id=\"text-4014193501\" class=\"text\">\n\t\t\n\n<h2>Realiza tus pagos en los siguientes puntos:<\/h2>\n\t\t\n<style>\n#text-4014193501 {\n  text-align: center;\n}\n<\/style>\n\t<\/div>\n\t\n\n\t\t<\/div>\n\t\t\t\t\t<\/div>\n\n\t\n\n<\/div>\n<div class=\"row\"  id=\"row-1832198602\">\n\n\n\t<div id=\"col-987886931\" class=\"col medium-6 small-12 large-6\"  >\n\t\t\t\t<div class=\"col-inner\"  >\n\t\t\t\n\t\t\t\n\n<h3>Puntos de pago:<\/h3>\n<ul>\n<li>Banco Ficohsa \/ Interbanca.<\/li>\n<li>Banco Atl\u00e1ntida \/ Atl\u00e1ntida Online.<\/li>\n<li>Davivienda.<\/li>\n<li>BANHCAFE \/ BANHCAFE ONLINE.<\/li>\n<li>BANRURAL \/ Banca Virtual.<\/li>\n<\/ul>\n\n\t\t<\/div>\n\t\t\t\t\t<\/div>\n\n\t\n\n\t<div id=\"col-2101973002\" class=\"col medium-6 small-12 large-6\"  >\n\t\t\t\t<div class=\"col-inner\"  >\n\t\t\t\n\t\t\t\n\n<p>\u00a0<\/p>\n<ul>\n<li>Banco Occidente \/ Occidente En Linea.<\/li>\n<li>Puntos TENGO y Billetera M\u00f3vil TENGO.<\/li>\n<li>Agencias Grupo Q.<\/li>\n<li>Agencias CrediQ.<\/li>\n<\/ul>\n\n\t\t<\/div>\n\t\t\t\t\t<\/div>\n\n\t\n\n<\/div>\n<div class=\"row\"  id=\"row-794690132\">\n\n\n\t<div id=\"col-1031182474\" class=\"col small-12 large-12\"  >\n\t\t\t\t<div class=\"col-inner\"  >\n\t\t\t\n\t\t\t\n\n\t<div id=\"text-2754761022\" class=\"text\">\n\t\t\n\n<h2>Tutoriales:<\/h2>\n\t\t\n<style>\n#text-2754761022 {\n  text-align: center;\n}\n<\/style>\n\t<\/div>\n\t\n\n\t\t<\/div>\n\t\t\t\t\t<\/div>\n\n\t\n\n<\/div>\n<div class=\"row\"  id=\"row-1135245006\">\n\n\n\t<div id=\"col-1940482248\" class=\"col medium-6 small-12 large-6\"  >\n\t\t\t\t<div class=\"col-inner\"  >\n\t\t\t\n\t\t\t\n\n\n\t\t<\/div>\n\t\t\t\t\t<\/div>\n\n\t\n\n\t<div id=\"col-768415377\" class=\"col medium-6 small-12 large-6\"  >\n\t\t\t\t<div class=\"col-inner\"  >\n\t\t\t\n\t\t\t\n\n<h3>Paso a paso de como pagar por BANHCAFE En Linea<\/h3>\n<div class=\"video video-fit mb\" style=\"padding-top:56.25%;\"><iframe loading=\"lazy\" title=\"Paso a Paso para pagar desde BANHCAFE EN LINEA\" width=\"1020\" height=\"765\" src=\"https:\/\/www.youtube.com\/embed\/llSw39fwVMg?feature=oembed\" frameborder=\"0\" allow=\"accelerometer; autoplay; clipboard-write; encrypted-media; gyroscope; picture-in-picture\" allowfullscreen><\/iframe><\/div>\n\n\n\t\t<\/div>\n\t\t\t\t\t<\/div>\n\n\t\n\n<\/div>\n<div class=\"row\"  id=\"row-613834241\">\n\n\n\t<div id=\"col-1737449220\" class=\"col medium-6 small-12 large-6\"  >\n\t\t\t\t<div class=\"col-inner\"  >\n\t\t\t\n\t\t\t\n\n<h3>Paso a paso de como pagar por Banrural En Linea<\/h3>\n<div class=\"video video-fit mb\" style=\"padding-top:56.25%;\"><p><iframe loading=\"lazy\" title=\"Paso a Paso para pagar desde BANRURAL En Linea\" width=\"1020\" height=\"765\" src=\"https:\/\/www.youtube.com\/embed\/nwH0y-8bbSc?feature=oembed\" frameborder=\"0\" allow=\"accelerometer; autoplay; clipboard-write; encrypted-media; gyroscope; picture-in-picture\" allowfullscreen><\/iframe><\/p>\n<\/div>\n\n\n\t\t<\/div>\n\t\t\t\t\t<\/div>\n\n\t\n\n\t<div id=\"col-184559443\" class=\"col medium-6 small-12 large-6\"  >\n\t\t\t\t<div class=\"col-inner\"  >\n\t\t\t\n\t\t\t\n\n<h3>Paso a paso de como pagar por Billetera M\u00f3vil TENGO<\/h3>\n<div class=\"video video-fit mb\" style=\"padding-top:56.25%;\"><p><iframe loading=\"lazy\" title=\"Paso a Paso para pagar desde la billetera m\u00f3vil TENGO\" width=\"1020\" height=\"765\" src=\"https:\/\/www.youtube.com\/embed\/S6Y_djBLkuI?feature=oembed\" frameborder=\"0\" allow=\"accelerometer; autoplay; clipboard-write; encrypted-media; gyroscope; picture-in-picture\" allowfullscreen><\/iframe><\/p>\n<\/div>\n\n\n\t\t<\/div>\n\t\t\t\t\t<\/div>\n\n\t\n\n<\/div>\n\n\t<section class=\"section\" id=\"section_562100186\">\n\t\t<div class=\"section-bg fill\" >\n\t\t\t\t\t\t\t\t\t\n\t\t\t\n\n\t\t<\/div>\n\n\t\t\n\n\t\t<div class=\"section-content relative\">\n\t\t\t\n\n<div class=\"row align-center\"  id=\"row-2090789740\">\n\n\n\t<div id=\"col-898913618\" class=\"col medium-11 small-12 large-11\"  >\n\t\t\t\t<div class=\"col-inner\"  >\n\t\t\t\n\t\t\t\n\n\t<div id=\"gap-1161508210\" class=\"gap-element clearfix\" style=\"display:block; height:auto;\">\n\t\t\n<style>\n#gap-1161508210 {\n  padding-top: 28px;\n}\n@media (min-width:550px) {\n  #gap-1161508210 {\n    padding-top: 50px;\n  }\n}\n<\/style>\n\t<\/div>\n\t\n\n\t<div id=\"text-731611735\" class=\"text\">\n\t\t\n\n<h2><span data-text-color=\"primary\"><strong>Cont\u00e1ctanos<\/strong><\/span><\/h2>\n<p class=\"p1\">Solicita informaci\u00f3n de nuestros puntos de contacto, lugares y medios de recepci\u00f3n de pagos, as\u00ed como informaci\u00f3n de tu seguro y otras consultas generales.<\/p>\n\t\t\n<style>\n#text-731611735 {\n  font-size: 1.05rem;\n  text-align: center;\n}\n@media (min-width:550px) {\n  #text-731611735 {\n    font-size: 1.05rem;\n  }\n}\n<\/style>\n\t<\/div>\n\t\n<div class=\"row align-equal\"  id=\"row-1690666724\">\n\n\n\t<div id=\"col-281385898\" class=\"col medium-6 small-12 large-6\"  >\n\t\t\t\t<div class=\"col-inner text-center\"  >\n\t\t\t\n\t\t\t\n\n\n\t\t<div class=\"icon-box featured-box icon-box-center text-center\"  >\n\t\t\t\t\t<div class=\"icon-box-img\" style=\"width: 60px\">\n\t\t\t\t<div class=\"icon\">\n\t\t\t\t\t<div class=\"icon-inner\" style=\"color:rgb(24, 106, 184);\">\n\t\t\t\t\t\t<img loading=\"lazy\" decoding=\"async\" width=\"300\" height=\"300\" src=\"https:\/\/crediq.com\/hn\/wp-content\/uploads\/sites\/4\/2022\/09\/WAA-300x300.png\" class=\"attachment-medium size-medium\" alt=\"\" srcset=\"https:\/\/crediq.com\/hn\/wp-content\/uploads\/sites\/4\/2022\/09\/WAA-300x300.png 300w, https:\/\/crediq.com\/hn\/wp-content\/uploads\/sites\/4\/2022\/09\/WAA-1024x1024.png 1024w, https:\/\/crediq.com\/hn\/wp-content\/uploads\/sites\/4\/2022\/09\/WAA-150x150.png 150w, https:\/\/crediq.com\/hn\/wp-content\/uploads\/sites\/4\/2022\/09\/WAA-768x768.png 768w, https:\/\/crediq.com\/hn\/wp-content\/uploads\/sites\/4\/2022\/09\/WAA-600x600.png 600w, https:\/\/crediq.com\/hn\/wp-content\/uploads\/sites\/4\/2022\/09\/WAA-100x100.png 100w, https:\/\/crediq.com\/hn\/wp-content\/uploads\/sites\/4\/2022\/09\/WAA.png 1500w\" sizes=\"auto, (max-width: 300px) 100vw, 300px\" \/>\t\t\t\t\t<\/div>\n\t\t\t\t<\/div>\n\t\t\t<\/div>\n\t\t\t\t<div class=\"icon-box-text last-reset\">\n\t\t\t\t\t\t\t\t\t\n\n<h4>WhatsApp<\/h4>\n<p>Realiza tus consultas o solicita ayuda con asesor de servicio al cliente por medio de nuestro WhatsApp.<\/p>\n\t<div id=\"gap-519607423\" class=\"gap-element clearfix\" style=\"display:block; height:auto;\">\n\t\t\n<style>\n#gap-519607423 {\n  padding-top: 20px;\n}\n<\/style>\n\t<\/div>\n\t\n\n<a href=\"https:\/\/wa.me\/50431501568\" class=\"button secondary\" style=\"border-radius:99px;\">\n\t<i class=\"icon-phone\" aria-hidden=\"true\"><\/i>\t<span>3150 1568<\/span>\n\t<\/a>\n\n\n\n\t\t<\/div>\n\t<\/div>\n\t\n\t\n\n\t\t<\/div>\n\t\t\t\t\n<style>\n#col-281385898 > .col-inner {\n  border-radius: 50px;\n}\n<\/style>\n\t<\/div>\n\n\t\n\n\t<div id=\"col-1109164564\" class=\"col medium-6 small-12 large-6\"  >\n\t\t\t\t<div class=\"col-inner text-center\"  >\n\t\t\t\n\t\t\t\n\n\n\t\t<div class=\"icon-box featured-box icon-box-center text-center\"  >\n\t\t\t\t\t<div class=\"icon-box-img\" style=\"width: 60px\">\n\t\t\t\t<div class=\"icon\">\n\t\t\t\t\t<div class=\"icon-inner\" >\n\t\t\t\t\t\t<img loading=\"lazy\" decoding=\"async\" width=\"300\" height=\"300\" src=\"https:\/\/crediq.com\/hn\/wp-content\/uploads\/sites\/4\/2022\/07\/5664-300x300.png\" class=\"attachment-medium size-medium\" alt=\"\" srcset=\"https:\/\/crediq.com\/hn\/wp-content\/uploads\/sites\/4\/2022\/07\/5664-300x300.png 300w, https:\/\/crediq.com\/hn\/wp-content\/uploads\/sites\/4\/2022\/07\/5664-150x150.png 150w, https:\/\/crediq.com\/hn\/wp-content\/uploads\/sites\/4\/2022\/07\/5664-100x100.png 100w, https:\/\/crediq.com\/hn\/wp-content\/uploads\/sites\/4\/2022\/07\/5664.png 512w\" sizes=\"auto, (max-width: 300px) 100vw, 300px\" \/>\t\t\t\t\t<\/div>\n\t\t\t\t<\/div>\n\t\t\t<\/div>\n\t\t\t\t<div class=\"icon-box-text last-reset\">\n\t\t\t\t\t\t\t\t\t\n\n<h4>Atenci\u00f3n al Cliente<\/h4>\n<p>Nos puedes contactar por diferentes medios con la mejor disposici\u00f3n y flexibilidad de atenci\u00f3n.<\/p>\n\t<div id=\"gap-847168731\" class=\"gap-element clearfix\" style=\"display:block; height:auto;\">\n\t\t\n<style>\n#gap-847168731 {\n  padding-top: 20px;\n}\n<\/style>\n\t<\/div>\n\t\n\n\n\t\t<\/div>\n\t<\/div>\n\t\n\t\n<a href=\"\/hn\/contactanos\/\" class=\"button secondary lowercase\" style=\"border-radius:99px;\">\n\t<i class=\"icon-user\" aria-hidden=\"true\"><\/i>\t<span>Contactar<\/span>\n\t<\/a>\n\n\n\n\t\t<\/div>\n\t\t\t\t\n<style>\n#col-1109164564 > .col-inner {\n  border-radius: 50px;\n}\n<\/style>\n\t<\/div>\n\n\t\n\n\n<style>\n#row-1690666724 > .col > .col-inner {\n  padding: 40px 40px 40px 40px;\n  background-color: rgb(255,255,255);\n}\n<\/style>\n<\/div>\n\n\t\t<\/div>\n\t\t\t\t\t<\/div>\n\n\t\n\n<\/div>\n\n\t\t<\/div>\n\n\t\t\n<style>\n#section_562100186 {\n  padding-top: 0px;\n  padding-bottom: 0px;\n  background-color: rgb(244, 244, 244);\n}\n<\/style>\n\t<\/section>\n\t\n\n","protected":false},"excerpt":{"rendered":"","protected":false},"author":1,"featured_media":0,"parent":0,"menu_order":6,"comment_status":"closed","ping_status":"closed","template":"page-blank.php","meta":{"_acf_changed":false,"_monsterinsights_skip_tracking":false,"_monsterinsights_sitenote_active":false,"_monsterinsights_sitenote_note":"","_monsterinsights_sitenote_category":0,"footnotes":""},"class_list":["post-3051","page","type-page","status-publish","hentry"],"acf":[],"yoast_head":"<!-- This site is optimized with the Yoast SEO plugin v26.7 - https:\/\/yoast.com\/wordpress\/plugins\/seo\/ -->\n<title>Puntos de Pago - CrediQ Honduras<\/title>\n<meta name=\"robots\" content=\"index, follow, max-snippet:-1, max-image-preview:large, max-video-preview:-1\" \/>\n<link rel=\"canonical\" href=\"https:\/\/crediq.com\/hn\/puntos-de-pago\/\" \/>\n<meta property=\"og:locale\" content=\"es_ES\" \/>\n<meta property=\"og:type\" content=\"article\" \/>\n<meta property=\"og:title\" content=\"Puntos de Pago - CrediQ Honduras\" \/>\n<meta property=\"og:url\" content=\"https:\/\/crediq.com\/hn\/puntos-de-pago\/\" \/>\n<meta property=\"og:site_name\" content=\"CrediQ Honduras\" \/>\n<meta property=\"article:publisher\" content=\"https:\/\/es-la.facebook.com\/crediqhn\/\" \/>\n<meta property=\"article:modified_time\" content=\"2025-01-28T21:56:24+00:00\" \/>\n<meta name=\"twitter:card\" content=\"summary_large_image\" \/>\n<meta name=\"twitter:label1\" content=\"Tiempo de lectura\" \/>\n\t<meta name=\"twitter:data1\" content=\"2 minutos\" \/>\n<script type=\"application\/ld+json\" class=\"yoast-schema-graph\">{\"@context\":\"https:\/\/schema.org\",\"@graph\":[{\"@type\":\"WebPage\",\"@id\":\"https:\/\/crediq.com\/hn\/puntos-de-pago\/\",\"url\":\"https:\/\/crediq.com\/hn\/puntos-de-pago\/\",\"name\":\"Puntos de Pago - CrediQ Honduras\",\"isPartOf\":{\"@id\":\"https:\/\/crediq.com\/hn\/#website\"},\"datePublished\":\"2022-07-19T16:27:26+00:00\",\"dateModified\":\"2025-01-28T21:56:24+00:00\",\"breadcrumb\":{\"@id\":\"https:\/\/crediq.com\/hn\/puntos-de-pago\/#breadcrumb\"},\"inLanguage\":\"es\",\"potentialAction\":[{\"@type\":\"ReadAction\",\"target\":[\"https:\/\/crediq.com\/hn\/puntos-de-pago\/\"]}]},{\"@type\":\"BreadcrumbList\",\"@id\":\"https:\/\/crediq.com\/hn\/puntos-de-pago\/#breadcrumb\",\"itemListElement\":[{\"@type\":\"ListItem\",\"position\":1,\"name\":\"Home\",\"item\":\"https:\/\/crediq.com\/hn\/\"},{\"@type\":\"ListItem\",\"position\":2,\"name\":\"Puntos de Pago\"}]},{\"@type\":\"WebSite\",\"@id\":\"https:\/\/crediq.com\/hn\/#website\",\"url\":\"https:\/\/crediq.com\/hn\/\",\"name\":\"CrediQ Honduras\",\"description\":\"Financiamiento de veh\u00edculos nuevos y usados\",\"publisher\":{\"@id\":\"https:\/\/crediq.com\/hn\/#organization\"},\"potentialAction\":[{\"@type\":\"SearchAction\",\"target\":{\"@type\":\"EntryPoint\",\"urlTemplate\":\"https:\/\/crediq.com\/hn\/?s={search_term_string}\"},\"query-input\":{\"@type\":\"PropertyValueSpecification\",\"valueRequired\":true,\"valueName\":\"search_term_string\"}}],\"inLanguage\":\"es\"},{\"@type\":\"Organization\",\"@id\":\"https:\/\/crediq.com\/hn\/#organization\",\"name\":\"CrediQ Honduras\",\"url\":\"https:\/\/crediq.com\/hn\/\",\"logo\":{\"@type\":\"ImageObject\",\"inLanguage\":\"es\",\"@id\":\"https:\/\/crediq.com\/hn\/#\/schema\/logo\/image\/\",\"url\":\"https:\/\/crediq.com\/hn\/wp-content\/uploads\/sites\/4\/2022\/07\/1111.png\",\"contentUrl\":\"https:\/\/crediq.com\/hn\/wp-content\/uploads\/sites\/4\/2022\/07\/1111.png\",\"width\":2376,\"height\":684,\"caption\":\"CrediQ Honduras\"},\"image\":{\"@id\":\"https:\/\/crediq.com\/hn\/#\/schema\/logo\/image\/\"},\"sameAs\":[\"https:\/\/es-la.facebook.com\/crediqhn\/\",\"https:\/\/instagram.com\/crediq.honduras\"]}]}<\/script>\n<!-- \/ Yoast SEO plugin. -->","yoast_head_json":{"title":"Puntos de Pago - CrediQ Honduras","robots":{"index":"index","follow":"follow","max-snippet":"max-snippet:-1","max-image-preview":"max-image-preview:large","max-video-preview":"max-video-preview:-1"},"canonical":"https:\/\/crediq.com\/hn\/puntos-de-pago\/","og_locale":"es_ES","og_type":"article","og_title":"Puntos de Pago - CrediQ Honduras","og_url":"https:\/\/crediq.com\/hn\/puntos-de-pago\/","og_site_name":"CrediQ Honduras","article_publisher":"https:\/\/es-la.facebook.com\/crediqhn\/","article_modified_time":"2025-01-28T21:56:24+00:00","twitter_card":"summary_large_image","twitter_misc":{"Tiempo de lectura":"2 minutos"},"schema":{"@context":"https:\/\/schema.org","@graph":[{"@type":"WebPage","@id":"https:\/\/crediq.com\/hn\/puntos-de-pago\/","url":"https:\/\/crediq.com\/hn\/puntos-de-pago\/","name":"Puntos de Pago - CrediQ Honduras","isPartOf":{"@id":"https:\/\/crediq.com\/hn\/#website"},"datePublished":"2022-07-19T16:27:26+00:00","dateModified":"2025-01-28T21:56:24+00:00","breadcrumb":{"@id":"https:\/\/crediq.com\/hn\/puntos-de-pago\/#breadcrumb"},"inLanguage":"es","potentialAction":[{"@type":"ReadAction","target":["https:\/\/crediq.com\/hn\/puntos-de-pago\/"]}]},{"@type":"BreadcrumbList","@id":"https:\/\/crediq.com\/hn\/puntos-de-pago\/#breadcrumb","itemListElement":[{"@type":"ListItem","position":1,"name":"Home","item":"https:\/\/crediq.com\/hn\/"},{"@type":"ListItem","position":2,"name":"Puntos de Pago"}]},{"@type":"WebSite","@id":"https:\/\/crediq.com\/hn\/#website","url":"https:\/\/crediq.com\/hn\/","name":"CrediQ Honduras","description":"Financiamiento de veh\u00edculos nuevos y usados","publisher":{"@id":"https:\/\/crediq.com\/hn\/#organization"},"potentialAction":[{"@type":"SearchAction","target":{"@type":"EntryPoint","urlTemplate":"https:\/\/crediq.com\/hn\/?s={search_term_string}"},"query-input":{"@type":"PropertyValueSpecification","valueRequired":true,"valueName":"search_term_string"}}],"inLanguage":"es"},{"@type":"Organization","@id":"https:\/\/crediq.com\/hn\/#organization","name":"CrediQ Honduras","url":"https:\/\/crediq.com\/hn\/","logo":{"@type":"ImageObject","inLanguage":"es","@id":"https:\/\/crediq.com\/hn\/#\/schema\/logo\/image\/","url":"https:\/\/crediq.com\/hn\/wp-content\/uploads\/sites\/4\/2022\/07\/1111.png","contentUrl":"https:\/\/crediq.com\/hn\/wp-content\/uploads\/sites\/4\/2022\/07\/1111.png","width":2376,"height":684,"caption":"CrediQ Honduras"},"image":{"@id":"https:\/\/crediq.com\/hn\/#\/schema\/logo\/image\/"},"sameAs":["https:\/\/es-la.facebook.com\/crediqhn\/","https:\/\/instagram.com\/crediq.honduras"]}]}},"post_mailing_queue_ids":[],"_links":{"self":[{"href":"https:\/\/crediq.com\/hn\/wp-json\/wp\/v2\/pages\/3051","targetHints":{"allow":["GET"]}}],"collection":[{"href":"https:\/\/crediq.com\/hn\/wp-json\/wp\/v2\/pages"}],"about":[{"href":"https:\/\/crediq.com\/hn\/wp-json\/wp\/v2\/types\/page"}],"author":[{"embeddable":true,"href":"https:\/\/crediq.com\/hn\/wp-json\/wp\/v2\/users\/1"}],"replies":[{"embeddable":true,"href":"https:\/\/crediq.com\/hn\/wp-json\/wp\/v2\/comments?post=3051"}],"version-history":[{"count":11,"href":"https:\/\/crediq.com\/hn\/wp-json\/wp\/v2\/pages\/3051\/revisions"}],"predecessor-version":[{"id":7397,"href":"https:\/\/crediq.com\/hn\/wp-json\/wp\/v2\/pages\/3051\/revisions\/7397"}],"wp:attachment":[{"href":"https:\/\/crediq.com\/hn\/wp-json\/wp\/v2\/media?parent=3051"}],"curies":[{"name":"wp","href":"https:\/\/api.w.org\/{rel}","templated":true}]}}