{"id":3061,"date":"2022-07-19T16:30:54","date_gmt":"2022-07-19T16:30:54","guid":{"rendered":"https:\/\/demo2.loces.dev\/?page_id=3061"},"modified":"2025-07-09T21:09:12","modified_gmt":"2025-07-09T21:09:12","slug":"nosotros","status":"publish","type":"page","link":"https:\/\/crediq.com\/hn\/nosotros\/","title":{"rendered":"Nosotros"},"content":{"rendered":"\n\n  <div class=\"banner has-hover\" id=\"banner-1225374612\">\n          <div class=\"banner-inner fill\">\n        <div class=\"banner-bg fill\" >\n            <img loading=\"lazy\" decoding=\"async\" width=\"1327\" height=\"857\" src=\"https:\/\/crediq.com\/hn\/wp-content\/uploads\/sites\/4\/2022\/07\/2002.webp\" class=\"bg attachment-original size-original\" alt=\"\" \/>                        <div class=\"overlay\"><\/div>            \n                    <\/div>\n\t\t\n        <div class=\"banner-layers container\">\n            <div class=\"fill banner-link\"><\/div>            \n\n\t<div class=\"img has-hover x50 md-x50 lg-x50 y50 md-y50 lg-y50\" id=\"image_2030017805\">\n\t\t\t\t\t\t\t\t<div class=\"img-inner dark\" >\n\t\t\t<img loading=\"lazy\" decoding=\"async\" width=\"2376\" height=\"684\" src=\"https:\/\/crediq.com\/hn\/wp-content\/uploads\/sites\/4\/2022\/07\/1111.png\" class=\"attachment-original size-original\" alt=\"\" srcset=\"https:\/\/crediq.com\/hn\/wp-content\/uploads\/sites\/4\/2022\/07\/1111.png 2376w, https:\/\/crediq.com\/hn\/wp-content\/uploads\/sites\/4\/2022\/07\/1111-300x86.png 300w, https:\/\/crediq.com\/hn\/wp-content\/uploads\/sites\/4\/2022\/07\/1111-1024x295.png 1024w, https:\/\/crediq.com\/hn\/wp-content\/uploads\/sites\/4\/2022\/07\/1111-768x221.png 768w, https:\/\/crediq.com\/hn\/wp-content\/uploads\/sites\/4\/2022\/07\/1111-1536x442.png 1536w, https:\/\/crediq.com\/hn\/wp-content\/uploads\/sites\/4\/2022\/07\/1111-2048x590.png 2048w, https:\/\/crediq.com\/hn\/wp-content\/uploads\/sites\/4\/2022\/07\/1111-600x173.png 600w\" sizes=\"auto, (max-width: 2376px) 100vw, 2376px\" \/>\t\t\t\t\t\t\n\t\t\t\t\t<\/div>\n\t\t\t\t\t\t\t\t\n<style>\n#image_2030017805 {\n  width: 92%;\n}\n@media (min-width:550px) {\n  #image_2030017805 {\n    width: 37%;\n  }\n}\n<\/style>\n\t<\/div>\n\t\n\n\n        <\/div>\n      <\/div>\n\n            \n<style>\n#banner-1225374612 {\n  padding-top: 350px;\n  background-color: rgb(255,255,255);\n}\n#banner-1225374612 .overlay {\n  background-color: rgba(255, 255, 255, 0.831);\n}\n#banner-1225374612 .banner-bg img {\n  object-position: 0% 71%;\n}\n@media (min-width:550px) {\n  #banner-1225374612 {\n    padding-top: 253px;\n  }\n}\n<\/style>\n  <\/div>\n\n\n<div class=\"row align-center\"  id=\"row-228700807\">\n\n\n\t<div id=\"col-374429427\" class=\"col medium-10 small-12 large-10\"  >\n\t\t\t\t<div class=\"col-inner text-center\"  >\n\t\t\t\n\t\t\t\n\n\t<div id=\"gap-1571395567\" class=\"gap-element clearfix\" style=\"display:block; height:auto;\">\n\t\t\n<style>\n#gap-1571395567 {\n  padding-top: 30px;\n}\n<\/style>\n\t<\/div>\n\t\n\n\t<div id=\"text-3918435851\" class=\"text\">\n\t\t\n\n<h1>Nosotros<\/h1>\n\t\t\n<style>\n#text-3918435851 {\n  font-size: 1.05rem;\n  color: #1769b7;\n}\n#text-3918435851 > * {\n  color: #1769b7;\n}\n<\/style>\n\t<\/div>\n\t\n<p><strong>En el 2002, se lanza a nivel regional CrediQ, el brazo financiero de Grupo Q.<\/strong><\/p>\n<p>Adem\u00e1s, es la financiera l\u00edder de veh\u00edculos en los pa\u00edses donde opera, bajo tres pilares: asesor\u00eda financiera que busca la mejor soluci\u00f3n de acuerdo con las necesidades y condiciones de pago de cada persona o empresa, con flexibilidad en establecer planes de financiamiento a la medida de sus posibilidades, a trav\u00e9s de agilidad en la resoluci\u00f3n.<\/p>\n<p>CrediQ hoy en d\u00eda es el mayor financiador de las prestigiosas marcas de GrupoQ, siendo l\u00edder en el financiamiento de veh\u00edculos y motocicletas en los pa\u00edses donde opera: El Salvador, Costa Rica, Nicaragua y Honduras.<\/p>\n<div class=\"is-divider divider clearfix\" ><\/div>\n\n\t<div id=\"text-1929345861\" class=\"text\">\n\t\t\n\n<h1>Nuestra Historia<\/h1>\n\t\t\n<style>\n#text-1929345861 {\n  font-size: 1.05rem;\n  color: #1769b7;\n}\n#text-1929345861 > * {\n  color: #1769b7;\n}\n<\/style>\n\t<\/div>\n\t\n<p class=\"text-darkgray\">CrediQ tiene sus inicios en los a\u00f1os 60 en El Salvador como el departamento de cr\u00e9ditos y cobros de la empresa veh\u00edculo motriz SAQUIRO, S.A. otorgando financiamiento a los clientes que buscaban la compra de veh\u00edculos.<\/p>\n<p class=\"text-darkgray\">En el a\u00f1o 2000 se toma la decisi\u00f3n de crear una divisi\u00f3n independiente transformando una de sus subsidiarias en CrediQ, dando un nuevo giro hacia el desarrollo de una empresa crediticia especializada en veh\u00edculos.<\/p>\n<p class=\"text-darkgray\">CrediQ nace en Costa Rica en el a\u00f1o 2005 con el nombre de CrediQ Inversiones CR S.A. fecha que coincide con el ingreso de la empresa GrupoQ.<\/p>\n<p>CrediQ Nace en Honduras el 3 de mayo de 1991 bajo el nombre de Fondos M\u00faltiples (Multifondos), posteriormente cambia su raz\u00f3n social en el 2003 a Financiera CrediQ. S.A.<\/p>\n<div class=\"row align-center\"  id=\"row-1143610467\">\n\n\n\t<div id=\"col-2091567017\" class=\"col medium-4 small-12 large-4\"  >\n\t\t\t\t<div class=\"col-inner\"  >\n\t\t\t\n\t\t\t\n\n\n\t\t<div class=\"icon-box featured-box icon-box-center text-center\"  >\n\t\t\t\t\t<div class=\"icon-box-img\" style=\"width: 90px\">\n\t\t\t\t<div class=\"icon\">\n\t\t\t\t\t<div class=\"icon-inner\" >\n\t\t\t\t\t\t<img loading=\"lazy\" decoding=\"async\" width=\"300\" height=\"300\" src=\"https:\/\/crediq.com\/hn\/wp-content\/uploads\/sites\/4\/2022\/07\/998-300x300.png\" class=\"attachment-medium size-medium\" alt=\"\" srcset=\"https:\/\/crediq.com\/hn\/wp-content\/uploads\/sites\/4\/2022\/07\/998-300x300.png 300w, https:\/\/crediq.com\/hn\/wp-content\/uploads\/sites\/4\/2022\/07\/998-150x150.png 150w, https:\/\/crediq.com\/hn\/wp-content\/uploads\/sites\/4\/2022\/07\/998-100x100.png 100w, https:\/\/crediq.com\/hn\/wp-content\/uploads\/sites\/4\/2022\/07\/998.png 512w\" sizes=\"auto, (max-width: 300px) 100vw, 300px\" \/>\t\t\t\t\t<\/div>\n\t\t\t\t<\/div>\n\t\t\t<\/div>\n\t\t\t\t<div class=\"icon-box-text last-reset\">\n\t\t\t\t\t\t\t\t\t\n\n\t<div id=\"text-2488901904\" class=\"text\">\n\t\t\n\n<h2><span data-text-color=\"primary\">Misi\u00f3n<\/span><\/h2>\n<p>Servirte con pasi\u00f3n es la fuerza que nos mueve.<\/p>\n\t\t\n<style>\n#text-2488901904 {\n  font-size: 1.05rem;\n  line-height: 1.65;\n}\n<\/style>\n\t<\/div>\n\t\n\n\t\t<\/div>\n\t<\/div>\n\t\n\t\n\n\t\t<\/div>\n\t\t\t\t\t<\/div>\n\n\t\n\n\t<div id=\"col-1056049478\" class=\"col medium-4 small-12 large-4\"  >\n\t\t\t\t<div class=\"col-inner\"  >\n\t\t\t\n\t\t\t\n\n\n\t\t<div class=\"icon-box featured-box icon-box-center text-center\"  >\n\t\t\t\t\t<div class=\"icon-box-img\" style=\"width: 90px\">\n\t\t\t\t<div class=\"icon\">\n\t\t\t\t\t<div class=\"icon-inner\" >\n\t\t\t\t\t\t<img loading=\"lazy\" decoding=\"async\" width=\"300\" height=\"300\" src=\"https:\/\/crediq.com\/hn\/wp-content\/uploads\/sites\/4\/2022\/07\/8765-300x300.png\" class=\"attachment-medium size-medium\" alt=\"\" srcset=\"https:\/\/crediq.com\/hn\/wp-content\/uploads\/sites\/4\/2022\/07\/8765-300x300.png 300w, https:\/\/crediq.com\/hn\/wp-content\/uploads\/sites\/4\/2022\/07\/8765-150x150.png 150w, https:\/\/crediq.com\/hn\/wp-content\/uploads\/sites\/4\/2022\/07\/8765-100x100.png 100w, https:\/\/crediq.com\/hn\/wp-content\/uploads\/sites\/4\/2022\/07\/8765.png 512w\" sizes=\"auto, (max-width: 300px) 100vw, 300px\" \/>\t\t\t\t\t<\/div>\n\t\t\t\t<\/div>\n\t\t\t<\/div>\n\t\t\t\t<div class=\"icon-box-text last-reset\">\n\t\t\t\t\t\t\t\t\t\n\n\t<div id=\"text-1543467569\" class=\"text\">\n\t\t\n\n<h2><span data-text-color=\"primary\">Visi\u00f3n<\/span><\/h2>\n<p>Ser la mejor empresa automotriz del mundo.<\/p>\n\t\t\n<style>\n#text-1543467569 {\n  font-size: 1.05rem;\n  line-height: 1.65;\n}\n<\/style>\n\t<\/div>\n\t\n\n\t\t<\/div>\n\t<\/div>\n\t\n\t\n\n\t\t<\/div>\n\t\t\t\t\t<\/div>\n\n\t\n\n<\/div>\n\t<div id=\"text-4275115550\" class=\"text\">\n\t\t\n\n<h1>Valores<\/h1>\n\t\t\n<style>\n#text-4275115550 {\n  font-size: 1.05rem;\n  text-align: center;\n  color: #1769b7;\n}\n#text-4275115550 > * {\n  color: #1769b7;\n}\n<\/style>\n\t<\/div>\n\t\n<div class=\"row\"  id=\"row-1857650826\">\n\n\n\t<div id=\"col-722815075\" class=\"col medium-6 small-12 large-6\"  >\n\t\t\t\t<div class=\"col-inner\"  >\n\t\t\t\n\t\t\t\n\n\n\t\t<div class=\"icon-box featured-box icon-box-left text-left\"  >\n\t\t\t\t\t<div class=\"icon-box-img\" style=\"width: 65px\">\n\t\t\t\t<div class=\"icon\">\n\t\t\t\t\t<div class=\"icon-inner\" >\n\t\t\t\t\t\t<img loading=\"lazy\" decoding=\"async\" width=\"300\" height=\"300\" src=\"https:\/\/crediq.com\/hn\/wp-content\/uploads\/sites\/4\/2022\/07\/505-300x300.png\" class=\"attachment-medium size-medium\" alt=\"\" srcset=\"https:\/\/crediq.com\/hn\/wp-content\/uploads\/sites\/4\/2022\/07\/505-300x300.png 300w, https:\/\/crediq.com\/hn\/wp-content\/uploads\/sites\/4\/2022\/07\/505-150x150.png 150w, https:\/\/crediq.com\/hn\/wp-content\/uploads\/sites\/4\/2022\/07\/505-100x100.png 100w, https:\/\/crediq.com\/hn\/wp-content\/uploads\/sites\/4\/2022\/07\/505.png 512w\" sizes=\"auto, (max-width: 300px) 100vw, 300px\" \/>\t\t\t\t\t<\/div>\n\t\t\t\t<\/div>\n\t\t\t<\/div>\n\t\t\t\t<div class=\"icon-box-text last-reset\">\n\t\t\t\t\t\t\t\t\t\n\n\t<div id=\"gap-1021442783\" class=\"gap-element clearfix\" style=\"display:block; height:auto;\">\n\t\t\n<style>\n#gap-1021442783 {\n  padding-top: 18px;\n}\n<\/style>\n\t<\/div>\n\t\n\n\t<div id=\"text-4033050340\" class=\"text\">\n\t\t\n\n<div class=\"col-lg-4\">\n<div class=\"stat\">\n<div class=\"stat-text\">\n<p class=\"cq-description\">Pasi\u00f3n por el servicio.<\/p>\n<\/div>\n<\/div>\n<\/div>\n\t\t\n<style>\n#text-4033050340 {\n  font-size: 1.1rem;\n}\n<\/style>\n\t<\/div>\n\t\n\n\t\t<\/div>\n\t<\/div>\n\t\n\t\n\n\t\t<div class=\"icon-box featured-box icon-box-left text-left\"  >\n\t\t\t\t\t<div class=\"icon-box-img\" style=\"width: 65px\">\n\t\t\t\t<div class=\"icon\">\n\t\t\t\t\t<div class=\"icon-inner\" >\n\t\t\t\t\t\t<img loading=\"lazy\" decoding=\"async\" width=\"300\" height=\"300\" src=\"https:\/\/crediq.com\/hn\/wp-content\/uploads\/sites\/4\/2022\/07\/356-300x300.png\" class=\"attachment-medium size-medium\" alt=\"\" srcset=\"https:\/\/crediq.com\/hn\/wp-content\/uploads\/sites\/4\/2022\/07\/356-300x300.png 300w, https:\/\/crediq.com\/hn\/wp-content\/uploads\/sites\/4\/2022\/07\/356-150x150.png 150w, https:\/\/crediq.com\/hn\/wp-content\/uploads\/sites\/4\/2022\/07\/356-100x100.png 100w, https:\/\/crediq.com\/hn\/wp-content\/uploads\/sites\/4\/2022\/07\/356.png 512w\" sizes=\"auto, (max-width: 300px) 100vw, 300px\" \/>\t\t\t\t\t<\/div>\n\t\t\t\t<\/div>\n\t\t\t<\/div>\n\t\t\t\t<div class=\"icon-box-text last-reset\">\n\t\t\t\t\t\t\t\t\t\n\n\t<div id=\"gap-1435511413\" class=\"gap-element clearfix\" style=\"display:block; height:auto;\">\n\t\t\n<style>\n#gap-1435511413 {\n  padding-top: 18px;\n}\n<\/style>\n\t<\/div>\n\t\n\n\t<div id=\"text-3911631209\" class=\"text\">\n\t\t\n\n<div class=\"col-lg-4\">\n<div class=\"stat\">\n<div class=\"stat-text\">\n<p class=\"cq-description\">Excelencia e innovaci\u00f3n.<\/p>\n<\/div>\n<\/div>\n<\/div>\n\t\t\n<style>\n#text-3911631209 {\n  font-size: 1.1rem;\n}\n<\/style>\n\t<\/div>\n\t\n\n\t\t<\/div>\n\t<\/div>\n\t\n\t\n\n\t\t<div class=\"icon-box featured-box icon-box-left text-left\"  >\n\t\t\t\t\t<div class=\"icon-box-img\" style=\"width: 65px\">\n\t\t\t\t<div class=\"icon\">\n\t\t\t\t\t<div class=\"icon-inner\" >\n\t\t\t\t\t\t<img loading=\"lazy\" decoding=\"async\" width=\"300\" height=\"300\" src=\"https:\/\/crediq.com\/hn\/wp-content\/uploads\/sites\/4\/2022\/07\/567-300x300.png\" class=\"attachment-medium size-medium\" alt=\"\" srcset=\"https:\/\/crediq.com\/hn\/wp-content\/uploads\/sites\/4\/2022\/07\/567-300x300.png 300w, https:\/\/crediq.com\/hn\/wp-content\/uploads\/sites\/4\/2022\/07\/567-150x150.png 150w, https:\/\/crediq.com\/hn\/wp-content\/uploads\/sites\/4\/2022\/07\/567-100x100.png 100w, https:\/\/crediq.com\/hn\/wp-content\/uploads\/sites\/4\/2022\/07\/567.png 512w\" sizes=\"auto, (max-width: 300px) 100vw, 300px\" \/>\t\t\t\t\t<\/div>\n\t\t\t\t<\/div>\n\t\t\t<\/div>\n\t\t\t\t<div class=\"icon-box-text last-reset\">\n\t\t\t\t\t\t\t\t\t\n\n\t<div id=\"gap-1952521621\" class=\"gap-element clearfix\" style=\"display:block; height:auto;\">\n\t\t\n<style>\n#gap-1952521621 {\n  padding-top: 18px;\n}\n<\/style>\n\t<\/div>\n\t\n\n\t<div id=\"text-930551516\" class=\"text\">\n\t\t\n\n<div class=\"col-lg-4\">\n<div class=\"stat\">\n<div class=\"stat-text\">\n<p class=\"cq-description\">Sentido de pertenencia.<\/p>\n<\/div>\n<\/div>\n<\/div>\n\t\t\n<style>\n#text-930551516 {\n  font-size: 1.1rem;\n}\n<\/style>\n\t<\/div>\n\t\n\n\t\t<\/div>\n\t<\/div>\n\t\n\t\n\n\t\t<\/div>\n\t\t\t\t\t<\/div>\n\n\t\n\n\t<div id=\"col-1221197072\" class=\"col medium-6 small-12 large-6\"  >\n\t\t\t\t<div class=\"col-inner\"  >\n\t\t\t\n\t\t\t\n\n\n\t\t<div class=\"icon-box featured-box icon-box-left text-left\"  >\n\t\t\t\t\t<div class=\"icon-box-img\" style=\"width: 65px\">\n\t\t\t\t<div class=\"icon\">\n\t\t\t\t\t<div class=\"icon-inner\" >\n\t\t\t\t\t\t<img loading=\"lazy\" decoding=\"async\" width=\"300\" height=\"300\" src=\"https:\/\/crediq.com\/hn\/wp-content\/uploads\/sites\/4\/2022\/07\/3748-300x300.png\" class=\"attachment-medium size-medium\" alt=\"\" srcset=\"https:\/\/crediq.com\/hn\/wp-content\/uploads\/sites\/4\/2022\/07\/3748-300x300.png 300w, https:\/\/crediq.com\/hn\/wp-content\/uploads\/sites\/4\/2022\/07\/3748-150x150.png 150w, https:\/\/crediq.com\/hn\/wp-content\/uploads\/sites\/4\/2022\/07\/3748-100x100.png 100w, https:\/\/crediq.com\/hn\/wp-content\/uploads\/sites\/4\/2022\/07\/3748.png 512w\" sizes=\"auto, (max-width: 300px) 100vw, 300px\" \/>\t\t\t\t\t<\/div>\n\t\t\t\t<\/div>\n\t\t\t<\/div>\n\t\t\t\t<div class=\"icon-box-text last-reset\">\n\t\t\t\t\t\t\t\t\t\n\n\t<div id=\"gap-1473803407\" class=\"gap-element clearfix\" style=\"display:block; height:auto;\">\n\t\t\n<style>\n#gap-1473803407 {\n  padding-top: 18px;\n}\n<\/style>\n\t<\/div>\n\t\n\n\t<div id=\"text-2762079488\" class=\"text\">\n\t\t\n\n<div class=\"col-lg-4\">\n<div class=\"stat\">\n<div class=\"stat-text\">\n<p class=\"cq-description\">Compromiso con la comunidad.<\/p>\n<\/div>\n<\/div>\n<\/div>\n\t\t\n<style>\n#text-2762079488 {\n  font-size: 1.1rem;\n}\n<\/style>\n\t<\/div>\n\t\n\n\t\t<\/div>\n\t<\/div>\n\t\n\t\n\n\t\t<div class=\"icon-box featured-box icon-box-left text-left\"  >\n\t\t\t\t\t<div class=\"icon-box-img\" style=\"width: 65px\">\n\t\t\t\t<div class=\"icon\">\n\t\t\t\t\t<div class=\"icon-inner\" >\n\t\t\t\t\t\t<img loading=\"lazy\" decoding=\"async\" width=\"300\" height=\"300\" src=\"https:\/\/crediq.com\/hn\/wp-content\/uploads\/sites\/4\/2022\/07\/665-300x300.png\" class=\"attachment-medium size-medium\" alt=\"\" srcset=\"https:\/\/crediq.com\/hn\/wp-content\/uploads\/sites\/4\/2022\/07\/665-300x300.png 300w, https:\/\/crediq.com\/hn\/wp-content\/uploads\/sites\/4\/2022\/07\/665-150x150.png 150w, https:\/\/crediq.com\/hn\/wp-content\/uploads\/sites\/4\/2022\/07\/665-100x100.png 100w, https:\/\/crediq.com\/hn\/wp-content\/uploads\/sites\/4\/2022\/07\/665.png 512w\" sizes=\"auto, (max-width: 300px) 100vw, 300px\" \/>\t\t\t\t\t<\/div>\n\t\t\t\t<\/div>\n\t\t\t<\/div>\n\t\t\t\t<div class=\"icon-box-text last-reset\">\n\t\t\t\t\t\t\t\t\t\n\n\t<div id=\"gap-917606200\" class=\"gap-element clearfix\" style=\"display:block; height:auto;\">\n\t\t\n<style>\n#gap-917606200 {\n  padding-top: 18px;\n}\n<\/style>\n\t<\/div>\n\t\n\n\t<div id=\"text-730644410\" class=\"text\">\n\t\t\n\n<div class=\"col-lg-4\">\n<div class=\"stat\">\n<div class=\"stat-text\">\n<p class=\"cq-description\">Integridad.<\/p>\n<\/div>\n<\/div>\n<\/div>\n\t\t\n<style>\n#text-730644410 {\n  font-size: 1.1rem;\n}\n<\/style>\n\t<\/div>\n\t\n\n\t\t<\/div>\n\t<\/div>\n\t\n\t\n\n\t\t<div class=\"icon-box featured-box icon-box-left text-left\"  >\n\t\t\t\t\t<div class=\"icon-box-img\" style=\"width: 65px\">\n\t\t\t\t<div class=\"icon\">\n\t\t\t\t\t<div class=\"icon-inner\" >\n\t\t\t\t\t\t<img loading=\"lazy\" decoding=\"async\" width=\"300\" height=\"300\" src=\"https:\/\/crediq.com\/hn\/wp-content\/uploads\/sites\/4\/2022\/07\/7676-300x300.png\" class=\"attachment-medium size-medium\" alt=\"\" srcset=\"https:\/\/crediq.com\/hn\/wp-content\/uploads\/sites\/4\/2022\/07\/7676-300x300.png 300w, https:\/\/crediq.com\/hn\/wp-content\/uploads\/sites\/4\/2022\/07\/7676-150x150.png 150w, https:\/\/crediq.com\/hn\/wp-content\/uploads\/sites\/4\/2022\/07\/7676-100x100.png 100w, https:\/\/crediq.com\/hn\/wp-content\/uploads\/sites\/4\/2022\/07\/7676.png 512w\" sizes=\"auto, (max-width: 300px) 100vw, 300px\" \/>\t\t\t\t\t<\/div>\n\t\t\t\t<\/div>\n\t\t\t<\/div>\n\t\t\t\t<div class=\"icon-box-text last-reset\">\n\t\t\t\t\t\t\t\t\t\n\n\t<div id=\"gap-1359182593\" class=\"gap-element clearfix\" style=\"display:block; height:auto;\">\n\t\t\n<style>\n#gap-1359182593 {\n  padding-top: 18px;\n}\n<\/style>\n\t<\/div>\n\t\n\n\t<div id=\"text-373324339\" class=\"text\">\n\t\t\n\n<div class=\"col-lg-4\">\n<div class=\"stat\">\n<div class=\"stat-text\">\n<section class=\"paddingSection\">\n<div class=\"row\">\n<div class=\"col-lg-4\">\n<div class=\"stat\">\n<div class=\"stat-text\">\n<p class=\"cq-description\">Responsabilidad social.<\/p>\n<\/div>\n<\/div>\n<\/div>\n<\/div>\n<\/section>\n<\/div>\n<\/div>\n<\/div>\n\t\t\n<style>\n#text-373324339 {\n  font-size: 1.1rem;\n}\n<\/style>\n\t<\/div>\n\t\n\n\t\t<\/div>\n\t<\/div>\n\t\n\t\n\n\t\t<\/div>\n\t\t\t\t\t<\/div>\n\n\t\n\n<\/div>\n<div class=\"accordion\">\n\n\t<div id=\"accordion-2224214272\" class=\"accordion-item\">\n\t\t<a id=\"accordion-2224214272-label\" class=\"accordion-title plain\" href=\"#accordion-item-memoria-anual-crediq\" aria-expanded=\"false\" aria-controls=\"accordion-2224214272-content\">\n\t\t\t<button class=\"toggle\" aria-label=\"Toggle\"><i class=\"icon-angle-down\" aria-hidden=\"true\"><\/i><\/button>\n\t\t\t<span>Memoria Anual CrediQ<\/span>\n\t\t<\/a>\n\t\t<div id=\"accordion-2224214272-content\" class=\"accordion-inner\" aria-labelledby=\"accordion-2224214272-label\">\n\t\t\t\n\n<a href=\"https:\/\/crediq.com\/hn\/wp-content\/uploads\/sites\/4\/2025\/07\/Memoria-Anual-2024.pdf\" class=\"button primary is-underline lowercase\" >\n\t\t<span>Memoria Anual 2024<\/span>\n\t<i class=\"icon-angle-right\" aria-hidden=\"true\"><\/i><\/a>\n\n\n<a href=\"https:\/\/crediq.com\/hn\/wp-content\/uploads\/sites\/4\/2024\/07\/Memoria-CQ-2023-comprimido.pdf\" class=\"button primary is-underline lowercase\" >\n\t\t<span>Memoria Anual 2023<\/span>\n\t<i class=\"icon-angle-right\" aria-hidden=\"true\"><\/i><\/a>\n\n\n<a href=\"https:\/\/crediq.com\/hn\/wp-content\/uploads\/sites\/4\/2023\/06\/Memoria-CrediQ-2022.pdf\" class=\"button primary is-underline lowercase\" >\n\t\t<span>Memoria Anual 2022<\/span>\n\t<i class=\"icon-angle-right\" aria-hidden=\"true\"><\/i><\/a>\n\n\n<a href=\"\/hn\/wp-content\/uploads\/sites\/4\/2022\/09\/memoria_anual_2021.pdf\" class=\"button primary is-underline lowercase\" >\n\t\t<span>Memoria Anual 2021<\/span>\n\t<i class=\"icon-angle-right\" aria-hidden=\"true\"><\/i><\/a>\n\n\n<a href=\"\/hn\/wp-content\/uploads\/sites\/4\/2022\/09\/memoria_anual_2020.pdf\" class=\"button primary is-underline lowercase\" >\n\t\t<span>Memoria Anual 2020<\/span>\n\t<i class=\"icon-angle-right\" aria-hidden=\"true\"><\/i><\/a>\n\n\n<a href=\"\/hn\/wp-content\/uploads\/sites\/4\/2022\/09\/memoria-anual-2019.pdf\" class=\"button primary is-underline lowercase\" >\n\t\t<span>Memoria Anual 2019<\/span>\n\t<i class=\"icon-angle-right\" aria-hidden=\"true\"><\/i><\/a>\n\n\n<a href=\"\/hn\/wp-content\/uploads\/sites\/4\/2022\/09\/memoria-anual-2018.pdf\" class=\"button primary is-underline lowercase\" >\n\t\t<span>Memoria Anual 2018<\/span>\n\t<i class=\"icon-angle-right\" aria-hidden=\"true\"><\/i><\/a>\n\n\n<a href=\"\/hn\/wp-content\/uploads\/sites\/4\/2022\/09\/memoria_anual_2017.pdf\" class=\"button primary is-underline lowercase\" >\n\t\t<span>Memoria Anual 2017<\/span>\n\t<i class=\"icon-angle-right\" aria-hidden=\"true\"><\/i><\/a>\n\n\n<a href=\"\/hn\/wp-content\/uploads\/sites\/4\/2022\/09\/MEMORIA-CREDIQ-Final-2016.pdf\" class=\"button primary is-underline lowercase\" >\n\t\t<span>Memoria Anual 2016<\/span>\n\t<i class=\"icon-angle-right\" aria-hidden=\"true\"><\/i><\/a>\n\n\n\n\t\t<\/div>\n\t<\/div>\n\t\n\n<\/div>\n\n\t\t<\/div>\n\t\t\t\t\t<\/div>\n\n\t\n\n<\/div>\n\n\n","protected":false},"excerpt":{"rendered":"","protected":false},"author":1,"featured_media":0,"parent":0,"menu_order":5,"comment_status":"closed","ping_status":"closed","template":"page-blank.php","meta":{"_acf_changed":false,"_monsterinsights_skip_tracking":false,"_monsterinsights_sitenote_active":false,"_monsterinsights_sitenote_note":"","_monsterinsights_sitenote_category":0,"footnotes":""},"class_list":["post-3061","page","type-page","status-publish","hentry"],"acf":[],"yoast_head":"<!-- This site is optimized with the Yoast SEO plugin v26.7 - https:\/\/yoast.com\/wordpress\/plugins\/seo\/ -->\n<title>Nosotros - CrediQ Honduras<\/title>\n<meta name=\"robots\" content=\"index, follow, max-snippet:-1, max-image-preview:large, max-video-preview:-1\" \/>\n<link rel=\"canonical\" href=\"https:\/\/crediq.com\/hn\/nosotros\/\" \/>\n<meta property=\"og:locale\" content=\"es_ES\" \/>\n<meta property=\"og:type\" content=\"article\" \/>\n<meta property=\"og:title\" content=\"Nosotros - CrediQ Honduras\" \/>\n<meta property=\"og:url\" content=\"https:\/\/crediq.com\/hn\/nosotros\/\" \/>\n<meta property=\"og:site_name\" content=\"CrediQ Honduras\" \/>\n<meta property=\"article:publisher\" content=\"https:\/\/es-la.facebook.com\/crediqhn\/\" \/>\n<meta property=\"article:modified_time\" content=\"2025-07-09T21:09:12+00:00\" \/>\n<meta name=\"twitter:card\" content=\"summary_large_image\" \/>\n<meta name=\"twitter:label1\" content=\"Tiempo de lectura\" \/>\n\t<meta name=\"twitter:data1\" content=\"4 minutos\" \/>\n<script type=\"application\/ld+json\" class=\"yoast-schema-graph\">{\"@context\":\"https:\/\/schema.org\",\"@graph\":[{\"@type\":\"WebPage\",\"@id\":\"https:\/\/crediq.com\/hn\/nosotros\/\",\"url\":\"https:\/\/crediq.com\/hn\/nosotros\/\",\"name\":\"Nosotros - CrediQ Honduras\",\"isPartOf\":{\"@id\":\"https:\/\/crediq.com\/hn\/#website\"},\"datePublished\":\"2022-07-19T16:30:54+00:00\",\"dateModified\":\"2025-07-09T21:09:12+00:00\",\"breadcrumb\":{\"@id\":\"https:\/\/crediq.com\/hn\/nosotros\/#breadcrumb\"},\"inLanguage\":\"es\",\"potentialAction\":[{\"@type\":\"ReadAction\",\"target\":[\"https:\/\/crediq.com\/hn\/nosotros\/\"]}]},{\"@type\":\"BreadcrumbList\",\"@id\":\"https:\/\/crediq.com\/hn\/nosotros\/#breadcrumb\",\"itemListElement\":[{\"@type\":\"ListItem\",\"position\":1,\"name\":\"Home\",\"item\":\"https:\/\/crediq.com\/hn\/\"},{\"@type\":\"ListItem\",\"position\":2,\"name\":\"Nosotros\"}]},{\"@type\":\"WebSite\",\"@id\":\"https:\/\/crediq.com\/hn\/#website\",\"url\":\"https:\/\/crediq.com\/hn\/\",\"name\":\"CrediQ Honduras\",\"description\":\"Financiamiento de veh\u00edculos nuevos y usados\",\"publisher\":{\"@id\":\"https:\/\/crediq.com\/hn\/#organization\"},\"potentialAction\":[{\"@type\":\"SearchAction\",\"target\":{\"@type\":\"EntryPoint\",\"urlTemplate\":\"https:\/\/crediq.com\/hn\/?s={search_term_string}\"},\"query-input\":{\"@type\":\"PropertyValueSpecification\",\"valueRequired\":true,\"valueName\":\"search_term_string\"}}],\"inLanguage\":\"es\"},{\"@type\":\"Organization\",\"@id\":\"https:\/\/crediq.com\/hn\/#organization\",\"name\":\"CrediQ Honduras\",\"url\":\"https:\/\/crediq.com\/hn\/\",\"logo\":{\"@type\":\"ImageObject\",\"inLanguage\":\"es\",\"@id\":\"https:\/\/crediq.com\/hn\/#\/schema\/logo\/image\/\",\"url\":\"https:\/\/crediq.com\/hn\/wp-content\/uploads\/sites\/4\/2022\/07\/1111.png\",\"contentUrl\":\"https:\/\/crediq.com\/hn\/wp-content\/uploads\/sites\/4\/2022\/07\/1111.png\",\"width\":2376,\"height\":684,\"caption\":\"CrediQ Honduras\"},\"image\":{\"@id\":\"https:\/\/crediq.com\/hn\/#\/schema\/logo\/image\/\"},\"sameAs\":[\"https:\/\/es-la.facebook.com\/crediqhn\/\",\"https:\/\/instagram.com\/crediq.honduras\"]}]}<\/script>\n<!-- \/ Yoast SEO plugin. -->","yoast_head_json":{"title":"Nosotros - CrediQ Honduras","robots":{"index":"index","follow":"follow","max-snippet":"max-snippet:-1","max-image-preview":"max-image-preview:large","max-video-preview":"max-video-preview:-1"},"canonical":"https:\/\/crediq.com\/hn\/nosotros\/","og_locale":"es_ES","og_type":"article","og_title":"Nosotros - CrediQ Honduras","og_url":"https:\/\/crediq.com\/hn\/nosotros\/","og_site_name":"CrediQ Honduras","article_publisher":"https:\/\/es-la.facebook.com\/crediqhn\/","article_modified_time":"2025-07-09T21:09:12+00:00","twitter_card":"summary_large_image","twitter_misc":{"Tiempo de lectura":"4 minutos"},"schema":{"@context":"https:\/\/schema.org","@graph":[{"@type":"WebPage","@id":"https:\/\/crediq.com\/hn\/nosotros\/","url":"https:\/\/crediq.com\/hn\/nosotros\/","name":"Nosotros - CrediQ Honduras","isPartOf":{"@id":"https:\/\/crediq.com\/hn\/#website"},"datePublished":"2022-07-19T16:30:54+00:00","dateModified":"2025-07-09T21:09:12+00:00","breadcrumb":{"@id":"https:\/\/crediq.com\/hn\/nosotros\/#breadcrumb"},"inLanguage":"es","potentialAction":[{"@type":"ReadAction","target":["https:\/\/crediq.com\/hn\/nosotros\/"]}]},{"@type":"BreadcrumbList","@id":"https:\/\/crediq.com\/hn\/nosotros\/#breadcrumb","itemListElement":[{"@type":"ListItem","position":1,"name":"Home","item":"https:\/\/crediq.com\/hn\/"},{"@type":"ListItem","position":2,"name":"Nosotros"}]},{"@type":"WebSite","@id":"https:\/\/crediq.com\/hn\/#website","url":"https:\/\/crediq.com\/hn\/","name":"CrediQ Honduras","description":"Financiamiento de veh\u00edculos nuevos y usados","publisher":{"@id":"https:\/\/crediq.com\/hn\/#organization"},"potentialAction":[{"@type":"SearchAction","target":{"@type":"EntryPoint","urlTemplate":"https:\/\/crediq.com\/hn\/?s={search_term_string}"},"query-input":{"@type":"PropertyValueSpecification","valueRequired":true,"valueName":"search_term_string"}}],"inLanguage":"es"},{"@type":"Organization","@id":"https:\/\/crediq.com\/hn\/#organization","name":"CrediQ Honduras","url":"https:\/\/crediq.com\/hn\/","logo":{"@type":"ImageObject","inLanguage":"es","@id":"https:\/\/crediq.com\/hn\/#\/schema\/logo\/image\/","url":"https:\/\/crediq.com\/hn\/wp-content\/uploads\/sites\/4\/2022\/07\/1111.png","contentUrl":"https:\/\/crediq.com\/hn\/wp-content\/uploads\/sites\/4\/2022\/07\/1111.png","width":2376,"height":684,"caption":"CrediQ Honduras"},"image":{"@id":"https:\/\/crediq.com\/hn\/#\/schema\/logo\/image\/"},"sameAs":["https:\/\/es-la.facebook.com\/crediqhn\/","https:\/\/instagram.com\/crediq.honduras"]}]}},"post_mailing_queue_ids":[],"_links":{"self":[{"href":"https:\/\/crediq.com\/hn\/wp-json\/wp\/v2\/pages\/3061","targetHints":{"allow":["GET"]}}],"collection":[{"href":"https:\/\/crediq.com\/hn\/wp-json\/wp\/v2\/pages"}],"about":[{"href":"https:\/\/crediq.com\/hn\/wp-json\/wp\/v2\/types\/page"}],"author":[{"embeddable":true,"href":"https:\/\/crediq.com\/hn\/wp-json\/wp\/v2\/users\/1"}],"replies":[{"embeddable":true,"href":"https:\/\/crediq.com\/hn\/wp-json\/wp\/v2\/comments?post=3061"}],"version-history":[{"count":8,"href":"https:\/\/crediq.com\/hn\/wp-json\/wp\/v2\/pages\/3061\/revisions"}],"predecessor-version":[{"id":7874,"href":"https:\/\/crediq.com\/hn\/wp-json\/wp\/v2\/pages\/3061\/revisions\/7874"}],"wp:attachment":[{"href":"https:\/\/crediq.com\/hn\/wp-json\/wp\/v2\/media?parent=3061"}],"curies":[{"name":"wp","href":"https:\/\/api.w.org\/{rel}","templated":true}]}}