{"id":3680,"date":"2022-09-09T17:33:06","date_gmt":"2022-09-09T17:33:06","guid":{"rendered":"https:\/\/demo2.loces.dev\/hn\/?page_id=3680"},"modified":"2025-08-12T20:23:32","modified_gmt":"2025-08-12T20:23:32","slug":"comunicados","status":"publish","type":"page","link":"https:\/\/crediq.com\/hn\/comunicados\/","title":{"rendered":"Comunicados"},"content":{"rendered":"\n\n  <div class=\"banner has-hover\" id=\"banner-1791589475\">\n          <div class=\"banner-inner fill\">\n        <div class=\"banner-bg fill\" >\n            <img loading=\"lazy\" decoding=\"async\" width=\"1020\" height=\"378\" src=\"https:\/\/crediq.com\/hn\/wp-content\/uploads\/sites\/4\/2022\/09\/fondo-banner-usuario-financiero-1024x379.jpeg\" class=\"bg attachment-large size-large\" alt=\"\" \/>                                    \n                    <\/div>\n\t\t\n        <div class=\"banner-layers container\">\n            <div class=\"fill banner-link\"><\/div>            \n\n   <div id=\"text-box-1953992011\" class=\"text-box banner-layer x50 md-x50 lg-x50 y50 md-y50 lg-y50 res-text\">\n                                <div class=\"text-box-content text dark\">\n              \n              <div class=\"text-inner text-center\">\n                  \n\n\t<div id=\"text-3746921825\" class=\"text\">\n\t\t\n\n<h3><strong>Comunicados<\/strong><\/h3>\n<p>Informaci\u00f3n de inter\u00e9s para nuestros clientes.<\/p>\n\t\t\n<style>\n#text-3746921825 {\n  font-size: 1.05rem;\n}\n<\/style>\n\t<\/div>\n\t\n\n              <\/div>\n           <\/div>\n                            \n<style>\n#text-box-1953992011 {\n  width: 42%;\n}\n#text-box-1953992011 .text-box-content {\n  font-size: 100%;\n}\n<\/style>\n    <\/div>\n \n\n        <\/div>\n      <\/div>\n\n            \n<style>\n#banner-1791589475 {\n  padding-top: 300px;\n  background-color: rgb(255,255,255);\n}\n<\/style>\n  <\/div>\n\n\n<div class=\"row\"  id=\"row-841512080\">\n\n\n\t<div id=\"col-505331443\" class=\"col medium-6 small-12 large-6\"  >\n\t\t\t\t<div class=\"col-inner\"  >\n\t\t\t\n\t\t\t\n\n<h2>Comunicados<\/h2>\n<div class=\"accordion\">\n\n\t<div id=\"accordion-626912856\" class=\"accordion-item\">\n\t\t<a id=\"accordion-626912856-label\" class=\"accordion-title plain\" href=\"#accordion-item-hist\u00f3rico\" aria-expanded=\"false\" aria-controls=\"accordion-626912856-content\">\n\t\t\t<button class=\"toggle\" aria-label=\"Toggle\"><i class=\"icon-angle-down\" aria-hidden=\"true\"><\/i><\/button>\n\t\t\t<span>Hist\u00f3rico<\/span>\n\t\t<\/a>\n\t\t<div id=\"accordion-626912856-content\" class=\"accordion-inner\" aria-labelledby=\"accordion-626912856-label\">\n\t\t\t\n\n<div class=\"row\"  id=\"row-1558745537\">\n\n\n\t<div id=\"col-496474265\" class=\"col small-12 large-12\"  >\n\t\t\t\t<div class=\"col-inner\"  >\n\t\t\t\n\t\t\t\n\n<div class=\"row\"  id=\"row-821916377\">\n\n\n\t<div id=\"col-1246191300\" class=\"col small-12 large-12\"  >\n\t\t\t\t<div class=\"col-inner\"  >\n\t\t\t\n\t\t\t\n\n<h2>COMUNICADO<\/h2>\n<p><a href=\"https:\/\/crediq.com\/hn\/wp-content\/uploads\/sites\/4\/2023\/04\/HN.jpg\">Horario Agencias Sistema<\/a><\/p>\n<p>\u00a0<\/p>\n<div class=\"is-divider divider clearfix\" ><\/div>\n\n<h2>COMUNICADO<\/h2>\n<p>Medidas de Alivio Eta \/ IOTA<\/p>\n\n\t\t<\/div>\n\t\t\t\t\t<\/div>\n\n\t\n\n<\/div>\n<div class=\"is-divider divider clearfix\" ><\/div>\n\n\n\t\t<\/div>\n\t\t\t\t\t<\/div>\n\n\t\n\n<\/div>\n<div class=\"row\"  id=\"row-1133941971\">\n\n\n\t<div id=\"col-1436758140\" class=\"col small-12 large-12\"  >\n\t\t\t\t<div class=\"col-inner\"  >\n\t\t\t\n\t\t\t\n\n<div class=\"row\"  id=\"row-478693694\">\n\n\n\t<div id=\"col-1105516460\" class=\"col small-12 large-12\"  >\n\t\t\t\t<div class=\"col-inner\"  >\n\t\t\t\n\t\t\t\n\n<h2 class=\"pt-3 pt-md-0\">COMUNICADO<\/h2>\n<p>Medidas de Alivio CrediQ<\/p>\n\n\t\t<\/div>\n\t\t\t\t\t<\/div>\n\n\t\n\n<\/div>\n<a href=\"https:\/\/crediq.com\/hn\/wp-content\/uploads\/sites\/4\/2024\/04\/CrediQ-HN-32910-Comunicado-COVID-19.png\" class=\"button primary\" >\n\t\t<span>Comunicado Medidas de alivio<\/span>\n\t<\/a>\n\n\n<a href=\"https:\/\/crediq.com\/hn\/wp-content\/uploads\/sites\/4\/2024\/04\/Covid-2.png\" class=\"button primary\" >\n\t\t<span>Comunicado medidas de alivio #2<\/span>\n\t<\/a>\n\n\n\n\t\t<\/div>\n\t\t\t\t\t<\/div>\n\n\t\n\n<\/div>\n<div class=\"row\"  id=\"row-2377531\">\n\n\n\t<div id=\"col-1542665825\" class=\"col small-12 large-12\"  >\n\t\t\t\t<div class=\"col-inner\"  >\n\t\t\t\n\t\t\t\n\n<div class=\"row\"  id=\"row-1451875009\">\n\n\n\t<div id=\"col-178206123\" class=\"col small-12 large-12\"  >\n\t\t\t\t<div class=\"col-inner\"  >\n\t\t\t\n\t\t\t\n\n<h2 class=\"pt-3 pt-md-0\">COMUNICADO<\/h2>\n<p><a href=\"https:\/\/crediq.com\/hn\/wp-content\/uploads\/sites\/4\/2022\/11\/COMUNICADO-DE-cargo-por-gestion-de-cobro-administrativo.pdf\" target=\"_blank\" rel=\"noopener\">Cargo por gesti\u00f3n de cobro administrativo<\/a><\/p>\n\n\t\t<\/div>\n\t\t\t\t\t<\/div>\n\n\t\n\n<\/div>\n<div class=\"is-divider divider clearfix\" ><\/div>\n\n\n\t\t<\/div>\n\t\t\t\t\t<\/div>\n\n\t\n\n<\/div>\n<div class=\"row\"  id=\"row-388209133\">\n\n\n\t<div id=\"col-1137690025\" class=\"col small-12 large-12\"  >\n\t\t\t\t<div class=\"col-inner\"  >\n\t\t\t\n\t\t\t\n\n<div class=\"row\"  id=\"row-842815539\">\n\n\n\t<div id=\"col-492901737\" class=\"col small-12 large-12\"  >\n\t\t\t\t<div class=\"col-inner\"  >\n\t\t\t\n\t\t\t\n\n<h2 class=\"pt-3 pt-md-0\">COMUNICADO<\/h2>\n<p>Prospecto para un programa de Emisi\u00f3n de obligaciones burs\u00e1tiles Financiera CREDIQ<\/p>\n\n\t\t<\/div>\n\t\t\t\t\t<\/div>\n\n\t\n\n<\/div>\n<div class=\"is-divider divider clearfix\" ><\/div>\n\n\n\t\t<\/div>\n\t\t\t\t\t<\/div>\n\n\t\n\n<\/div>\n<div class=\"row\"  id=\"row-1677357023\">\n\n\n\t<div id=\"col-30259523\" class=\"col small-12 large-12\"  >\n\t\t\t\t<div class=\"col-inner\"  >\n\t\t\t\n\t\t\t\n\n<div class=\"row\"  id=\"row-462396723\">\n\n\n\t<div id=\"col-892616602\" class=\"col small-12 large-12\"  >\n\t\t\t\t<div class=\"col-inner\"  >\n\t\t\t\n\t\t\t\n\n<h2 class=\"pt-3 pt-md-0\">COMUNICADO<\/h2>\n<p>Financiera CrediQ informa a sus clientes, que en nuestro af\u00e1n de mejorar la calidad de nuestro servicio y de modernizar nuestras operaciones, ha decidido renovar nuestra plataforma de consulta en l\u00ednea, por lo que, a partir del 01 de junio del 2019 se dar\u00e1 de baja al servicio de banca electr\u00f3nico Enlace Q.<\/p>\n<p>Para informaci\u00f3n adicional favor contactar a nuestro Call Center al 2290-3747, o escr\u00edbanos a\u00a0<a href=\"mailto:contactenoshn@crediq.com\">contactenoshn@crediq.com<\/a><\/p>\n<p>O mediante nuestras cuentas en las Redes Sociales Crediq HN y Whatsapp +5043150-1568<\/p>\n\n\t\t<\/div>\n\t\t\t\t\t<\/div>\n\n\t\n\n<\/div>\n<div class=\"is-divider divider clearfix\" ><\/div>\n\n\n\t\t<\/div>\n\t\t\t\t\t<\/div>\n\n\t\n\n<\/div>\n<div class=\"row\"  id=\"row-1154411716\">\n\n\n\t<div id=\"col-1299310646\" class=\"col small-12 large-12\"  >\n\t\t\t\t<div class=\"col-inner\"  >\n\t\t\t\n\t\t\t\n\n<div class=\"row\"  id=\"row-1220762034\">\n\n\n\t<div id=\"col-922842447\" class=\"col small-12 large-12\"  >\n\t\t\t\t<div class=\"col-inner\"  >\n\t\t\t\n\t\t\t\n\n<h2 class=\"pt-3 pt-md-0\">COMUNICADO<\/h2>\n<p>CrediQ informa a todos sus clientes y publico en general que a partir del 26 de febrero de 2018 se comenzara a utilizar el formato de cheques requerido por el Banco Central de Honduras mediante resoluci\u00f3n No. 327-8\/2016 de fecha 25 de agosto de 2016, donde se norma la estandarizaci\u00f3n de formato de cheques en el sistema bancario hondure\u00f1o.<\/p>\n<p>A partir de la fecha descrita los cheques que se recibir\u00e1n para pago de obligaciones de pr\u00e9stamo y\/o operaciones pasivas deber\u00e1n cumplir con el formato descrito en dicha circular en relaci\u00f3n al tama\u00f1o, peso permisible, color de cheque entre otros. En caso de no cumplir con lo descrito en la resoluci\u00f3n del BCH no se recibir\u00e1n dichos cheques.<\/p>\n\n\t\t<\/div>\n\t\t\t\t\t<\/div>\n\n\t\n\n<\/div>\n<div class=\"is-divider divider clearfix\" ><\/div>\n\n\n\t\t<\/div>\n\t\t\t\t\t<\/div>\n\n\t\n\n<\/div>\n<div class=\"row\"  id=\"row-1295264049\">\n\n\n\t<div id=\"col-1890292257\" class=\"col small-12 large-12\"  >\n\t\t\t\t<div class=\"col-inner\"  >\n\t\t\t\n\t\t\t\n\n<div class=\"row\"  id=\"row-134420805\">\n\n\n\t<div id=\"col-1717536891\" class=\"col small-12 large-12\"  >\n\t\t\t\t<div class=\"col-inner\"  >\n\t\t\t\n\t\t\t\n\n<h2 class=\"pt-3 pt-md-0\">COMUNICADO<\/h2>\n<p>Estimado cliente:<\/p>\n<p>Por este medio les informamos que por disposici\u00f3n del Banco Central de Honduras recibida a trav\u00e9s de la circular No. D-41\/2016, ha establecido nuevos montos sobre los cuales los clientes deben llenar el formato de registro de transacciones en efectivo (RTE) bajo las siguientes consideraciones:<\/p>\n<ul>\n<li>Para las transacciones realizadas en efectivo en moneda extranjera, se fija la suma de cuatro mil d\u00f3lares de los Estados Unidos de Am\u00e9rica (US$4,000) o su equivalente en cualquier moneda extranjera.<\/li>\n<li>Para las transacciones realizadas en efectivo en moneda nacional, se fija la suma de doscientos mil lempiras (L200,000.00).<\/li>\n<\/ul>\n<p>Dichas posiciones entran en vigencia a partir de 1 de abril de 2017.<\/p>\n\n\t\t<\/div>\n\t\t\t\t\t<\/div>\n\n\t\n\n<\/div>\n<div class=\"is-divider divider clearfix\" ><\/div>\n\n\n\t\t<\/div>\n\t\t\t\t\t<\/div>\n\n\t\n\n<\/div>\n<div class=\"row\"  id=\"row-1672156187\">\n\n\n\t<div id=\"col-541945037\" class=\"col small-12 large-12\"  >\n\t\t\t\t<div class=\"col-inner\"  >\n\t\t\t\n\t\t\t\n\n<div class=\"row\"  id=\"row-962489185\">\n\n\n\t<div id=\"col-446048389\" class=\"col small-12 large-12\"  >\n\t\t\t\t<div class=\"col-inner\"  >\n\t\t\t\n\t\t\t\n\n\t<div id=\"text-3214837719\" class=\"text\">\n\t\t\n\n<h2 class=\"pt-3 pt-md-0\" style=\"text-align: left\">COMUNICADO<\/h2>\n<p>Financiera CrediQ S.A, informa a los siguientes clientes, que deber\u00e1n presentarse a cualquiera de nuestras oficinas a nivel nacional, a reclamar beneficios relacionados con su(s) cr\u00e9dito(s) cancelado(s).<\/p>\n<p class=\"text-center\" style=\"text-align: left\"><a href=\"#\">Lista de clientes<\/a><\/p>\n<p>Para mayor informaci\u00f3n, comunicarse al tel\u00e9fono 2269-1400, en horario de lunes \u2013 viernes de 8:00 AM a 5:00 PM.<\/p>\n\t\t\n<style>\n#text-3214837719 {\n  text-align: left;\n}\n<\/style>\n\t<\/div>\n\t\n\n\t\t<\/div>\n\t\t\t\t\t<\/div>\n\n\t\n\n<\/div>\n\n\t\t<\/div>\n\t\t\t\t\t<\/div>\n\n\t\n\n<\/div>\n\n\t\t<\/div>\n\t<\/div>\n\t\n\n<\/div>\n\n\t\t<\/div>\n\t\t\t\t\t<\/div>\n\n\t\n\n\t<div id=\"col-1807890818\" class=\"col medium-6 small-12 large-6\"  >\n\t\t\t\t<div class=\"col-inner\"  >\n\t\t\t\n\t\t\t\n\n<h2>Comunicados Ajuste de Tasas<\/h2>\n<a href=\"https:\/\/crediq.com\/hn\/comunicados-ajuste-tasas\/\" class=\"button primary\" >\n\t\t<span>2025<\/span>\n\t<i class=\"icon-angle-right\" aria-hidden=\"true\"><\/i><\/a>\n\n\n\n\t\t<\/div>\n\t\t\t\t\t<\/div>\n\n\t\n\n<\/div>\n\n","protected":false},"excerpt":{"rendered":"","protected":false},"author":1,"featured_media":0,"parent":0,"menu_order":0,"comment_status":"closed","ping_status":"closed","template":"page-blank.php","meta":{"_acf_changed":false,"_monsterinsights_skip_tracking":false,"_monsterinsights_sitenote_active":false,"_monsterinsights_sitenote_note":"","_monsterinsights_sitenote_category":0,"footnotes":""},"class_list":["post-3680","page","type-page","status-publish","hentry"],"acf":[],"yoast_head":"<!-- This site is optimized with the Yoast SEO plugin v26.7 - https:\/\/yoast.com\/wordpress\/plugins\/seo\/ -->\n<title>Comunicados - CrediQ Honduras<\/title>\n<meta name=\"robots\" content=\"index, follow, max-snippet:-1, max-image-preview:large, max-video-preview:-1\" \/>\n<link rel=\"canonical\" href=\"https:\/\/crediq.com\/hn\/comunicados\/\" \/>\n<meta property=\"og:locale\" content=\"es_ES\" \/>\n<meta property=\"og:type\" content=\"article\" \/>\n<meta property=\"og:title\" content=\"Comunicados - CrediQ Honduras\" \/>\n<meta property=\"og:url\" content=\"https:\/\/crediq.com\/hn\/comunicados\/\" \/>\n<meta property=\"og:site_name\" content=\"CrediQ Honduras\" \/>\n<meta property=\"article:publisher\" content=\"https:\/\/es-la.facebook.com\/crediqhn\/\" \/>\n<meta property=\"article:modified_time\" content=\"2025-08-12T20:23:32+00:00\" \/>\n<meta name=\"twitter:card\" content=\"summary_large_image\" \/>\n<meta name=\"twitter:label1\" content=\"Tiempo de lectura\" \/>\n\t<meta name=\"twitter:data1\" content=\"3 minutos\" \/>\n<script type=\"application\/ld+json\" class=\"yoast-schema-graph\">{\"@context\":\"https:\/\/schema.org\",\"@graph\":[{\"@type\":\"WebPage\",\"@id\":\"https:\/\/crediq.com\/hn\/comunicados\/\",\"url\":\"https:\/\/crediq.com\/hn\/comunicados\/\",\"name\":\"Comunicados - CrediQ Honduras\",\"isPartOf\":{\"@id\":\"https:\/\/crediq.com\/hn\/#website\"},\"datePublished\":\"2022-09-09T17:33:06+00:00\",\"dateModified\":\"2025-08-12T20:23:32+00:00\",\"breadcrumb\":{\"@id\":\"https:\/\/crediq.com\/hn\/comunicados\/#breadcrumb\"},\"inLanguage\":\"es\",\"potentialAction\":[{\"@type\":\"ReadAction\",\"target\":[\"https:\/\/crediq.com\/hn\/comunicados\/\"]}]},{\"@type\":\"BreadcrumbList\",\"@id\":\"https:\/\/crediq.com\/hn\/comunicados\/#breadcrumb\",\"itemListElement\":[{\"@type\":\"ListItem\",\"position\":1,\"name\":\"Home\",\"item\":\"https:\/\/crediq.com\/hn\/\"},{\"@type\":\"ListItem\",\"position\":2,\"name\":\"Comunicados\"}]},{\"@type\":\"WebSite\",\"@id\":\"https:\/\/crediq.com\/hn\/#website\",\"url\":\"https:\/\/crediq.com\/hn\/\",\"name\":\"CrediQ Honduras\",\"description\":\"Financiamiento de veh\u00edculos nuevos y usados\",\"publisher\":{\"@id\":\"https:\/\/crediq.com\/hn\/#organization\"},\"potentialAction\":[{\"@type\":\"SearchAction\",\"target\":{\"@type\":\"EntryPoint\",\"urlTemplate\":\"https:\/\/crediq.com\/hn\/?s={search_term_string}\"},\"query-input\":{\"@type\":\"PropertyValueSpecification\",\"valueRequired\":true,\"valueName\":\"search_term_string\"}}],\"inLanguage\":\"es\"},{\"@type\":\"Organization\",\"@id\":\"https:\/\/crediq.com\/hn\/#organization\",\"name\":\"CrediQ Honduras\",\"url\":\"https:\/\/crediq.com\/hn\/\",\"logo\":{\"@type\":\"ImageObject\",\"inLanguage\":\"es\",\"@id\":\"https:\/\/crediq.com\/hn\/#\/schema\/logo\/image\/\",\"url\":\"https:\/\/crediq.com\/hn\/wp-content\/uploads\/sites\/4\/2022\/07\/1111.png\",\"contentUrl\":\"https:\/\/crediq.com\/hn\/wp-content\/uploads\/sites\/4\/2022\/07\/1111.png\",\"width\":2376,\"height\":684,\"caption\":\"CrediQ Honduras\"},\"image\":{\"@id\":\"https:\/\/crediq.com\/hn\/#\/schema\/logo\/image\/\"},\"sameAs\":[\"https:\/\/es-la.facebook.com\/crediqhn\/\",\"https:\/\/instagram.com\/crediq.honduras\"]}]}<\/script>\n<!-- \/ Yoast SEO plugin. -->","yoast_head_json":{"title":"Comunicados - CrediQ Honduras","robots":{"index":"index","follow":"follow","max-snippet":"max-snippet:-1","max-image-preview":"max-image-preview:large","max-video-preview":"max-video-preview:-1"},"canonical":"https:\/\/crediq.com\/hn\/comunicados\/","og_locale":"es_ES","og_type":"article","og_title":"Comunicados - CrediQ Honduras","og_url":"https:\/\/crediq.com\/hn\/comunicados\/","og_site_name":"CrediQ Honduras","article_publisher":"https:\/\/es-la.facebook.com\/crediqhn\/","article_modified_time":"2025-08-12T20:23:32+00:00","twitter_card":"summary_large_image","twitter_misc":{"Tiempo de lectura":"3 minutos"},"schema":{"@context":"https:\/\/schema.org","@graph":[{"@type":"WebPage","@id":"https:\/\/crediq.com\/hn\/comunicados\/","url":"https:\/\/crediq.com\/hn\/comunicados\/","name":"Comunicados - CrediQ Honduras","isPartOf":{"@id":"https:\/\/crediq.com\/hn\/#website"},"datePublished":"2022-09-09T17:33:06+00:00","dateModified":"2025-08-12T20:23:32+00:00","breadcrumb":{"@id":"https:\/\/crediq.com\/hn\/comunicados\/#breadcrumb"},"inLanguage":"es","potentialAction":[{"@type":"ReadAction","target":["https:\/\/crediq.com\/hn\/comunicados\/"]}]},{"@type":"BreadcrumbList","@id":"https:\/\/crediq.com\/hn\/comunicados\/#breadcrumb","itemListElement":[{"@type":"ListItem","position":1,"name":"Home","item":"https:\/\/crediq.com\/hn\/"},{"@type":"ListItem","position":2,"name":"Comunicados"}]},{"@type":"WebSite","@id":"https:\/\/crediq.com\/hn\/#website","url":"https:\/\/crediq.com\/hn\/","name":"CrediQ Honduras","description":"Financiamiento de veh\u00edculos nuevos y usados","publisher":{"@id":"https:\/\/crediq.com\/hn\/#organization"},"potentialAction":[{"@type":"SearchAction","target":{"@type":"EntryPoint","urlTemplate":"https:\/\/crediq.com\/hn\/?s={search_term_string}"},"query-input":{"@type":"PropertyValueSpecification","valueRequired":true,"valueName":"search_term_string"}}],"inLanguage":"es"},{"@type":"Organization","@id":"https:\/\/crediq.com\/hn\/#organization","name":"CrediQ Honduras","url":"https:\/\/crediq.com\/hn\/","logo":{"@type":"ImageObject","inLanguage":"es","@id":"https:\/\/crediq.com\/hn\/#\/schema\/logo\/image\/","url":"https:\/\/crediq.com\/hn\/wp-content\/uploads\/sites\/4\/2022\/07\/1111.png","contentUrl":"https:\/\/crediq.com\/hn\/wp-content\/uploads\/sites\/4\/2022\/07\/1111.png","width":2376,"height":684,"caption":"CrediQ Honduras"},"image":{"@id":"https:\/\/crediq.com\/hn\/#\/schema\/logo\/image\/"},"sameAs":["https:\/\/es-la.facebook.com\/crediqhn\/","https:\/\/instagram.com\/crediq.honduras"]}]}},"post_mailing_queue_ids":[],"_links":{"self":[{"href":"https:\/\/crediq.com\/hn\/wp-json\/wp\/v2\/pages\/3680","targetHints":{"allow":["GET"]}}],"collection":[{"href":"https:\/\/crediq.com\/hn\/wp-json\/wp\/v2\/pages"}],"about":[{"href":"https:\/\/crediq.com\/hn\/wp-json\/wp\/v2\/types\/page"}],"author":[{"embeddable":true,"href":"https:\/\/crediq.com\/hn\/wp-json\/wp\/v2\/users\/1"}],"replies":[{"embeddable":true,"href":"https:\/\/crediq.com\/hn\/wp-json\/wp\/v2\/comments?post=3680"}],"version-history":[{"count":15,"href":"https:\/\/crediq.com\/hn\/wp-json\/wp\/v2\/pages\/3680\/revisions"}],"predecessor-version":[{"id":7975,"href":"https:\/\/crediq.com\/hn\/wp-json\/wp\/v2\/pages\/3680\/revisions\/7975"}],"wp:attachment":[{"href":"https:\/\/crediq.com\/hn\/wp-json\/wp\/v2\/media?parent=3680"}],"curies":[{"name":"wp","href":"https:\/\/api.w.org\/{rel}","templated":true}]}}