{"id":4258,"date":"2023-05-11T22:13:49","date_gmt":"2023-05-11T22:13:49","guid":{"rendered":"https:\/\/crediq.com\/hn\/?page_id=4258"},"modified":"2023-05-11T22:14:19","modified_gmt":"2023-05-11T22:14:19","slug":"en-mantenimiento","status":"publish","type":"page","link":"https:\/\/crediq.com\/hn\/en-mantenimiento\/","title":{"rendered":"En mantenimiento"},"content":{"rendered":"\n\n\t<section class=\"section\" id=\"section_1628581031\">\n\t\t<div class=\"section-bg fill\" >\n\t\t\t\t\t\t\t\t\t\n\t\t\t\n\n\t\t<\/div>\n\n\t\t\n\n\t\t<div class=\"section-content relative\">\n\t\t\t\n\n<div class=\"row align-center\" style=\"max-width:1200px\" id=\"row-993083519\">\n\n\n\t<div id=\"col-975901573\" class=\"col medium-9 small-12 large-9\"  >\n\t\t\t\t<div class=\"col-inner text-center\"  >\n\t\t\t\n\t\t\t\n\n\t<div class=\"img has-hover x md-x lg-x y md-y lg-y\" id=\"image_1723698153\">\n\t\t\t\t\t\t\t\t<div class=\"img-inner dark\" >\n\t\t\t<img loading=\"lazy\" decoding=\"async\" width=\"1020\" height=\"294\" src=\"https:\/\/crediq.com\/hn\/wp-content\/uploads\/sites\/4\/2022\/07\/1111-1024x295.png\" class=\"attachment-large size-large\" alt=\"\" srcset=\"https:\/\/crediq.com\/hn\/wp-content\/uploads\/sites\/4\/2022\/07\/1111-1024x295.png 1024w, https:\/\/crediq.com\/hn\/wp-content\/uploads\/sites\/4\/2022\/07\/1111-300x86.png 300w, https:\/\/crediq.com\/hn\/wp-content\/uploads\/sites\/4\/2022\/07\/1111-768x221.png 768w, https:\/\/crediq.com\/hn\/wp-content\/uploads\/sites\/4\/2022\/07\/1111-1536x442.png 1536w, https:\/\/crediq.com\/hn\/wp-content\/uploads\/sites\/4\/2022\/07\/1111-2048x590.png 2048w, https:\/\/crediq.com\/hn\/wp-content\/uploads\/sites\/4\/2022\/07\/1111-600x173.png 600w\" sizes=\"auto, (max-width: 1020px) 100vw, 1020px\" \/>\t\t\t\t\t\t\n\t\t\t\t\t<\/div>\n\t\t\t\t\t\t\t\t\n<style>\n#image_1723698153 {\n  width: 82%;\n}\n@media (min-width:550px) {\n  #image_1723698153 {\n    width: 34%;\n  }\n}\n<\/style>\n\t<\/div>\n\t\n\n\t<div id=\"gap-264008220\" class=\"gap-element clearfix\" style=\"display:block; height:auto;\">\n\t\t\n<style>\n#gap-264008220 {\n  padding-top: 12px;\n}\n@media (min-width:550px) {\n  #gap-264008220 {\n    padding-top: 30px;\n  }\n}\n<\/style>\n\t<\/div>\n\t\n\n\t<div class=\"img has-hover x md-x lg-x y md-y lg-y\" id=\"image_769935608\">\n\t\t\t\t\t\t\t\t<div class=\"img-inner dark\" >\n\t\t\t<img loading=\"lazy\" decoding=\"async\" width=\"1020\" height=\"660\" src=\"https:\/\/crediq.com\/hn\/wp-content\/uploads\/sites\/4\/2023\/05\/666666-1024x663.png\" class=\"attachment-large size-large\" alt=\"\" srcset=\"https:\/\/crediq.com\/hn\/wp-content\/uploads\/sites\/4\/2023\/05\/666666-1024x663.png 1024w, https:\/\/crediq.com\/hn\/wp-content\/uploads\/sites\/4\/2023\/05\/666666-300x194.png 300w, https:\/\/crediq.com\/hn\/wp-content\/uploads\/sites\/4\/2023\/05\/666666-768x497.png 768w, https:\/\/crediq.com\/hn\/wp-content\/uploads\/sites\/4\/2023\/05\/666666-1536x994.png 1536w, https:\/\/crediq.com\/hn\/wp-content\/uploads\/sites\/4\/2023\/05\/666666-2048x1325.png 2048w, https:\/\/crediq.com\/hn\/wp-content\/uploads\/sites\/4\/2023\/05\/666666-600x388.png 600w\" sizes=\"auto, (max-width: 1020px) 100vw, 1020px\" \/>\t\t\t\t\t\t\n\t\t\t\t\t<\/div>\n\t\t\t\t\t\t\t\t\n<style>\n#image_769935608 {\n  width: 79%;\n}\n@media (min-width:550px) {\n  #image_769935608 {\n    width: 37%;\n  }\n}\n<\/style>\n\t<\/div>\n\t\n\n\t<div id=\"text-4016361032\" class=\"text\">\n\t\t\n\n<h1>Sitio en mantenimiento&#8230;<\/h1>\n\t\t\n<style>\n#text-4016361032 {\n  font-size: 1.15rem;\n  text-align: center;\n}\n<\/style>\n\t<\/div>\n\t\n<p>Estamos trabajando para mejorar nuestros servicios y ofrecerle una experiencia \u00fanica e innovadora. Mant\u00e9ngase al pendiente que pr\u00f3ximamente estar\u00e1 habilitado nuevamente este sitio.<\/p>\n\t<div id=\"gap-1115525195\" class=\"gap-element clearfix\" style=\"display:block; height:auto;\">\n\t\t\n<style>\n#gap-1115525195 {\n  padding-top: 30px;\n}\n<\/style>\n\t<\/div>\n\t\n\n<a href=\"https:\/\/crediq.com\/hn\/\" class=\"button primary\" >\n\t\t<span>regresar a inicio<\/span>\n\t<i class=\"icon-angle-right\" aria-hidden=\"true\"><\/i><\/a>\n\n\n\n\t\t<\/div>\n\t\t\t\t\t<\/div>\n\n\t\n\n<\/div>\n\n\t\t<\/div>\n\n\t\t\n<style>\n#section_1628581031 {\n  padding-top: 80px;\n  padding-bottom: 80px;\n  background-color: rgb(255,255,255);\n}\n<\/style>\n\t<\/section>\n\t\n\n","protected":false},"excerpt":{"rendered":"","protected":false},"author":1,"featured_media":0,"parent":0,"menu_order":0,"comment_status":"closed","ping_status":"closed","template":"page-blank-landingpage.php","meta":{"_acf_changed":false,"_monsterinsights_skip_tracking":false,"_monsterinsights_sitenote_active":false,"_monsterinsights_sitenote_note":"","_monsterinsights_sitenote_category":0,"footnotes":""},"class_list":["post-4258","page","type-page","status-publish","hentry"],"acf":[],"yoast_head":"<!-- This site is optimized with the Yoast SEO plugin v26.7 - https:\/\/yoast.com\/wordpress\/plugins\/seo\/ -->\n<title>En mantenimiento - CrediQ Honduras<\/title>\n<meta name=\"robots\" content=\"index, follow, max-snippet:-1, max-image-preview:large, max-video-preview:-1\" \/>\n<link rel=\"canonical\" href=\"https:\/\/crediq.com\/hn\/en-mantenimiento\/\" \/>\n<meta property=\"og:locale\" content=\"es_ES\" \/>\n<meta property=\"og:type\" content=\"article\" \/>\n<meta property=\"og:title\" content=\"En mantenimiento - CrediQ Honduras\" \/>\n<meta property=\"og:url\" content=\"https:\/\/crediq.com\/hn\/en-mantenimiento\/\" \/>\n<meta property=\"og:site_name\" content=\"CrediQ Honduras\" \/>\n<meta property=\"article:publisher\" content=\"https:\/\/es-la.facebook.com\/crediqhn\/\" \/>\n<meta property=\"article:modified_time\" content=\"2023-05-11T22:14:19+00:00\" \/>\n<meta name=\"twitter:card\" content=\"summary_large_image\" \/>\n<script type=\"application\/ld+json\" class=\"yoast-schema-graph\">{\"@context\":\"https:\/\/schema.org\",\"@graph\":[{\"@type\":\"WebPage\",\"@id\":\"https:\/\/crediq.com\/hn\/en-mantenimiento\/\",\"url\":\"https:\/\/crediq.com\/hn\/en-mantenimiento\/\",\"name\":\"En mantenimiento - CrediQ Honduras\",\"isPartOf\":{\"@id\":\"https:\/\/crediq.com\/hn\/#website\"},\"datePublished\":\"2023-05-11T22:13:49+00:00\",\"dateModified\":\"2023-05-11T22:14:19+00:00\",\"breadcrumb\":{\"@id\":\"https:\/\/crediq.com\/hn\/en-mantenimiento\/#breadcrumb\"},\"inLanguage\":\"es\",\"potentialAction\":[{\"@type\":\"ReadAction\",\"target\":[\"https:\/\/crediq.com\/hn\/en-mantenimiento\/\"]}]},{\"@type\":\"BreadcrumbList\",\"@id\":\"https:\/\/crediq.com\/hn\/en-mantenimiento\/#breadcrumb\",\"itemListElement\":[{\"@type\":\"ListItem\",\"position\":1,\"name\":\"Home\",\"item\":\"https:\/\/crediq.com\/hn\/\"},{\"@type\":\"ListItem\",\"position\":2,\"name\":\"En mantenimiento\"}]},{\"@type\":\"WebSite\",\"@id\":\"https:\/\/crediq.com\/hn\/#website\",\"url\":\"https:\/\/crediq.com\/hn\/\",\"name\":\"CrediQ Honduras\",\"description\":\"Financiamiento de veh\u00edculos nuevos y usados\",\"publisher\":{\"@id\":\"https:\/\/crediq.com\/hn\/#organization\"},\"potentialAction\":[{\"@type\":\"SearchAction\",\"target\":{\"@type\":\"EntryPoint\",\"urlTemplate\":\"https:\/\/crediq.com\/hn\/?s={search_term_string}\"},\"query-input\":{\"@type\":\"PropertyValueSpecification\",\"valueRequired\":true,\"valueName\":\"search_term_string\"}}],\"inLanguage\":\"es\"},{\"@type\":\"Organization\",\"@id\":\"https:\/\/crediq.com\/hn\/#organization\",\"name\":\"CrediQ Honduras\",\"url\":\"https:\/\/crediq.com\/hn\/\",\"logo\":{\"@type\":\"ImageObject\",\"inLanguage\":\"es\",\"@id\":\"https:\/\/crediq.com\/hn\/#\/schema\/logo\/image\/\",\"url\":\"https:\/\/crediq.com\/hn\/wp-content\/uploads\/sites\/4\/2022\/07\/1111.png\",\"contentUrl\":\"https:\/\/crediq.com\/hn\/wp-content\/uploads\/sites\/4\/2022\/07\/1111.png\",\"width\":2376,\"height\":684,\"caption\":\"CrediQ Honduras\"},\"image\":{\"@id\":\"https:\/\/crediq.com\/hn\/#\/schema\/logo\/image\/\"},\"sameAs\":[\"https:\/\/es-la.facebook.com\/crediqhn\/\",\"https:\/\/instagram.com\/crediq.honduras\"]}]}<\/script>\n<!-- \/ Yoast SEO plugin. -->","yoast_head_json":{"title":"En mantenimiento - CrediQ Honduras","robots":{"index":"index","follow":"follow","max-snippet":"max-snippet:-1","max-image-preview":"max-image-preview:large","max-video-preview":"max-video-preview:-1"},"canonical":"https:\/\/crediq.com\/hn\/en-mantenimiento\/","og_locale":"es_ES","og_type":"article","og_title":"En mantenimiento - CrediQ Honduras","og_url":"https:\/\/crediq.com\/hn\/en-mantenimiento\/","og_site_name":"CrediQ Honduras","article_publisher":"https:\/\/es-la.facebook.com\/crediqhn\/","article_modified_time":"2023-05-11T22:14:19+00:00","twitter_card":"summary_large_image","schema":{"@context":"https:\/\/schema.org","@graph":[{"@type":"WebPage","@id":"https:\/\/crediq.com\/hn\/en-mantenimiento\/","url":"https:\/\/crediq.com\/hn\/en-mantenimiento\/","name":"En mantenimiento - CrediQ Honduras","isPartOf":{"@id":"https:\/\/crediq.com\/hn\/#website"},"datePublished":"2023-05-11T22:13:49+00:00","dateModified":"2023-05-11T22:14:19+00:00","breadcrumb":{"@id":"https:\/\/crediq.com\/hn\/en-mantenimiento\/#breadcrumb"},"inLanguage":"es","potentialAction":[{"@type":"ReadAction","target":["https:\/\/crediq.com\/hn\/en-mantenimiento\/"]}]},{"@type":"BreadcrumbList","@id":"https:\/\/crediq.com\/hn\/en-mantenimiento\/#breadcrumb","itemListElement":[{"@type":"ListItem","position":1,"name":"Home","item":"https:\/\/crediq.com\/hn\/"},{"@type":"ListItem","position":2,"name":"En mantenimiento"}]},{"@type":"WebSite","@id":"https:\/\/crediq.com\/hn\/#website","url":"https:\/\/crediq.com\/hn\/","name":"CrediQ Honduras","description":"Financiamiento de veh\u00edculos nuevos y usados","publisher":{"@id":"https:\/\/crediq.com\/hn\/#organization"},"potentialAction":[{"@type":"SearchAction","target":{"@type":"EntryPoint","urlTemplate":"https:\/\/crediq.com\/hn\/?s={search_term_string}"},"query-input":{"@type":"PropertyValueSpecification","valueRequired":true,"valueName":"search_term_string"}}],"inLanguage":"es"},{"@type":"Organization","@id":"https:\/\/crediq.com\/hn\/#organization","name":"CrediQ Honduras","url":"https:\/\/crediq.com\/hn\/","logo":{"@type":"ImageObject","inLanguage":"es","@id":"https:\/\/crediq.com\/hn\/#\/schema\/logo\/image\/","url":"https:\/\/crediq.com\/hn\/wp-content\/uploads\/sites\/4\/2022\/07\/1111.png","contentUrl":"https:\/\/crediq.com\/hn\/wp-content\/uploads\/sites\/4\/2022\/07\/1111.png","width":2376,"height":684,"caption":"CrediQ Honduras"},"image":{"@id":"https:\/\/crediq.com\/hn\/#\/schema\/logo\/image\/"},"sameAs":["https:\/\/es-la.facebook.com\/crediqhn\/","https:\/\/instagram.com\/crediq.honduras"]}]}},"post_mailing_queue_ids":[],"_links":{"self":[{"href":"https:\/\/crediq.com\/hn\/wp-json\/wp\/v2\/pages\/4258","targetHints":{"allow":["GET"]}}],"collection":[{"href":"https:\/\/crediq.com\/hn\/wp-json\/wp\/v2\/pages"}],"about":[{"href":"https:\/\/crediq.com\/hn\/wp-json\/wp\/v2\/types\/page"}],"author":[{"embeddable":true,"href":"https:\/\/crediq.com\/hn\/wp-json\/wp\/v2\/users\/1"}],"replies":[{"embeddable":true,"href":"https:\/\/crediq.com\/hn\/wp-json\/wp\/v2\/comments?post=4258"}],"version-history":[{"count":3,"href":"https:\/\/crediq.com\/hn\/wp-json\/wp\/v2\/pages\/4258\/revisions"}],"predecessor-version":[{"id":4262,"href":"https:\/\/crediq.com\/hn\/wp-json\/wp\/v2\/pages\/4258\/revisions\/4262"}],"wp:attachment":[{"href":"https:\/\/crediq.com\/hn\/wp-json\/wp\/v2\/media?parent=4258"}],"curies":[{"name":"wp","href":"https:\/\/api.w.org\/{rel}","templated":true}]}}