{"id":3051,"date":"2022-07-19T16:27:26","date_gmt":"2022-07-19T16:27:26","guid":{"rendered":"https:\/\/demo2.loces.dev\/?page_id=3051"},"modified":"2022-07-19T16:27:26","modified_gmt":"2022-07-19T16:27:26","slug":"donde-pagar","status":"publish","type":"page","link":"https:\/\/crediq.com\/ni\/donde-pagar\/","title":{"rendered":"\u00bfD\u00f3nde Pagar?"},"content":{"rendered":"\n\n  <div class=\"banner has-hover\" id=\"banner-988635256\">\n          <div class=\"banner-inner fill\">\n        <div class=\"banner-bg fill\" >\n            <img loading=\"lazy\" decoding=\"async\" width=\"1020\" height=\"574\" src=\"https:\/\/crediq.com\/ni\/wp-content\/uploads\/sites\/5\/2022\/07\/9987-1024x576.jpg\" class=\"bg attachment-large size-large\" alt=\"\" \/>                        <div class=\"overlay\"><\/div>            \n                    <\/div>\n\t\t\n        <div class=\"banner-layers container\">\n            <div class=\"fill banner-link\"><\/div>            \n\n   <div id=\"text-box-441134462\" class=\"text-box banner-layer x50 md-x50 lg-x50 y50 md-y50 lg-y50 res-text\">\n                                <div class=\"text-box-content text dark\">\n              \n              <div class=\"text-inner text-center\">\n                  \n\n\t<div id=\"text-2968278283\" class=\"text\">\n\t\t\n\n<h2><strong>Puntos de pago<\/strong><\/h2>\n<p>Si quieres recibir asesor\u00eda de uno de nuestros productos, <b>d\u00e9janos tus datos y uno de nuestros colaboradores se comunicar\u00e1 contigo.<\/b><\/p>\n\t\t\n<style>\n#text-2968278283 {\n  font-size: 1.05rem;\n}\n<\/style>\n\t<\/div>\n\t\n<a href=\"https:\/\/digital.crediq.com\/\" class=\"button secondary\" style=\"border-radius:99px;\">\n\t\t<span>realizar un pago<\/span>\n\t<i class=\"icon-angle-right\" aria-hidden=\"true\"><\/i><\/a>\n\n\n\n              <\/div>\n           <\/div>\n                            \n<style>\n#text-box-441134462 {\n  width: 60%;\n}\n#text-box-441134462 .text-box-content {\n  font-size: 100%;\n}\n<\/style>\n    <\/div>\n \n\n        <\/div>\n      <\/div>\n\n            \n<style>\n#banner-988635256 {\n  padding-top: 300px;\n  background-color: rgb(255,255,255);\n}\n#banner-988635256 .overlay {\n  background-color: rgba(23, 105, 183, 0.82);\n}\n#banner-988635256 .banner-bg img {\n  object-position: 0% 29%;\n}\n<\/style>\n  <\/div>\n\n\n<div class=\"row\"  id=\"row-562282480\">\n\n\n\t<div id=\"col-757188172\" class=\"col small-12 large-12\"  >\n\t\t\t\t<div class=\"col-inner\"  >\n\t\t\t\n\t\t\t\n\n\t<div id=\"text-2493522732\" class=\"text\">\n\t\t\n\n<h1>Encuentra los puntos de pago m\u00e1s cercanos a ti:<\/h1>\n\t\t\n<style>\n#text-2493522732 {\n  text-align: center;\n}\n<\/style>\n\t<\/div>\n\t\n\t<div id=\"gap-521846193\" class=\"gap-element clearfix\" style=\"display:block; height:auto;\">\n\t\t\n<style>\n#gap-521846193 {\n  padding-top: 40px;\n}\n<\/style>\n\t<\/div>\n\t\n\n<div class=\"row\"  id=\"row-690224090\">\n\n\n\t<div id=\"col-1448238623\" class=\"col medium-4 small-12 large-4 col-divided\"  >\n\t\t\t\t<div class=\"col-inner text-center\"  >\n\t\t\t\n\t\t\t\n\n\t<div id=\"text-2926723183\" class=\"text\">\n\t\t\n\n<p>En colectores:<\/p>\n\t\t\n<style>\n#text-2926723183 {\n  text-align: center;\n}\n<\/style>\n\t<\/div>\n\t\n<div class=\"ux-logo has-hover align-middle ux_logo inline-block\" style=\"max-width: 100%!important; width: 130px!important\"><div class=\"ux-logo-link block image-color\" title=\"\" href=\"\" style=\"padding: 15px;\"><img decoding=\"async\" src=\"https:\/\/crediq.com\/ni\/wp-content\/uploads\/sites\/5\/2022\/07\/Aki.png\" title=\"\" alt=\"\" class=\"ux-logo-image block\" style=\"height:100px;\" \/><\/div><\/div>\n\n<div class=\"ux-logo has-hover align-middle ux_logo inline-block\" style=\"max-width: 100%!important; width: 130px!important\"><div class=\"ux-logo-link block image-color\" title=\"\" href=\"\" style=\"padding: 15px;\"><img decoding=\"async\" src=\"https:\/\/crediq.com\/ni\/wp-content\/uploads\/sites\/5\/2022\/07\/PuntoEx.png\" title=\"\" alt=\"\" class=\"ux-logo-image block\" style=\"height:100px;\" \/><\/div><\/div>\n\n\n\t\t<\/div>\n\t\t\t\t\t<\/div>\n\n\t\n\n\t<div id=\"col-1516705905\" class=\"col medium-5 small-12 large-5 col-divided\"  >\n\t\t\t\t<div class=\"col-inner text-center\"  >\n\t\t\t\n\t\t\t\n\n\t<div id=\"text-1390895078\" class=\"text\">\n\t\t\n\n<p>En nuestra web y aplicaci\u00f3n con tarjetas de:<\/p>\n\t\t\n<style>\n#text-1390895078 {\n  text-align: center;\n}\n<\/style>\n\t<\/div>\n\t\n<div class=\"ux-logo has-hover align-middle ux_logo inline-block\" style=\"max-width: 100%!important; width: 130px!important\"><div class=\"ux-logo-link block image-color\" title=\"\" href=\"\" style=\"padding: 15px;\"><img decoding=\"async\" src=\"https:\/\/crediq.com\/ni\/wp-content\/uploads\/sites\/5\/2022\/07\/App.png\" title=\"\" alt=\"\" class=\"ux-logo-image block\" style=\"height:100px;\" \/><\/div><\/div>\n\n<div class=\"ux-logo has-hover align-middle ux_logo inline-block\" style=\"max-width: 100%!important; width: 130px!important\"><div class=\"ux-logo-link block image-color\" title=\"\" href=\"\" style=\"padding: 15px;\"><img decoding=\"async\" src=\"https:\/\/crediq.com\/ni\/wp-content\/uploads\/sites\/5\/2022\/07\/BA.png\" title=\"\" alt=\"\" class=\"ux-logo-image block\" style=\"height:100px;\" \/><\/div><\/div>\n\n<div class=\"ux-logo has-hover align-middle ux_logo inline-block\" style=\"max-width: 100%!important; width: 130px!important\"><div class=\"ux-logo-link block image-color\" title=\"\" href=\"\" style=\"padding: 15px;\"><img decoding=\"async\" src=\"https:\/\/crediq.com\/ni\/wp-content\/uploads\/sites\/5\/2022\/07\/Davivienda.png\" title=\"\" alt=\"\" class=\"ux-logo-image block\" style=\"height:100px;\" \/><\/div><\/div>\n\n\n\t\t<\/div>\n\t\t\t\t\t<\/div>\n\n\t\n\n\t<div id=\"col-838502340\" class=\"col medium-3 small-12 large-3\"  >\n\t\t\t\t<div class=\"col-inner text-center\"  >\n\t\t\t\n\t\t\t\n\n\t<div id=\"text-2212140354\" class=\"text\">\n\t\t\n\n<p>En agencias con tarjetas de:<\/p>\n\t\t\n<style>\n#text-2212140354 {\n  text-align: center;\n}\n<\/style>\n\t<\/div>\n\t\n<div class=\"ux-logo has-hover align-middle ux_logo inline-block\" style=\"max-width: 100%!important; width: 130px!important\"><div class=\"ux-logo-link block image-color\" title=\"\" href=\"\" style=\"padding: 15px;\"><img decoding=\"async\" src=\"https:\/\/crediq.com\/ni\/wp-content\/uploads\/sites\/5\/2022\/07\/Davivienda.png\" title=\"\" alt=\"\" class=\"ux-logo-image block\" style=\"height:100px;\" \/><\/div><\/div>\n\n\n\t\t<\/div>\n\t\t\t\t\t<\/div>\n\n\t\n\n<\/div>\n\t<div id=\"text-690116913\" class=\"text\">\n\t\t\n\n<p>En banca en l\u00ednea o sucursales de:<\/p>\n\t\t\n<style>\n#text-690116913 {\n  text-align: center;\n}\n<\/style>\n\t<\/div>\n\t\n<div class=\"row\"  id=\"row-1751093264\">\n\n\n\t<div id=\"col-1938317349\" class=\"col small-12 large-12\"  >\n\t\t\t\t<div class=\"col-inner\"  >\n\t\t\t\n\t\t\t\n\n<div class=\"row\"  id=\"row-544836793\">\n\n\n\t<div id=\"col-1577298836\" class=\"col small-12 large-12\"  >\n\t\t\t\t<div class=\"col-inner text-center\"  >\n\t\t\t\n\t\t\t\n\n<div class=\"ux-logo has-hover align-middle ux_logo inline-block\" style=\"max-width: 100%!important; width: 170px!important\"><div class=\"ux-logo-link block image-color\" title=\"\" href=\"\" style=\"padding: 15px;\"><img decoding=\"async\" src=\"https:\/\/crediq.com\/ni\/wp-content\/uploads\/sites\/5\/2022\/07\/Fede.png\" title=\"\" alt=\"\" class=\"ux-logo-image block\" style=\"height:140px;\" \/><\/div><\/div>\n\n<div class=\"ux-logo has-hover align-middle ux_logo inline-block\" style=\"max-width: 100%!important; width: 170px!important\"><div class=\"ux-logo-link block image-color\" title=\"\" href=\"\" style=\"padding: 15px;\"><img decoding=\"async\" src=\"https:\/\/crediq.com\/ni\/wp-content\/uploads\/sites\/5\/2022\/07\/BA.png\" title=\"\" alt=\"\" class=\"ux-logo-image block\" style=\"height:140px;\" \/><\/div><\/div>\n\n<div class=\"ux-logo has-hover align-middle ux_logo inline-block\" style=\"max-width: 100%!important; width: 170px!important\"><div class=\"ux-logo-link block image-color\" title=\"\" href=\"\" style=\"padding: 15px;\"><img decoding=\"async\" src=\"https:\/\/crediq.com\/ni\/wp-content\/uploads\/sites\/5\/2022\/07\/Cusca.png\" title=\"\" alt=\"\" class=\"ux-logo-image block\" style=\"height:140px;\" \/><\/div><\/div>\n\n<div class=\"ux-logo has-hover align-middle ux_logo inline-block\" style=\"max-width: 100%!important; width: 170px!important\"><div class=\"ux-logo-link block image-color\" title=\"\" href=\"\" style=\"padding: 15px;\"><img decoding=\"async\" src=\"https:\/\/crediq.com\/ni\/wp-content\/uploads\/sites\/5\/2022\/07\/BP.png\" title=\"\" alt=\"\" class=\"ux-logo-image block\" style=\"height:140px;\" \/><\/div><\/div>\n\n<div class=\"ux-logo has-hover align-middle ux_logo inline-block\" style=\"max-width: 100%!important; width: 170px!important\"><div class=\"ux-logo-link block image-color\" title=\"\" href=\"\" style=\"padding: 15px;\"><img decoding=\"async\" src=\"https:\/\/crediq.com\/ni\/wp-content\/uploads\/sites\/5\/2022\/07\/Davivienda.png\" title=\"\" alt=\"\" class=\"ux-logo-image block\" style=\"height:140px;\" \/><\/div><\/div>\n\n\n\t\t<\/div>\n\t\t\t\t\n<style>\n#col-1577298836 > .col-inner {\n  padding: 0px 0px 0px 0px;\n  margin: 0px 0px -39px 0px;\n}\n<\/style>\n\t<\/div>\n\n\t\n\n<\/div>\n\n\t\t<\/div>\n\t\t\t\t\t<\/div>\n\n\t\n\n<\/div>\n\n\t\t<\/div>\n\t\t\t\t\t<\/div>\n\n\t\n\n<\/div>\n\n\t<section class=\"section\" id=\"section_2128568367\">\n\t\t<div class=\"section-bg fill\" >\n\t\t\t\t\t\t\t\t\t\n\t\t\t\n\n\t\t<\/div>\n\n\t\t\n\n\t\t<div class=\"section-content relative\">\n\t\t\t\n\n<div class=\"row align-center\"  id=\"row-846325241\">\n\n\n\t<div id=\"col-601540553\" class=\"col medium-11 small-12 large-11\"  >\n\t\t\t\t<div class=\"col-inner\"  >\n\t\t\t\n\t\t\t\n\n\t<div id=\"gap-545922316\" class=\"gap-element clearfix\" style=\"display:block; height:auto;\">\n\t\t\n<style>\n#gap-545922316 {\n  padding-top: 28px;\n}\n@media (min-width:550px) {\n  #gap-545922316 {\n    padding-top: 50px;\n  }\n}\n<\/style>\n\t<\/div>\n\t\n\n\t<div id=\"text-3067829457\" class=\"text\">\n\t\t\n\n<h2><span data-text-color=\"primary\"><strong>Cont\u00e1ctanos<\/strong><\/span><\/h2>\n<p class=\"p1\">Solicita informaci\u00f3n de nuestros puntos de contacto, lugares y medios de recepci\u00f3n de pagos, as\u00ed como informaci\u00f3n de tu seguro y otras consultas generales.<\/p>\n\t\t\n<style>\n#text-3067829457 {\n  font-size: 1.05rem;\n  text-align: center;\n}\n@media (min-width:550px) {\n  #text-3067829457 {\n    font-size: 1.05rem;\n  }\n}\n<\/style>\n\t<\/div>\n\t\n<div class=\"row align-equal\"  id=\"row-1237338762\">\n\n\n\t<div id=\"col-798958906\" class=\"col medium-6 small-12 large-6\"  >\n\t\t\t\t<div class=\"col-inner text-center\"  >\n\t\t\t\n\t\t\t\n\n\n\t\t<div class=\"icon-box featured-box icon-box-center text-center\"  >\n\t\t\t\t\t<div class=\"icon-box-img\" style=\"width: 60px\">\n\t\t\t\t<div class=\"icon\">\n\t\t\t\t\t<div class=\"icon-inner\" style=\"color:rgb(24, 106, 184);\">\n\t\t\t\t\t\t<img loading=\"lazy\" decoding=\"async\" width=\"300\" height=\"300\" src=\"https:\/\/crediq.com\/ni\/wp-content\/uploads\/sites\/5\/2022\/07\/was-300x300.png\" class=\"attachment-medium size-medium\" alt=\"\" srcset=\"https:\/\/crediq.com\/ni\/wp-content\/uploads\/sites\/5\/2022\/07\/was-300x300.png 300w, https:\/\/crediq.com\/ni\/wp-content\/uploads\/sites\/5\/2022\/07\/was-150x150.png 150w, https:\/\/crediq.com\/ni\/wp-content\/uploads\/sites\/5\/2022\/07\/was-100x100.png 100w, https:\/\/crediq.com\/ni\/wp-content\/uploads\/sites\/5\/2022\/07\/was.png 512w\" sizes=\"auto, (max-width: 300px) 100vw, 300px\" \/>\t\t\t\t\t<\/div>\n\t\t\t\t<\/div>\n\t\t\t<\/div>\n\t\t\t\t<div class=\"icon-box-text last-reset\">\n\t\t\t\t\t\t\t\t\t\n\n<h4>WhatsApp<\/h4>\n<p>Realiza tus consultas o solicita ayuda con asesor de servicio al cliente por medio de nuestro WhatsApp.<\/p>\n\t<div id=\"gap-1756987546\" class=\"gap-element clearfix\" style=\"display:block; height:auto;\">\n\t\t\n<style>\n#gap-1756987546 {\n  padding-top: 20px;\n}\n<\/style>\n\t<\/div>\n\t\n\n<a href=\"https:\/\/api.whatsapp.com\/send?phone=50375428109&#038;text=Asistente%20Virtual%20CrediQ\" class=\"button secondary\" style=\"border-radius:99px;\">\n\t<i class=\"icon-phone\" aria-hidden=\"true\"><\/i>\t<span>7542 8109<\/span>\n\t<\/a>\n\n\n\n\t\t<\/div>\n\t<\/div>\n\t\n\t\n\n\t\t<\/div>\n\t\t\t\t\n<style>\n#col-798958906 > .col-inner {\n  border-radius: 50px;\n}\n<\/style>\n\t<\/div>\n\n\t\n\n\t<div id=\"col-456598829\" class=\"col medium-6 small-12 large-6\"  >\n\t\t\t\t<div class=\"col-inner text-center\"  >\n\t\t\t\n\t\t\t\n\n\n\t\t<div class=\"icon-box featured-box icon-box-center text-center\"  >\n\t\t\t\t\t<div class=\"icon-box-img\" style=\"width: 60px\">\n\t\t\t\t<div class=\"icon\">\n\t\t\t\t\t<div class=\"icon-inner\" >\n\t\t\t\t\t\t<img loading=\"lazy\" decoding=\"async\" width=\"300\" height=\"300\" src=\"https:\/\/crediq.com\/ni\/wp-content\/uploads\/sites\/5\/2022\/07\/5664-300x300.png\" class=\"attachment-medium size-medium\" alt=\"\" srcset=\"https:\/\/crediq.com\/ni\/wp-content\/uploads\/sites\/5\/2022\/07\/5664-300x300.png 300w, https:\/\/crediq.com\/ni\/wp-content\/uploads\/sites\/5\/2022\/07\/5664-150x150.png 150w, https:\/\/crediq.com\/ni\/wp-content\/uploads\/sites\/5\/2022\/07\/5664-100x100.png 100w, https:\/\/crediq.com\/ni\/wp-content\/uploads\/sites\/5\/2022\/07\/5664.png 512w\" sizes=\"auto, (max-width: 300px) 100vw, 300px\" \/>\t\t\t\t\t<\/div>\n\t\t\t\t<\/div>\n\t\t\t<\/div>\n\t\t\t\t<div class=\"icon-box-text last-reset\">\n\t\t\t\t\t\t\t\t\t\n\n<h4>Atenci\u00f3n al Cliente<\/h4>\n<p>Nos puedes contactar por diferentes medios con la mejor disposici\u00f3n y flexibilidad de atenci\u00f3n.<\/p>\n\t<div id=\"gap-169651971\" class=\"gap-element clearfix\" style=\"display:block; height:auto;\">\n\t\t\n<style>\n#gap-169651971 {\n  padding-top: 20px;\n}\n<\/style>\n\t<\/div>\n\t\n\n\n\t\t<\/div>\n\t<\/div>\n\t\n\t\n<a href=\"https:\/\/demo2.loces.dev\/contactanos\/\" class=\"button secondary\" style=\"border-radius:99px;\">\n\t<i class=\"icon-user\" aria-hidden=\"true\"><\/i>\t<span>contactar<\/span>\n\t<\/a>\n\n\n\n\t\t<\/div>\n\t\t\t\t\n<style>\n#col-456598829 > .col-inner {\n  border-radius: 50px;\n}\n<\/style>\n\t<\/div>\n\n\t\n\n\n<style>\n#row-1237338762 > .col > .col-inner {\n  padding: 40px 40px 40px 40px;\n  background-color: rgb(255,255,255);\n}\n<\/style>\n<\/div>\n\n\t\t<\/div>\n\t\t\t\t\t<\/div>\n\n\t\n\n<\/div>\n\n\t\t<\/div>\n\n\t\t\n<style>\n#section_2128568367 {\n  padding-top: 0px;\n  padding-bottom: 0px;\n  background-color: rgb(244, 244, 244);\n}\n<\/style>\n\t<\/section>\n\t\n\n","protected":false},"excerpt":{"rendered":"","protected":false},"author":1,"featured_media":0,"parent":0,"menu_order":6,"comment_status":"closed","ping_status":"closed","template":"page-blank.php","meta":{"_acf_changed":false,"_monsterinsights_skip_tracking":false,"_monsterinsights_sitenote_active":false,"_monsterinsights_sitenote_note":"","_monsterinsights_sitenote_category":0,"footnotes":""},"class_list":["post-3051","page","type-page","status-publish","hentry"],"acf":[],"yoast_head":"<!-- This site is optimized with the Yoast SEO plugin v26.7 - https:\/\/yoast.com\/wordpress\/plugins\/seo\/ -->\n<title>\u00bfD\u00f3nde Pagar? - CrediQ Nicaragua<\/title>\n<meta name=\"robots\" content=\"index, follow, max-snippet:-1, max-image-preview:large, max-video-preview:-1\" \/>\n<link rel=\"canonical\" href=\"https:\/\/crediq.com\/ni\/donde-pagar\/\" \/>\n<meta property=\"og:locale\" content=\"es_ES\" \/>\n<meta property=\"og:type\" content=\"article\" \/>\n<meta property=\"og:title\" content=\"\u00bfD\u00f3nde Pagar? - CrediQ Nicaragua\" \/>\n<meta property=\"og:url\" content=\"https:\/\/crediq.com\/ni\/donde-pagar\/\" \/>\n<meta property=\"og:site_name\" content=\"CrediQ Nicaragua\" \/>\n<meta name=\"twitter:card\" content=\"summary_large_image\" \/>\n<meta name=\"twitter:label1\" content=\"Tiempo de lectura\" \/>\n\t<meta name=\"twitter:data1\" content=\"2 minutos\" \/>\n<script type=\"application\/ld+json\" class=\"yoast-schema-graph\">{\"@context\":\"https:\/\/schema.org\",\"@graph\":[{\"@type\":\"WebPage\",\"@id\":\"https:\/\/crediq.com\/ni\/donde-pagar\/\",\"url\":\"https:\/\/crediq.com\/ni\/donde-pagar\/\",\"name\":\"\u00bfD\u00f3nde Pagar? - CrediQ Nicaragua\",\"isPartOf\":{\"@id\":\"https:\/\/crediq.com\/ni\/#website\"},\"datePublished\":\"2022-07-19T16:27:26+00:00\",\"breadcrumb\":{\"@id\":\"https:\/\/crediq.com\/ni\/donde-pagar\/#breadcrumb\"},\"inLanguage\":\"es\",\"potentialAction\":[{\"@type\":\"ReadAction\",\"target\":[\"https:\/\/crediq.com\/ni\/donde-pagar\/\"]}]},{\"@type\":\"BreadcrumbList\",\"@id\":\"https:\/\/crediq.com\/ni\/donde-pagar\/#breadcrumb\",\"itemListElement\":[{\"@type\":\"ListItem\",\"position\":1,\"name\":\"Home\",\"item\":\"https:\/\/crediq.com\/ni\/\"},{\"@type\":\"ListItem\",\"position\":2,\"name\":\"\u00bfD\u00f3nde Pagar?\"}]},{\"@type\":\"WebSite\",\"@id\":\"https:\/\/crediq.com\/ni\/#website\",\"url\":\"https:\/\/crediq.com\/ni\/\",\"name\":\"CrediQ Nicaragua\",\"description\":\"Financiamiento de veh\u00edculos nuevos y usados\",\"potentialAction\":[{\"@type\":\"SearchAction\",\"target\":{\"@type\":\"EntryPoint\",\"urlTemplate\":\"https:\/\/crediq.com\/ni\/?s={search_term_string}\"},\"query-input\":{\"@type\":\"PropertyValueSpecification\",\"valueRequired\":true,\"valueName\":\"search_term_string\"}}],\"inLanguage\":\"es\"}]}<\/script>\n<!-- \/ Yoast SEO plugin. -->","yoast_head_json":{"title":"\u00bfD\u00f3nde Pagar? - CrediQ Nicaragua","robots":{"index":"index","follow":"follow","max-snippet":"max-snippet:-1","max-image-preview":"max-image-preview:large","max-video-preview":"max-video-preview:-1"},"canonical":"https:\/\/crediq.com\/ni\/donde-pagar\/","og_locale":"es_ES","og_type":"article","og_title":"\u00bfD\u00f3nde Pagar? - CrediQ Nicaragua","og_url":"https:\/\/crediq.com\/ni\/donde-pagar\/","og_site_name":"CrediQ Nicaragua","twitter_card":"summary_large_image","twitter_misc":{"Tiempo de lectura":"2 minutos"},"schema":{"@context":"https:\/\/schema.org","@graph":[{"@type":"WebPage","@id":"https:\/\/crediq.com\/ni\/donde-pagar\/","url":"https:\/\/crediq.com\/ni\/donde-pagar\/","name":"\u00bfD\u00f3nde Pagar? - CrediQ Nicaragua","isPartOf":{"@id":"https:\/\/crediq.com\/ni\/#website"},"datePublished":"2022-07-19T16:27:26+00:00","breadcrumb":{"@id":"https:\/\/crediq.com\/ni\/donde-pagar\/#breadcrumb"},"inLanguage":"es","potentialAction":[{"@type":"ReadAction","target":["https:\/\/crediq.com\/ni\/donde-pagar\/"]}]},{"@type":"BreadcrumbList","@id":"https:\/\/crediq.com\/ni\/donde-pagar\/#breadcrumb","itemListElement":[{"@type":"ListItem","position":1,"name":"Home","item":"https:\/\/crediq.com\/ni\/"},{"@type":"ListItem","position":2,"name":"\u00bfD\u00f3nde Pagar?"}]},{"@type":"WebSite","@id":"https:\/\/crediq.com\/ni\/#website","url":"https:\/\/crediq.com\/ni\/","name":"CrediQ Nicaragua","description":"Financiamiento de veh\u00edculos nuevos y usados","potentialAction":[{"@type":"SearchAction","target":{"@type":"EntryPoint","urlTemplate":"https:\/\/crediq.com\/ni\/?s={search_term_string}"},"query-input":{"@type":"PropertyValueSpecification","valueRequired":true,"valueName":"search_term_string"}}],"inLanguage":"es"}]}},"post_mailing_queue_ids":[],"_links":{"self":[{"href":"https:\/\/crediq.com\/ni\/wp-json\/wp\/v2\/pages\/3051","targetHints":{"allow":["GET"]}}],"collection":[{"href":"https:\/\/crediq.com\/ni\/wp-json\/wp\/v2\/pages"}],"about":[{"href":"https:\/\/crediq.com\/ni\/wp-json\/wp\/v2\/types\/page"}],"author":[{"embeddable":true,"href":"https:\/\/crediq.com\/ni\/wp-json\/wp\/v2\/users\/1"}],"replies":[{"embeddable":true,"href":"https:\/\/crediq.com\/ni\/wp-json\/wp\/v2\/comments?post=3051"}],"version-history":[{"count":0,"href":"https:\/\/crediq.com\/ni\/wp-json\/wp\/v2\/pages\/3051\/revisions"}],"wp:attachment":[{"href":"https:\/\/crediq.com\/ni\/wp-json\/wp\/v2\/media?parent=3051"}],"curies":[{"name":"wp","href":"https:\/\/api.w.org\/{rel}","templated":true}]}}