{"id":3364,"date":"2022-07-22T18:09:37","date_gmt":"2022-07-22T18:09:37","guid":{"rendered":"https:\/\/demo2.loces.dev\/?page_id=3364"},"modified":"2022-10-20T16:28:02","modified_gmt":"2022-10-20T16:28:02","slug":"motocicletas","status":"publish","type":"page","link":"https:\/\/crediq.com\/ni\/motocicletas\/","title":{"rendered":"Motocicletas"},"content":{"rendered":"\n\n\t<section class=\"section has-scroll-for-more\" id=\"section_798639234\">\n\t\t<div class=\"section-bg fill\" >\n\t\t\t<img loading=\"lazy\" decoding=\"async\" width=\"1920\" height=\"1080\" src=\"https:\/\/crediq.com\/ni\/wp-content\/uploads\/sites\/5\/2022\/07\/040404.jpg\" class=\"bg attachment- size-\" alt=\"\" \/>\t\t\t\t\t\t<div class=\"section-bg-overlay absolute fill\"><\/div><button class=\"scroll-for-more z-5 icon absolute bottom h-center\" aria-label=\"Despl\u00e1cese para m\u00e1s\"><i class=\"icon-angle-down\" aria-hidden=\"true\" style=\"font-size:42px;\"><\/i><\/button>\n\t\t\t\n\n\t\t<\/div>\n\n\t\t\n\n\t\t<div class=\"section-content relative\">\n\t\t\t\n\n\t<div id=\"gap-175106540\" class=\"gap-element clearfix\" style=\"display:block; height:auto;\">\n\t\t\n<style>\n#gap-175106540 {\n  padding-top: 30px;\n}\n<\/style>\n\t<\/div>\n\t\n\n<div class=\"row align-center\"  id=\"row-2003834423\">\n\n\n\t<div id=\"col-820447645\" class=\"col medium-7 small-12 large-9\"  >\n\t\t\t\t<div class=\"col-inner text-center\"  >\n\t\t\t\n\t\t\t\n\n\t<div id=\"text-796107417\" class=\"text\">\n\t\t\n\n<h1>Motocicletas<\/h1>\n\t\t\n<style>\n#text-796107417 {\n  font-size: 1.55rem;\n  color: #1769b7;\n}\n#text-796107417 > * {\n  color: #1769b7;\n}\n<\/style>\n\t<\/div>\n\t\n\t<div id=\"text-3542059811\" class=\"text\">\n\t\t\n\n<h2><span style=\"font-size: 100%;\"><strong>Con el respaldo y confiabilidad de CrediQ<\/strong><\/span><\/h2>\n<p><span style=\"font-size: 120%;\">Acercate y hablemos del financiamiento de tu motocicleta, porque nuestro servicio est\u00e1 dise\u00f1ado para ser r\u00e1pido y f\u00e1cil para vos. Desde clientes corporativos, hasta emprendedores y entusiastas de las motocicletas, CrediQ ampl\u00eda sus opciones de financiamiento brindando facilidades para la adquisici\u00f3n de tu motocicleta.<\/span><\/p>\n\t\t\n<style>\n#text-3542059811 {\n  font-size: 1.05rem;\n  color: rgb(92, 92, 92);\n}\n#text-3542059811 > * {\n  color: rgb(92, 92, 92);\n}\n<\/style>\n\t<\/div>\n\t\n\n\t\t<\/div>\n\t\t\t\t\t<\/div>\n\n\t\n\n<\/div>\n\n\t\t<\/div>\n\n\t\t\n<style>\n#section_798639234 {\n  padding-top: 43px;\n  padding-bottom: 43px;\n  background-color: rgb(255,255,255);\n}\n#section_798639234 .section-bg-overlay {\n  background-color: rgba(255, 255, 255, 0.791);\n}\n#section_798639234 .section-bg img {\n  object-position: 30% 14%;\n}\n<\/style>\n\t<\/section>\n\t\n\n\t<section class=\"section\" id=\"section_638564101\">\n\t\t<div class=\"section-bg fill\" >\n\t\t\t\t\t\t\t\t\t\n\t\t\t\n\n\t\t<\/div>\n\n\t\t\n\n\t\t<div class=\"section-content relative\">\n\t\t\t\n\n\t<div id=\"gap-13138130\" class=\"gap-element clearfix\" style=\"display:block; height:auto;\">\n\t\t\n<style>\n#gap-13138130 {\n  padding-top: 52px;\n}\n<\/style>\n\t<\/div>\n\t\n\n<div class=\"row align-center\"  id=\"row-853059920\">\n\n\n\t<div id=\"col-1488519129\" class=\"col medium-9 small-12 large-9\"  >\n\t\t\t\t<div class=\"col-inner text-center\"  >\n\t\t\t\n\t\t\t\n\n\t<div id=\"text-809266712\" class=\"text\">\n\t\t\n\n<h2><strong>Financiamiento de Motocicletas<\/strong><\/h2>\n\t\t\n<style>\n#text-809266712 {\n  font-size: 1.05rem;\n  color: #1769b7;\n}\n#text-809266712 > * {\n  color: #1769b7;\n}\n<\/style>\n\t<\/div>\n\t\n\t<div class=\"img has-hover x md-x lg-x y md-y lg-y\" id=\"image_705457277\">\n\t\t\t\t\t\t\t\t<div class=\"img-inner dark\" >\n\t\t\t<img loading=\"lazy\" decoding=\"async\" width=\"447\" height=\"114\" src=\"https:\/\/crediq.com\/ni\/wp-content\/uploads\/sites\/5\/2022\/09\/Recurso-1.svg\" class=\"attachment-large size-large\" alt=\"\" \/>\t\t\t\t\t\t\n\t\t\t\t\t<\/div>\n\t\t\t\t\t\t\t\t\n<style>\n#image_705457277 {\n  width: 51%;\n}\n<\/style>\n\t<\/div>\n\t\n\n\t<div id=\"text-4089122655\" class=\"text\">\n\t\t\n\n<p class=\"text-justify\">Hemos innovado en todas nuestras ofertas de financiamiento. Adem\u00e1s, contamos con una amplia red de pagos, para que algo tan sencillo, resulte a\u00fan m\u00e1s simple. Todos nuestros procesos han sido optimizados, porque sabemos, que lo que se quiere hoy, se necesita para hoy mismo; por esa raz\u00f3n somos flexibles y r\u00e1pidos siempre. Consult\u00e1 nuestros financiamientos y solicit\u00e1 el tuyo ya.<\/p>\n\t\t\n<style>\n#text-4089122655 {\n  font-size: 1.05rem;\n}\n<\/style>\n\t<\/div>\n\t\n\n\t\t<\/div>\n\t\t\t\t\t<\/div>\n\n\t\n\n<\/div>\n\n\t\t<\/div>\n\n\t\t\n<style>\n#section_638564101 {\n  padding-top: 0px;\n  padding-bottom: 0px;\n}\n<\/style>\n\t<\/section>\n\t\n\n\t<section class=\"section\" id=\"section_1705610953\">\n\t\t<div class=\"section-bg fill\" >\n\t\t\t\t\t\t\t\t\t\n\t\t\t\n\n\t\t<\/div>\n\n\t\t\n\n\t\t<div class=\"section-content relative\">\n\t\t\t\n\n<div class=\"row\"  id=\"row-1139853497\">\n\n\n\t<div id=\"col-1301885826\" class=\"col medium-6 small-12 large-6\"  >\n\t\t\t\t<div class=\"col-inner\"  >\n\t\t\t\n\t\t\t\n\n\t<div id=\"text-4275021084\" class=\"text\">\n\t\t\n\n<h3><span data-text-color=\"primary\">Beneficios<\/span><\/h3>\n<ul>\n<li>Aprobaci\u00f3n en menos 24 horas.<\/li>\n<li>Cr\u00e9dito \u00e1gil en el an\u00e1lisis con documentaci\u00f3n m\u00ednima.<\/li>\n<li>Primas flexibles.<\/li>\n<li>Plazos hasta 96 meses.<\/li>\n<li>Atenci\u00f3n personalizada.<\/li>\n<li>Seguro del veh\u00edculo incluido.<\/li>\n<\/ul>\n\t\t\n<style>\n#text-4275021084 {\n  font-size: 1.05rem;\n}\n<\/style>\n\t<\/div>\n\t\n\n\t\t<\/div>\n\t\t\t\t\t<\/div>\n\n\t\n\n\t<div id=\"col-1695272072\" class=\"col medium-6 small-12 large-6\"  >\n\t\t\t\t<div class=\"col-inner dark\" style=\"background-color:#1769b7;\" >\n\t\t\t\n\t\t\t\n\n\t<div id=\"text-1248926035\" class=\"text\">\n\t\t\n\n<h3>Beneficios solo con CrediQ<\/h3>\n<ul>\n<li>Facilidad de cambios en fechas de pago.<\/li>\n<li>No hay penalidad por pagos extraordinarios o cancelaciones anticipadas.<\/li>\n<li>Descuentos en servicios en GrupoQ.<\/li>\n<li>Servicio personalizado.<\/li>\n<li>Financiamiento de gastos.<\/li>\n<\/ul>\n\t\t\n<style>\n#text-1248926035 {\n  font-size: 1.05rem;\n}\n<\/style>\n\t<\/div>\n\t\n\n\t\t<\/div>\n\t\t\t\t\n<style>\n#col-1695272072 > .col-inner {\n  padding: 30px 20px 20px 46px;\n  border-radius: 45px;\n}\n<\/style>\n\t<\/div>\n\n\t\n\n<\/div>\n<div class=\"row\"  id=\"row-1455835010\">\n\n\n\t<div id=\"col-1546738661\" class=\"col medium-6 small-12 large-6\"  >\n\t\t\t\t<div class=\"col-inner\"  >\n\t\t\t\n\t\t\t\n\n\t<div id=\"text-3865980528\" class=\"text\">\n\t\t\n\n<h3><span data-text-color=\"primary\">Requisitos Particulares<\/span><\/h3>\n<p>Persona natural (Asalariados \/ Comerciantes \/ Profesionales Independientes).<\/p>\n\t\t\n<style>\n#text-3865980528 {\n  font-size: 1.05rem;\n}\n<\/style>\n\t<\/div>\n\t\n<div class=\"accordion\">\n\n\t<div id=\"accordion-2725167541\" class=\"accordion-item\">\n\t\t<a id=\"accordion-2725167541-label\" class=\"accordion-title plain\" href=\"#accordion-item-persona-natural\" aria-expanded=\"false\" aria-controls=\"accordion-2725167541-content\">\n\t\t\t<button class=\"toggle\" aria-label=\"Toggle\"><i class=\"icon-angle-down\" aria-hidden=\"true\"><\/i><\/button>\n\t\t\t<span>Persona Natural<\/span>\n\t\t<\/a>\n\t\t<div id=\"accordion-2725167541-content\" class=\"accordion-inner\" aria-labelledby=\"accordion-2725167541-label\">\n\t\t\t\n\n<ul>\n<li>Solicitud de Cr\u00e9dito completamente llena.<\/li>\n<li>Fotocopia de C\u00e9dula de Identidad.<\/li>\n<li>Constancia Salarial original, firmada y sellada por RRHH.<\/li>\n<li>Fotocopia de Colilla del INSS y\/o Comprobante de Pago.<\/li>\n<li>Recibo de Agua, Luz o Tel\u00e9fono.<\/li>\n<li>2 Referencias Comerciales, Bancarias y\/o Personales.<\/li>\n<li>Fiador Solidario (Presentar los mismos requisitos).<\/li>\n<\/ul>\n\n\t\t<\/div>\n\t<\/div>\n\t\n\t<div id=\"accordion-2345208936\" class=\"accordion-item\">\n\t\t<a id=\"accordion-2345208936-label\" class=\"accordion-title plain\" href=\"#accordion-item-comerciantes-\/-profesionales-independientes\" aria-expanded=\"false\" aria-controls=\"accordion-2345208936-content\">\n\t\t\t<button class=\"toggle\" aria-label=\"Toggle\"><i class=\"icon-angle-down\" aria-hidden=\"true\"><\/i><\/button>\n\t\t\t<span>Comerciantes \/ Profesionales Independientes<\/span>\n\t\t<\/a>\n\t\t<div id=\"accordion-2345208936-content\" class=\"accordion-inner\" aria-labelledby=\"accordion-2345208936-label\">\n\t\t\t\n\n<ul>\n<li>Constancia de Ingresos por CPA.<\/li>\n<li>Estado de Cuenta Bancaria de los \u00faltimos 6 meses.<\/li>\n<li>Fiador.<\/li>\n<li>Presentar ingresos requisito.<\/li>\n<\/ul>\n\n\t\t<\/div>\n\t<\/div>\n\t\n\n<\/div>\n\n\t\t<\/div>\n\t\t\t\t\t<\/div>\n\n\t\n\n\t<div id=\"col-420335849\" class=\"col medium-6 small-12 large-6\"  >\n\t\t\t\t<div class=\"col-inner\"  >\n\t\t\t\n\t\t\t\n\n\t<div id=\"text-3863777485\" class=\"text\">\n\t\t\n\n<h3><span data-text-color=\"primary\">Requisitos Empresas<\/span><\/h3>\n<p>Persona Jur\u00eddica<\/p>\n\t\t\n<style>\n#text-3863777485 {\n  font-size: 1.05rem;\n}\n<\/style>\n\t<\/div>\n\t\n<div class=\"accordion\">\n\n\t<div id=\"accordion-3105166927\" class=\"accordion-item\">\n\t\t<a id=\"accordion-3105166927-label\" class=\"accordion-title plain\" href=\"#accordion-item-persona-jur\u00eddica\" aria-expanded=\"false\" aria-controls=\"accordion-3105166927-content\">\n\t\t\t<button class=\"toggle\" aria-label=\"Toggle\"><i class=\"icon-angle-down\" aria-hidden=\"true\"><\/i><\/button>\n\t\t\t<span>Persona Jur\u00eddica<\/span>\n\t\t<\/a>\n\t\t<div id=\"accordion-3105166927-content\" class=\"accordion-inner\" aria-labelledby=\"accordion-3105166927-label\">\n\t\t\t\n\n<ul>\n<li>Solicitud de Cr\u00e9dito completamente llena.<\/li>\n<li>Fotocopia de RUC.<\/li>\n<li>Fotocopia de Matricula de la Alcald\u00eda, Registro DGI.<\/li>\n<li>Fotocopia Escritura de Constituci\u00f3n de la Empresa, debidamente inscrita.<\/li>\n<li>Fotocopia poder del Representante Legal debidamente inscrito.<\/li>\n<li>Certificaci\u00f3n de Junta Directiva ratificando la compra y financiamiento del veh\u00edculo.<\/li>\n<li>\u00daltimas 2 Declaraciones de IR Anual.<\/li>\n<li>Estados de Cuentas Bancarias de los \u00faltimos 3 meses.<\/li>\n<li>Estados Financieros ( 2 \u00faltimos per\u00edodos fiscales, sellados y firmados por el CPA ).<\/li>\n<\/ul>\n<p>Fiador Solidario: Representante Legal<\/p>\n<ul>\n<li>Constancia Salarial original debidamente firmada y sellada por RRHH.<\/li>\n<li>Fotocopia de C\u00e9dula de Identidad.<\/li>\n<li>Fotocopia Colilla del INSS y\/o Comprobante de Pago.<\/li>\n<li>Recibo de Agua, Luz y Tel\u00e9fono.<\/li>\n<li>Referencias Comerciales, Personales y\/o Bancarias.<\/li>\n<\/ul>\n\n\t\t<\/div>\n\t<\/div>\n\t\n\n<\/div>\n\t<div id=\"gap-1135682874\" class=\"gap-element clearfix\" style=\"display:block; height:auto;\">\n\t\t\n<style>\n#gap-1135682874 {\n  padding-top: 20px;\n}\n<\/style>\n\t<\/div>\n\t\n\n<a href=\"#preaprobar\" class=\"button secondary hidden\" style=\"border-radius:99px;\">\n\t\t<span>solicita tu cr\u00e9dito<\/span>\n\t<i class=\"icon-angle-down\" aria-hidden=\"true\"><\/i><\/a>\n\n\n<a href=\"https:\/\/digital.crediq.com\/calcula-tu-credito\/\" class=\"button primary\" style=\"border-radius:99px;\">\n\t\t<span>calcula tu cr\u00e9dito<\/span>\n\t<i class=\"icon-angle-right\" aria-hidden=\"true\"><\/i><\/a>\n\n\n\n\t\t<\/div>\n\t\t\t\t\t<\/div>\n\n\t\n\n<\/div>\n\n\t\t<\/div>\n\n\t\t\n<style>\n#section_1705610953 {\n  padding-top: 0px;\n  padding-bottom: 0px;\n}\n<\/style>\n\t<\/section>\n\t\n\n  <div class=\"banner has-hover\" id=\"banner-615243837\">\n          <div class=\"banner-inner fill\">\n        <div class=\"banner-bg fill\" >\n            <img loading=\"lazy\" decoding=\"async\" width=\"1920\" height=\"1080\" src=\"https:\/\/crediq.com\/ni\/wp-content\/uploads\/sites\/5\/2022\/07\/8888.jpg\" class=\"bg attachment-original size-original\" alt=\"\" \/>                        <div class=\"overlay\"><\/div>            \n                    <\/div>\n\t\t\n        <div class=\"banner-layers container\">\n            <div class=\"fill banner-link\"><\/div>            \n\n   <div id=\"text-box-1307291775\" class=\"text-box banner-layer x50 md-x50 lg-x50 y50 md-y50 lg-y50 res-text\">\n                                <div class=\"text-box-content text \">\n              \n              <div class=\"text-inner text-center\">\n                  \n\n<h2><span data-text-color=\"primary\"><strong>Cotizador<\/strong><\/span><\/h2>\n<h3>Calcul\u00e1 la cuota de tu pr\u00f3xima motocicleta<\/h3>\n<p>Cotiz\u00e1 el c\u00e1lculo de la cuota de financiamiento de tu pr\u00f3xima motocicleta. Personaliz\u00e1 y descarg\u00e1 un plan de pagos acorde a tu capacidad de pago.<\/p>\n<a href=\"https:\/\/digital.crediq.com\/calcula-tu-credito\/\" class=\"button secondary\" style=\"border-radius:94px;\">\n\t\t<span>cotizar ahora<\/span>\n\t<\/a>\n\n\n\n              <\/div>\n           <\/div>\n                            \n<style>\n#text-box-1307291775 {\n  width: 88%;\n}\n#text-box-1307291775 .text-box-content {\n  font-size: 129%;\n}\n@media (min-width:550px) {\n  #text-box-1307291775 {\n    width: 68%;\n  }\n  #text-box-1307291775 .text-box-content {\n    font-size: 100%;\n  }\n}\n<\/style>\n    <\/div>\n \n\n        <\/div>\n      <\/div>\n\n            \n<style>\n#banner-615243837 {\n  padding-top: 369px;\n  background-color: rgb(255, 255, 255);\n}\n#banner-615243837 .overlay {\n  background-color: rgba(255, 255, 255, 0.808);\n}\n<\/style>\n  <\/div>\n\n\n\n\n\t<section class=\"section\" id=\"section_790814470\">\n\t\t<div class=\"section-bg fill\" >\n\t\t\t\t\t\t\t\t\t\n\t\t\t\n\n\t\t<\/div>\n\n\t\t\n\n\t\t<div class=\"section-content relative\">\n\t\t\t\n\n<div class=\"row align-center\"  id=\"row-717538181\">\n\n\n\t<div id=\"col-208605635\" class=\"col medium-11 small-12 large-11\"  >\n\t\t\t\t<div class=\"col-inner\"  >\n\t\t\t\n\t\t\t\n\n\t<div id=\"gap-64494336\" class=\"gap-element clearfix\" style=\"display:block; height:auto;\">\n\t\t\n<style>\n#gap-64494336 {\n  padding-top: 28px;\n}\n@media (min-width:550px) {\n  #gap-64494336 {\n    padding-top: 50px;\n  }\n}\n<\/style>\n\t<\/div>\n\t\n\n\t<div id=\"text-828594928\" class=\"text\">\n\t\t\n\n<h2><span data-text-color=\"primary\"><strong>\u00bfNecesit\u00e1s ayuda?<\/strong><\/span><\/h2>\n<p class=\"p1\">Solicit\u00e1 informaci\u00f3n de nuestros puntos de contacto, lugares y medios de recepci\u00f3n de pagos, as\u00ed como informaci\u00f3n de tu seguro y otras consultas generales.<\/p>\n\t\t\n<style>\n#text-828594928 {\n  font-size: 1.05rem;\n  text-align: center;\n}\n@media (min-width:550px) {\n  #text-828594928 {\n    font-size: 1.05rem;\n  }\n}\n<\/style>\n\t<\/div>\n\t\n<div class=\"row align-equal\"  id=\"row-313528644\">\n\n\n\t<div id=\"col-1386096450\" class=\"col medium-6 small-12 large-6\"  >\n\t\t\t\t<div class=\"col-inner text-center\"  >\n\t\t\t\n\t\t\t\n\n\n\t\t<div class=\"icon-box featured-box icon-box-center text-center\"  >\n\t\t\t\t\t<div class=\"icon-box-img\" style=\"width: 60px\">\n\t\t\t\t<div class=\"icon\">\n\t\t\t\t\t<div class=\"icon-inner\" style=\"color:rgb(24, 106, 184);\">\n\t\t\t\t\t\t<img loading=\"lazy\" decoding=\"async\" width=\"300\" height=\"300\" src=\"https:\/\/crediq.com\/ni\/wp-content\/uploads\/sites\/5\/2022\/09\/WhatsApp-300x300.png\" class=\"attachment-medium size-medium\" alt=\"\" srcset=\"https:\/\/crediq.com\/ni\/wp-content\/uploads\/sites\/5\/2022\/09\/WhatsApp-300x300.png 300w, https:\/\/crediq.com\/ni\/wp-content\/uploads\/sites\/5\/2022\/09\/WhatsApp-1024x1024.png 1024w, https:\/\/crediq.com\/ni\/wp-content\/uploads\/sites\/5\/2022\/09\/WhatsApp-150x150.png 150w, https:\/\/crediq.com\/ni\/wp-content\/uploads\/sites\/5\/2022\/09\/WhatsApp-768x768.png 768w, https:\/\/crediq.com\/ni\/wp-content\/uploads\/sites\/5\/2022\/09\/WhatsApp-600x600.png 600w, https:\/\/crediq.com\/ni\/wp-content\/uploads\/sites\/5\/2022\/09\/WhatsApp-100x100.png 100w, https:\/\/crediq.com\/ni\/wp-content\/uploads\/sites\/5\/2022\/09\/WhatsApp.png 1500w\" sizes=\"auto, (max-width: 300px) 100vw, 300px\" \/>\t\t\t\t\t<\/div>\n\t\t\t\t<\/div>\n\t\t\t<\/div>\n\t\t\t\t<div class=\"icon-box-text last-reset\">\n\t\t\t\t\t\t\t\t\t\n\n<h4>WhatsApp<\/h4>\n<p>Realiz\u00e1 tus consultas o solicit\u00e1 ayuda con un asesor de servicio al cliente por medio de nuestro WhatsApp.<\/p>\n\t<div id=\"gap-48937436\" class=\"gap-element clearfix\" style=\"display:block; height:auto;\">\n\t\t\n<style>\n#gap-48937436 {\n  padding-top: 20px;\n}\n<\/style>\n\t<\/div>\n\t\n\n<a href=\"https:\/\/api.whatsapp.com\/send?phone=50558722515&#038;text=Asistente%20Virtual%20CrediQ\" class=\"button secondary\" style=\"border-radius:99px;\">\n\t<i class=\"icon-phone\" aria-hidden=\"true\"><\/i>\t<span>5872 2515<\/span>\n\t<\/a>\n\n\n\n\t\t<\/div>\n\t<\/div>\n\t\n\t\n\n\t\t<\/div>\n\t\t\t\t\n<style>\n#col-1386096450 > .col-inner {\n  border-radius: 50px;\n}\n<\/style>\n\t<\/div>\n\n\t\n\n\t<div id=\"col-1782007381\" class=\"col medium-6 small-12 large-6\"  >\n\t\t\t\t<div class=\"col-inner text-center\"  >\n\t\t\t\n\t\t\t\n\n\n\t\t<div class=\"icon-box featured-box icon-box-center text-center\"  >\n\t\t\t\t\t<div class=\"icon-box-img\" style=\"width: 60px\">\n\t\t\t\t<div class=\"icon\">\n\t\t\t\t\t<div class=\"icon-inner\" >\n\t\t\t\t\t\t<img loading=\"lazy\" decoding=\"async\" width=\"300\" height=\"300\" src=\"https:\/\/crediq.com\/ni\/wp-content\/uploads\/sites\/5\/2022\/07\/5664-300x300.png\" class=\"attachment-medium size-medium\" alt=\"\" srcset=\"https:\/\/crediq.com\/ni\/wp-content\/uploads\/sites\/5\/2022\/07\/5664-300x300.png 300w, https:\/\/crediq.com\/ni\/wp-content\/uploads\/sites\/5\/2022\/07\/5664-150x150.png 150w, https:\/\/crediq.com\/ni\/wp-content\/uploads\/sites\/5\/2022\/07\/5664-100x100.png 100w, https:\/\/crediq.com\/ni\/wp-content\/uploads\/sites\/5\/2022\/07\/5664.png 512w\" sizes=\"auto, (max-width: 300px) 100vw, 300px\" \/>\t\t\t\t\t<\/div>\n\t\t\t\t<\/div>\n\t\t\t<\/div>\n\t\t\t\t<div class=\"icon-box-text last-reset\">\n\t\t\t\t\t\t\t\t\t\n\n<h4>Atenci\u00f3n al Cliente<\/h4>\n<p>Nos pod\u00e9s contactar por diferentes medios con la mejor disposici\u00f3n y flexibilidad de atenci\u00f3n.<\/p>\n\t<div id=\"gap-1931772668\" class=\"gap-element clearfix\" style=\"display:block; height:auto;\">\n\t\t\n<style>\n#gap-1931772668 {\n  padding-top: 20px;\n}\n<\/style>\n\t<\/div>\n\t\n\n\n\t\t<\/div>\n\t<\/div>\n\t\n\t\n<a href=\"\/ni\/contactanos\/\" class=\"button secondary lowercase\" style=\"border-radius:99px;\">\n\t<i class=\"icon-user\" aria-hidden=\"true\"><\/i>\t<span>Contactar<\/span>\n\t<\/a>\n\n\n\n\t\t<\/div>\n\t\t\t\t\n<style>\n#col-1782007381 > .col-inner {\n  border-radius: 50px;\n}\n<\/style>\n\t<\/div>\n\n\t\n\n\n<style>\n#row-313528644 > .col > .col-inner {\n  padding: 40px 40px 40px 40px;\n  background-color: rgb(255,255,255);\n}\n<\/style>\n<\/div>\n\n\t\t<\/div>\n\t\t\t\t\t<\/div>\n\n\t\n\n<\/div>\n\n\t\t<\/div>\n\n\t\t\n<style>\n#section_790814470 {\n  padding-top: 0px;\n  padding-bottom: 0px;\n  background-color: rgb(244, 244, 244);\n}\n<\/style>\n\t<\/section>\n\t\n\n","protected":false},"excerpt":{"rendered":"","protected":false},"author":1,"featured_media":0,"parent":0,"menu_order":16,"comment_status":"closed","ping_status":"closed","template":"page-blank.php","meta":{"_acf_changed":false,"_monsterinsights_skip_tracking":false,"_monsterinsights_sitenote_active":false,"_monsterinsights_sitenote_note":"","_monsterinsights_sitenote_category":0,"footnotes":""},"class_list":["post-3364","page","type-page","status-publish","hentry"],"acf":[],"yoast_head":"<!-- This site is optimized with the Yoast SEO plugin v26.7 - https:\/\/yoast.com\/wordpress\/plugins\/seo\/ -->\n<title>Motocicletas - CrediQ Nicaragua<\/title>\n<meta name=\"robots\" content=\"index, follow, max-snippet:-1, max-image-preview:large, max-video-preview:-1\" \/>\n<link rel=\"canonical\" href=\"https:\/\/crediq.com\/ni\/motocicletas\/\" \/>\n<meta property=\"og:locale\" content=\"es_ES\" \/>\n<meta property=\"og:type\" content=\"article\" \/>\n<meta property=\"og:title\" content=\"Motocicletas - CrediQ Nicaragua\" \/>\n<meta property=\"og:url\" content=\"https:\/\/crediq.com\/ni\/motocicletas\/\" \/>\n<meta property=\"og:site_name\" content=\"CrediQ Nicaragua\" \/>\n<meta property=\"article:modified_time\" content=\"2022-10-20T16:28:02+00:00\" \/>\n<meta name=\"twitter:card\" content=\"summary_large_image\" \/>\n<meta name=\"twitter:label1\" content=\"Tiempo de lectura\" \/>\n\t<meta name=\"twitter:data1\" content=\"5 minutos\" \/>\n<script type=\"application\/ld+json\" class=\"yoast-schema-graph\">{\"@context\":\"https:\/\/schema.org\",\"@graph\":[{\"@type\":\"WebPage\",\"@id\":\"https:\/\/crediq.com\/ni\/motocicletas\/\",\"url\":\"https:\/\/crediq.com\/ni\/motocicletas\/\",\"name\":\"Motocicletas - CrediQ Nicaragua\",\"isPartOf\":{\"@id\":\"https:\/\/crediq.com\/ni\/#website\"},\"datePublished\":\"2022-07-22T18:09:37+00:00\",\"dateModified\":\"2022-10-20T16:28:02+00:00\",\"breadcrumb\":{\"@id\":\"https:\/\/crediq.com\/ni\/motocicletas\/#breadcrumb\"},\"inLanguage\":\"es\",\"potentialAction\":[{\"@type\":\"ReadAction\",\"target\":[\"https:\/\/crediq.com\/ni\/motocicletas\/\"]}]},{\"@type\":\"BreadcrumbList\",\"@id\":\"https:\/\/crediq.com\/ni\/motocicletas\/#breadcrumb\",\"itemListElement\":[{\"@type\":\"ListItem\",\"position\":1,\"name\":\"Home\",\"item\":\"https:\/\/crediq.com\/ni\/\"},{\"@type\":\"ListItem\",\"position\":2,\"name\":\"Motocicletas\"}]},{\"@type\":\"WebSite\",\"@id\":\"https:\/\/crediq.com\/ni\/#website\",\"url\":\"https:\/\/crediq.com\/ni\/\",\"name\":\"CrediQ Nicaragua\",\"description\":\"Financiamiento de veh\u00edculos nuevos y usados\",\"potentialAction\":[{\"@type\":\"SearchAction\",\"target\":{\"@type\":\"EntryPoint\",\"urlTemplate\":\"https:\/\/crediq.com\/ni\/?s={search_term_string}\"},\"query-input\":{\"@type\":\"PropertyValueSpecification\",\"valueRequired\":true,\"valueName\":\"search_term_string\"}}],\"inLanguage\":\"es\"}]}<\/script>\n<!-- \/ Yoast SEO plugin. -->","yoast_head_json":{"title":"Motocicletas - CrediQ Nicaragua","robots":{"index":"index","follow":"follow","max-snippet":"max-snippet:-1","max-image-preview":"max-image-preview:large","max-video-preview":"max-video-preview:-1"},"canonical":"https:\/\/crediq.com\/ni\/motocicletas\/","og_locale":"es_ES","og_type":"article","og_title":"Motocicletas - CrediQ Nicaragua","og_url":"https:\/\/crediq.com\/ni\/motocicletas\/","og_site_name":"CrediQ Nicaragua","article_modified_time":"2022-10-20T16:28:02+00:00","twitter_card":"summary_large_image","twitter_misc":{"Tiempo de lectura":"5 minutos"},"schema":{"@context":"https:\/\/schema.org","@graph":[{"@type":"WebPage","@id":"https:\/\/crediq.com\/ni\/motocicletas\/","url":"https:\/\/crediq.com\/ni\/motocicletas\/","name":"Motocicletas - CrediQ Nicaragua","isPartOf":{"@id":"https:\/\/crediq.com\/ni\/#website"},"datePublished":"2022-07-22T18:09:37+00:00","dateModified":"2022-10-20T16:28:02+00:00","breadcrumb":{"@id":"https:\/\/crediq.com\/ni\/motocicletas\/#breadcrumb"},"inLanguage":"es","potentialAction":[{"@type":"ReadAction","target":["https:\/\/crediq.com\/ni\/motocicletas\/"]}]},{"@type":"BreadcrumbList","@id":"https:\/\/crediq.com\/ni\/motocicletas\/#breadcrumb","itemListElement":[{"@type":"ListItem","position":1,"name":"Home","item":"https:\/\/crediq.com\/ni\/"},{"@type":"ListItem","position":2,"name":"Motocicletas"}]},{"@type":"WebSite","@id":"https:\/\/crediq.com\/ni\/#website","url":"https:\/\/crediq.com\/ni\/","name":"CrediQ Nicaragua","description":"Financiamiento de veh\u00edculos nuevos y usados","potentialAction":[{"@type":"SearchAction","target":{"@type":"EntryPoint","urlTemplate":"https:\/\/crediq.com\/ni\/?s={search_term_string}"},"query-input":{"@type":"PropertyValueSpecification","valueRequired":true,"valueName":"search_term_string"}}],"inLanguage":"es"}]}},"post_mailing_queue_ids":[],"_links":{"self":[{"href":"https:\/\/crediq.com\/ni\/wp-json\/wp\/v2\/pages\/3364","targetHints":{"allow":["GET"]}}],"collection":[{"href":"https:\/\/crediq.com\/ni\/wp-json\/wp\/v2\/pages"}],"about":[{"href":"https:\/\/crediq.com\/ni\/wp-json\/wp\/v2\/types\/page"}],"author":[{"embeddable":true,"href":"https:\/\/crediq.com\/ni\/wp-json\/wp\/v2\/users\/1"}],"replies":[{"embeddable":true,"href":"https:\/\/crediq.com\/ni\/wp-json\/wp\/v2\/comments?post=3364"}],"version-history":[{"count":9,"href":"https:\/\/crediq.com\/ni\/wp-json\/wp\/v2\/pages\/3364\/revisions"}],"predecessor-version":[{"id":3864,"href":"https:\/\/crediq.com\/ni\/wp-json\/wp\/v2\/pages\/3364\/revisions\/3864"}],"wp:attachment":[{"href":"https:\/\/crediq.com\/ni\/wp-json\/wp\/v2\/media?parent=3364"}],"curies":[{"name":"wp","href":"https:\/\/api.w.org\/{rel}","templated":true}]}}