{"id":3045,"date":"2022-07-19T16:25:24","date_gmt":"2022-07-19T16:25:24","guid":{"rendered":"https:\/\/demo2.loces.dev\/?page_id=3045"},"modified":"2025-07-14T17:44:06","modified_gmt":"2025-07-14T17:44:06","slug":"productos-empresas","status":"publish","type":"page","link":"https:\/\/crediq.com\/sv\/productos-empresas\/","title":{"rendered":"Productos Empresas"},"content":{"rendered":"\n\n\t<section class=\"section\" id=\"section_422260033\">\n\t\t<div class=\"section-bg fill\" >\n\t\t\t\t\t\t\t\t\t\n\t\t\t\n\n\t\t<\/div>\n\n\t\t\n\n\t\t<div class=\"section-content relative\">\n\t\t\t\n\n<div class=\"row row-collapse row-full-width align-middle\"  id=\"row-1905707642\">\n\n\n\t<div id=\"col-1233168357\" class=\"col medium-12 large-6\"  >\n\t\t\t\t<div class=\"col-inner\"  >\n\t\t\t\n\t\t\t\n\n\n  <div class=\"banner has-hover\" id=\"banner-1547152017\">\n          <div class=\"banner-inner fill\">\n        <div class=\"banner-bg fill\" >\n            <img loading=\"lazy\" decoding=\"async\" width=\"1920\" height=\"1080\" src=\"https:\/\/crediq.com\/sv\/wp-content\/uploads\/sites\/7\/2022\/07\/66.jpg\" class=\"bg attachment-original size-original\" alt=\"\" \/>                                    \n                    <\/div>\n\t\t\n        <div class=\"banner-layers container\">\n            <div class=\"fill banner-link\"><\/div>            \n\n\n        <\/div>\n      <\/div>\n\n            \n<style>\n#banner-1547152017 {\n  padding-top: 300px;\n  background-color: rgb(255,255,255);\n}\n#banner-1547152017 .banner-bg img {\n  object-position: 49% 43%;\n}\n@media (min-width:550px) {\n  #banner-1547152017 {\n    padding-top: 500px;\n  }\n}\n@media (min-width:850px) {\n  #banner-1547152017 {\n    padding-top: 600px;\n  }\n}\n<\/style>\n  <\/div>\n\n\n\n\t\t<\/div>\n\t\t\t\t\t<\/div>\n\n\t\n\n\t<div id=\"col-767078057\" class=\"col medium-12 large-6\"  >\n\t\t\t\t<div class=\"col-inner\"  >\n\t\t\t\n\t\t\t\n\n\t<div id=\"gap-301318578\" class=\"gap-element clearfix\" style=\"display:block; height:auto;\">\n\t\t\n<style>\n#gap-301318578 {\n  padding-top: 30px;\n}\n<\/style>\n\t<\/div>\n\t\n\n\t<div id=\"text-699831250\" class=\"text\">\n\t\t\n\n<h1>Productos para Empresas<\/h1>\n\t\t\n<style>\n#text-699831250 {\n  font-size: 1.05rem;\n  line-height: 1;\n  color: #1769b7;\n}\n#text-699831250 > * {\n  color: #1769b7;\n}\n<\/style>\n\t<\/div>\n\t\n\t<div id=\"text-3571928989\" class=\"text\">\n\t\t\n\n<p><strong>Renueva tu flota empresarial con las mejores soluciones de financiamiento. Con Flexibilidad en planes de pago y agilidad en la aprobaci\u00f3n.<\/strong><\/p>\n<p>Tener una flota eficiente y moderna es clave para el manejo de una operaci\u00f3n log\u00edstica productiva y rentable. CrediQ es la soluci\u00f3n de financiamiento para que adquieras tus veh\u00edculos de trabajo.<\/p>\n\t\t\n<style>\n#text-3571928989 {\n  font-size: 1.05rem;\n}\n<\/style>\n\t<\/div>\n\t\n\t<div id=\"gap-726948769\" class=\"gap-element clearfix\" style=\"display:block; height:auto;\">\n\t\t\n<style>\n#gap-726948769 {\n  padding-top: 30px;\n}\n<\/style>\n\t<\/div>\n\t\n\n<a href=\"https:\/\/digital.crediq.com\/calcula-tu-credito\/\" class=\"button secondary\" style=\"border-radius:99px;\">\n\t\t<span>cotizar ahora<\/span>\n\t<\/a>\n\n\n\n\t\t<\/div>\n\t\t\t\t\n<style>\n#col-767078057 > .col-inner {\n  padding: 20px 20px 20px 20px;\n}\n@media (min-width:550px) {\n  #col-767078057 > .col-inner {\n    padding: 30px 50px 40px 50px;\n  }\n}\n@media (min-width:850px) {\n  #col-767078057 > .col-inner {\n    padding: 0px 20% 0px 15%;\n  }\n}\n<\/style>\n\t<\/div>\n\n\t\n\n<\/div>\n\n\t\t<\/div>\n\n\t\t\n<style>\n#section_422260033 {\n  padding-top: 0px;\n  padding-bottom: 0px;\n}\n<\/style>\n\t<\/section>\n\t\n\n\t<section class=\"section\" id=\"section_201071087\">\n\t\t<div class=\"section-bg fill\" >\n\t\t\t\t\t\t\t\t\t\n\t\t\t\n\n\t\t<\/div>\n\n\t\t\n\n\t\t<div class=\"section-content relative\">\n\t\t\t\n\n\n  <div class=\"banner has-hover\" id=\"banner-1172111825\">\n          <div class=\"banner-inner fill\">\n        <div class=\"banner-bg fill\" >\n                                                \n                    <\/div>\n\t\t\n        <div class=\"banner-layers container\">\n            <div class=\"fill banner-link\"><\/div>            \n\n   <div id=\"text-box-2072049638\" class=\"text-box banner-layer x50 md-x50 lg-x50 y50 md-y50 lg-y50 res-text\">\n                                <div class=\"text-box-content text dark\">\n              \n              <div class=\"text-inner text-center\">\n                  \n\n\t<div id=\"text-2623933605\" class=\"text\">\n\t\t\n\n<h3><span style=\"font-size: 100%\"><strong>Soluciones Financieras<\/strong><\/span><\/h3>\n<p>Somos un equipo de profesionales que diariamente nos esforzamos por brindarte soluciones financieras a la medida, para garantizar la satisfacci\u00f3n y lealtad de nuestros clientes.<\/p>\n\t\t\n<style>\n#text-2623933605 {\n  font-size: 1.05rem;\n}\n<\/style>\n\t<\/div>\n\t\n\n              <\/div>\n           <\/div>\n                            \n<style>\n#text-box-2072049638 {\n  width: 74%;\n}\n#text-box-2072049638 .text-box-content {\n  font-size: 100%;\n}\n<\/style>\n    <\/div>\n \n\n        <\/div>\n      <\/div>\n\n            \n<style>\n#banner-1172111825 {\n  padding-top: 82%;\n}\n@media (min-width:550px) {\n  #banner-1172111825 {\n    padding-top: 15%;\n  }\n}\n<\/style>\n  <\/div>\n\n\n\t<div id=\"gap-329095844\" class=\"gap-element clearfix\" style=\"display:block; height:auto;\">\n\t\t\n<style>\n#gap-329095844 {\n  padding-top: 60px;\n}\n<\/style>\n\t<\/div>\n\t\n\n<div class=\"row\" style=\"max-width:1300px\" id=\"row-462201187\">\n\n\n\t<div id=\"col-1757142757\" class=\"col small-12 large-12\"  >\n\t\t\t\t<div class=\"col-inner text-center\"  >\n\t\t\t\n\t\t\t\n\n\t<div id=\"text-3845064846\" class=\"text\">\n\t\t\n\n<h1><span data-text-color=\"primary\">Para mejorar la operaci\u00f3n de tus negocios<\/span><\/h1>\n<p>Distintas opciones de financiamiento para que renueves tu flota de transporte y veh\u00edculos corporativos. Con <b>CrediQ<\/b>\u00a0encontrar\u00e1s la opci\u00f3n que se acomoda a tu presupuesto.<\/p>\n\t\t\n<style>\n#text-3845064846 {\n  font-size: 1.05rem;\n}\n<\/style>\n\t<\/div>\n\t\n\n\t\t<\/div>\n\t\t\t\t\t<\/div>\n\n\t\n\n<\/div>\n\n\t\t<\/div>\n\n\t\t\n<style>\n#section_201071087 {\n  padding-top: 0px;\n  padding-bottom: 0px;\n}\n<\/style>\n\t<\/section>\n\t\n\n\t<section class=\"section\" id=\"section_1264817180\">\n\t\t<div class=\"section-bg fill\" >\n\t\t\t\t\t\t\t\t\t\n\t\t\t\n\n\t\t<\/div>\n\n\t\t\n\n\t\t<div class=\"section-content relative\">\n\t\t\t\n\n<div class=\"row align-equal align-center\" style=\"max-width:1300px\" id=\"row-365228712\">\n\n\n\t<div id=\"col-2084417367\" class=\"col medium-12 small-12 large-4\"  >\n\t\t\t\t<div class=\"col-inner\"  >\n\t\t\t\n\t\t\t\n\n\t<div class=\"box has-hover   has-hover box-text-bottom\" >\n\n\t\t<div class=\"box-image\" >\n\t\t\t<a href=\"#\" >\t\t\t<div class=\"image-cover\" style=\"padding-top:300px;\">\n\t\t\t\t<img loading=\"lazy\" decoding=\"async\" width=\"1920\" height=\"1080\" src=\"https:\/\/crediq.com\/sv\/wp-content\/uploads\/sites\/7\/2022\/07\/09.jpg\" class=\"attachment- size-\" alt=\"\" srcset=\"https:\/\/crediq.com\/sv\/wp-content\/uploads\/sites\/7\/2022\/07\/09.jpg 1920w, https:\/\/crediq.com\/sv\/wp-content\/uploads\/sites\/7\/2022\/07\/09-300x169.jpg 300w, https:\/\/crediq.com\/sv\/wp-content\/uploads\/sites\/7\/2022\/07\/09-1024x576.jpg 1024w, https:\/\/crediq.com\/sv\/wp-content\/uploads\/sites\/7\/2022\/07\/09-768x432.jpg 768w, https:\/\/crediq.com\/sv\/wp-content\/uploads\/sites\/7\/2022\/07\/09-1536x864.jpg 1536w, https:\/\/crediq.com\/sv\/wp-content\/uploads\/sites\/7\/2022\/07\/09-600x338.jpg 600w\" sizes=\"auto, (max-width: 1920px) 100vw, 1920px\" \/>\t\t\t\t\t\t\t\t\t\t\t<\/div>\n\t\t\t<\/a>\t\t<\/div>\n\n\t\t<div class=\"box-text text-center\" >\n\t\t\t<div class=\"box-text-inner\">\n\t\t\t\t\n\n\t<div id=\"text-3780336925\" class=\"text\">\n\t\t\n\n<h2><span data-text-color=\"primary\">Veh\u00edculos Nuevos<\/span><\/h2>\n<hr>\n<p>La mejor opci\u00f3n en financiamiento del mercado para que adquieras el veh\u00edculo nuevo de tu preferencia.<\/p>\n\t\t\n<style>\n#text-3780336925 {\n  font-size: 1.05rem;\n}\n@media (min-width:550px) {\n  #text-3780336925 {\n    font-size: 1.05rem;\n  }\n}\n<\/style>\n\t<\/div>\n\t\n<a href=\"\/sv\/vehiculos-nuevos\/\" class=\"button primary\" style=\"border-radius:99px;\">\n\t\t<span>Conocer m\u00e1s<\/span>\n\t<\/a>\n\n\n\n\t\t\t<\/div>\n\t\t<\/div>\n\t<\/div>\n\t\n\n\t\t<\/div>\n\t\t\t\t\t<\/div>\n\n\t\n\n\t<div id=\"col-1011484984\" class=\"col medium-12 small-12 large-4\"  >\n\t\t\t\t<div class=\"col-inner\"  >\n\t\t\t\n\t\t\t\n\n\t<div class=\"box has-hover   has-hover box-text-bottom\" >\n\n\t\t<div class=\"box-image\" >\n\t\t\t<a href=\"#\" >\t\t\t<div class=\"image-cover\" style=\"padding-top:300px;\">\n\t\t\t\t<img loading=\"lazy\" decoding=\"async\" width=\"1920\" height=\"1080\" src=\"https:\/\/crediq.com\/sv\/wp-content\/uploads\/sites\/7\/2022\/07\/444.jpg\" class=\"attachment- size-\" alt=\"\" srcset=\"https:\/\/crediq.com\/sv\/wp-content\/uploads\/sites\/7\/2022\/07\/444.jpg 1920w, https:\/\/crediq.com\/sv\/wp-content\/uploads\/sites\/7\/2022\/07\/444-300x169.jpg 300w, https:\/\/crediq.com\/sv\/wp-content\/uploads\/sites\/7\/2022\/07\/444-1024x576.jpg 1024w, https:\/\/crediq.com\/sv\/wp-content\/uploads\/sites\/7\/2022\/07\/444-768x432.jpg 768w, https:\/\/crediq.com\/sv\/wp-content\/uploads\/sites\/7\/2022\/07\/444-1536x864.jpg 1536w, https:\/\/crediq.com\/sv\/wp-content\/uploads\/sites\/7\/2022\/07\/444-600x338.jpg 600w\" sizes=\"auto, (max-width: 1920px) 100vw, 1920px\" \/>\t\t\t\t\t\t\t\t\t\t\t<\/div>\n\t\t\t<\/a>\t\t<\/div>\n\n\t\t<div class=\"box-text text-center\" >\n\t\t\t<div class=\"box-text-inner\">\n\t\t\t\t\n\n\t<div id=\"text-2904859459\" class=\"text\">\n\t\t\n\n<h2><span data-text-color=\"primary\">Veh\u00edculos Usados<\/span><\/h2>\n<hr>\n<p>La forma m\u00e1s f\u00e1cil y segura de comprar o vender un veh\u00edculo usado de agencia.<\/p>\n\t\t\n<style>\n#text-2904859459 {\n  font-size: 1.05rem;\n}\n@media (min-width:550px) {\n  #text-2904859459 {\n    font-size: 1.05rem;\n  }\n}\n<\/style>\n\t<\/div>\n\t\n\t<div id=\"gap-426196291\" class=\"gap-element clearfix\" style=\"display:block; height:auto;\">\n\t\t\n<style>\n#gap-426196291 {\n  padding-top: 26px;\n}\n<\/style>\n\t<\/div>\n\t\n\n<a href=\"\/sv\/vehiculos-usados\/\" class=\"button primary\" style=\"border-radius:99px;\">\n\t\t<span>Conocer m\u00e1s<\/span>\n\t<\/a>\n\n\n\n\t\t\t<\/div>\n\t\t<\/div>\n\t<\/div>\n\t\n\n\t\t<\/div>\n\t\t\t\t\t<\/div>\n\n\t\n\n\t<div id=\"col-991249639\" class=\"col medium-12 small-12 large-4\"  >\n\t\t\t\t<div class=\"col-inner\"  >\n\t\t\t\n\t\t\t\n\n\t<div class=\"box has-hover   has-hover box-text-bottom\" >\n\n\t\t<div class=\"box-image\" >\n\t\t\t<a href=\"#\" >\t\t\t<div class=\"image-cover\" style=\"padding-top:300px;\">\n\t\t\t\t<img loading=\"lazy\" decoding=\"async\" width=\"1280\" height=\"720\" src=\"https:\/\/crediq.com\/sv\/wp-content\/uploads\/sites\/7\/2022\/07\/gestion-de-flotas-que-se-debe-considerar-a-la-hora-de-adquirir-un-camion.webp\" class=\"attachment- size-\" alt=\"\" srcset=\"https:\/\/crediq.com\/sv\/wp-content\/uploads\/sites\/7\/2022\/07\/gestion-de-flotas-que-se-debe-considerar-a-la-hora-de-adquirir-un-camion.webp 1280w, https:\/\/crediq.com\/sv\/wp-content\/uploads\/sites\/7\/2022\/07\/gestion-de-flotas-que-se-debe-considerar-a-la-hora-de-adquirir-un-camion-300x169.webp 300w, https:\/\/crediq.com\/sv\/wp-content\/uploads\/sites\/7\/2022\/07\/gestion-de-flotas-que-se-debe-considerar-a-la-hora-de-adquirir-un-camion-1024x576.webp 1024w, https:\/\/crediq.com\/sv\/wp-content\/uploads\/sites\/7\/2022\/07\/gestion-de-flotas-que-se-debe-considerar-a-la-hora-de-adquirir-un-camion-768x432.webp 768w\" sizes=\"auto, (max-width: 1280px) 100vw, 1280px\" \/>\t\t\t\t\t\t\t\t\t\t\t<\/div>\n\t\t\t<\/a>\t\t<\/div>\n\n\t\t<div class=\"box-text text-center\" >\n\t\t\t<div class=\"box-text-inner\">\n\t\t\t\t\n\n\t<div id=\"text-1935119339\" class=\"text\">\n\t\t\n\n<h2><span data-text-color=\"primary\">Renting Flotas<\/span><\/h2>\n<hr \/>\n<p>Sin necesidad de comprar, paga una sola cuota que lo incluye todo, obteniendo beneficios financieros y fiscales.<\/p>\n\t\t\n<style>\n#text-1935119339 {\n  font-size: 1.05rem;\n}\n<\/style>\n\t<\/div>\n\t\n<a href=\"\/sv\/productos-empresas\/renting-flotas\/\" class=\"button primary\" style=\"border-radius:99px;\">\n\t\t<span>Conocer m\u00e1s<\/span>\n\t<\/a>\n\n\n\n\t\t\t<\/div>\n\t\t<\/div>\n\t<\/div>\n\t\n\n\t\t<\/div>\n\t\t\t\t\t<\/div>\n\n\t\n\n<\/div>\n\n\t\t<\/div>\n\n\t\t\n<style>\n#section_1264817180 {\n  padding-top: 0px;\n  padding-bottom: 0px;\n}\n<\/style>\n\t<\/section>\n\t\n\n  <div class=\"banner has-hover\" id=\"banner-1157636471\">\n          <div class=\"banner-inner fill\">\n        <div class=\"banner-bg fill\" >\n            <img loading=\"lazy\" decoding=\"async\" width=\"1920\" height=\"1080\" src=\"https:\/\/crediq.com\/sv\/wp-content\/uploads\/sites\/7\/2022\/07\/8888.jpg\" class=\"bg attachment-original size-original\" alt=\"\" \/>                        <div class=\"overlay\"><\/div>            \n                    <\/div>\n\t\t\n        <div class=\"banner-layers container\">\n            <div class=\"fill banner-link\"><\/div>            \n\n   <div id=\"text-box-1253618549\" class=\"text-box banner-layer x50 md-x50 lg-x50 y50 md-y50 lg-y50 res-text\">\n                                <div class=\"text-box-content text \">\n              \n              <div class=\"text-inner text-center\">\n                  \n\n<h2><span data-text-color=\"primary\"><strong>Cotizador<\/strong><\/span><\/h2>\n<h3>Calcula la cuota de tu financiamiento<\/h3>\n<p>Cotiza el c\u00e1lculo de la cuota de financiamiento para tu pr\u00f3ximo veh\u00edculo de empresa. Personaliza y descarga un plan de pagos acorde a tu capacidad de pago.<\/p>\n<a href=\"https:\/\/digital.crediq.com\/calcula-tu-credito\/\" class=\"button secondary\" style=\"border-radius:94px;\">\n\t\t<span>cotizar ahora<\/span>\n\t<\/a>\n\n\n\n              <\/div>\n           <\/div>\n                            \n<style>\n#text-box-1253618549 {\n  width: 60%;\n}\n#text-box-1253618549 .text-box-content {\n  font-size: 100%;\n}\n@media (min-width:550px) {\n  #text-box-1253618549 {\n    width: 56%;\n  }\n}\n<\/style>\n    <\/div>\n \n\n        <\/div>\n      <\/div>\n\n            \n<style>\n#banner-1157636471 {\n  padding-top: 369px;\n  background-color: rgb(255, 255, 255);\n}\n#banner-1157636471 .overlay {\n  background-color: rgba(255, 255, 255, 0.808);\n}\n<\/style>\n  <\/div>\n\n\n\n\t<section class=\"section\" id=\"section_1718206960\">\n\t\t<div class=\"section-bg fill\" >\n\t\t\t\t\t\t\t\t\t\n\t\t\t\n\n\t\t<\/div>\n\n\t\t\n\n\t\t<div class=\"section-content relative\">\n\t\t\t\n\n<div class=\"row align-center\"  id=\"row-1944269787\">\n\n\n\t<div id=\"col-281479817\" class=\"col medium-11 small-12 large-11\"  >\n\t\t\t\t<div class=\"col-inner\"  >\n\t\t\t\n\t\t\t\n\n\t<div id=\"gap-1612277585\" class=\"gap-element clearfix\" style=\"display:block; height:auto;\">\n\t\t\n<style>\n#gap-1612277585 {\n  padding-top: 28px;\n}\n@media (min-width:550px) {\n  #gap-1612277585 {\n    padding-top: 50px;\n  }\n}\n<\/style>\n\t<\/div>\n\t\n\n\t<div id=\"text-4029687513\" class=\"text\">\n\t\t\n\n<h2><span data-text-color=\"primary\"><strong>Cont\u00e1ctanos<\/strong><\/span><\/h2>\n<p class=\"p1\">Solicita informaci\u00f3n de nuestros puntos de contacto, lugares y medios de recepci\u00f3n de pagos, as\u00ed como informaci\u00f3n de tu seguro y otras consultas generales.<\/p>\n\t\t\n<style>\n#text-4029687513 {\n  font-size: 1.05rem;\n  text-align: center;\n}\n@media (min-width:550px) {\n  #text-4029687513 {\n    font-size: 1.05rem;\n  }\n}\n<\/style>\n\t<\/div>\n\t\n<div class=\"row align-equal\"  id=\"row-1188136383\">\n\n\n\t<div id=\"col-261350258\" class=\"col medium-6 small-12 large-6\"  >\n\t\t\t\t<div class=\"col-inner text-center\"  >\n\t\t\t\n\t\t\t\n\n\n\t\t<div class=\"icon-box featured-box icon-box-center text-center\"  >\n\t\t\t\t\t<div class=\"icon-box-img\" style=\"width: 60px\">\n\t\t\t\t<div class=\"icon\">\n\t\t\t\t\t<div class=\"icon-inner\" style=\"color:rgb(24, 106, 184);\">\n\t\t\t\t\t\t<img loading=\"lazy\" decoding=\"async\" width=\"300\" height=\"300\" src=\"https:\/\/crediq.com\/sv\/wp-content\/uploads\/sites\/7\/2022\/09\/WhatsApp-300x300.png\" class=\"attachment-medium size-medium\" alt=\"\" srcset=\"https:\/\/crediq.com\/sv\/wp-content\/uploads\/sites\/7\/2022\/09\/WhatsApp-300x300.png 300w, https:\/\/crediq.com\/sv\/wp-content\/uploads\/sites\/7\/2022\/09\/WhatsApp-1024x1024.png 1024w, https:\/\/crediq.com\/sv\/wp-content\/uploads\/sites\/7\/2022\/09\/WhatsApp-150x150.png 150w, https:\/\/crediq.com\/sv\/wp-content\/uploads\/sites\/7\/2022\/09\/WhatsApp-768x768.png 768w, https:\/\/crediq.com\/sv\/wp-content\/uploads\/sites\/7\/2022\/09\/WhatsApp-600x600.png 600w, https:\/\/crediq.com\/sv\/wp-content\/uploads\/sites\/7\/2022\/09\/WhatsApp-100x100.png 100w, https:\/\/crediq.com\/sv\/wp-content\/uploads\/sites\/7\/2022\/09\/WhatsApp.png 1500w\" sizes=\"auto, (max-width: 300px) 100vw, 300px\" \/>\t\t\t\t\t<\/div>\n\t\t\t\t<\/div>\n\t\t\t<\/div>\n\t\t\t\t<div class=\"icon-box-text last-reset\">\n\t\t\t\t\t\t\t\t\t\n\n<h4>WhatsApp<\/h4>\n<p>Realiza tus consultas o solicita ayuda con asesor de servicio al cliente por medio de nuestro WhatsApp.<\/p>\n\t<div id=\"gap-1342358999\" class=\"gap-element clearfix\" style=\"display:block; height:auto;\">\n\t\t\n<style>\n#gap-1342358999 {\n  padding-top: 20px;\n}\n<\/style>\n\t<\/div>\n\t\n\n<a href=\"https:\/\/api.whatsapp.com\/send?phone=50325240800\" class=\"button secondary\" style=\"border-radius:99px;\">\n\t<i class=\"icon-phone\" aria-hidden=\"true\"><\/i>\t<span>2524 0800<\/span>\n\t<\/a>\n\n\n\n\t\t<\/div>\n\t<\/div>\n\t\n\t\n\n\t\t<\/div>\n\t\t\t\t\n<style>\n#col-261350258 > .col-inner {\n  border-radius: 50px;\n}\n<\/style>\n\t<\/div>\n\n\t\n\n\t<div id=\"col-85674725\" class=\"col medium-6 small-12 large-6\"  >\n\t\t\t\t<div class=\"col-inner text-center\"  >\n\t\t\t\n\t\t\t\n\n\n\t\t<div class=\"icon-box featured-box icon-box-center text-center\"  >\n\t\t\t\t\t<div class=\"icon-box-img\" style=\"width: 60px\">\n\t\t\t\t<div class=\"icon\">\n\t\t\t\t\t<div class=\"icon-inner\" >\n\t\t\t\t\t\t<img loading=\"lazy\" decoding=\"async\" width=\"300\" height=\"300\" src=\"https:\/\/crediq.com\/sv\/wp-content\/uploads\/sites\/7\/2022\/07\/5664-300x300.png\" class=\"attachment-medium size-medium\" alt=\"\" srcset=\"https:\/\/crediq.com\/sv\/wp-content\/uploads\/sites\/7\/2022\/07\/5664-300x300.png 300w, https:\/\/crediq.com\/sv\/wp-content\/uploads\/sites\/7\/2022\/07\/5664-150x150.png 150w, https:\/\/crediq.com\/sv\/wp-content\/uploads\/sites\/7\/2022\/07\/5664-100x100.png 100w, https:\/\/crediq.com\/sv\/wp-content\/uploads\/sites\/7\/2022\/07\/5664.png 512w\" sizes=\"auto, (max-width: 300px) 100vw, 300px\" \/>\t\t\t\t\t<\/div>\n\t\t\t\t<\/div>\n\t\t\t<\/div>\n\t\t\t\t<div class=\"icon-box-text last-reset\">\n\t\t\t\t\t\t\t\t\t\n\n<h4>Atenci\u00f3n al Cliente<\/h4>\n<p>Nos puedes contactar por diferentes medios con la mejor disposici\u00f3n y flexibilidad de atenci\u00f3n.<\/p>\n\t<div id=\"gap-112451292\" class=\"gap-element clearfix\" style=\"display:block; height:auto;\">\n\t\t\n<style>\n#gap-112451292 {\n  padding-top: 20px;\n}\n<\/style>\n\t<\/div>\n\t\n\n\n\t\t<\/div>\n\t<\/div>\n\t\n\t\n<a href=\"\/contactanos\/\" class=\"button secondary lowercase\" style=\"border-radius:99px;\">\n\t<i class=\"icon-user\" aria-hidden=\"true\"><\/i>\t<span>Contactar<\/span>\n\t<\/a>\n\n\n\n\t\t<\/div>\n\t\t\t\t\n<style>\n#col-85674725 > .col-inner {\n  border-radius: 50px;\n}\n<\/style>\n\t<\/div>\n\n\t\n\n\n<style>\n#row-1188136383 > .col > .col-inner {\n  padding: 40px 40px 40px 40px;\n  background-color: rgb(255,255,255);\n}\n<\/style>\n<\/div>\n\n\t\t<\/div>\n\t\t\t\t\t<\/div>\n\n\t\n\n<\/div>\n\n\t\t<\/div>\n\n\t\t\n<style>\n#section_1718206960 {\n  padding-top: 0px;\n  padding-bottom: 0px;\n  background-color: rgb(244, 244, 244);\n}\n<\/style>\n\t<\/section>\n\t\n\n","protected":false},"excerpt":{"rendered":"","protected":false},"author":1,"featured_media":0,"parent":0,"menu_order":3,"comment_status":"closed","ping_status":"closed","template":"page-blank.php","meta":{"_acf_changed":false,"om_disable_all_campaigns":false,"_monsterinsights_skip_tracking":false,"_monsterinsights_sitenote_active":false,"_monsterinsights_sitenote_note":"","_monsterinsights_sitenote_category":0,"footnotes":""},"class_list":["post-3045","page","type-page","status-publish","hentry"],"acf":[],"yoast_head":"<!-- This site is optimized with the Yoast SEO plugin v26.7 - https:\/\/yoast.com\/wordpress\/plugins\/seo\/ -->\n<title>Productos Empresas - CrediQ SV<\/title>\n<meta name=\"robots\" content=\"index, follow, max-snippet:-1, max-image-preview:large, max-video-preview:-1\" \/>\n<link rel=\"canonical\" href=\"https:\/\/crediq.com\/sv\/productos-empresas\/\" \/>\n<meta property=\"og:locale\" content=\"es_ES\" \/>\n<meta property=\"og:type\" content=\"article\" \/>\n<meta property=\"og:title\" content=\"Productos Empresas - CrediQ SV\" \/>\n<meta property=\"og:url\" content=\"https:\/\/crediq.com\/sv\/productos-empresas\/\" \/>\n<meta property=\"og:site_name\" content=\"CrediQ SV\" \/>\n<meta property=\"article:publisher\" content=\"https:\/\/www.facebook.com\/CrediQSV\" \/>\n<meta property=\"article:modified_time\" content=\"2025-07-14T17:44:06+00:00\" \/>\n<meta name=\"twitter:card\" content=\"summary_large_image\" \/>\n<meta name=\"twitter:label1\" content=\"Tiempo de lectura\" \/>\n\t<meta name=\"twitter:data1\" content=\"4 minutos\" \/>\n<script type=\"application\/ld+json\" class=\"yoast-schema-graph\">{\"@context\":\"https:\/\/schema.org\",\"@graph\":[{\"@type\":\"WebPage\",\"@id\":\"https:\/\/crediq.com\/sv\/productos-empresas\/\",\"url\":\"https:\/\/crediq.com\/sv\/productos-empresas\/\",\"name\":\"Productos Empresas - CrediQ SV\",\"isPartOf\":{\"@id\":\"https:\/\/crediq.com\/sv\/#website\"},\"datePublished\":\"2022-07-19T16:25:24+00:00\",\"dateModified\":\"2025-07-14T17:44:06+00:00\",\"breadcrumb\":{\"@id\":\"https:\/\/crediq.com\/sv\/productos-empresas\/#breadcrumb\"},\"inLanguage\":\"es\",\"potentialAction\":[{\"@type\":\"ReadAction\",\"target\":[\"https:\/\/crediq.com\/sv\/productos-empresas\/\"]}]},{\"@type\":\"BreadcrumbList\",\"@id\":\"https:\/\/crediq.com\/sv\/productos-empresas\/#breadcrumb\",\"itemListElement\":[{\"@type\":\"ListItem\",\"position\":1,\"name\":\"Home\",\"item\":\"https:\/\/crediq.com\/sv\/\"},{\"@type\":\"ListItem\",\"position\":2,\"name\":\"Productos Empresas\"}]},{\"@type\":\"WebSite\",\"@id\":\"https:\/\/crediq.com\/sv\/#website\",\"url\":\"https:\/\/crediq.com\/sv\/\",\"name\":\"CrediQ SV\",\"description\":\"\",\"publisher\":{\"@id\":\"https:\/\/crediq.com\/sv\/#organization\"},\"potentialAction\":[{\"@type\":\"SearchAction\",\"target\":{\"@type\":\"EntryPoint\",\"urlTemplate\":\"https:\/\/crediq.com\/sv\/?s={search_term_string}\"},\"query-input\":{\"@type\":\"PropertyValueSpecification\",\"valueRequired\":true,\"valueName\":\"search_term_string\"}}],\"inLanguage\":\"es\"},{\"@type\":\"Organization\",\"@id\":\"https:\/\/crediq.com\/sv\/#organization\",\"name\":\"CrediQ El Salvador\",\"url\":\"https:\/\/crediq.com\/sv\/\",\"logo\":{\"@type\":\"ImageObject\",\"inLanguage\":\"es\",\"@id\":\"https:\/\/crediq.com\/sv\/#\/schema\/logo\/image\/\",\"url\":\"https:\/\/crediq.com\/sv\/wp-content\/uploads\/sites\/7\/2022\/07\/1111.png\",\"contentUrl\":\"https:\/\/crediq.com\/sv\/wp-content\/uploads\/sites\/7\/2022\/07\/1111.png\",\"width\":2376,\"height\":684,\"caption\":\"CrediQ El Salvador\"},\"image\":{\"@id\":\"https:\/\/crediq.com\/sv\/#\/schema\/logo\/image\/\"},\"sameAs\":[\"https:\/\/www.facebook.com\/CrediQSV\",\"https:\/\/www.instagram.com\/crediq_sv\/\"]}]}<\/script>\n<!-- \/ Yoast SEO plugin. -->","yoast_head_json":{"title":"Productos Empresas - CrediQ SV","robots":{"index":"index","follow":"follow","max-snippet":"max-snippet:-1","max-image-preview":"max-image-preview:large","max-video-preview":"max-video-preview:-1"},"canonical":"https:\/\/crediq.com\/sv\/productos-empresas\/","og_locale":"es_ES","og_type":"article","og_title":"Productos Empresas - CrediQ SV","og_url":"https:\/\/crediq.com\/sv\/productos-empresas\/","og_site_name":"CrediQ SV","article_publisher":"https:\/\/www.facebook.com\/CrediQSV","article_modified_time":"2025-07-14T17:44:06+00:00","twitter_card":"summary_large_image","twitter_misc":{"Tiempo de lectura":"4 minutos"},"schema":{"@context":"https:\/\/schema.org","@graph":[{"@type":"WebPage","@id":"https:\/\/crediq.com\/sv\/productos-empresas\/","url":"https:\/\/crediq.com\/sv\/productos-empresas\/","name":"Productos Empresas - CrediQ SV","isPartOf":{"@id":"https:\/\/crediq.com\/sv\/#website"},"datePublished":"2022-07-19T16:25:24+00:00","dateModified":"2025-07-14T17:44:06+00:00","breadcrumb":{"@id":"https:\/\/crediq.com\/sv\/productos-empresas\/#breadcrumb"},"inLanguage":"es","potentialAction":[{"@type":"ReadAction","target":["https:\/\/crediq.com\/sv\/productos-empresas\/"]}]},{"@type":"BreadcrumbList","@id":"https:\/\/crediq.com\/sv\/productos-empresas\/#breadcrumb","itemListElement":[{"@type":"ListItem","position":1,"name":"Home","item":"https:\/\/crediq.com\/sv\/"},{"@type":"ListItem","position":2,"name":"Productos Empresas"}]},{"@type":"WebSite","@id":"https:\/\/crediq.com\/sv\/#website","url":"https:\/\/crediq.com\/sv\/","name":"CrediQ SV","description":"","publisher":{"@id":"https:\/\/crediq.com\/sv\/#organization"},"potentialAction":[{"@type":"SearchAction","target":{"@type":"EntryPoint","urlTemplate":"https:\/\/crediq.com\/sv\/?s={search_term_string}"},"query-input":{"@type":"PropertyValueSpecification","valueRequired":true,"valueName":"search_term_string"}}],"inLanguage":"es"},{"@type":"Organization","@id":"https:\/\/crediq.com\/sv\/#organization","name":"CrediQ El Salvador","url":"https:\/\/crediq.com\/sv\/","logo":{"@type":"ImageObject","inLanguage":"es","@id":"https:\/\/crediq.com\/sv\/#\/schema\/logo\/image\/","url":"https:\/\/crediq.com\/sv\/wp-content\/uploads\/sites\/7\/2022\/07\/1111.png","contentUrl":"https:\/\/crediq.com\/sv\/wp-content\/uploads\/sites\/7\/2022\/07\/1111.png","width":2376,"height":684,"caption":"CrediQ El Salvador"},"image":{"@id":"https:\/\/crediq.com\/sv\/#\/schema\/logo\/image\/"},"sameAs":["https:\/\/www.facebook.com\/CrediQSV","https:\/\/www.instagram.com\/crediq_sv\/"]}]}},"jetpack_sharing_enabled":true,"post_mailing_queue_ids":[],"_links":{"self":[{"href":"https:\/\/crediq.com\/sv\/wp-json\/wp\/v2\/pages\/3045","targetHints":{"allow":["GET"]}}],"collection":[{"href":"https:\/\/crediq.com\/sv\/wp-json\/wp\/v2\/pages"}],"about":[{"href":"https:\/\/crediq.com\/sv\/wp-json\/wp\/v2\/types\/page"}],"author":[{"embeddable":true,"href":"https:\/\/crediq.com\/sv\/wp-json\/wp\/v2\/users\/1"}],"replies":[{"embeddable":true,"href":"https:\/\/crediq.com\/sv\/wp-json\/wp\/v2\/comments?post=3045"}],"version-history":[{"count":3,"href":"https:\/\/crediq.com\/sv\/wp-json\/wp\/v2\/pages\/3045\/revisions"}],"predecessor-version":[{"id":10811,"href":"https:\/\/crediq.com\/sv\/wp-json\/wp\/v2\/pages\/3045\/revisions\/10811"}],"wp:attachment":[{"href":"https:\/\/crediq.com\/sv\/wp-json\/wp\/v2\/media?parent=3045"}],"curies":[{"name":"wp","href":"https:\/\/api.w.org\/{rel}","templated":true}]}}